{"id":12576,"date":"2026-01-16T22:41:33","date_gmt":"2026-01-16T21:41:33","guid":{"rendered":"https:\/\/rentiago.com\/experten\/daniel\/"},"modified":"2026-04-09T17:11:14","modified_gmt":"2026-04-09T16:11:14","slug":"daniel","status":"publish","type":"page","link":"https:\/\/rentiago.com\/de\/experten\/daniel\/","title":{"rendered":"Daniel"},"content":{"rendered":"\t\t<div data-elementor-type=\"wp-page\" data-elementor-id=\"12576\" class=\"elementor elementor-12576 elementor-8941\" data-elementor-post-type=\"page\">\n\t\t\t\t<nav class=\"elementor-element elementor-element-51bdca3 e-flex e-con-boxed e-con e-parent\" data-id=\"51bdca3\" data-element_type=\"container\" data-e-type=\"container\">\n\t\t\t\t\t<div class=\"e-con-inner\">\n\t\t<div class=\"elementor-element elementor-element-cef8f9e e-con-full e-flex e-con e-child\" data-id=\"cef8f9e\" data-element_type=\"container\" data-e-type=\"container\">\n\t\t\t\t<div class=\"elementor-element elementor-element-8679c1b elementor-widget elementor-widget-text-editor\" data-id=\"8679c1b\" data-element_type=\"widget\" data-e-type=\"widget\" data-widget_type=\"text-editor.default\">\n\t\t\t\t\t\t\t\t\t<nav aria-label=\"breadcrumbs\" class=\"rank-math-breadcrumb\"><p><span class=\"last\">Home<\/span><\/p><\/nav>\t\t\t\t\t\t\t\t<\/div>\n\t\t\t\t<\/div>\n\t\t\t\t\t<\/div>\n\t\t\t\t<\/nav>\n\t\t<main class=\"elementor-element elementor-element-36e004c e-flex e-con-boxed e-con e-parent\" data-id=\"36e004c\" data-element_type=\"container\" data-e-type=\"container\">\n\t\t\t\t\t<div class=\"e-con-inner\">\n\t\t<article class=\"elementor-element elementor-element-08a42ce e-con-full e-flex e-con e-child\" data-id=\"08a42ce\" data-element_type=\"container\" data-e-type=\"container\">\n\t\t<header class=\"elementor-element elementor-element-613b38b e-con-full e-flex e-con e-child\" data-id=\"613b38b\" data-element_type=\"container\" data-e-type=\"container\">\n\t\t<div class=\"elementor-element elementor-element-e520c0a e-con-full e-flex e-con e-child\" data-id=\"e520c0a\" data-element_type=\"container\" data-e-type=\"container\">\n\t\t\t\t<div class=\"elementor-element elementor-element-e241e05 elementor-widget elementor-widget-image\" data-id=\"e241e05\" data-element_type=\"widget\" data-e-type=\"widget\" data-widget_type=\"image.default\">\n\t\t\t\t\t\t\t\t\t\t\t\t\t\t\t<img fetchpriority=\"high\" decoding=\"async\" width=\"800\" height=\"800\" src=\"https:\/\/rentiago.com\/wp-content\/uploads\/2025\/12\/Daniel-car-rental-expert.webp\" class=\"attachment-large size-large wp-image-7253\" alt=\"Daniel \u2013 car rental and driving expert in Spain\" srcset=\"https:\/\/rentiago.com\/wp-content\/uploads\/2025\/12\/Daniel-car-rental-expert.webp 800w, https:\/\/rentiago.com\/wp-content\/uploads\/2025\/12\/Daniel-car-rental-expert-300x300.webp 300w, https:\/\/rentiago.com\/wp-content\/uploads\/2025\/12\/Daniel-car-rental-expert-150x150.webp 150w, https:\/\/rentiago.com\/wp-content\/uploads\/2025\/12\/Daniel-car-rental-expert-768x768.webp 768w\" sizes=\"(max-width: 800px) 100vw, 800px\" \/>\t\t\t\t\t\t\t\t\t\t\t\t\t\t\t<\/div>\n\t\t\t\t<\/div>\n\t\t<div class=\"elementor-element elementor-element-672ece3 e-con-full e-flex e-con e-child\" data-id=\"672ece3\" data-element_type=\"container\" data-e-type=\"container\">\n\t\t\t\t<div class=\"elementor-element elementor-element-b4f3f49 elementor-widget elementor-widget-text-editor\" data-id=\"b4f3f49\" data-element_type=\"widget\" data-e-type=\"widget\" data-widget_type=\"text-editor.default\">\n\t\t\t\t\t\t\t\t\tRENTIAGO BUSINESS HUB AUTOR\t\t\t\t\t\t\t\t<\/div>\n\t\t\t\t<div class=\"elementor-element elementor-element-accc4ff elementor-widget elementor-widget-heading\" data-id=\"accc4ff\" data-element_type=\"widget\" data-e-type=\"widget\" data-widget_type=\"heading.default\">\n\t\t\t\t\t<h1 class=\"elementor-heading-title elementor-size-default\">Daniel<\/h1>\t\t\t\t<\/div>\n\t\t\t\t<div class=\"elementor-element elementor-element-2f42867 elementor-widget elementor-widget-text-editor\" data-id=\"2f42867\" data-element_type=\"widget\" data-e-type=\"widget\" data-widget_type=\"text-editor.default\">\n\t\t\t\t\t\t\t\t\t<p>Business- und Mobilit\u00e4tsautor<\/p>\t\t\t\t\t\t\t\t<\/div>\n\t\t\t\t<div class=\"elementor-element elementor-element-68e68ad elementor-widget elementor-widget-text-editor\" data-id=\"68e68ad\" data-element_type=\"widget\" data-e-type=\"widget\" data-widget_type=\"text-editor.default\">\n\t\t\t\t\t\t\t\t\t<p>Daniel schreibt praxisnahe, erfahrungsbasierte Artikel \u00fcber Gesch\u00e4ftsm\u00f6glichkeiten, Mobilit\u00e4t und den Alltag in Spanien. Seine Leitf\u00e4den legen den Fokus auf klare Erkl\u00e4rungen, Beispiele aus der Praxis und darauf, den Lesern fundierte Entscheidungen zu erm\u00f6glichen. <\/p>\t\t\t\t\t\t\t\t<\/div>\n\t\t<div class=\"elementor-element elementor-element-fa63923 e-con-full e-flex e-con e-child\" data-id=\"fa63923\" data-element_type=\"container\" data-e-type=\"container\">\n\t\t\t\t<div class=\"elementor-element elementor-element-2318b11 elementor-widget elementor-widget-button\" data-id=\"2318b11\" data-element_type=\"widget\" data-e-type=\"widget\" data-widget_type=\"button.default\">\n\t\t\t\t\t\t\t\t\t\t<a class=\"elementor-button elementor-button-link elementor-size-sm\" href=\"#articles-daniel\">\n\t\t\t\t\t\t<span class=\"elementor-button-content-wrapper\">\n\t\t\t\t\t\t\t\t\t<span class=\"elementor-button-text\">Artikel ansehen<\/span>\n\t\t\t\t\t<\/span>\n\t\t\t\t\t<\/a>\n\t\t\t\t\t\t\t\t<\/div>\n\t\t\t\t<div class=\"elementor-element elementor-element-4774d18 elementor-widget elementor-widget-button\" data-id=\"4774d18\" data-element_type=\"widget\" data-e-type=\"widget\" data-widget_type=\"button.default\">\n\t\t\t\t\t\t\t\t\t\t<a class=\"elementor-button elementor-button-link elementor-size-sm\" href=\"#uber-daniel\">\n\t\t\t\t\t\t<span class=\"elementor-button-content-wrapper\">\n\t\t\t\t\t\t\t\t\t<span class=\"elementor-button-text\">\u00dcber Daniel<\/span>\n\t\t\t\t\t<\/span>\n\t\t\t\t\t<\/a>\n\t\t\t\t\t\t\t\t<\/div>\n\t\t\t\t<div class=\"elementor-element elementor-element-989656b elementor-widget elementor-widget-button\" data-id=\"989656b\" data-element_type=\"widget\" data-e-type=\"widget\" data-widget_type=\"button.default\">\n\t\t\t\t\t\t\t\t\t\t<a class=\"elementor-button elementor-button-link elementor-size-sm\" href=\"#expertise-daniel\">\n\t\t\t\t\t\t<span class=\"elementor-button-content-wrapper\">\n\t\t\t\t\t\t\t\t\t<span class=\"elementor-button-text\">Expertise<\/span>\n\t\t\t\t\t<\/span>\n\t\t\t\t\t<\/a>\n\t\t\t\t\t\t\t\t<\/div>\n\t\t\t\t<\/div>\n\t\t\t\t<\/div>\n\t\t\t\t<\/header>\n\t\t\t\t<div class=\"elementor-element elementor-element-99a3405 elementor-widget-divider--view-line elementor-widget elementor-widget-divider\" data-id=\"99a3405\" data-element_type=\"widget\" data-e-type=\"widget\" data-widget_type=\"divider.default\">\n\t\t\t\t\t\t\t<div class=\"elementor-divider\">\n\t\t\t<span class=\"elementor-divider-separator\">\n\t\t\t\t\t\t<\/span>\n\t\t<\/div>\n\t\t\t\t\t\t<\/div>\n\t\t<div class=\"elementor-element elementor-element-db2af4b e-con-full e-flex e-con e-child\" data-id=\"db2af4b\" data-element_type=\"container\" data-e-type=\"container\" data-settings=\"{&quot;background_background&quot;:&quot;gradient&quot;}\">\n\t\t<div class=\"elementor-element elementor-element-2dec4df e-con-full e-flex e-con e-child\" data-id=\"2dec4df\" data-element_type=\"container\" data-e-type=\"container\">\n\t\t\t\t<div class=\"elementor-element elementor-element-cbca90c elementor-widget elementor-widget-text-editor\" data-id=\"cbca90c\" data-element_type=\"widget\" data-e-type=\"widget\" data-widget_type=\"text-editor.default\">\n\t\t\t\t\t\t\t\t\t<p>\ud83d\udd34 Teil des Rentiago Reiseblogs<\/p>\t\t\t\t\t\t\t\t<\/div>\n\t\t\t\t<\/div>\n\t\t\t\t<div class=\"elementor-element elementor-element-9d20f39 elementor-widget elementor-widget-text-editor\" data-id=\"9d20f39\" data-element_type=\"widget\" data-e-type=\"widget\" data-widget_type=\"text-editor.default\">\n\t\t\t\t\t\t\t\t\t<p>Praktische Einblicke in Business, Mobilit\u00e4t und den Alltag in Spanien.<\/p>\t\t\t\t\t\t\t\t<\/div>\n\t\t\t\t<\/div>\n\t\t<section class=\"elementor-element elementor-element-2ee74b0 e-con-full e-flex e-con e-child\" data-id=\"2ee74b0\" data-element_type=\"container\" data-e-type=\"container\">\n\t\t<div class=\"elementor-element elementor-element-630bee1 e-con-full e-flex e-con e-child\" data-id=\"630bee1\" data-element_type=\"container\" data-e-type=\"container\" data-settings=\"{&quot;background_background&quot;:&quot;classic&quot;}\">\n\t\t\t\t<div class=\"elementor-element elementor-element-b3622a4 elementor-widget elementor-widget-menu-anchor\" data-id=\"b3622a4\" data-element_type=\"widget\" data-e-type=\"widget\" data-widget_type=\"menu-anchor.default\">\n\t\t\t\t\t\t\t<div class=\"elementor-menu-anchor\" id=\"uber-daniel\"><\/div>\n\t\t\t\t\t\t<\/div>\n\t\t\t\t<div class=\"elementor-element elementor-element-6a47504 elementor-widget elementor-widget-heading\" data-id=\"6a47504\" data-element_type=\"widget\" data-e-type=\"widget\" data-widget_type=\"heading.default\">\n\t\t\t\t\t<h2 class=\"elementor-heading-title elementor-size-default\">Daniel<\/h2>\t\t\t\t<\/div>\n\t\t\t\t<div class=\"elementor-element elementor-element-53c1448 elementor-widget elementor-widget-text-editor\" data-id=\"53c1448\" data-element_type=\"widget\" data-e-type=\"widget\" data-widget_type=\"text-editor.default\">\n\t\t\t\t\t\t\t\t\t<p>Daniel ist ein in Spanien ans\u00e4ssiger Business- und Mobilit\u00e4tsautor, der sich auf praxisnahe Themen rund um Arbeiten, Geld verdienen und unternehmerische T\u00e4tigkeiten in Spanien konzentriert. Er behandelt reale Gesch\u00e4ftsm\u00f6glichkeiten, Mobilit\u00e4tsl\u00f6sungen sowie allt\u00e4gliche Systeme, die sowohl Einheimische als auch Besucher betreffen, die sich im Leben in Spanien zurechtfinden. <br><br>Seine Texte konzentrieren sich auf klare, erfahrungsbasierte Erkl\u00e4rungen statt auf Theorie oder werbliche Inhalte. Daniel ist darauf spezialisiert, komplexe Themen wie Nebenverdienste, Mobilit\u00e4tsservices, Mietstrukturen und lokale Vorschriften in praxisnahe, umsetzbare Anleitungen zu \u00fcbersetzen. <br><br>Als Autor des Rentiago Travel Blogs arbeitet Daniel eng mit Mobilit\u00e4tsexperten und Branchenpartnern zusammen, um sicherzustellen, dass die Informationen korrekt, aktuell und praxisnah sind. Seine Artikel sind darauf ausgerichtet, Lesern zu helfen, fundierte Entscheidungen zu treffen, kostspielige Fehler zu vermeiden und zu verstehen, wie die Systeme im Hintergrund funktionieren. <br><br>Daniel interessiert sich besonders f\u00fcr die Schnittstelle zwischen Mobilit\u00e4t und Alltag in Spanien \u2013 also daf\u00fcr, wie Menschen sich bewegen, arbeiten und innerhalb lokaler Regeln und Strukturen effizient Geld verdienen. Sein Ziel ist es, praxisnahe Einblicke zu vermitteln, die Unabh\u00e4ngigkeit, Klarheit und selbstbewusste Entscheidungen f\u00f6rdern. <\/p>\t\t\t\t\t\t\t\t<\/div>\n\t\t<div class=\"elementor-element elementor-element-8c6bff7 e-con-full e-flex e-con e-child\" data-id=\"8c6bff7\" data-element_type=\"container\" data-e-type=\"container\">\n\t\t<div class=\"elementor-element elementor-element-77e7f7f e-con-full e-flex e-con e-child\" data-id=\"77e7f7f\" data-element_type=\"container\" data-e-type=\"container\" data-settings=\"{&quot;background_background&quot;:&quot;classic&quot;}\">\n\t\t\t\t<div class=\"elementor-element elementor-element-4001e5a elementor-widget elementor-widget-text-editor\" data-id=\"4001e5a\" data-element_type=\"widget\" data-e-type=\"widget\" data-widget_type=\"text-editor.default\">\n\t\t\t\t\t\t\t\t\tAns\u00e4ssig in\t\t\t\t\t\t\t\t<\/div>\n\t\t\t\t<div class=\"elementor-element elementor-element-c862196 elementor-widget elementor-widget-text-editor\" data-id=\"c862196\" data-element_type=\"widget\" data-e-type=\"widget\" data-widget_type=\"text-editor.default\">\n\t\t\t\t\t\t\t\t\t<p>Spanien<\/p>\t\t\t\t\t\t\t\t<\/div>\n\t\t\t\t<\/div>\n\t\t<div class=\"elementor-element elementor-element-a313ebc e-con-full e-flex e-con e-child\" data-id=\"a313ebc\" data-element_type=\"container\" data-e-type=\"container\" data-settings=\"{&quot;background_background&quot;:&quot;classic&quot;}\">\n\t\t\t\t<div class=\"elementor-element elementor-element-ebaa7cc elementor-widget elementor-widget-text-editor\" data-id=\"ebaa7cc\" data-element_type=\"widget\" data-e-type=\"widget\" data-widget_type=\"text-editor.default\">\n\t\t\t\t\t\t\t\t\tSCHREIBT \u00dcBER\t\t\t\t\t\t\t\t<\/div>\n\t\t\t\t<div class=\"elementor-element elementor-element-6c3e2d5 elementor-widget elementor-widget-text-editor\" data-id=\"6c3e2d5\" data-element_type=\"widget\" data-e-type=\"widget\" data-widget_type=\"text-editor.default\">\n\t\t\t\t\t\t\t\t\tBusiness &amp; Mobilit\u00e4t\t\t\t\t\t\t\t\t<\/div>\n\t\t\t\t<\/div>\n\t\t<div class=\"elementor-element elementor-element-22f971d e-con-full e-flex e-con e-child\" data-id=\"22f971d\" data-element_type=\"container\" data-e-type=\"container\" data-settings=\"{&quot;background_background&quot;:&quot;classic&quot;}\">\n\t\t\t\t<div class=\"elementor-element elementor-element-c46dac8 elementor-widget elementor-widget-text-editor\" data-id=\"c46dac8\" data-element_type=\"widget\" data-e-type=\"widget\" data-widget_type=\"text-editor.default\">\n\t\t\t\t\t\t\t\t\tStil\t\t\t\t\t\t\t\t<\/div>\n\t\t\t\t<div class=\"elementor-element elementor-element-b1bb540 elementor-widget elementor-widget-text-editor\" data-id=\"b1bb540\" data-element_type=\"widget\" data-e-type=\"widget\" data-widget_type=\"text-editor.default\">\n\t\t\t\t\t\t\t\t\tPraxisnah &amp; aufschlussreich\t\t\t\t\t\t\t\t<\/div>\n\t\t\t\t<\/div>\n\t\t\t\t<\/div>\n\t\t\t\t<\/div>\n\t\t<div class=\"elementor-element elementor-element-3556626 e-con-full e-flex e-con e-child\" data-id=\"3556626\" data-element_type=\"container\" data-e-type=\"container\">\n\t\t\t\t<div class=\"elementor-element elementor-element-7d878d6 elementor-widget elementor-widget-menu-anchor\" data-id=\"7d878d6\" data-element_type=\"widget\" data-e-type=\"widget\" data-widget_type=\"menu-anchor.default\">\n\t\t\t\t\t\t\t<div class=\"elementor-menu-anchor\" id=\"expertise-daniel\"><\/div>\n\t\t\t\t\t\t<\/div>\n\t\t\t\t<div class=\"elementor-element elementor-element-17fa483 elementor-widget elementor-widget-heading\" data-id=\"17fa483\" data-element_type=\"widget\" data-e-type=\"widget\" data-widget_type=\"heading.default\">\n\t\t\t\t\t<h2 class=\"elementor-heading-title elementor-size-default\">Fachgebiete\n<\/h2>\t\t\t\t<\/div>\n\t\t<div class=\"elementor-element elementor-element-b3f0e11 e-con-full e-flex e-con e-child\" data-id=\"b3f0e11\" data-element_type=\"container\" data-e-type=\"container\" data-settings=\"{&quot;background_background&quot;:&quot;classic&quot;}\">\n\t\t\t\t<div class=\"elementor-element elementor-element-f7f0fa1 elementor-widget elementor-widget-heading\" data-id=\"f7f0fa1\" data-element_type=\"widget\" data-e-type=\"widget\" data-widget_type=\"heading.default\">\n\t\t\t\t\t<h3 class=\"elementor-heading-title elementor-size-default\">Gesch\u00e4fts- und Einkommensm\u00f6glichkeiten in Spanien<\/h3>\t\t\t\t<\/div>\n\t\t\t\t<div class=\"elementor-element elementor-element-982024e elementor-widget elementor-widget-text-editor\" data-id=\"982024e\" data-element_type=\"widget\" data-e-type=\"widget\" data-widget_type=\"text-editor.default\">\n\t\t\t\t\t\t\t\t\tPraxisnahe Einblicke in Nebenverdienste, Online-Einnahmequellen und Gesch\u00e4ftstrends.\t\t\t\t\t\t\t\t<\/div>\n\t\t\t\t<\/div>\n\t\t<div class=\"elementor-element elementor-element-303e88b e-con-full e-flex e-con e-child\" data-id=\"303e88b\" data-element_type=\"container\" data-e-type=\"container\" data-settings=\"{&quot;background_background&quot;:&quot;classic&quot;}\">\n\t\t\t\t<div class=\"elementor-element elementor-element-22acd91 elementor-widget elementor-widget-heading\" data-id=\"22acd91\" data-element_type=\"widget\" data-e-type=\"widget\" data-widget_type=\"heading.default\">\n\t\t\t\t\t<h3 class=\"elementor-heading-title elementor-size-default\">Mobilit\u00e4t, Autovermietung &amp; Transportthemen<\/h3>\t\t\t\t<\/div>\n\t\t\t\t<div class=\"elementor-element elementor-element-54d76d2 elementor-widget elementor-widget-text-editor\" data-id=\"54d76d2\" data-element_type=\"widget\" data-e-type=\"widget\" data-widget_type=\"text-editor.default\">\n\t\t\t\t\t\t\t\t\tKlare Erkl\u00e4rungen zu Autovermietung, Fahrregeln und den Grundlagen der Mobilit\u00e4t.\t\t\t\t\t\t\t\t<\/div>\n\t\t\t\t<\/div>\n\t\t<div class=\"elementor-element elementor-element-808b3b8 e-con-full e-flex e-con e-child\" data-id=\"808b3b8\" data-element_type=\"container\" data-e-type=\"container\" data-settings=\"{&quot;background_background&quot;:&quot;classic&quot;}\">\n\t\t\t\t<div class=\"elementor-element elementor-element-989da80 elementor-widget elementor-widget-heading\" data-id=\"989da80\" data-element_type=\"widget\" data-e-type=\"widget\" data-widget_type=\"heading.default\">\n\t\t\t\t\t<h3 class=\"elementor-heading-title elementor-size-default\">Praktische Leitf\u00e4den f\u00fcr das Leben und Arbeiten in Spanien<\/h3>\t\t\t\t<\/div>\n\t\t\t\t<div class=\"elementor-element elementor-element-e3a07ea elementor-widget elementor-widget-text-editor\" data-id=\"e3a07ea\" data-element_type=\"widget\" data-e-type=\"widget\" data-widget_type=\"text-editor.default\">\n\t\t\t\t\t\t\t\t\tUmsetzbare Tipps zur Orientierung im Alltag, bei der Arbeit und im Umgang mit Vorschriften.\t\t\t\t\t\t\t\t<\/div>\n\t\t\t\t<\/div>\n\t\t\t\t<\/div>\n\t\t\t\t<\/section>\n\t\t<section class=\"elementor-element elementor-element-4586623 e-con-full e-flex e-con e-child\" data-id=\"4586623\" data-element_type=\"container\" data-e-type=\"container\" data-settings=\"{&quot;background_background&quot;:&quot;classic&quot;}\">\n\t\t\t\t<div class=\"elementor-element elementor-element-95ed278 elementor-widget elementor-widget-menu-anchor\" data-id=\"95ed278\" data-element_type=\"widget\" data-e-type=\"widget\" data-widget_type=\"menu-anchor.default\">\n\t\t\t\t\t\t\t<div class=\"elementor-menu-anchor\" id=\"articles-daniel\"><\/div>\n\t\t\t\t\t\t<\/div>\n\t\t\t\t<div class=\"elementor-element elementor-element-5c78738 elementor-widget elementor-widget-heading\" data-id=\"5c78738\" data-element_type=\"widget\" data-e-type=\"widget\" data-widget_type=\"heading.default\">\n\t\t\t\t\t<h2 class=\"elementor-heading-title elementor-size-default\">Artikel von Daniel<\/h2>\t\t\t\t<\/div>\n\t\t\t\t<div class=\"elementor-element elementor-element-8f9551f elementor-widget elementor-widget-text-editor\" data-id=\"8f9551f\" data-element_type=\"widget\" data-e-type=\"widget\" data-widget_type=\"text-editor.default\">\n\t\t\t\t\t\t\t\t\t<p>Alle Artikel von Daniel im Rentiago Travel Blog.<\/p>\t\t\t\t\t\t\t\t<\/div>\n\t\t\t\t<\/section>\n\t\t<div class=\"elementor-element elementor-element-e4ea834 e-con-full e-flex e-con e-child\" data-id=\"e4ea834\" data-element_type=\"container\" data-e-type=\"container\" data-settings=\"{&quot;background_background&quot;:&quot;classic&quot;}\">\n\t\t<div class=\"elementor-element elementor-element-ba30b6a e-con-full e-flex e-con e-child\" data-id=\"ba30b6a\" data-element_type=\"container\" data-e-type=\"container\">\n\t\t\t\t<div class=\"elementor-element elementor-element-35299fe elementor-widget elementor-widget-heading\" data-id=\"35299fe\" data-element_type=\"widget\" data-e-type=\"widget\" data-widget_type=\"heading.default\">\n\t\t\t\t\t<h2 class=\"elementor-heading-title elementor-size-default\">SPANIEN MIT VERTRAUEN ENTDECKEN<\/h2>\t\t\t\t<\/div>\n\t\t\t\t<div class=\"elementor-element elementor-element-90d9817 elementor-widget elementor-widget-text-editor\" data-id=\"90d9817\" data-element_type=\"widget\" data-e-type=\"widget\" data-widget_type=\"text-editor.default\">\n\t\t\t\t\t\t\t\t\tEntdecke weitere Leitf\u00e4den im Rentiago Travel Blog\t\t\t\t\t\t\t\t<\/div>\n\t\t\t\t<div class=\"elementor-element elementor-element-6662864 elementor-widget elementor-widget-text-editor\" data-id=\"6662864\" data-element_type=\"widget\" data-e-type=\"widget\" data-widget_type=\"text-editor.default\">\n\t\t\t\t\t\t\t\t\t<p>Praktische Reisetipps, lokale Empfehlungen und Einblicke zur Autovermietung<\/p>\t\t\t\t\t\t\t\t<\/div>\n\t\t\t\t<\/div>\n\t\t<div class=\"elementor-element elementor-element-1c6bf71 e-con-full e-flex e-con e-child\" data-id=\"1c6bf71\" data-element_type=\"container\" data-e-type=\"container\">\n\t\t\t\t<div class=\"elementor-element elementor-element-9661f6e elementor-widget elementor-widget-button\" data-id=\"9661f6e\" data-element_type=\"widget\" data-e-type=\"widget\" data-widget_type=\"button.default\">\n\t\t\t\t\t\t\t\t\t\t<a class=\"elementor-button elementor-button-link elementor-size-sm\" href=\"https:\/\/rentiago.com\/de\/blog\/\">\n\t\t\t\t\t\t<span class=\"elementor-button-content-wrapper\">\n\t\t\t\t\t\t<span class=\"elementor-button-icon\">\n\t\t\t\t<svg aria-hidden=\"true\" class=\"e-font-icon-svg e-fas-arrow-right\" viewBox=\"0 0 448 512\" xmlns=\"http:\/\/www.w3.org\/2000\/svg\"><path d=\"M190.5 66.9l22.2-22.2c9.4-9.4 24.6-9.4 33.9 0L441 239c9.4 9.4 9.4 24.6 0 33.9L246.6 467.3c-9.4 9.4-24.6 9.4-33.9 0l-22.2-22.2c-9.5-9.5-9.3-25 .4-34.3L311.4 296H24c-13.3 0-24-10.7-24-24v-32c0-13.3 10.7-24 24-24h287.4L190.9 101.2c-9.8-9.3-10-24.8-.4-34.3z\"><\/path><\/svg>\t\t\t<\/span>\n\t\t\t\t\t\t\t\t\t<span class=\"elementor-button-text\">Blog besuchen<\/span>\n\t\t\t\t\t<\/span>\n\t\t\t\t\t<\/a>\n\t\t\t\t\t\t\t\t<\/div>\n\t\t\t\t<\/div>\n\t\t\t\t<\/div>\n\t\t\t\t<\/article>\n\t\t\t\t\t<\/div>\n\t\t\t\t<\/main>\n\t\t\t\t<\/div>\n\t\t","protected":false},"excerpt":{"rendered":"<p>RENTIAGO BUSINESS HUB AUTOR Daniel Business- und Mobilit\u00e4tsautor Daniel schreibt praxisnahe, erfahrungsbasierte Artikel \u00fcber Gesch\u00e4ftsm\u00f6glichkeiten, Mobilit\u00e4t und den Alltag in Spanien. Seine Leitf\u00e4den legen den Fokus auf klare Erkl\u00e4rungen, Beispiele aus der Praxis und darauf, den Lesern fundierte Entscheidungen zu erm\u00f6glichen. Artikel ansehen \u00dcber Daniel Expertise \ud83d\udd34 Teil des Rentiago Reiseblogs Praktische Einblicke in Business, [&hellip;]<\/p>\n","protected":false},"author":2,"featured_media":7253,"parent":9867,"menu_order":0,"comment_status":"closed","ping_status":"closed","template":"","meta":{"footnotes":""},"class_list":["post-12576","page","type-page","status-publish","has-post-thumbnail","hentry"],"_links":{"self":[{"href":"https:\/\/rentiago.com\/de\/wp-json\/wp\/v2\/pages\/12576","targetHints":{"allow":["GET"]}}],"collection":[{"href":"https:\/\/rentiago.com\/de\/wp-json\/wp\/v2\/pages"}],"about":[{"href":"https:\/\/rentiago.com\/de\/wp-json\/wp\/v2\/types\/page"}],"author":[{"embeddable":true,"href":"https:\/\/rentiago.com\/de\/wp-json\/wp\/v2\/users\/2"}],"replies":[{"embeddable":true,"href":"https:\/\/rentiago.com\/de\/wp-json\/wp\/v2\/comments?post=12576"}],"version-history":[{"count":0,"href":"https:\/\/rentiago.com\/de\/wp-json\/wp\/v2\/pages\/12576\/revisions"}],"up":[{"embeddable":true,"href":"https:\/\/rentiago.com\/de\/wp-json\/wp\/v2\/pages\/9867"}],"wp:featuredmedia":[{"embeddable":true,"href":"https:\/\/rentiago.com\/de\/wp-json\/wp\/v2\/media\/7253"}],"wp:attachment":[{"href":"https:\/\/rentiago.com\/de\/wp-json\/wp\/v2\/media?parent=12576"}],"curies":[{"name":"wp","href":"https:\/\/api.w.org\/{rel}","templated":true}]}}