{"id":2503,"date":"2025-04-15T15:15:25","date_gmt":"2025-04-15T14:15:25","guid":{"rendered":"https:\/\/rentiago.com\/ueber-uns\/"},"modified":"2025-07-18T07:58:19","modified_gmt":"2025-07-18T06:58:19","slug":"ueber-uns","status":"publish","type":"page","link":"https:\/\/rentiago.com\/de\/ueber-uns\/","title":{"rendered":"\u00dcber uns"},"content":{"rendered":"\t\t<div data-elementor-type=\"wp-page\" data-elementor-id=\"2503\" class=\"elementor elementor-2503 elementor-1020\" data-elementor-post-type=\"page\">\n\t\t\t\t<div class=\"elementor-element elementor-element-f8bd547 e-flex e-con-boxed e-con e-parent\" data-id=\"f8bd547\" data-element_type=\"container\" data-e-type=\"container\">\n\t\t\t\t\t<div class=\"e-con-inner\">\n\t\t<div class=\"elementor-element elementor-element-1590b32 e-con-full e-flex e-con e-child\" data-id=\"1590b32\" data-element_type=\"container\" data-e-type=\"container\">\n\t\t\t\t<div class=\"elementor-element elementor-element-d4eff0d elementor-widget elementor-widget-heading\" data-id=\"d4eff0d\" data-element_type=\"widget\" data-e-type=\"widget\" data-widget_type=\"heading.default\">\n\t\t\t\t\t<h1 class=\"elementor-heading-title elementor-size-default\">\u00dcber uns<\/h1>\t\t\t\t<\/div>\n\t\t\t\t<div class=\"elementor-element elementor-element-ad1d7c2 elementor-widget elementor-widget-text-editor\" data-id=\"ad1d7c2\" data-element_type=\"widget\" data-e-type=\"widget\" data-widget_type=\"text-editor.default\">\n\t\t\t\t\t\t\t\t\t<p>Wir bei <b>Rentiago<\/b> glauben, dass jede Reise eine Geschichte erz\u00e4hlt \u2013 eine, die dir noch lange nach dem Abstellen des Motors und der R\u00fcckgabe der Schl\u00fcssel in Erinnerung bleibt. Entstanden unter der spanischen Sonne und angetrieben von der Liebe zu unvergesslichen Roadtrips, ist Rentiago mehr als nur eine Autovermietung. Wir sind dein Partner f\u00fcr Abenteuer, dein Co-Pilot auf Entdeckungsreise und dein Ticket, um Spanien auf deine ganz eigene Weise zu erkunden.<\/p>\n\t\t\t\t\t\t\t\t<\/div>\n\t\t\t\t<\/div>\n\t\t\t\t\t<\/div>\n\t\t\t\t<\/div>\n\t\t<div class=\"elementor-element elementor-element-128d762 e-flex e-con-boxed e-con e-parent\" data-id=\"128d762\" data-element_type=\"container\" data-e-type=\"container\">\n\t\t\t\t\t<div class=\"e-con-inner\">\n\t\t<div class=\"elementor-element elementor-element-e35708f e-con-full e-flex e-con e-child\" data-id=\"e35708f\" data-element_type=\"container\" data-e-type=\"container\">\n\t\t<div class=\"elementor-element elementor-element-67f562f e-con-full e-flex e-con e-child\" data-id=\"67f562f\" data-element_type=\"container\" data-e-type=\"container\">\n\t\t\t\t<div class=\"elementor-element elementor-element-3d7f2fd elementor-widget elementor-widget-heading\" data-id=\"3d7f2fd\" data-element_type=\"widget\" data-e-type=\"widget\" data-widget_type=\"heading.default\">\n\t\t\t\t\t<h2 class=\"elementor-heading-title elementor-size-default\">Unsere Mission<\/h2>\t\t\t\t<\/div>\n\t\t\t\t<div class=\"elementor-element elementor-element-cb35e26 elementor-widget elementor-widget-text-editor\" data-id=\"cb35e26\" data-element_type=\"widget\" data-e-type=\"widget\" data-widget_type=\"text-editor.default\">\n\t\t\t\t\t\t\t\t\t<p><strong>Unvergessliche Reisen. Stressfreies Reisen. Legend\u00e4rer Service.<\/strong><\/p>\n<p>Reisen sollte ohne Kleingedrucktes sein. Deshalb haben wir es uns zur Aufgabe gemacht, nicht nur Mietwagen anzubieten, sondern v\u00f6llige Freiheit \u2013 ohne \u00fcberraschende Geb\u00fchren oder komplizierte Regeln. Mit Rentiago bekommst du, wof\u00fcr andere extra berechnen:<\/p>\n<p>\u2705 Unbegrenzte Kilometer<\/p>\n<p>\u2705 Vollkaskoversicherung inklusive<\/p>\n<p>\u2705 24\/7-Pannenhilfe<\/p>\n<p>\u2705 Unbegrenzte Anzahl zus\u00e4tzlicher Fahrer<\/p>\n<p>\u2705 Anmietung ab 18 Jahren (und keine zus\u00e4tzlichen Geb\u00fchren ab 21 Jahren)<\/p>\n<p>\u2705 GPS, Kindersitz, etc. \u2013 alles im Preis inbegriffen<\/p>\n<p>Wir machen es dir einfach, damit du dich auf das Wesentliche konzentrieren kannst: die Sonne genie\u00dfen, versteckte Sch\u00e4tze entdecken und deine Reise in vollen Z\u00fcgen genie\u00dfen.<\/p>\n\t\t\t\t\t\t\t\t<\/div>\n\t\t\t\t<\/div>\n\t\t\t\t<\/div>\n\t\t<div class=\"elementor-element elementor-element-9bd737e e-con-full e-flex e-con e-child\" data-id=\"9bd737e\" data-element_type=\"container\" data-e-type=\"container\">\n\t\t\t\t<div class=\"elementor-element elementor-element-cb39bbd elementor-widget elementor-widget-image\" data-id=\"cb39bbd\" data-element_type=\"widget\" data-e-type=\"widget\" data-widget_type=\"image.default\">\n\t\t\t\t\t\t\t\t\t\t\t\t\t\t\t<img fetchpriority=\"high\" decoding=\"async\" width=\"800\" height=\"534\" src=\"https:\/\/rentiago.com\/wp-content\/uploads\/2025\/04\/strandurlaub-1024x683.webp\" class=\"attachment-large size-large wp-image-1025\" alt=\"People enjoying the sun on the beach\" srcset=\"https:\/\/rentiago.com\/wp-content\/uploads\/2025\/04\/strandurlaub-1024x683.webp 1024w, https:\/\/rentiago.com\/wp-content\/uploads\/2025\/04\/strandurlaub-600x400.webp 600w, https:\/\/rentiago.com\/wp-content\/uploads\/2025\/04\/strandurlaub-300x200.webp 300w, https:\/\/rentiago.com\/wp-content\/uploads\/2025\/04\/strandurlaub-768x512.webp 768w, https:\/\/rentiago.com\/wp-content\/uploads\/2025\/04\/strandurlaub.webp 1200w\" sizes=\"(max-width: 800px) 100vw, 800px\" \/>\t\t\t\t\t\t\t\t\t\t\t\t\t\t\t<\/div>\n\t\t\t\t<\/div>\n\t\t\t\t\t<\/div>\n\t\t\t\t<\/div>\n\t\t<div class=\"elementor-element elementor-element-b22a98c e-flex e-con-boxed e-con e-parent\" data-id=\"b22a98c\" data-element_type=\"container\" data-e-type=\"container\">\n\t\t\t\t\t<div class=\"e-con-inner\">\n\t\t\t\t<div class=\"elementor-element elementor-element-08b790f elementor-align-center elementor-widget elementor-widget-button\" data-id=\"08b790f\" data-element_type=\"widget\" data-e-type=\"widget\" data-widget_type=\"button.default\">\n\t\t\t\t\t\t\t\t\t\t<a class=\"elementor-button elementor-button-link elementor-size-sm\" href=\"https:\/\/rentiago.com\/de\/kontakt\/\">\n\t\t\t\t\t\t<span class=\"elementor-button-content-wrapper\">\n\t\t\t\t\t\t\t\t\t<span class=\"elementor-button-text\">Kontakt &amp; Support<\/span>\n\t\t\t\t\t<\/span>\n\t\t\t\t\t<\/a>\n\t\t\t\t\t\t\t\t<\/div>\n\t\t\t\t\t<\/div>\n\t\t\t\t<\/div>\n\t\t\t\t<\/div>\n\t\t","protected":false},"excerpt":{"rendered":"<p>\u00dcber uns Wir bei Rentiago glauben, dass jede Reise eine Geschichte erz\u00e4hlt \u2013 eine, die dir noch lange nach dem Abstellen des Motors und der R\u00fcckgabe der Schl\u00fcssel in Erinnerung bleibt. Entstanden unter der spanischen Sonne und angetrieben von der Liebe zu unvergesslichen Roadtrips, ist Rentiago mehr als nur eine Autovermietung. Wir sind dein Partner [&hellip;]<\/p>\n","protected":false},"author":1,"featured_media":0,"parent":0,"menu_order":0,"comment_status":"closed","ping_status":"closed","template":"elementor_header_footer","meta":{"footnotes":""},"class_list":["post-2503","page","type-page","status-publish","hentry"],"_links":{"self":[{"href":"https:\/\/rentiago.com\/de\/wp-json\/wp\/v2\/pages\/2503","targetHints":{"allow":["GET"]}}],"collection":[{"href":"https:\/\/rentiago.com\/de\/wp-json\/wp\/v2\/pages"}],"about":[{"href":"https:\/\/rentiago.com\/de\/wp-json\/wp\/v2\/types\/page"}],"author":[{"embeddable":true,"href":"https:\/\/rentiago.com\/de\/wp-json\/wp\/v2\/users\/1"}],"replies":[{"embeddable":true,"href":"https:\/\/rentiago.com\/de\/wp-json\/wp\/v2\/comments?post=2503"}],"version-history":[{"count":0,"href":"https:\/\/rentiago.com\/de\/wp-json\/wp\/v2\/pages\/2503\/revisions"}],"wp:attachment":[{"href":"https:\/\/rentiago.com\/de\/wp-json\/wp\/v2\/media?parent=2503"}],"curies":[{"name":"wp","href":"https:\/\/api.w.org\/{rel}","templated":true}]}}