{"id":2507,"date":"2025-05-01T16:20:34","date_gmt":"2025-05-01T15:20:34","guid":{"rendered":"https:\/\/rentiago.com\/werde-rentiago-mobilitaetspartner\/"},"modified":"2025-12-09T16:05:41","modified_gmt":"2025-12-09T15:05:41","slug":"werde-rentiago-mobilitaetspartner","status":"publish","type":"page","link":"https:\/\/rentiago.com\/de\/werde-rentiago-mobilitaetspartner\/","title":{"rendered":"Werde Rentiago Mobilit\u00e4tspartner"},"content":{"rendered":"\t\t<div data-elementor-type=\"wp-page\" data-elementor-id=\"2507\" class=\"elementor elementor-2507 elementor-2392\" data-elementor-post-type=\"page\">\n\t\t\t\t<div class=\"elementor-element elementor-element-941c7b7 e-flex e-con-boxed e-con e-parent\" data-id=\"941c7b7\" data-element_type=\"container\" data-e-type=\"container\">\n\t\t\t\t\t<div class=\"e-con-inner\">\n\t\t\t\t<div class=\"elementor-element elementor-element-771276a elementor-widget elementor-widget-heading\" data-id=\"771276a\" data-element_type=\"widget\" data-e-type=\"widget\" data-widget_type=\"heading.default\">\n\t\t\t\t\t<h1 class=\"elementor-heading-title elementor-size-default\">Werde Rentiago Mobilit\u00e4tspartner<\/h1>\t\t\t\t<\/div>\n\t\t\t\t\t<\/div>\n\t\t\t\t<\/div>\n\t\t<div class=\"elementor-element elementor-element-d4296fc e-flex e-con-boxed e-con e-parent\" data-id=\"d4296fc\" data-element_type=\"container\" data-e-type=\"container\">\n\t\t\t\t\t<div class=\"e-con-inner\">\n\t\t\t\t<div class=\"elementor-element elementor-element-25a9b92 elementor-widget elementor-widget-image\" data-id=\"25a9b92\" data-element_type=\"widget\" data-e-type=\"widget\" data-widget_type=\"image.default\">\n\t\t\t\t\t\t\t\t\t\t\t\t\t\t\t<img decoding=\"async\" src=\"https:\/\/rentiago.com\/wp-content\/uploads\/elementor\/thumbs\/cabrio-with-couple-r4e8f6n7g0gojyoje4an6h8peicp6hj3e6itlk8x9u.webp\" title=\"cabrio-with-couple\" alt=\"Cabrio with couple\" loading=\"lazy\" \/>\t\t\t\t\t\t\t\t\t\t\t\t\t\t\t<\/div>\n\t\t\t\t\t<\/div>\n\t\t\t\t<\/div>\n\t\t<div class=\"elementor-element elementor-element-90e9269 e-flex e-con-boxed e-con e-parent\" data-id=\"90e9269\" data-element_type=\"container\" data-e-type=\"container\" data-settings=\"{&quot;background_background&quot;:&quot;classic&quot;}\">\n\t\t\t\t\t<div class=\"e-con-inner\">\n\t\t\t\t<div class=\"elementor-element elementor-element-361dbd5 elementor-widget elementor-widget-heading\" data-id=\"361dbd5\" data-element_type=\"widget\" data-e-type=\"widget\" data-widget_type=\"heading.default\">\n\t\t\t\t\t<h2 class=\"elementor-heading-title elementor-size-default\">Partner werden \u2013 Provision verdienen oder kostenlos durch Spanien fahren<\/h2>\t\t\t\t<\/div>\n\t\t\t\t<div class=\"elementor-element elementor-element-3dfd73e elementor-widget elementor-widget-text-editor\" data-id=\"3dfd73e\" data-element_type=\"widget\" data-e-type=\"widget\" data-widget_type=\"text-editor.default\">\n\t\t\t\t\t\t\t\t\t<p class=\"\" data-start=\"277\" data-end=\"587\"><strong>Rentiago<\/strong> bietet flexible Mietwagenl\u00f6sungen in ganz Spanien \u2013 von kurzfristigen Buchungen bis hin zu langfristigen Auto-Abos. Doch wir bieten noch mehr: spannende M\u00f6glichkeiten f\u00fcr Affiliates, Influencer, Hotels, Campingpl\u00e4tze und viele weitere Partner, mit uns zu reisen, zu verdienen und gemeinsam zu wachsen.<\/p>\n<p><\/p>\n<p class=\"\" data-start=\"589\" data-end=\"769\">Egal ob du Reiseinhalte teilst, Expats oder Touristen unterst\u00fctzt oder einfach deiner Community echten Mehrwert bieten willst \u2013 wir sind der Mobilit\u00e4tspartner, den du gesucht hast.<\/p>\n\t\t\t\t\t\t\t\t<\/div>\n\t\t\t\t\t<\/div>\n\t\t\t\t<\/div>\n\t\t<div class=\"elementor-element elementor-element-ec2a5a4 e-flex e-con-boxed e-con e-parent\" data-id=\"ec2a5a4\" data-element_type=\"container\" data-e-type=\"container\">\n\t\t\t\t\t<div class=\"e-con-inner\">\n\t\t\t\t<div class=\"elementor-element elementor-element-1b49964 elementor-widget elementor-widget-text-editor\" data-id=\"1b49964\" data-element_type=\"widget\" data-e-type=\"widget\" data-widget_type=\"text-editor.default\">\n\t\t\t\t\t\t\t\t\t<h3 data-start=\"771\" data-end=\"795\"><strong data-start=\"776\" data-end=\"795\">Deine Vorteile:<\/strong><\/h3>\n<p><\/p>\n<p class=\"\" data-start=\"797\" data-end=\"1037\">\ud83d\udcb8 <strong data-start=\"800\" data-end=\"845\">Affiliate-Partner, Hotels &amp; Campingpl\u00e4tze<\/strong><br data-start=\"845\" data-end=\"848\" \/>Verdiene attraktive Provisionen f\u00fcr jede erfolgreiche Empfehlung. Teile uns \u00fcber deine Website, deinen Blog, Newsletter, Instagram, TikTok, YouTube \u2013 wir tracken alles fair und transparent.<\/p>\n<p><\/p>\n<p class=\"\" data-start=\"1039\" data-end=\"1341\">\ud83d\ude97 <strong data-start=\"1042\" data-end=\"1070\">Influencer-Kooperationen<\/strong><br data-start=\"1070\" data-end=\"1073\" \/>Erhalte verg\u00fcnstigte oder sogar kostenlose Mietwagen f\u00fcr deine Reise durch Spanien. Im Gegenzug freuen wir uns \u00fcber ehrliche Erfahrungsberichte, Inhalte oder Reichweite auf Social Media. Jede Partnerschaft wird individuell an deine Reichweite und Reisedauer angepasst.<\/p>\n<p><\/p>\n<p class=\"\" data-start=\"1343\" data-end=\"1561\">\ud83d\udd0d <strong data-start=\"1346\" data-end=\"1394\">Fahrzeug-Check-Service f\u00fcr Expats<\/strong><br data-start=\"1394\" data-end=\"1397\" \/>Deiner Community beim Autokauf in Spanien helfen? Wir bieten Vor-Ort-Fahrzeugchecks vor dem Kauf \u2013 f\u00fcr mehr Sicherheit und zus\u00e4tzlichen Mehrwert f\u00fcr deine Follower.<\/p>\n<p><\/p>\n<hr class=\"\" data-start=\"1332\" data-end=\"1335\" \/>\n<h3 data-start=\"1343\" data-end=\"1561\"><strong>Warum eine Partnerschaft mit Rentiago eingehen?<\/strong><\/h3>\n<p><\/p>\n<p data-start=\"1343\" data-end=\"1561\">\u2705 Transparente und flexible Zusammenarbeit<br \/>\n\u2705 Nahtloses Buchungserlebnis f\u00fcr Ihre Kunden<br \/>\n\u2705 Ma\u00dfgeschneiderte Partnerschaften f\u00fcr Kreative, Blogger und Expat-Kan\u00e4le<\/p>\n<p><\/p>\n<hr class=\"\" data-start=\"1620\" data-end=\"1623\" \/>\n<h3 data-start=\"1343\" data-end=\"1561\"><\/h3>\n<p><\/p>\n<h3 data-start=\"1343\" data-end=\"1561\">Sind Sie bereit f\u00fcr eine Zusammenarbeit?\u00a0Lassen Sie uns dar\u00fcber sprechen.<\/h3>\n<p><\/p>\n<p data-start=\"1343\" data-end=\"1561\">Ganz gleich, ob Sie eine einmalige Reise planen oder eine langfristige Partnerschaft suchen, wir freuen uns auf Ihre Kontaktaufnahme.<\/p>\n\t\t\t\t\t\t\t\t<\/div>\n\t\t\t\t<div class=\"elementor-element elementor-element-2723eaa elementor-align-center elementor-widget elementor-widget-button\" data-id=\"2723eaa\" data-element_type=\"widget\" data-e-type=\"widget\" data-widget_type=\"button.default\">\n\t\t\t\t\t\t\t\t\t\t<a class=\"elementor-button elementor-button-link elementor-size-sm\" href=\"https:\/\/rentiago.com\/de\/kontakt\/\">\n\t\t\t\t\t\t<span class=\"elementor-button-content-wrapper\">\n\t\t\t\t\t\t\t\t\t<span class=\"elementor-button-text\">Jetzt Kontakt aufnehmen<\/span>\n\t\t\t\t\t<\/span>\n\t\t\t\t\t<\/a>\n\t\t\t\t\t\t\t\t<\/div>\n\t\t\t\t\t<\/div>\n\t\t\t\t<\/div>\n\t\t\t\t<\/div>\n\t\t","protected":false},"excerpt":{"rendered":"<p>Werde Rentiago Mobilit\u00e4tspartner Partner werden \u2013 Provision verdienen oder kostenlos durch Spanien fahren Rentiago bietet flexible Mietwagenl\u00f6sungen in ganz Spanien \u2013 von kurzfristigen Buchungen bis hin zu langfristigen Auto-Abos. Doch wir bieten noch mehr: spannende M\u00f6glichkeiten f\u00fcr Affiliates, Influencer, Hotels, Campingpl\u00e4tze und viele weitere Partner, mit uns zu reisen, zu verdienen und gemeinsam zu wachsen. [&hellip;]<\/p>\n","protected":false},"author":1,"featured_media":932,"parent":0,"menu_order":0,"comment_status":"closed","ping_status":"closed","template":"elementor_header_footer","meta":{"footnotes":""},"class_list":["post-2507","page","type-page","status-publish","has-post-thumbnail","hentry"],"_links":{"self":[{"href":"https:\/\/rentiago.com\/de\/wp-json\/wp\/v2\/pages\/2507","targetHints":{"allow":["GET"]}}],"collection":[{"href":"https:\/\/rentiago.com\/de\/wp-json\/wp\/v2\/pages"}],"about":[{"href":"https:\/\/rentiago.com\/de\/wp-json\/wp\/v2\/types\/page"}],"author":[{"embeddable":true,"href":"https:\/\/rentiago.com\/de\/wp-json\/wp\/v2\/users\/1"}],"replies":[{"embeddable":true,"href":"https:\/\/rentiago.com\/de\/wp-json\/wp\/v2\/comments?post=2507"}],"version-history":[{"count":0,"href":"https:\/\/rentiago.com\/de\/wp-json\/wp\/v2\/pages\/2507\/revisions"}],"wp:featuredmedia":[{"embeddable":true,"href":"https:\/\/rentiago.com\/de\/wp-json\/wp\/v2\/media\/932"}],"wp:attachment":[{"href":"https:\/\/rentiago.com\/de\/wp-json\/wp\/v2\/media?parent=2507"}],"curies":[{"name":"wp","href":"https:\/\/api.w.org\/{rel}","templated":true}]}}