{"id":4879,"date":"2025-04-19T12:25:18","date_gmt":"2025-04-19T11:25:18","guid":{"rendered":"https:\/\/rentiago.com\/impressum\/"},"modified":"2026-01-06T15:05:58","modified_gmt":"2026-01-06T14:05:58","slug":"impressum","status":"publish","type":"page","link":"https:\/\/rentiago.com\/de\/impressum\/","title":{"rendered":"Impressum"},"content":{"rendered":"\t\t<div data-elementor-type=\"wp-page\" data-elementor-id=\"4879\" class=\"elementor elementor-4879 elementor-1513\" data-elementor-post-type=\"page\">\n\t\t\t\t<div class=\"elementor-element elementor-element-0951f01 e-flex e-con-boxed e-con e-parent\" data-id=\"0951f01\" data-element_type=\"container\" data-e-type=\"container\">\n\t\t\t\t\t<div class=\"e-con-inner\">\n\t\t\t\t<div class=\"elementor-element elementor-element-7a41338 elementor-widget elementor-widget-heading\" data-id=\"7a41338\" data-element_type=\"widget\" data-e-type=\"widget\" data-widget_type=\"heading.default\">\n\t\t\t\t\t<h1 class=\"elementor-heading-title elementor-size-default\">Impressum nach spanischem Recht (\u00dcbersetzung)<\/h1>\t\t\t\t<\/div>\n\t\t\t\t<div class=\"elementor-element elementor-element-08e07c4 elementor-widget elementor-widget-text-editor\" data-id=\"08e07c4\" data-element_type=\"widget\" data-e-type=\"widget\" data-widget_type=\"text-editor.default\">\n\t\t\t\t\t\t\t\t\t<p>Nur die spanische Version ist rechtswirksam.<\/p>\n<h2><b><strong>I. ALLGEMEINE INFORMATIONEN<\/strong><\/b><\/h2>\n<p>Gem\u00e4\u00df der Informationspflicht nach dem Gesetz 34\/2002 \u00fcber Dienste der Informationsgesellschaft und elektronischen Gesch\u00e4ftsverkehr (LSSI-CE) vom 11. Juli, hier die allgemeinen Infos zu dieser Website:<\/p>\n<p>Die Website <a href=\"https:\/\/rentiago.com\/de\/\">https:\/\/rentiago.com<\/a> (im Folgenden \u201edie Website\u201d) geh\u00f6rt: <b>Rentiago Rent a Car S.L.<\/b>, mit der Steuernummer NIF: 22109222N und eingetragen im Handelsregister von Alicante mit folgenden Angaben: Calle Munich 29, 03503 Benidorm. Der gesetzliche Vertreter ist: Attila Hatlaczki, und die Kontaktdaten der Firma lauten:<\/p>\n<p><b>Adresse:<\/b> Calle Munich 29, 03503 Benidorm (Alicante), Spanien<\/p>\n<p><b>Kontakt-Telefonnummer:<\/b> +34 637 548 889<\/p>\n<p><b>Kontakt-E-Mail:<\/b> support (at) rentiago (dot) com<\/p>\n<h2><b><strong>II. ALLGEMEINE NUTZUNGSBEDINGUNGEN<\/strong><\/b><\/h2>\n<p><\/p>\n<h2><b><strong>Zweck der Bedingungen: Die Website<\/strong><\/b><\/h2>\n<p>Der Zweck dieser Allgemeinen Nutzungsbedingungen (im Folgenden \u201eBedingungen\u201d) ist es, den Zugang zur Website und deren Nutzung zu regeln. F\u00fcr die Zwecke dieser Bedingungen umfasst die Website: das \u00e4u\u00dfere Erscheinungsbild der Bildschirmoberfl\u00e4chen, sowohl in statischer als auch in dynamischer Form, d. h. die Navigationsstruktur; und alle Elemente, die sowohl in die Bildschirmoberfl\u00e4chen als auch in die Navigationsstruktur integriert sind (im Folgenden \u201eInhalte\u201c), sowie alle Online-Dienste oder Ressourcen, die den Nutzern angeboten werden k\u00f6nnen (im Folgenden \u201eDienste\u201c).<\/p>\n<p>Die Autovermietung beh\u00e4lt sich das Recht vor, jederzeit und ohne vorherige Ank\u00fcndigung die Darstellung und Konfiguration der Website sowie die Inhalte und Dienste, die darin enthalten sind, zu \u00e4ndern. Der Nutzer erkennt an und akzeptiert, dass die Autovermietung jederzeit eines dieser Elemente oder den Zugang zu ihnen unterbrechen, deaktivieren und\/oder entfernen kann.<\/p>\n<p>Der Zugang zur Website ist kostenlos und erfordert in der Regel keine Gegenleistung des Nutzers, au\u00dfer den Kosten f\u00fcr die Verbindung \u00fcber das vom Nutzer beauftragte Telekommunikationsnetz.<\/p>\n<p>Die Nutzung einiger Inhalte oder Dienste der Website kann eine vorherige Anmeldung oder Registrierung des Nutzers erfordern.<\/p>\n<h2><b><strong>Der Nutzer<\/strong><\/b><\/h2>\n<p>Der Zugang, das Surfen und die Nutzung der Website sowie die Interaktion zwischen den Nutzern und zwischen dem Nutzer und dem Autovermieter (z. B. Kommentare und\/oder Blogging-Bereiche) verleihen den Status eines Nutzers. Mit Beginn des Surfens werden alle hierin enthaltenen Bedingungen, einschlie\u00dflich sp\u00e4terer \u00c4nderungen, unbeschadet der Anwendung der entsprechenden zwingenden gesetzlichen Bestimmungen, akzeptiert. Angesichts der Bedeutung des Vorstehenden wird dem Nutzer empfohlen, diese bei jedem Besuch der Website zu lesen.<\/p>\n<p>Die Website des Autovermieters bietet eine Vielzahl von Informationen, Dienstleistungen und Daten. Der Nutzer \u00fcbernimmt die Verantwortung f\u00fcr die ordnungsgem\u00e4\u00dfe Nutzung der Website. Diese Verantwortung erstreckt sich auf:<\/p>\n<ul>\n<li>Die Nutzung der Informationen, Inhalte und\/oder Dienstleistungen und Daten, die vom Autovermieter angeboten werden, in einer Weise, die nicht gegen diese Bedingungen, das Gesetz, die Moral, die \u00f6ffentliche Ordnung oder in irgendeiner anderen Weise die Rechte Dritter oder das Funktionieren der Website selbst verletzt.<\/li>\n<li>Die Richtigkeit und Rechtm\u00e4\u00dfigkeit der Angaben, die der Nutzer in den Formularen macht, die die Autovermietung f\u00fcr den Zugang zu bestimmten Inhalten oder Diensten auf der Website bereitstellt. In jedem Fall muss der Nutzer die Autovermietung unverz\u00fcglich \u00fcber jede missbr\u00e4uchliche Verwendung der in diesen Formularen registrierten Daten informieren, einschlie\u00dflich, aber nicht beschr\u00e4nkt auf Diebstahl, Verlust oder unbefugten Zugriff auf Benutzernamen und\/oder Passw\u00f6rter, damit geeignete Ma\u00dfnahmen ergriffen werden k\u00f6nnen.<\/li>\n<\/ul>\n<p>Die Autovermietung beh\u00e4lt sich das Recht vor, Kommentare oder Beitr\u00e4ge zu l\u00f6schen, die gegen das Gesetz versto\u00dfen, die Menschenw\u00fcrde verletzen, diskriminierend, fremdenfeindlich, rassistisch, pornografisch, jugend- oder kinderseligend, gegen die \u00f6ffentliche Ordnung oder Sicherheit versto\u00dfen oder die nach ihrem Ermessen nicht zur Ver\u00f6ffentlichung geeignet sind.<\/p>\n<p>In jedem Fall ist die Autovermietung nicht f\u00fcr die Meinungen verantwortlich, die von Nutzern in Kommentaren oder anderen Blogging- oder Beteiligungsinstrumenten ge\u00e4u\u00dfert werden.<\/p>\n<p>Der blo\u00dfe Zugriff auf diese Website begr\u00fcndet keinerlei Gesch\u00e4ftsbeziehung zwischen dem Autovermieter und dem Nutzer.<\/p>\n<p>Der Nutzer erkl\u00e4rt, vollj\u00e4hrig und rechtsf\u00e4hig zu sein, um an diese Bedingungen gebunden zu sein. Daher ist diese Website nicht f\u00fcr Minderj\u00e4hrige bestimmt. Der Autovermieter lehnt jede Verantwortung f\u00fcr die Nichteinhaltung dieser Anforderung ab.<\/p>\n<p>Die Website richtet sich in erster Linie an Nutzer mit Wohnsitz in Spanien. Die Autovermietung garantiert nicht, dass die Website ganz oder teilweise den Rechtsvorschriften anderer L\u00e4nder entspricht. Wenn der Nutzer seinen Wohnsitz oder seinen gew\u00f6hnlichen Aufenthalt au\u00dferhalb Spaniens hat und auf die Website zugreift und\/oder diese nutzt, tut er dies auf eigene Verantwortung und muss sicherstellen, dass dieser Zugriff und diese Nutzung den geltenden lokalen Rechtsvorschriften entsprechen. Die Autovermietung \u00fcbernimmt keine Haftung f\u00fcr einen solchen Zugriff.<\/p>\n<h2><b><strong>III. ZUGRIFF UND NAVIGATION AUF DER WEBSITE: AUSSCHLUSS VON GARANTIEN UND HAFTUNG<\/strong><\/b><\/h2>\n<p>Die Autovermietung garantiert nicht die Kontinuit\u00e4t, Verf\u00fcgbarkeit oder N\u00fctzlichkeit der Website, ihrer Inhalte oder Dienste. Sie bem\u00fcht sich zwar, den ordnungsgem\u00e4\u00dfen Betrieb der Website sicherzustellen, ist jedoch nicht verantwortlich oder haftbar f\u00fcr einen ununterbrochenen Zugang oder einen fehlerfreien Dienst.<\/p>\n<p>Sie ist auch nicht verantwortlich oder haftbar f\u00fcr Inhalte oder Software, auf die \u00fcber die Website zugegriffen wird und die Fehler enthalten oder Sch\u00e4den am Computersystem (Hardware oder Software) des Nutzers verursachen k\u00f6nnen. Unter keinen Umst\u00e4nden haftet die Autovermietung f\u00fcr Verluste oder Sch\u00e4den jeglicher Art, die durch den Zugriff, das Surfen oder die Nutzung der Website entstehen, einschlie\u00dflich, aber nicht beschr\u00e4nkt auf Sch\u00e4den an Computersystemen oder die Einschleusung von Viren.<\/p>\n<p>Die Autovermietung haftet auch nicht f\u00fcr Sch\u00e4den, die durch unsachgem\u00e4\u00dfe Nutzung der Website entstehen. Insbesondere haftet sie nicht f\u00fcr Ausf\u00e4lle, Unterbrechungen oder M\u00e4ngel der Telekommunikation.<\/p>\n<h2><b><strong>IV. LINK-RICHTLINIE<\/strong><\/b><\/h2>\n<p>Wir weisen darauf hin, dass die Website den Nutzern Mittel zum Verlinken (wie z. B. Links, Banner und Schaltfl\u00e4chen), Verzeichnisse und Suchmaschinen zur Verf\u00fcgung stellen kann, die den Nutzern den Zugriff auf Websites erm\u00f6glichen, die Eigentum von Dritten sind und\/oder von Dritten betrieben werden.<\/p>\n<p>Die Aufnahme dieser Links, Verzeichnisse und Suchmaschinen auf der Website dient ausschlie\u00dflich dazu, die Suche nach und den Zugang zu Informationen im Internet zu erleichtern, und ist nicht als Vorschlag, Empfehlung oder Aufforderung zum Besuch dieser Websites zu verstehen.<\/p>\n<p>Die Autovermietung kann gesponserte Inhalte, Anzeigen und\/oder Affiliate-Links bereitstellen. Die in diesen Affiliate-Links oder eingebetteten Anzeigen angezeigten Informationen werden von den Werbetreibenden selbst bereitgestellt, und die Autovermietung ist weder f\u00fcr Ungenauigkeiten oder Fehler verantwortlich noch garantiert sie die Zuverl\u00e4ssigkeit oder Qualit\u00e4t der Produkte oder Dienstleistungen der Werbetreibenden.<\/p>\n<p>Sie \u00fcbernimmt auch keine Gew\u00e4hr f\u00fcr die technische Verf\u00fcgbarkeit, Genauigkeit, Wahrhaftigkeit, G\u00fcltigkeit oder Rechtm\u00e4\u00dfigkeit von Websites, die nicht ihr geh\u00f6ren und \u00fcber Links aufgerufen werden k\u00f6nnen.<\/p>\n<p>Die Autovermietung \u00fcberpr\u00fcft oder kontrolliert nicht den Inhalt anderer Websites und genehmigt oder unterst\u00fctzt auch nicht die Produkte, Dienstleistungen, Inhalte, Dateien oder andere Materialien, die auf diesen verlinkten Websites vorhanden sind.<\/p>\n<p>Die Autovermietung \u00fcbernimmt keine Haftung f\u00fcr Sch\u00e4den, die durch den Zugriff auf, die Nutzung von oder das Vertrauen auf Inhalte, Mitteilungen, Meinungen, Produkte und Dienstleistungen von Websites Dritter entstehen, die mit dieser Website verlinkt sind.<\/p>\n<p>Jeder Nutzer oder Dritte, der einen Hyperlink von einer anderen Website zur Website des Autovermieters einrichten m\u00f6chte, muss Folgendes beachten:<\/p>\n<ul>\n<li>Die vollst\u00e4ndige oder teilweise Vervielf\u00e4ltigung der Inhalte und\/oder Dienste der Website ist ohne die ausdr\u00fcckliche Genehmigung des Autovermieters nicht gestattet.<\/li>\n<li>Es d\u00fcrfen keine falschen, ungenauen oder unrichtigen Aussagen \u00fcber die Website des Autovermieters oder deren Inhalte und\/oder Dienstleistungen gemacht werden.<\/li>\n<li>Mit Ausnahme des Hyperlinks darf die Website, auf der ein solcher Link eingerichtet wird, keine Elemente der Website enthalten, die durch spanisches Urheberrecht gesch\u00fctzt sind, es sei denn, der Autovermieter hat dies ausdr\u00fccklich genehmigt.<\/li>\n<\/ul>\n<p>Die Einrichtung eines Hyperlinks bedeutet nicht, dass eine Beziehung zwischen dem Autovermieter und dem Eigent\u00fcmer der Website, von der aus der Link gesetzt wurde, besteht, noch dass der Autovermieter die Inhalte, Dienste und\/oder Aktivit\u00e4ten dieser Website kennt und akzeptiert, und umgekehrt.<\/p>\n<h2><b><strong>V. GEISTIGES UND GEWERBLICHES EIGENTUM<\/strong><\/b><\/h2>\n<p>Die Autovermietungsfirma ist als alleinige Inhaberin oder Rechtsnachfolgerin Eigent\u00fcmerin aller geistigen und gewerblichen Eigentumsrechte an der Website und den darin enthaltenen Elementen (einschlie\u00dflich, aber nicht beschr\u00e4nkt auf Bilder, Ton, Audio, Video, Software oder Texte, Marken oder Logos, Farbkombinationen, Struktur und Design, Auswahl der Materialien und Computerprogramme, die f\u00fcr den Betrieb, den Zugang und die Nutzung erforderlich sind, usw.). Diese Werke sind als geistiges Eigentum nach spanischem Recht und den geltenden EU-Rechtsvorschriften sowie den von Spanien unterzeichneten einschl\u00e4gigen internationalen Vertr\u00e4gen gesch\u00fctzt.<\/p>\n<p>Alle Rechte vorbehalten. In \u00dcbereinstimmung mit dem Gesetz \u00fcber geistiges Eigentum ist es ausdr\u00fccklich untersagt, den Inhalt dieser Website ganz oder teilweise f\u00fcr kommerzielle Zwecke auf irgendeinem Medium und mit irgendwelchen technischen Mitteln ohne die Genehmigung des Autovermieters zu vervielf\u00e4ltigen, zu verbreiten oder \u00f6ffentlich wiederzugeben, einschlie\u00dflich der Bereitstellung.<\/p>\n<p>Der Nutzer verpflichtet sich, die geistigen und gewerblichen Eigentumsrechte des Autovermieters zu respektieren. Der Nutzer darf Elemente der Website ausschlie\u00dflich f\u00fcr den pers\u00f6nlichen Gebrauch auf seiner Festplatte oder einem anderen physischen Medium anzeigen, ausdrucken, kopieren und speichern. Der Nutzer darf jedoch keine auf der Website installierten Schutzvorrichtungen oder Sicherheitssysteme entfernen, ver\u00e4ndern oder manipulieren.<\/p>\n<p>Wenn der Nutzer oder ein Dritter der Meinung ist, dass Inhalte der Website Rechte an geistigem Eigentum verletzen, muss er die Autovermietungsfirma unverz\u00fcglich \u00fcber die im Abschnitt \u201eALLGEMEINE INFORMATIONEN\u201d dieser rechtlichen Hinweise und Nutzungsbedingungen angegebenen Kontaktdaten benachrichtigen.<\/p>\n<h2><b><strong>VI. RECHTSWEG, ANWENDBARES RECHT UND GERICHTSSTAND<\/strong><\/b><\/h2>\n<p>Die Autovermietung beh\u00e4lt sich das Recht vor, zivil- oder strafrechtliche Schritte einzuleiten, die sie f\u00fcr notwendig erachtet, um den Missbrauch der Website und ihrer Inhalte oder die Verletzung dieser Bedingungen zu ahnden.<\/p>\n<p>Die Beziehung zwischen dem Nutzer und dem Autovermieter unterliegt den geltenden Gesetzen in Spanien. Alle Streitigkeiten \u00fcber die Auslegung und\/oder Anwendung dieser Bedingungen werden den ordentlichen Gerichten gem\u00e4\u00df den gesetzlichen Bestimmungen vorgelegt.<\/p>\n<p>Dieser rechtliche Hinweis und die Nutzungsbedingungen f\u00fcr die Website wurden am 6. April 2025 erstellt.<\/p>\n\t\t\t\t\t\t\t\t<\/div>\n\t\t\t\t\t<\/div>\n\t\t\t\t<\/div>\n\t\t\t\t<\/div>\n\t\t","protected":false},"excerpt":{"rendered":"<p>Impressum nach spanischem Recht (\u00dcbersetzung) Nur die spanische Version ist rechtswirksam. I. ALLGEMEINE INFORMATIONEN Gem\u00e4\u00df der Informationspflicht nach dem Gesetz 34\/2002 \u00fcber Dienste der Informationsgesellschaft und elektronischen Gesch\u00e4ftsverkehr (LSSI-CE) vom 11. Juli, hier die allgemeinen Infos zu dieser Website: Die Website https:\/\/rentiago.com (im Folgenden \u201edie Website\u201d) geh\u00f6rt: Rentiago Rent a Car S.L., mit der Steuernummer [&hellip;]<\/p>\n","protected":false},"author":1,"featured_media":0,"parent":0,"menu_order":0,"comment_status":"closed","ping_status":"closed","template":"elementor_header_footer","meta":{"footnotes":""},"class_list":["post-4879","page","type-page","status-publish","hentry"],"_links":{"self":[{"href":"https:\/\/rentiago.com\/de\/wp-json\/wp\/v2\/pages\/4879","targetHints":{"allow":["GET"]}}],"collection":[{"href":"https:\/\/rentiago.com\/de\/wp-json\/wp\/v2\/pages"}],"about":[{"href":"https:\/\/rentiago.com\/de\/wp-json\/wp\/v2\/types\/page"}],"author":[{"embeddable":true,"href":"https:\/\/rentiago.com\/de\/wp-json\/wp\/v2\/users\/1"}],"replies":[{"embeddable":true,"href":"https:\/\/rentiago.com\/de\/wp-json\/wp\/v2\/comments?post=4879"}],"version-history":[{"count":0,"href":"https:\/\/rentiago.com\/de\/wp-json\/wp\/v2\/pages\/4879\/revisions"}],"wp:attachment":[{"href":"https:\/\/rentiago.com\/de\/wp-json\/wp\/v2\/media?parent=4879"}],"curies":[{"name":"wp","href":"https:\/\/api.w.org\/{rel}","templated":true}]}}