{"id":9867,"date":"2026-01-15T21:54:46","date_gmt":"2026-01-15T20:54:46","guid":{"rendered":"https:\/\/rentiago.com\/experten\/"},"modified":"2026-04-09T14:12:34","modified_gmt":"2026-04-09T13:12:34","slug":"experten","status":"publish","type":"page","link":"https:\/\/rentiago.com\/de\/experten\/","title":{"rendered":"Experten"},"content":{"rendered":"\t\t<div data-elementor-type=\"wp-page\" data-elementor-id=\"9867\" class=\"elementor elementor-9867 elementor-9026\" data-elementor-post-type=\"page\">\n\t\t\t\t<nav class=\"elementor-element elementor-element-6f778ae e-flex e-con-boxed e-con e-parent\" data-id=\"6f778ae\" data-element_type=\"container\" data-e-type=\"container\">\n\t\t\t\t\t<div class=\"e-con-inner\">\n\t\t<div class=\"elementor-element elementor-element-dc172fd e-con-full e-flex e-con e-child\" data-id=\"dc172fd\" data-element_type=\"container\" data-e-type=\"container\">\n\t\t\t\t<div class=\"elementor-element elementor-element-3cc8ee4 elementor-widget elementor-widget-text-editor\" data-id=\"3cc8ee4\" data-element_type=\"widget\" data-e-type=\"widget\" data-widget_type=\"text-editor.default\">\n\t\t\t\t\t\t\t\t\t<nav aria-label=\"breadcrumbs\" class=\"rank-math-breadcrumb\"><p><span class=\"last\">Home<\/span><\/p><\/nav>\t\t\t\t\t\t\t\t<\/div>\n\t\t\t\t<\/div>\n\t\t\t\t\t<\/div>\n\t\t\t\t<\/nav>\n\t\t<main class=\"elementor-element elementor-element-f1a2f0d e-flex e-con-boxed e-con e-parent\" data-id=\"f1a2f0d\" data-element_type=\"container\" data-e-type=\"container\">\n\t\t\t\t\t<div class=\"e-con-inner\">\n\t\t<header class=\"elementor-element elementor-element-008d7a8 e-con-full e-flex e-con e-child\" data-id=\"008d7a8\" data-element_type=\"container\" data-e-type=\"container\" data-settings=\"{&quot;background_background&quot;:&quot;classic&quot;}\">\n\t\t<div class=\"elementor-element elementor-element-8a42f41 e-con-full e-flex e-con e-child\" data-id=\"8a42f41\" data-element_type=\"container\" data-e-type=\"container\">\n\t\t\t\t<div class=\"elementor-element elementor-element-4b2ca86 elementor-widget elementor-widget-heading\" data-id=\"4b2ca86\" data-element_type=\"widget\" data-e-type=\"widget\" data-widget_type=\"heading.default\">\n\t\t\t\t\t<h2 class=\"elementor-heading-title elementor-size-default\">Rentiago Experten<\/h2>\t\t\t\t<\/div>\n\t\t\t\t<div class=\"elementor-element elementor-element-c89f3b8 elementor-widget elementor-widget-text-editor\" data-id=\"c89f3b8\" data-element_type=\"widget\" data-e-type=\"widget\" data-widget_type=\"text-editor.default\">\n\t\t\t\t\t\t\t\t\tLokale Autoren und Mobilit\u00e4tsspezialisten teilen praxisnahe, erfahrungsbasierte Guides f\u00fcr Reisen und Autovermietung in Spanien.\t\t\t\t\t\t\t\t<\/div>\n\t\t<div class=\"elementor-element elementor-element-b9c2734 e-con-full e-flex e-con e-child\" data-id=\"b9c2734\" data-element_type=\"container\" data-e-type=\"container\">\n\t\t\t\t<div class=\"elementor-element elementor-element-9911c10 elementor-widget elementor-widget-button\" data-id=\"9911c10\" data-element_type=\"widget\" data-e-type=\"widget\" data-widget_type=\"button.default\">\n\t\t\t\t\t\t\t\t\t\t<a class=\"elementor-button elementor-button-link elementor-size-sm\" href=\"https:\/\/rentiago.com\/de\/blog\/\">\n\t\t\t\t\t\t<span class=\"elementor-button-content-wrapper\">\n\t\t\t\t\t\t\t\t\t<span class=\"elementor-button-text\">Reiseblog entdecken<\/span>\n\t\t\t\t\t<\/span>\n\t\t\t\t\t<\/a>\n\t\t\t\t\t\t\t\t<\/div>\n\t\t\t\t<div class=\"elementor-element elementor-element-a700e1b elementor-widget elementor-widget-button\" data-id=\"a700e1b\" data-element_type=\"widget\" data-e-type=\"widget\" data-widget_type=\"button.default\">\n\t\t\t\t\t\t\t\t\t\t<a class=\"elementor-button elementor-button-link elementor-size-sm\" href=\"https:\/\/rentiago.com\/de\/buchung\/\">\n\t\t\t\t\t\t<span class=\"elementor-button-content-wrapper\">\n\t\t\t\t\t\t\t\t\t<span class=\"elementor-button-text\">Verf\u00fcgbare Autos anzeigen<\/span>\n\t\t\t\t\t<\/span>\n\t\t\t\t\t<\/a>\n\t\t\t\t\t\t\t\t<\/div>\n\t\t\t\t<\/div>\n\t\t\t\t<\/div>\n\t\t\t\t<\/header>\n\t\t<section class=\"elementor-element elementor-element-52acdac e-con-full e-flex e-con e-child\" data-id=\"52acdac\" data-element_type=\"container\" data-e-type=\"container\">\n\t\t<div class=\"elementor-element elementor-element-db54f94 e-con-full e-flex e-con e-child\" data-id=\"db54f94\" data-element_type=\"container\" data-e-type=\"container\">\n\t\t\t\t<div class=\"elementor-element elementor-element-671715c elementor-widget elementor-widget-heading\" data-id=\"671715c\" data-element_type=\"widget\" data-e-type=\"widget\" data-widget_type=\"heading.default\">\n\t\t\t\t\t<h2 class=\"elementor-heading-title elementor-size-default\">Unsere Autoren kennenlernen<\/h2>\t\t\t\t<\/div>\n\t\t\t\t<div class=\"elementor-element elementor-element-e942d4c elementor-widget__width-initial elementor-widget elementor-widget-text-editor\" data-id=\"e942d4c\" data-element_type=\"widget\" data-e-type=\"widget\" data-widget_type=\"text-editor.default\">\n\t\t\t\t\t\t\t\t\tLernen Sie die Menschen hinter Rentiagos Reise-, Mobilit\u00e4ts- und Business-Guides kennen.\t\t\t\t\t\t\t\t<\/div>\n\t\t\t\t<\/div>\n\t\t<div class=\"elementor-element elementor-element-6753bbd e-con-full e-flex e-con e-child\" data-id=\"6753bbd\" data-element_type=\"container\" data-e-type=\"container\">\n\t\t<article class=\"elementor-element elementor-element-e758e4f e-con-full e-flex e-con e-child\" data-id=\"e758e4f\" data-element_type=\"container\" data-e-type=\"container\" data-settings=\"{&quot;background_background&quot;:&quot;classic&quot;}\">\n\t\t<div class=\"elementor-element elementor-element-6dacd8f e-con-full e-flex e-con e-child\" data-id=\"6dacd8f\" data-element_type=\"container\" data-e-type=\"container\">\n\t\t<div class=\"elementor-element elementor-element-f02a302 e-con-full e-flex e-con e-child\" data-id=\"f02a302\" data-element_type=\"container\" data-e-type=\"container\">\n\t\t\t\t<div class=\"elementor-element elementor-element-050f73d elementor-widget elementor-widget-image\" data-id=\"050f73d\" data-element_type=\"widget\" data-e-type=\"widget\" data-widget_type=\"image.default\">\n\t\t\t\t\t\t\t\t\t\t\t\t\t\t\t<img decoding=\"async\" src=\"https:\/\/rentiago.com\/wp-content\/uploads\/elementor\/thumbs\/laura-rentiago-costa-blanca-rhp2e88gj0fto9zw4v8t93h5uj9yo59bi62efj4er4.webp\" title=\"laura-rentiago-costa-blanca\" alt=\"Laura, Costa Blanca travel expert and Rentiago author\" loading=\"lazy\" \/>\t\t\t\t\t\t\t\t\t\t\t\t\t\t\t<\/div>\n\t\t\t\t<\/div>\n\t\t<div class=\"elementor-element elementor-element-02bdfe2 e-con-full e-flex e-con e-child\" data-id=\"02bdfe2\" data-element_type=\"container\" data-e-type=\"container\">\n\t\t\t\t<div class=\"elementor-element elementor-element-1624d5f elementor-widget elementor-widget-heading\" data-id=\"1624d5f\" data-element_type=\"widget\" data-e-type=\"widget\" data-widget_type=\"heading.default\">\n\t\t\t\t\t<h2 class=\"elementor-heading-title elementor-size-default\">Laura<\/h2>\t\t\t\t<\/div>\n\t\t\t\t<div class=\"elementor-element elementor-element-4fc117b elementor-widget elementor-widget-text-editor\" data-id=\"4fc117b\" data-element_type=\"widget\" data-e-type=\"widget\" data-widget_type=\"text-editor.default\">\n\t\t\t\t\t\t\t\t\tReise- &#038; Mobilit\u00e4tsautorin\t\t\t\t\t\t\t\t<\/div>\n\t\t\t\t<\/div>\n\t\t\t\t<\/div>\n\t\t\t\t<div class=\"elementor-element elementor-element-3aeaf68 elementor-widget elementor-widget-text-editor\" data-id=\"3aeaf68\" data-element_type=\"widget\" data-e-type=\"widget\" data-widget_type=\"text-editor.default\">\n\t\t\t\t\t\t\t\t\tMit Sitz an der Costa Blanca schreibt Laura praxisnahe Reiseguides und Roadtrip-Tipps, basierend auf echter lokaler Erfahrung.\t\t\t\t\t\t\t\t<\/div>\n\t\t\t\t<div class=\"elementor-element elementor-element-ccaeb45 elementor-widget elementor-widget-text-editor\" data-id=\"ccaeb45\" data-element_type=\"widget\" data-e-type=\"widget\" data-widget_type=\"text-editor.default\">\n\t\t\t\t\t\t\t\t\t<ul>\r\n \t<li>Reisef\u00fchrer f\u00fcr Spanien<\/li>\r\n \t<li>Roadtrips &amp; Routen<\/li>\r\n \t<li>Lokale Erlebnisse<\/li>\r\n<\/ul>\t\t\t\t\t\t\t\t<\/div>\n\t\t\t\t<div class=\"elementor-element elementor-element-d80b5eb elementor-widget elementor-widget-button\" data-id=\"d80b5eb\" data-element_type=\"widget\" data-e-type=\"widget\" data-widget_type=\"button.default\">\n\t\t\t\t\t\t\t\t\t\t<a class=\"elementor-button elementor-button-link elementor-size-sm\" href=\"https:\/\/rentiago.com\/de\/experten\/laura\/\">\n\t\t\t\t\t\t<span class=\"elementor-button-content-wrapper\">\n\t\t\t\t\t\t\t\t\t<span class=\"elementor-button-text\">Profil anzeigen<\/span>\n\t\t\t\t\t<\/span>\n\t\t\t\t\t<\/a>\n\t\t\t\t\t\t\t\t<\/div>\n\t\t\t\t<\/article>\n\t\t<article class=\"elementor-element elementor-element-3d95854 e-con-full e-flex e-con e-child\" data-id=\"3d95854\" data-element_type=\"container\" data-e-type=\"container\" data-settings=\"{&quot;background_background&quot;:&quot;classic&quot;}\">\n\t\t<div class=\"elementor-element elementor-element-8829c72 e-con-full e-flex e-con e-child\" data-id=\"8829c72\" data-element_type=\"container\" data-e-type=\"container\">\n\t\t<div class=\"elementor-element elementor-element-aa7247b e-con-full e-flex e-con e-child\" data-id=\"aa7247b\" data-element_type=\"container\" data-e-type=\"container\">\n\t\t\t\t<div class=\"elementor-element elementor-element-b010be2 elementor-widget elementor-widget-image\" data-id=\"b010be2\" data-element_type=\"widget\" data-e-type=\"widget\" data-widget_type=\"image.default\">\n\t\t\t\t\t\t\t\t\t\t\t\t\t\t\t<img decoding=\"async\" src=\"https:\/\/rentiago.com\/wp-content\/uploads\/elementor\/thumbs\/Daniel-car-rental-expert-rgovkyc1yq4ob2prn17qxyx28jow3dg4uerxby3z5c.webp\" title=\"Daniel-car-rental-expert\" alt=\"Daniel \u2013 car rental and driving expert in Spain\" loading=\"lazy\" \/>\t\t\t\t\t\t\t\t\t\t\t\t\t\t\t<\/div>\n\t\t\t\t<\/div>\n\t\t<div class=\"elementor-element elementor-element-e8362f9 e-con-full e-flex e-con e-child\" data-id=\"e8362f9\" data-element_type=\"container\" data-e-type=\"container\">\n\t\t\t\t<div class=\"elementor-element elementor-element-d5deba2 elementor-widget elementor-widget-heading\" data-id=\"d5deba2\" data-element_type=\"widget\" data-e-type=\"widget\" data-widget_type=\"heading.default\">\n\t\t\t\t\t<h2 class=\"elementor-heading-title elementor-size-default\">Daniel<\/h2>\t\t\t\t<\/div>\n\t\t\t\t<div class=\"elementor-element elementor-element-39742f8 elementor-widget elementor-widget-text-editor\" data-id=\"39742f8\" data-element_type=\"widget\" data-e-type=\"widget\" data-widget_type=\"text-editor.default\">\n\t\t\t\t\t\t\t\t\tBusiness- &amp; Mobilit\u00e4tsautor\t\t\t\t\t\t\t\t<\/div>\n\t\t\t\t<\/div>\n\t\t\t\t<\/div>\n\t\t\t\t<div class=\"elementor-element elementor-element-5f8fb84 elementor-widget elementor-widget-text-editor\" data-id=\"5f8fb84\" data-element_type=\"widget\" data-e-type=\"widget\" data-widget_type=\"text-editor.default\">\n\t\t\t\t\t\t\t\t\tDaniel schreibt datenbasierte Mobility- und Mietwagen-Guides mit Fokus auf praxisnahe Business-Einblicke und spanische Verkehrsregeln.\t\t\t\t\t\t\t\t<\/div>\n\t\t\t\t<div class=\"elementor-element elementor-element-df96745 elementor-widget elementor-widget-text-editor\" data-id=\"df96745\" data-element_type=\"widget\" data-e-type=\"widget\" data-widget_type=\"text-editor.default\">\n\t\t\t\t\t\t\t\t\t<ul>\r\n \t<li>Mietwagenstrategie<\/li>\r\n \t<li>Verkehrsregeln in Spanien<\/li>\r\n \t<li>Mobilit\u00e4ts-Gesch\u00e4ftsmodelle<\/li>\r\n<\/ul>\t\t\t\t\t\t\t\t<\/div>\n\t\t\t\t<div class=\"elementor-element elementor-element-9835e5c elementor-widget elementor-widget-button\" data-id=\"9835e5c\" data-element_type=\"widget\" data-e-type=\"widget\" data-widget_type=\"button.default\">\n\t\t\t\t\t\t\t\t\t\t<a class=\"elementor-button elementor-button-link elementor-size-sm\" href=\"https:\/\/rentiago.com\/de\/experten\/daniel\/\">\n\t\t\t\t\t\t<span class=\"elementor-button-content-wrapper\">\n\t\t\t\t\t\t\t\t\t<span class=\"elementor-button-text\">Profil anzeigen<\/span>\n\t\t\t\t\t<\/span>\n\t\t\t\t\t<\/a>\n\t\t\t\t\t\t\t\t<\/div>\n\t\t\t\t<\/article>\n\t\t\t\t<\/div>\n\t\t\t\t<\/section>\n\t\t<section class=\"elementor-element elementor-element-1f0a157 e-con-full e-flex e-con e-child\" data-id=\"1f0a157\" data-element_type=\"container\" data-e-type=\"container\" data-settings=\"{&quot;background_background&quot;:&quot;classic&quot;}\">\n\t\t<header class=\"elementor-element elementor-element-59d9a79 e-con-full e-flex e-con e-child\" data-id=\"59d9a79\" data-element_type=\"container\" data-e-type=\"container\">\n\t\t\t\t<div class=\"elementor-element elementor-element-f962714 elementor-widget elementor-widget-text-editor\" data-id=\"f962714\" data-element_type=\"widget\" data-e-type=\"widget\" data-widget_type=\"text-editor.default\">\n\t\t\t\t\t\t\t\t\tUnsere Standards\t\t\t\t\t\t\t\t<\/div>\n\t\t\t\t<div class=\"elementor-element elementor-element-ce49d2d elementor-widget elementor-widget-heading\" data-id=\"ce49d2d\" data-element_type=\"widget\" data-e-type=\"widget\" data-widget_type=\"heading.default\">\n\t\t\t\t\t<h2 class=\"elementor-heading-title elementor-size-default\">Redaktionelle Grunds\u00e4tze<\/h2>\t\t\t\t<\/div>\n\t\t\t\t<div class=\"elementor-element elementor-element-771df7d elementor-widget elementor-widget-text-editor\" data-id=\"771df7d\" data-element_type=\"widget\" data-e-type=\"widget\" data-widget_type=\"text-editor.default\">\n\t\t\t\t\t\t\t\t\tWie wir Rentiago-Guides genau, praxisnah und vertrauensw\u00fcrdig halten.\t\t\t\t\t\t\t\t<\/div>\n\t\t\t\t<\/header>\n\t\t<div class=\"elementor-element elementor-element-0ee3014 e-con-full e-flex e-con e-child\" data-id=\"0ee3014\" data-element_type=\"container\" data-e-type=\"container\">\n\t\t<article class=\"elementor-element elementor-element-86c42c2 e-con-full e-flex e-con e-child\" data-id=\"86c42c2\" data-element_type=\"container\" data-e-type=\"container\" data-settings=\"{&quot;background_background&quot;:&quot;classic&quot;}\">\n\t\t\t\t<div class=\"elementor-element elementor-element-1feb8ed elementor-widget elementor-widget-text-editor\" data-id=\"1feb8ed\" data-element_type=\"widget\" data-e-type=\"widget\" data-widget_type=\"text-editor.default\">\n\t\t\t\t\t\t\t\t\t<p>01.<\/p>\t\t\t\t\t\t\t\t<\/div>\n\t\t\t\t<div class=\"elementor-element elementor-element-82c53eb elementor-widget elementor-widget-heading\" data-id=\"82c53eb\" data-element_type=\"widget\" data-e-type=\"widget\" data-widget_type=\"heading.default\">\n\t\t\t\t\t<h3 class=\"elementor-heading-title elementor-size-default\">Lokale Erfahrung<\/h3>\t\t\t\t<\/div>\n\t\t\t\t<div class=\"elementor-element elementor-element-f68c69a elementor-widget elementor-widget-text-editor\" data-id=\"f68c69a\" data-element_type=\"widget\" data-e-type=\"widget\" data-widget_type=\"text-editor.default\">\n\t\t\t\t\t\t\t\t\tVon Menschen geschrieben, die in Spanien leben und dort selbst fahren.\t\t\t\t\t\t\t\t<\/div>\n\t\t\t\t<\/article>\n\t\t<article class=\"elementor-element elementor-element-10f8458 e-con-full e-flex e-con e-child\" data-id=\"10f8458\" data-element_type=\"container\" data-e-type=\"container\" data-settings=\"{&quot;background_background&quot;:&quot;classic&quot;}\">\n\t\t\t\t<div class=\"elementor-element elementor-element-e6ddddc elementor-widget elementor-widget-text-editor\" data-id=\"e6ddddc\" data-element_type=\"widget\" data-e-type=\"widget\" data-widget_type=\"text-editor.default\">\n\t\t\t\t\t\t\t\t\t<p>02.<\/p>\t\t\t\t\t\t\t\t<\/div>\n\t\t\t\t<div class=\"elementor-element elementor-element-23707b3 elementor-widget elementor-widget-heading\" data-id=\"23707b3\" data-element_type=\"widget\" data-e-type=\"widget\" data-widget_type=\"heading.default\">\n\t\t\t\t\t<h3 class=\"elementor-heading-title elementor-size-default\">Praxisorientierter Fokus<\/h3>\t\t\t\t<\/div>\n\t\t\t\t<div class=\"elementor-element elementor-element-0e81269 elementor-widget elementor-widget-text-editor\" data-id=\"0e81269\" data-element_type=\"widget\" data-e-type=\"widget\" data-widget_type=\"text-editor.default\">\n\t\t\t\t\t\t\t\t\tEchte Routen, reale Kosten, klare Regeln und ehrliche Tipps \u2013 kein generischer Marketing-Unsinn.\t\t\t\t\t\t\t\t<\/div>\n\t\t\t\t<\/article>\n\t\t<article class=\"elementor-element elementor-element-4dd2c8c e-con-full e-flex e-con e-child\" data-id=\"4dd2c8c\" data-element_type=\"container\" data-e-type=\"container\" data-settings=\"{&quot;background_background&quot;:&quot;classic&quot;}\">\n\t\t\t\t<div class=\"elementor-element elementor-element-9403360 elementor-widget elementor-widget-text-editor\" data-id=\"9403360\" data-element_type=\"widget\" data-e-type=\"widget\" data-widget_type=\"text-editor.default\">\n\t\t\t\t\t\t\t\t\t<p>03.<\/p>\t\t\t\t\t\t\t\t<\/div>\n\t\t\t\t<div class=\"elementor-element elementor-element-dc5e1d7 elementor-widget elementor-widget-heading\" data-id=\"dc5e1d7\" data-element_type=\"widget\" data-e-type=\"widget\" data-widget_type=\"heading.default\">\n\t\t\t\t\t<h3 class=\"elementor-heading-title elementor-size-default\">Unabh\u00e4ngige Inhalte<\/h3>\t\t\t\t<\/div>\n\t\t\t\t<div class=\"elementor-element elementor-element-4e1b2ea elementor-widget elementor-widget-text-editor\" data-id=\"4e1b2ea\" data-element_type=\"widget\" data-e-type=\"widget\" data-widget_type=\"text-editor.default\">\n\t\t\t\t\t\t\t\t\tGesponserte Inhalte sind klar gekennzeichnet \u2013 die Redaktion bleibt unabh\u00e4ngig.\t\t\t\t\t\t\t\t<\/div>\n\t\t\t\t<\/article>\n\t\t\t\t<\/div>\n\t\t\t\t<\/section>\n\t\t\t\t\t<\/div>\n\t\t\t\t<\/main>\n\t\t\t\t<\/div>\n\t\t","protected":false},"excerpt":{"rendered":"<p>Rentiago Experten Lokale Autoren und Mobilit\u00e4tsspezialisten teilen praxisnahe, erfahrungsbasierte Guides f\u00fcr Reisen und Autovermietung in Spanien. Reiseblog entdecken Verf\u00fcgbare Autos anzeigen Unsere Autoren kennenlernen Lernen Sie die Menschen hinter Rentiagos Reise-, Mobilit\u00e4ts- und Business-Guides kennen. Laura Reise- &amp; Mobilit\u00e4tsautorinMit Sitz an der Costa Blanca schreibt Laura praxisnahe Reiseguides und Roadtrip-Tipps, basierend auf echter lokaler Erfahrung. [&hellip;]<\/p>\n","protected":false},"author":2,"featured_media":0,"parent":0,"menu_order":0,"comment_status":"closed","ping_status":"closed","template":"elementor_header_footer","meta":{"footnotes":""},"class_list":["post-9867","page","type-page","status-publish","hentry"],"_links":{"self":[{"href":"https:\/\/rentiago.com\/de\/wp-json\/wp\/v2\/pages\/9867","targetHints":{"allow":["GET"]}}],"collection":[{"href":"https:\/\/rentiago.com\/de\/wp-json\/wp\/v2\/pages"}],"about":[{"href":"https:\/\/rentiago.com\/de\/wp-json\/wp\/v2\/types\/page"}],"author":[{"embeddable":true,"href":"https:\/\/rentiago.com\/de\/wp-json\/wp\/v2\/users\/2"}],"replies":[{"embeddable":true,"href":"https:\/\/rentiago.com\/de\/wp-json\/wp\/v2\/comments?post=9867"}],"version-history":[{"count":0,"href":"https:\/\/rentiago.com\/de\/wp-json\/wp\/v2\/pages\/9867\/revisions"}],"wp:attachment":[{"href":"https:\/\/rentiago.com\/de\/wp-json\/wp\/v2\/media?parent=9867"}],"curies":[{"name":"wp","href":"https:\/\/api.w.org\/{rel}","templated":true}]}}