{"id":9869,"date":"2025-12-27T19:44:09","date_gmt":"2025-12-27T18:44:09","guid":{"rendered":"https:\/\/rentiago.com\/experten\/laura\/"},"modified":"2026-02-03T11:49:37","modified_gmt":"2026-02-03T10:49:37","slug":"laura","status":"publish","type":"page","link":"https:\/\/rentiago.com\/de\/experten\/laura\/","title":{"rendered":"Laura"},"content":{"rendered":"\t\t<div data-elementor-type=\"wp-page\" data-elementor-id=\"9869\" class=\"elementor elementor-9869 elementor-7297\" data-elementor-post-type=\"page\">\n\t\t\t\t<div class=\"elementor-element elementor-element-e4bda24 e-con-full e-flex e-con e-parent\" data-id=\"e4bda24\" data-element_type=\"container\" data-e-type=\"container\">\n\t\t<div class=\"elementor-element elementor-element-cf35288 e-flex e-con-boxed e-con e-child\" data-id=\"cf35288\" data-element_type=\"container\" data-e-type=\"container\">\n\t\t\t\t\t<div class=\"e-con-inner\">\n\t\t\t\t<div class=\"elementor-element elementor-element-274d05d elementor-widget elementor-widget-text-editor\" data-id=\"274d05d\" data-element_type=\"widget\" data-e-type=\"widget\" data-widget_type=\"text-editor.default\">\n\t\t\t\t\t\t\t\t\t<nav aria-label=\"breadcrumbs\" class=\"rank-math-breadcrumb\"><p><span class=\"last\">Home<\/span><\/p><\/nav>\n\t\t\t\t\t\t\t\t<\/div>\n\t\t\t\t\t<\/div>\n\t\t\t\t<\/div>\n\t\t\t\t<\/div>\n\t\t<main class=\"elementor-element elementor-element-7064118 e-flex e-con-boxed e-con e-parent\" data-id=\"7064118\" data-element_type=\"container\" data-e-type=\"container\">\n\t\t\t\t\t<div class=\"e-con-inner\">\n\t\t<article class=\"elementor-element elementor-element-bd3c58e e-con-full e-flex e-con e-child\" data-id=\"bd3c58e\" data-element_type=\"container\" data-e-type=\"container\">\n\t\t<header class=\"elementor-element elementor-element-12e5787 e-con-full e-flex e-con e-child\" data-id=\"12e5787\" data-element_type=\"container\" data-e-type=\"container\">\n\t\t<div class=\"elementor-element elementor-element-08e616c e-con-full e-flex e-con e-child\" data-id=\"08e616c\" data-element_type=\"container\" data-e-type=\"container\">\n\t\t\t\t<div class=\"elementor-element elementor-element-b587b52 elementor-widget elementor-widget-image\" data-id=\"b587b52\" data-element_type=\"widget\" data-e-type=\"widget\" data-widget_type=\"image.default\">\n\t\t\t\t\t\t\t\t\t\t\t\t\t\t\t<img fetchpriority=\"high\" decoding=\"async\" width=\"800\" height=\"800\" src=\"https:\/\/rentiago.com\/wp-content\/uploads\/2026\/01\/laura-rentiago-costa-blanca.webp\" class=\"attachment-large size-large wp-image-8964\" alt=\"Laura, Costa Blanca travel expert and Rentiago author\" srcset=\"https:\/\/rentiago.com\/wp-content\/uploads\/2026\/01\/laura-rentiago-costa-blanca.webp 800w, https:\/\/rentiago.com\/wp-content\/uploads\/2026\/01\/laura-rentiago-costa-blanca-300x300.webp 300w, https:\/\/rentiago.com\/wp-content\/uploads\/2026\/01\/laura-rentiago-costa-blanca-150x150.webp 150w, https:\/\/rentiago.com\/wp-content\/uploads\/2026\/01\/laura-rentiago-costa-blanca-768x768.webp 768w\" sizes=\"(max-width: 800px) 100vw, 800px\" \/>\t\t\t\t\t\t\t\t\t\t\t\t\t\t\t<\/div>\n\t\t\t\t<\/div>\n\t\t<div class=\"elementor-element elementor-element-3937ccb e-con-full e-flex e-con e-child\" data-id=\"3937ccb\" data-element_type=\"container\" data-e-type=\"container\">\n\t\t\t\t<div class=\"elementor-element elementor-element-5bb2811 elementor-widget elementor-widget-text-editor\" data-id=\"5bb2811\" data-element_type=\"widget\" data-e-type=\"widget\" data-widget_type=\"text-editor.default\">\n\t\t\t\t\t\t\t\t\t<p>Autorin im Rentiago Blog<\/p>\n\t\t\t\t\t\t\t\t<\/div>\n\t\t\t\t<div class=\"elementor-element elementor-element-7516cd0 elementor-widget elementor-widget-heading\" data-id=\"7516cd0\" data-element_type=\"widget\" data-e-type=\"widget\" data-widget_type=\"heading.default\">\n\t\t\t\t\t<h1 class=\"elementor-heading-title elementor-size-default\">Laura<\/h1>\t\t\t\t<\/div>\n\t\t\t\t<div class=\"elementor-element elementor-element-89ead07 elementor-widget elementor-widget-text-editor\" data-id=\"89ead07\" data-element_type=\"widget\" data-e-type=\"widget\" data-widget_type=\"text-editor.default\">\n\t\t\t\t\t\t\t\t\t<p>Reise- &amp; Lifestyle-Autorin<\/p>\n\t\t\t\t\t\t\t\t<\/div>\n\t\t\t\t<div class=\"elementor-element elementor-element-901382e elementor-widget elementor-widget-text-editor\" data-id=\"901382e\" data-element_type=\"widget\" data-e-type=\"widget\" data-widget_type=\"text-editor.default\">\n\t\t\t\t\t\t\t\t\t<p>Laura ist eine an der Costa Blanca ans\u00e4ssige Reise- und Lifestyle-Autorin und lebt seit \u00fcber f\u00fcnf Jahren in Spanien. Ihr Fokus liegt auf authentischen Reiseerlebnissen, K\u00fcstenregionen und dem allt\u00e4glichen lokalen Leben in der gesamten Region.<\/p>\n\t\t\t\t\t\t\t\t<\/div>\n\t\t<div class=\"elementor-element elementor-element-c4bf95f e-con-full e-flex e-con e-child\" data-id=\"c4bf95f\" data-element_type=\"container\" data-e-type=\"container\">\n\t\t\t\t<div class=\"elementor-element elementor-element-b5b6da3 elementor-widget elementor-widget-button\" data-id=\"b5b6da3\" data-element_type=\"widget\" data-e-type=\"widget\" data-widget_type=\"button.default\">\n\t\t\t\t\t\t\t\t\t\t<a class=\"elementor-button elementor-button-link elementor-size-sm\" href=\"#artikel\">\n\t\t\t\t\t\t<span class=\"elementor-button-content-wrapper\">\n\t\t\t\t\t\t\t\t\t<span class=\"elementor-button-text\">Artikel anzeigen<\/span>\n\t\t\t\t\t<\/span>\n\t\t\t\t\t<\/a>\n\t\t\t\t\t\t\t\t<\/div>\n\t\t\t\t<div class=\"elementor-element elementor-element-f686ee3 elementor-widget elementor-widget-button\" data-id=\"f686ee3\" data-element_type=\"widget\" data-e-type=\"widget\" data-widget_type=\"button.default\">\n\t\t\t\t\t\t\t\t\t\t<a class=\"elementor-button elementor-button-link elementor-size-sm\" href=\"#uber-laura\">\n\t\t\t\t\t\t<span class=\"elementor-button-content-wrapper\">\n\t\t\t\t\t\t\t\t\t<span class=\"elementor-button-text\">\u00dcber die Autorin<\/span>\n\t\t\t\t\t<\/span>\n\t\t\t\t\t<\/a>\n\t\t\t\t\t\t\t\t<\/div>\n\t\t\t\t<div class=\"elementor-element elementor-element-1f77ab7 elementor-widget elementor-widget-button\" data-id=\"1f77ab7\" data-element_type=\"widget\" data-e-type=\"widget\" data-widget_type=\"button.default\">\n\t\t\t\t\t\t\t\t\t\t<a class=\"elementor-button elementor-button-link elementor-size-sm\" href=\"#fachkompetenz\">\n\t\t\t\t\t\t<span class=\"elementor-button-content-wrapper\">\n\t\t\t\t\t\t\t\t\t<span class=\"elementor-button-text\">Fachkompetenz<\/span>\n\t\t\t\t\t<\/span>\n\t\t\t\t\t<\/a>\n\t\t\t\t\t\t\t\t<\/div>\n\t\t\t\t<\/div>\n\t\t\t\t<\/div>\n\t\t\t\t<\/header>\n\t\t\t\t<div class=\"elementor-element elementor-element-c5b6c01 elementor-widget-divider--view-line elementor-widget elementor-widget-divider\" data-id=\"c5b6c01\" data-element_type=\"widget\" data-e-type=\"widget\" data-widget_type=\"divider.default\">\n\t\t\t\t\t\t\t<div class=\"elementor-divider\">\n\t\t\t<span class=\"elementor-divider-separator\">\n\t\t\t\t\t\t<\/span>\n\t\t<\/div>\n\t\t\t\t\t\t<\/div>\n\t\t<div class=\"elementor-element elementor-element-5c9b639 e-con-full e-flex e-con e-child\" data-id=\"5c9b639\" data-element_type=\"container\" data-e-type=\"container\" data-settings=\"{&quot;background_background&quot;:&quot;gradient&quot;}\">\n\t\t<div class=\"elementor-element elementor-element-8e9f57a e-con-full e-flex e-con e-child\" data-id=\"8e9f57a\" data-element_type=\"container\" data-e-type=\"container\">\n\t\t\t\t<div class=\"elementor-element elementor-element-029f055 elementor-widget elementor-widget-text-editor\" data-id=\"029f055\" data-element_type=\"widget\" data-e-type=\"widget\" data-widget_type=\"text-editor.default\">\n\t\t\t\t\t\t\t\t\t<p>\ud83d\udd34 Teil des Rentiago Reiseblogs<\/p>\n\t\t\t\t\t\t\t\t<\/div>\n\t\t\t\t<\/div>\n\t\t\t\t<div class=\"elementor-element elementor-element-a1bda44 elementor-widget elementor-widget-text-editor\" data-id=\"a1bda44\" data-element_type=\"widget\" data-e-type=\"widget\" data-widget_type=\"text-editor.default\">\n\t\t\t\t\t\t\t\t\t<p>Praxisnahe Guides, lokale Tipps &amp; Einblicke zur Autovermietung in Spanien.<\/p>\n\t\t\t\t\t\t\t\t<\/div>\n\t\t\t\t<\/div>\n\t\t<section class=\"elementor-element elementor-element-b88b970 e-con-full e-flex e-con e-child\" data-id=\"b88b970\" data-element_type=\"container\" data-e-type=\"container\">\n\t\t<div class=\"elementor-element elementor-element-fae7a8b e-con-full e-flex e-con e-child\" data-id=\"fae7a8b\" data-element_type=\"container\" data-e-type=\"container\" data-settings=\"{&quot;background_background&quot;:&quot;classic&quot;}\">\n\t\t\t\t<div class=\"elementor-element elementor-element-9f1eae0 elementor-widget elementor-widget-menu-anchor\" data-id=\"9f1eae0\" data-element_type=\"widget\" data-e-type=\"widget\" data-widget_type=\"menu-anchor.default\">\n\t\t\t\t\t\t\t<div class=\"elementor-menu-anchor\" id=\"uber-laura\"><\/div>\n\t\t\t\t\t\t<\/div>\n\t\t\t\t<div class=\"elementor-element elementor-element-0020591 elementor-widget elementor-widget-heading\" data-id=\"0020591\" data-element_type=\"widget\" data-e-type=\"widget\" data-widget_type=\"heading.default\">\n\t\t\t\t\t<h2 class=\"elementor-heading-title elementor-size-default\">Laura<\/h2>\t\t\t\t<\/div>\n\t\t\t\t<div class=\"elementor-element elementor-element-61d1b53 elementor-widget elementor-widget-text-editor\" data-id=\"61d1b53\" data-element_type=\"widget\" data-e-type=\"widget\" data-widget_type=\"text-editor.default\">\n\t\t\t\t\t\t\t\t\t<p>Laura ist eine an der Costa Blanca ans\u00e4ssige Reise- und Mobilit\u00e4tsautorin und lebt und arbeitet seit \u00fcber f\u00fcnf Jahren in Spanien. In dieser Zeit hat sie die Region intensiv erkundet \u2013 von den belebten Stra\u00dfen Alicantes und Benidorms bis hin zu ruhigeren K\u00fcstenorten und kleinen Inlandd\u00f6rfern, die die meisten Touristen nie entdecken.<\/p>\n<p>Ihr Schreiben konzentriert sich auf echte, praxisnahe Reiseerfahrungen. Laura ist darauf spezialisiert, Reisenden zu helfen, sich an der Costa Blanca effizient fortzubewegen \u2013 sei es bei der Wahl des richtigen Mietwagens, der Planung landschaftlich sch\u00f6ner Roadtrips oder beim Finden der schnellsten und zuverl\u00e4ssigsten Routen zwischen verschiedenen Reisezielen. Alle ihre Guides basieren auf eigener Erfahrung und nicht auf allgemeinen Reisebrosch\u00fcren oder touristischem Marketing.<\/p>\n<p>Als Autorin im Rentiago Reiseblog arbeitet Laura eng mit lokalen Mobilit\u00e4tsexperten und Mietwagen-Spezialisten zusammen, um sicherzustellen, dass Leser aktuelle und verl\u00e4ssliche Informationen erhalten. Sie testet regelm\u00e4\u00dfig Abholstationen, vergleicht Routen und analysiert Reisegewohnheiten, damit Besucher typische Fehler vermeiden und ihre Reise entspannt genie\u00dfen k\u00f6nnen.<\/p>\n<p>Besonders am Herzen liegt Laura das unabh\u00e4ngige Reisen \u2013 die Freiheit, Str\u00e4nde, Aussichtspunkte, kleine Orte und versteckte Pl\u00e4tze im eigenen Tempo zu entdecken. Ihr Ziel ist es, Reisenden zu helfen, Spanien so zu erleben wie Einheimische: flexibel, komfortabel und mit einer gut geplanten Route.<\/p>\n\t\t\t\t\t\t\t\t<\/div>\n\t\t<div class=\"elementor-element elementor-element-c99ebae e-con-full e-flex e-con e-child\" data-id=\"c99ebae\" data-element_type=\"container\" data-e-type=\"container\">\n\t\t<div class=\"elementor-element elementor-element-06174c5 e-con-full e-flex e-con e-child\" data-id=\"06174c5\" data-element_type=\"container\" data-e-type=\"container\" data-settings=\"{&quot;background_background&quot;:&quot;classic&quot;}\">\n\t\t\t\t<div class=\"elementor-element elementor-element-b273f63 elementor-widget elementor-widget-text-editor\" data-id=\"b273f63\" data-element_type=\"widget\" data-e-type=\"widget\" data-widget_type=\"text-editor.default\">\n\t\t\t\t\t\t\t\t\t<p>Ans\u00e4ssig in<\/p>\n\t\t\t\t\t\t\t\t<\/div>\n\t\t\t\t<div class=\"elementor-element elementor-element-d5a5468 elementor-widget elementor-widget-text-editor\" data-id=\"d5a5468\" data-element_type=\"widget\" data-e-type=\"widget\" data-widget_type=\"text-editor.default\">\n\t\t\t\t\t\t\t\t\t<p>Spanien<\/p>\n\t\t\t\t\t\t\t\t<\/div>\n\t\t\t\t<\/div>\n\t\t<div class=\"elementor-element elementor-element-44bebdd e-con-full e-flex e-con e-child\" data-id=\"44bebdd\" data-element_type=\"container\" data-e-type=\"container\" data-settings=\"{&quot;background_background&quot;:&quot;classic&quot;}\">\n\t\t\t\t<div class=\"elementor-element elementor-element-b370ff1 elementor-widget elementor-widget-text-editor\" data-id=\"b370ff1\" data-element_type=\"widget\" data-e-type=\"widget\" data-widget_type=\"text-editor.default\">\n\t\t\t\t\t\t\t\t\t<p>THEMEN<\/p>\n\t\t\t\t\t\t\t\t<\/div>\n\t\t\t\t<div class=\"elementor-element elementor-element-62df959 elementor-widget elementor-widget-text-editor\" data-id=\"62df959\" data-element_type=\"widget\" data-e-type=\"widget\" data-widget_type=\"text-editor.default\">\n\t\t\t\t\t\t\t\t\t<p>Reisen &amp; Lifestyle<\/p>\n\t\t\t\t\t\t\t\t<\/div>\n\t\t\t\t<\/div>\n\t\t<div class=\"elementor-element elementor-element-644bcf4 e-con-full e-flex e-con e-child\" data-id=\"644bcf4\" data-element_type=\"container\" data-e-type=\"container\" data-settings=\"{&quot;background_background&quot;:&quot;classic&quot;}\">\n\t\t\t\t<div class=\"elementor-element elementor-element-e9527df elementor-widget elementor-widget-text-editor\" data-id=\"e9527df\" data-element_type=\"widget\" data-e-type=\"widget\" data-widget_type=\"text-editor.default\">\n\t\t\t\t\t\t\t\t\t<p>Stil<\/p>\n\t\t\t\t\t\t\t\t<\/div>\n\t\t\t\t<div class=\"elementor-element elementor-element-3f177c3 elementor-widget elementor-widget-text-editor\" data-id=\"3f177c3\" data-element_type=\"widget\" data-e-type=\"widget\" data-widget_type=\"text-editor.default\">\n\t\t\t\t\t\t\t\t\t<p>Lokal &amp; praxisnah<\/p>\n\t\t\t\t\t\t\t\t<\/div>\n\t\t\t\t<\/div>\n\t\t\t\t<\/div>\n\t\t\t\t<\/div>\n\t\t<div class=\"elementor-element elementor-element-5a830f5 e-con-full e-flex e-con e-child\" data-id=\"5a830f5\" data-element_type=\"container\" data-e-type=\"container\">\n\t\t\t\t<div class=\"elementor-element elementor-element-48068dc elementor-widget elementor-widget-menu-anchor\" data-id=\"48068dc\" data-element_type=\"widget\" data-e-type=\"widget\" data-widget_type=\"menu-anchor.default\">\n\t\t\t\t\t\t\t<div class=\"elementor-menu-anchor\" id=\"fachkompetenz\"><\/div>\n\t\t\t\t\t\t<\/div>\n\t\t\t\t<div class=\"elementor-element elementor-element-1d75b18 elementor-widget elementor-widget-heading\" data-id=\"1d75b18\" data-element_type=\"widget\" data-e-type=\"widget\" data-widget_type=\"heading.default\">\n\t\t\t\t\t<h2 class=\"elementor-heading-title elementor-size-default\">Fachgebiete<\/h2>\t\t\t\t<\/div>\n\t\t<div class=\"elementor-element elementor-element-b2a804c e-con-full e-flex e-con e-child\" data-id=\"b2a804c\" data-element_type=\"container\" data-e-type=\"container\" data-settings=\"{&quot;background_background&quot;:&quot;classic&quot;}\">\n\t\t\t\t<div class=\"elementor-element elementor-element-5609ba0 elementor-widget elementor-widget-heading\" data-id=\"5609ba0\" data-element_type=\"widget\" data-e-type=\"widget\" data-widget_type=\"heading.default\">\n\t\t\t\t\t<h3 class=\"elementor-heading-title elementor-size-default\">Reiseguides f\u00fcr Spanien<\/h3>\t\t\t\t<\/div>\n\t\t\t\t<div class=\"elementor-element elementor-element-cc5ce5e elementor-widget elementor-widget-text-editor\" data-id=\"cc5ce5e\" data-element_type=\"widget\" data-e-type=\"widget\" data-widget_type=\"text-editor.default\">\n\t\t\t\t\t\t\t\t\t<p>Stadtrouten, lokale Viertel, praxisnahe Planungstipps.<\/p>\n\t\t\t\t\t\t\t\t<\/div>\n\t\t\t\t<\/div>\n\t\t<div class=\"elementor-element elementor-element-759cfd1 e-con-full e-flex e-con e-child\" data-id=\"759cfd1\" data-element_type=\"container\" data-e-type=\"container\" data-settings=\"{&quot;background_background&quot;:&quot;classic&quot;}\">\n\t\t\t\t<div class=\"elementor-element elementor-element-dddf82c elementor-widget elementor-widget-heading\" data-id=\"dddf82c\" data-element_type=\"widget\" data-e-type=\"widget\" data-widget_type=\"heading.default\">\n\t\t\t\t\t<h3 class=\"elementor-heading-title elementor-size-default\">Str\u00e4nde &amp; K\u00fcstenleben<\/h3>\t\t\t\t<\/div>\n\t\t\t\t<div class=\"elementor-element elementor-element-f1f61b6 elementor-widget elementor-widget-text-editor\" data-id=\"f1f61b6\" data-element_type=\"widget\" data-e-type=\"widget\" data-widget_type=\"text-editor.default\">\n\t\t\t\t\t\t\t\t\t<p>Stadtrouten, lokale Viertel, praxisnahe Planungstipps.<\/p>\n\t\t\t\t\t\t\t\t<\/div>\n\t\t\t\t<\/div>\n\t\t<div class=\"elementor-element elementor-element-6f8300a e-con-full e-flex e-con e-child\" data-id=\"6f8300a\" data-element_type=\"container\" data-e-type=\"container\" data-settings=\"{&quot;background_background&quot;:&quot;classic&quot;}\">\n\t\t\t\t<div class=\"elementor-element elementor-element-2942144 elementor-widget elementor-widget-heading\" data-id=\"2942144\" data-element_type=\"widget\" data-e-type=\"widget\" data-widget_type=\"heading.default\">\n\t\t\t\t\t<h3 class=\"elementor-heading-title elementor-size-default\">Lokale Erlebnisse<\/h3>\t\t\t\t<\/div>\n\t\t\t\t<div class=\"elementor-element elementor-element-90e8c07 elementor-widget elementor-widget-text-editor\" data-id=\"90e8c07\" data-element_type=\"widget\" data-e-type=\"widget\" data-widget_type=\"text-editor.default\">\n\t\t\t\t\t\t\t\t\t<p>Wo Einheimische hingehen, was man probieren sollte und wie man Spanien langsamer genie\u00dfen kann.<\/p>\n\t\t\t\t\t\t\t\t<\/div>\n\t\t\t\t<\/div>\n\t\t\t\t<\/div>\n\t\t\t\t<\/section>\n\t\t<section class=\"elementor-element elementor-element-eba146a e-con-full e-flex e-con e-child\" data-id=\"eba146a\" data-element_type=\"container\" data-e-type=\"container\" data-settings=\"{&quot;background_background&quot;:&quot;classic&quot;}\">\n\t\t\t\t<div class=\"elementor-element elementor-element-15f80d8 elementor-widget elementor-widget-menu-anchor\" data-id=\"15f80d8\" data-element_type=\"widget\" data-e-type=\"widget\" data-widget_type=\"menu-anchor.default\">\n\t\t\t\t\t\t\t<div class=\"elementor-menu-anchor\" id=\"artikel\"><\/div>\n\t\t\t\t\t\t<\/div>\n\t\t\t\t<div class=\"elementor-element elementor-element-1b2005d elementor-widget elementor-widget-heading\" data-id=\"1b2005d\" data-element_type=\"widget\" data-e-type=\"widget\" data-widget_type=\"heading.default\">\n\t\t\t\t\t<h2 class=\"elementor-heading-title elementor-size-default\">Artikel von Laura<\/h2>\t\t\t\t<\/div>\n\t\t\t\t<div class=\"elementor-element elementor-element-d4cb7de elementor-widget elementor-widget-text-editor\" data-id=\"d4cb7de\" data-element_type=\"widget\" data-e-type=\"widget\" data-widget_type=\"text-editor.default\">\n\t\t\t\t\t\t\t\t\tAlle Artikel von Laura im Rentiago Reiseblog.\t\t\t\t\t\t\t\t<\/div>\n\t\t\t\t<\/section>\n\t\t<div class=\"elementor-element elementor-element-e57c9c9 e-con-full e-flex e-con e-child\" data-id=\"e57c9c9\" data-element_type=\"container\" data-e-type=\"container\" data-settings=\"{&quot;background_background&quot;:&quot;classic&quot;}\">\n\t\t<div class=\"elementor-element elementor-element-f906b33 e-con-full e-flex e-con e-child\" data-id=\"f906b33\" data-element_type=\"container\" data-e-type=\"container\">\n\t\t\t\t<div class=\"elementor-element elementor-element-c393b6f elementor-widget elementor-widget-heading\" data-id=\"c393b6f\" data-element_type=\"widget\" data-e-type=\"widget\" data-widget_type=\"heading.default\">\n\t\t\t\t\t<h2 class=\"elementor-heading-title elementor-size-default\">ENTDECKEN SIE SPANIEN MIT VERTRAUEN<\/h2>\t\t\t\t<\/div>\n\t\t\t\t<div class=\"elementor-element elementor-element-28c0ef5 elementor-widget elementor-widget-text-editor\" data-id=\"28c0ef5\" data-element_type=\"widget\" data-e-type=\"widget\" data-widget_type=\"text-editor.default\">\n\t\t\t\t\t\t\t\t\t<p>Entdecken Sie weitere Guides im Rentiago Reiseblog<\/p>\n\t\t\t\t\t\t\t\t<\/div>\n\t\t\t\t<div class=\"elementor-element elementor-element-ea4c518 elementor-widget elementor-widget-text-editor\" data-id=\"ea4c518\" data-element_type=\"widget\" data-e-type=\"widget\" data-widget_type=\"text-editor.default\">\n\t\t\t\t\t\t\t\t\t<p>Praktische Reisetipps, lokale Empfehlungen und Einblicke zur Autovermietung.<\/p>\n\t\t\t\t\t\t\t\t<\/div>\n\t\t\t\t<\/div>\n\t\t<div class=\"elementor-element elementor-element-e9f1601 e-con-full e-flex e-con e-child\" data-id=\"e9f1601\" data-element_type=\"container\" data-e-type=\"container\">\n\t\t\t\t<div class=\"elementor-element elementor-element-41066a3 elementor-widget elementor-widget-button\" data-id=\"41066a3\" data-element_type=\"widget\" data-e-type=\"widget\" data-widget_type=\"button.default\">\n\t\t\t\t\t\t\t\t\t\t<a class=\"elementor-button elementor-button-link elementor-size-sm\" href=\"https:\/\/rentiago.com\/de\/blog\/\">\n\t\t\t\t\t\t<span class=\"elementor-button-content-wrapper\">\n\t\t\t\t\t\t<span class=\"elementor-button-icon\">\n\t\t\t\t<svg aria-hidden=\"true\" class=\"e-font-icon-svg e-fas-arrow-right\" viewBox=\"0 0 448 512\" xmlns=\"http:\/\/www.w3.org\/2000\/svg\"><path d=\"M190.5 66.9l22.2-22.2c9.4-9.4 24.6-9.4 33.9 0L441 239c9.4 9.4 9.4 24.6 0 33.9L246.6 467.3c-9.4 9.4-24.6 9.4-33.9 0l-22.2-22.2c-9.5-9.5-9.3-25 .4-34.3L311.4 296H24c-13.3 0-24-10.7-24-24v-32c0-13.3 10.7-24 24-24h287.4L190.9 101.2c-9.8-9.3-10-24.8-.4-34.3z\"><\/path><\/svg>\t\t\t<\/span>\n\t\t\t\t\t\t\t\t\t<span class=\"elementor-button-text\">Blog besuchen<\/span>\n\t\t\t\t\t<\/span>\n\t\t\t\t\t<\/a>\n\t\t\t\t\t\t\t\t<\/div>\n\t\t\t\t<\/div>\n\t\t\t\t<\/div>\n\t\t\t\t<\/article>\n\t\t\t\t\t<\/div>\n\t\t\t\t<\/main>\n\t\t\t\t<\/div>\n\t\t","protected":false},"excerpt":{"rendered":"<p>Autorin im Rentiago Blog Laura Reise- &amp; Lifestyle-Autorin Laura ist eine an der Costa Blanca ans\u00e4ssige Reise- und Lifestyle-Autorin und lebt seit \u00fcber f\u00fcnf Jahren in Spanien. Ihr Fokus liegt auf authentischen Reiseerlebnissen, K\u00fcstenregionen und dem allt\u00e4glichen lokalen Leben in der gesamten Region. Artikel anzeigen \u00dcber die Autorin Fachkompetenz \ud83d\udd34 Teil des Rentiago Reiseblogs Praxisnahe [&hellip;]<\/p>\n","protected":false},"author":2,"featured_media":1193,"parent":9867,"menu_order":0,"comment_status":"closed","ping_status":"closed","template":"elementor_header_footer","meta":{"footnotes":""},"class_list":["post-9869","page","type-page","status-publish","has-post-thumbnail","hentry"],"_links":{"self":[{"href":"https:\/\/rentiago.com\/de\/wp-json\/wp\/v2\/pages\/9869","targetHints":{"allow":["GET"]}}],"collection":[{"href":"https:\/\/rentiago.com\/de\/wp-json\/wp\/v2\/pages"}],"about":[{"href":"https:\/\/rentiago.com\/de\/wp-json\/wp\/v2\/types\/page"}],"author":[{"embeddable":true,"href":"https:\/\/rentiago.com\/de\/wp-json\/wp\/v2\/users\/2"}],"replies":[{"embeddable":true,"href":"https:\/\/rentiago.com\/de\/wp-json\/wp\/v2\/comments?post=9869"}],"version-history":[{"count":0,"href":"https:\/\/rentiago.com\/de\/wp-json\/wp\/v2\/pages\/9869\/revisions"}],"up":[{"embeddable":true,"href":"https:\/\/rentiago.com\/de\/wp-json\/wp\/v2\/pages\/9867"}],"wp:featuredmedia":[{"embeddable":true,"href":"https:\/\/rentiago.com\/de\/wp-json\/wp\/v2\/media\/1193"}],"wp:attachment":[{"href":"https:\/\/rentiago.com\/de\/wp-json\/wp\/v2\/media?parent=9869"}],"curies":[{"name":"wp","href":"https:\/\/api.w.org\/{rel}","templated":true}]}}