{"id":2505,"date":"2025-04-15T15:15:25","date_gmt":"2025-04-15T14:15:25","guid":{"rendered":"https:\/\/rentiago.com\/quienes-somos\/"},"modified":"2025-12-31T13:49:56","modified_gmt":"2025-12-31T12:49:56","slug":"quienes-somos","status":"publish","type":"page","link":"https:\/\/rentiago.com\/es\/quienes-somos\/","title":{"rendered":"Qui\u00e9nes somos"},"content":{"rendered":"\t\t<div data-elementor-type=\"wp-page\" data-elementor-id=\"2505\" class=\"elementor elementor-2505 elementor-1020\" data-elementor-post-type=\"page\">\n\t\t\t\t<div class=\"elementor-element elementor-element-f8bd547 e-flex e-con-boxed e-con e-parent\" data-id=\"f8bd547\" data-element_type=\"container\" data-e-type=\"container\">\n\t\t\t\t\t<div class=\"e-con-inner\">\n\t\t<div class=\"elementor-element elementor-element-1590b32 e-con-full e-flex e-con e-child\" data-id=\"1590b32\" data-element_type=\"container\" data-e-type=\"container\">\n\t\t\t\t<div class=\"elementor-element elementor-element-d4eff0d elementor-widget elementor-widget-heading\" data-id=\"d4eff0d\" data-element_type=\"widget\" data-e-type=\"widget\" data-widget_type=\"heading.default\">\n\t\t\t\t\t<h1 class=\"elementor-heading-title elementor-size-default\">Qui\u00e9nes somos<\/h1>\t\t\t\t<\/div>\n\t\t\t\t<div class=\"elementor-element elementor-element-ad1d7c2 elementor-widget elementor-widget-text-editor\" data-id=\"ad1d7c2\" data-element_type=\"widget\" data-e-type=\"widget\" data-widget_type=\"text-editor.default\">\n\t\t\t\t\t\t\t\t\t<p>En <strong>Rentiago<\/strong> creemos que cada viaje cuenta una historia \u2014 una que se queda contigo mucho despu\u00e9s de apagar el motor y devolver las llaves. Nacido bajo el sol de Espa\u00f1a y movido por el amor a los viajes inolvidables por carretera, Rentiago es mucho m\u00e1s que un simple servicio de alquiler de coches. Somos tu compa\u00f1ero de aventuras, tu copiloto en el camino y tu pase para descubrir Espa\u00f1a a tu manera.<\/p>\n\t\t\t\t\t\t\t\t<\/div>\n\t\t\t\t<\/div>\n\t\t\t\t\t<\/div>\n\t\t\t\t<\/div>\n\t\t<div class=\"elementor-element elementor-element-128d762 e-flex e-con-boxed e-con e-parent\" data-id=\"128d762\" data-element_type=\"container\" data-e-type=\"container\">\n\t\t\t\t\t<div class=\"e-con-inner\">\n\t\t<div class=\"elementor-element elementor-element-e35708f e-con-full e-flex e-con e-child\" data-id=\"e35708f\" data-element_type=\"container\" data-e-type=\"container\">\n\t\t<div class=\"elementor-element elementor-element-67f562f e-con-full e-flex e-con e-child\" data-id=\"67f562f\" data-element_type=\"container\" data-e-type=\"container\">\n\t\t\t\t<div class=\"elementor-element elementor-element-3d7f2fd elementor-widget elementor-widget-heading\" data-id=\"3d7f2fd\" data-element_type=\"widget\" data-e-type=\"widget\" data-widget_type=\"heading.default\">\n\t\t\t\t\t<h2 class=\"elementor-heading-title elementor-size-default\">Nuestra misi\u00f3n<\/h2>\t\t\t\t<\/div>\n\t\t\t\t<div class=\"elementor-element elementor-element-cb35e26 elementor-widget elementor-widget-text-editor\" data-id=\"cb35e26\" data-element_type=\"widget\" data-e-type=\"widget\" data-widget_type=\"text-editor.default\">\n\t\t\t\t\t\t\t\t\t<p data-start=\"103\" data-end=\"168\"><strong data-start=\"103\" data-end=\"168\">Viajes inolvidables. Sin complicaciones. Servicio legendario.<\/strong><\/p>\n<p><\/p>\n<p data-start=\"170\" data-end=\"391\">Viajar no deber\u00eda tener letra peque\u00f1a. Por eso es nuestra misi\u00f3n ofrecerte no solo coches de alquiler, sino libertad total \u2014 sin costes sorpresa ni reglas complicadas. Con Rentiago, obtienes lo que otros te cobran aparte:<\/p>\n<p><\/p>\n<p data-start=\"393\" data-end=\"634\">\u2705 Kil\u00f3metros ilimitados<br data-start=\"416\" data-end=\"419\" \/>\u2705 Seguro a todo riesgo incluido<br data-start=\"450\" data-end=\"453\" \/>\u2705 Asistencia en carretera 24\/7<br data-start=\"483\" data-end=\"486\" \/>\u2705 Conductores adicionales ilimitados<br data-start=\"522\" data-end=\"525\" \/>\u2705 Alquiler desde los 18 a\u00f1os (y sin recargo a partir de los 21)<br data-start=\"588\" data-end=\"591\" \/>\u2705 GPS y extras \u2014 todo incluido en el precio<\/p>\n<p><\/p>\n<p data-start=\"636\" data-end=\"777\">Te lo ponemos f\u00e1cil para que t\u00fa solo te preocupes por lo importante: disfrutar del sol, descubrir rincones \u00fanicos y vivir el viaje al m\u00e1ximo.<\/p>\n\t\t\t\t\t\t\t\t<\/div>\n\t\t\t\t<\/div>\n\t\t\t\t<\/div>\n\t\t<div class=\"elementor-element elementor-element-9bd737e e-con-full e-flex e-con e-child\" data-id=\"9bd737e\" data-element_type=\"container\" data-e-type=\"container\">\n\t\t\t\t<div class=\"elementor-element elementor-element-cb39bbd elementor-widget elementor-widget-image\" data-id=\"cb39bbd\" data-element_type=\"widget\" data-e-type=\"widget\" data-widget_type=\"image.default\">\n\t\t\t\t\t\t\t\t\t\t\t\t\t\t\t<img fetchpriority=\"high\" decoding=\"async\" width=\"800\" height=\"534\" src=\"https:\/\/rentiago.com\/wp-content\/uploads\/2025\/04\/strandurlaub-1024x683.webp\" class=\"attachment-large size-large wp-image-1027\" alt=\"People enjoying the sun on the beach\" srcset=\"https:\/\/rentiago.com\/wp-content\/uploads\/2025\/04\/strandurlaub-1024x683.webp 1024w, https:\/\/rentiago.com\/wp-content\/uploads\/2025\/04\/strandurlaub-600x400.webp 600w, https:\/\/rentiago.com\/wp-content\/uploads\/2025\/04\/strandurlaub-300x200.webp 300w, https:\/\/rentiago.com\/wp-content\/uploads\/2025\/04\/strandurlaub-768x512.webp 768w, https:\/\/rentiago.com\/wp-content\/uploads\/2025\/04\/strandurlaub.webp 1200w\" sizes=\"(max-width: 800px) 100vw, 800px\" \/>\t\t\t\t\t\t\t\t\t\t\t\t\t\t\t<\/div>\n\t\t\t\t<\/div>\n\t\t\t\t\t<\/div>\n\t\t\t\t<\/div>\n\t\t<div class=\"elementor-element elementor-element-b22a98c e-flex e-con-boxed e-con e-parent\" data-id=\"b22a98c\" data-element_type=\"container\" data-e-type=\"container\">\n\t\t\t\t\t<div class=\"e-con-inner\">\n\t\t\t\t<div class=\"elementor-element elementor-element-08b790f elementor-align-center elementor-widget elementor-widget-button\" data-id=\"08b790f\" data-element_type=\"widget\" data-e-type=\"widget\" data-widget_type=\"button.default\">\n\t\t\t\t\t\t\t\t\t\t<a class=\"elementor-button elementor-button-link elementor-size-sm\" href=\"https:\/\/rentiago.com\/es\/contacto\/\">\n\t\t\t\t\t\t<span class=\"elementor-button-content-wrapper\">\n\t\t\t\t\t\t\t\t\t<span class=\"elementor-button-text\">Contacto y Soporte<\/span>\n\t\t\t\t\t<\/span>\n\t\t\t\t\t<\/a>\n\t\t\t\t\t\t\t\t<\/div>\n\t\t\t\t\t<\/div>\n\t\t\t\t<\/div>\n\t\t\t\t<\/div>\n\t\t","protected":false},"excerpt":{"rendered":"<p>Qui\u00e9nes somos En Rentiago creemos que cada viaje cuenta una historia \u2014 una que se queda contigo mucho despu\u00e9s de apagar el motor y devolver las llaves. Nacido bajo el sol de Espa\u00f1a y movido por el amor a los viajes inolvidables por carretera, Rentiago es mucho m\u00e1s que un simple servicio de alquiler de [&hellip;]<\/p>\n","protected":false},"author":1,"featured_media":0,"parent":0,"menu_order":0,"comment_status":"closed","ping_status":"closed","template":"elementor_header_footer","meta":{"footnotes":""},"class_list":["post-2505","page","type-page","status-publish","hentry"],"_links":{"self":[{"href":"https:\/\/rentiago.com\/es\/wp-json\/wp\/v2\/pages\/2505","targetHints":{"allow":["GET"]}}],"collection":[{"href":"https:\/\/rentiago.com\/es\/wp-json\/wp\/v2\/pages"}],"about":[{"href":"https:\/\/rentiago.com\/es\/wp-json\/wp\/v2\/types\/page"}],"author":[{"embeddable":true,"href":"https:\/\/rentiago.com\/es\/wp-json\/wp\/v2\/users\/1"}],"replies":[{"embeddable":true,"href":"https:\/\/rentiago.com\/es\/wp-json\/wp\/v2\/comments?post=2505"}],"version-history":[{"count":0,"href":"https:\/\/rentiago.com\/es\/wp-json\/wp\/v2\/pages\/2505\/revisions"}],"wp:attachment":[{"href":"https:\/\/rentiago.com\/es\/wp-json\/wp\/v2\/media?parent=2505"}],"curies":[{"name":"wp","href":"https:\/\/api.w.org\/{rel}","templated":true}]}}