{"id":2509,"date":"2025-05-01T16:20:34","date_gmt":"2025-05-01T15:20:34","guid":{"rendered":"https:\/\/rentiago.com\/conviertete-en-partner-de-movilidad-de-rentiago\/"},"modified":"2025-12-09T16:06:16","modified_gmt":"2025-12-09T15:06:16","slug":"conviertete-en-partner-de-movilidad-de-rentiago","status":"publish","type":"page","link":"https:\/\/rentiago.com\/es\/conviertete-en-partner-de-movilidad-de-rentiago\/","title":{"rendered":"Convi\u00e9rtete en Partner de Movilidad de Rentiago"},"content":{"rendered":"\t\t<div data-elementor-type=\"wp-page\" data-elementor-id=\"2509\" class=\"elementor elementor-2509 elementor-2392\" data-elementor-post-type=\"page\">\n\t\t\t\t<div class=\"elementor-element elementor-element-941c7b7 e-flex e-con-boxed e-con e-parent\" data-id=\"941c7b7\" data-element_type=\"container\" data-e-type=\"container\">\n\t\t\t\t\t<div class=\"e-con-inner\">\n\t\t\t\t<div class=\"elementor-element elementor-element-771276a elementor-widget elementor-widget-heading\" data-id=\"771276a\" data-element_type=\"widget\" data-e-type=\"widget\" data-widget_type=\"heading.default\">\n\t\t\t\t\t<h1 class=\"elementor-heading-title elementor-size-default\">Convi\u00e9rtete en Partner de Movilidad de Rentiago<\/h1>\t\t\t\t<\/div>\n\t\t\t\t\t<\/div>\n\t\t\t\t<\/div>\n\t\t<div class=\"elementor-element elementor-element-d4296fc e-flex e-con-boxed e-con e-parent\" data-id=\"d4296fc\" data-element_type=\"container\" data-e-type=\"container\">\n\t\t\t\t\t<div class=\"e-con-inner\">\n\t\t\t\t<div class=\"elementor-element elementor-element-25a9b92 elementor-widget elementor-widget-image\" data-id=\"25a9b92\" data-element_type=\"widget\" data-e-type=\"widget\" data-widget_type=\"image.default\">\n\t\t\t\t\t\t\t\t\t\t\t\t\t\t\t<img decoding=\"async\" src=\"https:\/\/rentiago.com\/wp-content\/uploads\/elementor\/thumbs\/cabrio-with-couple-r4e8f6n7g0gojyoje4an6h8peicp6hj3e6itlk8x9u.webp\" title=\"cabrio-with-couple\" alt=\"Cabrio with couple\" loading=\"lazy\" \/>\t\t\t\t\t\t\t\t\t\t\t\t\t\t\t<\/div>\n\t\t\t\t\t<\/div>\n\t\t\t\t<\/div>\n\t\t<div class=\"elementor-element elementor-element-90e9269 e-flex e-con-boxed e-con e-parent\" data-id=\"90e9269\" data-element_type=\"container\" data-e-type=\"container\" data-settings=\"{&quot;background_background&quot;:&quot;classic&quot;}\">\n\t\t\t\t\t<div class=\"e-con-inner\">\n\t\t\t\t<div class=\"elementor-element elementor-element-361dbd5 elementor-widget elementor-widget-heading\" data-id=\"361dbd5\" data-element_type=\"widget\" data-e-type=\"widget\" data-widget_type=\"heading.default\">\n\t\t\t\t\t<h2 class=\"elementor-heading-title elementor-size-default\">Hazte Partner de Rentiago \u2013 Gana comisiones o conduce gratis por Espa\u00f1a<\/h2>\t\t\t\t<\/div>\n\t\t\t\t<div class=\"elementor-element elementor-element-3dfd73e elementor-widget elementor-widget-text-editor\" data-id=\"3dfd73e\" data-element_type=\"widget\" data-e-type=\"widget\" data-widget_type=\"text-editor.default\">\n\t\t\t\t\t\t\t\t\t<p class=\"\" data-start=\"2217\" data-end=\"2506\">Rentiago ofrece alquileres de coche flexibles en toda Espa\u00f1a \u2013 desde reservas de corta duraci\u00f3n hasta suscripciones mensuales. Pero vamos m\u00e1s all\u00e1: ofrecemos oportunidades emocionantes para afiliados, influencers, hoteles, campings y m\u00e1s para ganar dinero, viajar y colaborar con nosotros.<\/p>\n<p><\/p>\n<p class=\"\" data-start=\"2508\" data-end=\"2683\">Tanto si compartes consejos de viaje, ayudas a expatriados o turistas, o simplemente quieres ofrecer valor a tu audiencia \u2013 somos el partner de movilidad que estabas buscando.<\/p>\n\t\t\t\t\t\t\t\t<\/div>\n\t\t\t\t\t<\/div>\n\t\t\t\t<\/div>\n\t\t<div class=\"elementor-element elementor-element-ec2a5a4 e-flex e-con-boxed e-con e-parent\" data-id=\"ec2a5a4\" data-element_type=\"container\" data-e-type=\"container\">\n\t\t\t\t\t<div class=\"e-con-inner\">\n\t\t\t\t<div class=\"elementor-element elementor-element-1b49964 elementor-widget elementor-widget-text-editor\" data-id=\"1b49964\" data-element_type=\"widget\" data-e-type=\"widget\" data-widget_type=\"text-editor.default\">\n\t\t\t\t\t\t\t\t\t<h3 data-start=\"2685\" data-end=\"2707\"><strong data-start=\"2690\" data-end=\"2707\">Tus ventajas:<\/strong><\/h3>\n<p><\/p>\n<p class=\"\" data-start=\"2709\" data-end=\"2927\">\ud83d\udcb8 <strong data-start=\"2712\" data-end=\"2745\">Afiliados, Hoteles y Campings<\/strong><br data-start=\"2745\" data-end=\"2748\" \/>Gana comisiones competitivas por cada reserva confirmada. Promoci\u00f3nanos en tu blog, web, newsletter, Instagram, TikTok, YouTube \u2013 todo lo rastreamos de forma justa y transparente.<\/p>\n<p><\/p>\n<p class=\"\" data-start=\"2929\" data-end=\"3201\">\ud83d\ude97 <strong data-start=\"2932\" data-end=\"2966\">Colaboraciones con Influencers<\/strong><br data-start=\"2966\" data-end=\"2969\" \/>Accede a coches de alquiler con descuento o incluso gratis para tu viaje por Espa\u00f1a. A cambio, valoramos opiniones sinceras, contenido creativo o visibilidad en redes. Cada colaboraci\u00f3n se adapta a tu audiencia y duraci\u00f3n del viaje.<\/p>\n<p><\/p>\n<p class=\"\" data-start=\"3203\" data-end=\"3446\">\ud83d\udd0d <strong data-start=\"3206\" data-end=\"3273\">Servicio de Inspecci\u00f3n de Veh\u00edculos para Expatriados y Viajeros<\/strong><br data-start=\"3273\" data-end=\"3276\" \/>\u00bfAyudas a tu comunidad a comprar coches usados en Espa\u00f1a? Ofrecemos revisiones presenciales antes de la compra \u2013 para mayor tranquilidad y valor a\u00f1adido a tus seguidores.<\/p>\n<h3>\u00bfPor qu\u00e9 asociarse con Rentiago?<\/h3>\n<p>\u2705 Colaboraci\u00f3n transparente y flexible<br \/>\u2705 Experiencia de reserva fluida para sus clientes<br \/>\u2705 Asociaciones personalizadas para creadores, blogueros y canales de expatriados<\/p>\n<h3>\u00bfListo para trabajar juntos? Hablemos.<\/h3>\n<p>Tanto si est\u00e1 planeando un viaje puntual como si busca una asociaci\u00f3n a largo plazo, nos encantar\u00eda saber de usted.<\/p>\n\t\t\t\t\t\t\t\t<\/div>\n\t\t\t\t<div class=\"elementor-element elementor-element-2723eaa elementor-align-center elementor-widget elementor-widget-button\" data-id=\"2723eaa\" data-element_type=\"widget\" data-e-type=\"widget\" data-widget_type=\"button.default\">\n\t\t\t\t\t\t\t\t\t\t<a class=\"elementor-button elementor-button-link elementor-size-sm\" href=\"https:\/\/rentiago.com\/es\/contacto\/\">\n\t\t\t\t\t\t<span class=\"elementor-button-content-wrapper\">\n\t\t\t\t\t\t\t\t\t<span class=\"elementor-button-text\">Ponerse en contacto<\/span>\n\t\t\t\t\t<\/span>\n\t\t\t\t\t<\/a>\n\t\t\t\t\t\t\t\t<\/div>\n\t\t\t\t\t<\/div>\n\t\t\t\t<\/div>\n\t\t\t\t<\/div>\n\t\t","protected":false},"excerpt":{"rendered":"<p>Convi\u00e9rtete en Partner de Movilidad de Rentiago Hazte Partner de Rentiago \u2013 Gana comisiones o conduce gratis por Espa\u00f1a Rentiago ofrece alquileres de coche flexibles en toda Espa\u00f1a \u2013 desde reservas de corta duraci\u00f3n hasta suscripciones mensuales. Pero vamos m\u00e1s all\u00e1: ofrecemos oportunidades emocionantes para afiliados, influencers, hoteles, campings y m\u00e1s para ganar dinero, viajar [&hellip;]<\/p>\n","protected":false},"author":1,"featured_media":934,"parent":0,"menu_order":0,"comment_status":"closed","ping_status":"closed","template":"elementor_header_footer","meta":{"footnotes":""},"class_list":["post-2509","page","type-page","status-publish","has-post-thumbnail","hentry"],"_links":{"self":[{"href":"https:\/\/rentiago.com\/es\/wp-json\/wp\/v2\/pages\/2509","targetHints":{"allow":["GET"]}}],"collection":[{"href":"https:\/\/rentiago.com\/es\/wp-json\/wp\/v2\/pages"}],"about":[{"href":"https:\/\/rentiago.com\/es\/wp-json\/wp\/v2\/types\/page"}],"author":[{"embeddable":true,"href":"https:\/\/rentiago.com\/es\/wp-json\/wp\/v2\/users\/1"}],"replies":[{"embeddable":true,"href":"https:\/\/rentiago.com\/es\/wp-json\/wp\/v2\/comments?post=2509"}],"version-history":[{"count":0,"href":"https:\/\/rentiago.com\/es\/wp-json\/wp\/v2\/pages\/2509\/revisions"}],"wp:featuredmedia":[{"embeddable":true,"href":"https:\/\/rentiago.com\/es\/wp-json\/wp\/v2\/media\/934"}],"wp:attachment":[{"href":"https:\/\/rentiago.com\/es\/wp-json\/wp\/v2\/media?parent=2509"}],"curies":[{"name":"wp","href":"https:\/\/api.w.org\/{rel}","templated":true}]}}