{"id":5192,"date":"2025-05-14T10:25:17","date_gmt":"2025-05-14T09:25:17","guid":{"rendered":"https:\/\/rentiago.com\/alquila-un-coche-en-finestrat\/"},"modified":"2026-01-07T12:56:05","modified_gmt":"2026-01-07T11:56:05","slug":"alquiler-de-coches-en-finestrat","status":"publish","type":"page","link":"https:\/\/rentiago.com\/es\/alquiler-de-coches-en-finestrat\/","title":{"rendered":"Alquiler de coches en Finestrat"},"content":{"rendered":"\t\t<div data-elementor-type=\"wp-page\" data-elementor-id=\"5192\" class=\"elementor elementor-5192 elementor-2350\" data-elementor-post-type=\"page\">\n\t\t\t\t<div class=\"elementor-element elementor-element-8970908 e-flex e-con-boxed e-con e-parent\" data-id=\"8970908\" data-element_type=\"container\" data-e-type=\"container\">\n\t\t\t\t\t<div class=\"e-con-inner\">\n\t\t<div class=\"elementor-element elementor-element-f69fdef e-con-full e-flex e-con e-child\" data-id=\"f69fdef\" data-element_type=\"container\" data-e-type=\"container\">\n\t\t\t\t<div class=\"elementor-element elementor-element-91b7cf0 elementor-widget elementor-widget-heading\" data-id=\"91b7cf0\" data-element_type=\"widget\" data-e-type=\"widget\" data-widget_type=\"heading.default\">\n\t\t\t\t\t<h1 class=\"elementor-heading-title elementor-size-default\">Alquiler de coches en Finestrat<\/h1>\t\t\t\t<\/div>\n\t\t\t\t<div class=\"elementor-element elementor-element-efc233e elementor-widget elementor-widget-text-editor\" data-id=\"efc233e\" data-element_type=\"widget\" data-e-type=\"widget\" data-widget_type=\"text-editor.default\">\n\t\t\t\t\t\t\t\t\t<p data-start=\"276\" data-end=\"408\">Disfruta de cero franquicia, kil\u00f3metros ilimitados y total flexibilidad para recoger y devolver el coche cualquier d\u00eda de la semana.<\/p>\n<p><\/p>\n<p data-start=\"410\" data-end=\"435\">\n\t\t\t\t\t\t\t\t<\/div>\n\t\t\t\t<\/div>\n\t\t<div class=\"elementor-element elementor-element-49ac50e e-con-full e-flex e-con e-child\" data-id=\"49ac50e\" data-element_type=\"container\" data-e-type=\"container\">\n\t\t\t\t<div class=\"elementor-element elementor-element-c3c1fe5 elementor-widget elementor-widget-image\" data-id=\"c3c1fe5\" data-element_type=\"widget\" data-e-type=\"widget\" data-widget_type=\"image.default\">\n\t\t\t\t\t\t\t\t\t\t\t\t\t\t\t<img fetchpriority=\"high\" decoding=\"async\" width=\"540\" height=\"360\" src=\"https:\/\/rentiago.com\/wp-content\/uploads\/2025\/04\/mercedes-ikon-small.webp\" class=\"attachment-large size-large wp-image-1894\" alt=\"Mercedes Benz in Spain\" srcset=\"https:\/\/rentiago.com\/wp-content\/uploads\/2025\/04\/mercedes-ikon-small.webp 540w, https:\/\/rentiago.com\/wp-content\/uploads\/2025\/04\/mercedes-ikon-small-300x200.webp 300w\" sizes=\"(max-width: 540px) 100vw, 540px\" \/>\t\t\t\t\t\t\t\t\t\t\t\t\t\t\t<\/div>\n\t\t\t\t<\/div>\n\t\t\t\t\t<\/div>\n\t\t\t\t<\/div>\n\t\t<div class=\"elementor-element elementor-element-6675345 e-flex e-con-boxed e-con e-parent\" data-id=\"6675345\" data-element_type=\"container\" data-e-type=\"container\" data-settings=\"{&quot;background_background&quot;:&quot;classic&quot;}\">\n\t\t\t\t\t<div class=\"e-con-inner\">\n\t\t\t\t<div class=\"elementor-element elementor-element-2dce406 elementor-widget elementor-widget-text-editor\" data-id=\"2dce406\" data-element_type=\"widget\" data-e-type=\"widget\" data-widget_type=\"text-editor.default\">\n\t\t\t\t\t\t\t\t\tBooking page\t\t\t\t\t\t\t\t<\/div>\n\t\t\t\t\t<\/div>\n\t\t\t\t<\/div>\n\t\t<div class=\"elementor-element elementor-element-c44b062 e-flex e-con-boxed e-con e-parent\" data-id=\"c44b062\" data-element_type=\"container\" data-e-type=\"container\">\n\t\t\t\t\t<div class=\"e-con-inner\">\n\t\t<div class=\"elementor-element elementor-element-5d1f3f5 e-con-full e-flex e-con e-child\" data-id=\"5d1f3f5\" data-element_type=\"container\" data-e-type=\"container\" data-settings=\"{&quot;background_background&quot;:&quot;classic&quot;}\">\n\t\t\t\t<div class=\"elementor-element elementor-element-c595cba elementor-widget elementor-widget-heading\" data-id=\"c595cba\" data-element_type=\"widget\" data-e-type=\"widget\" data-widget_type=\"heading.default\">\n\t\t\t\t\t<h2 class=\"elementor-heading-title elementor-size-default\">Precios todo incluido<\/h2>\t\t\t\t<\/div>\n\t\t\t\t<div class=\"elementor-element elementor-element-6d825a8 elementor-widget elementor-widget-text-editor\" data-id=\"6d825a8\" data-element_type=\"widget\" data-e-type=\"widget\" data-widget_type=\"text-editor.default\">\n\t\t\t\t\t\t\t\t\t<p data-start=\"437\" data-end=\"561\">Precios todo incluido con seguro completo, asistencia en carretera, kil\u00f3metros ilimitados, sin dep\u00f3sito y 0 \u20ac de franquicia.<\/p>\n<p><\/p>\n<p data-start=\"563\" data-end=\"624\">\n\t\t\t\t\t\t\t\t<\/div>\n\t\t\t\t<\/div>\n\t\t<div class=\"elementor-element elementor-element-4bdf7c6 e-con-full e-flex e-con e-child\" data-id=\"4bdf7c6\" data-element_type=\"container\" data-e-type=\"container\" data-settings=\"{&quot;background_background&quot;:&quot;classic&quot;}\">\n\t\t\t\t<div class=\"elementor-element elementor-element-a5d10f6 elementor-widget elementor-widget-heading\" data-id=\"a5d10f6\" data-element_type=\"widget\" data-e-type=\"widget\" data-widget_type=\"heading.default\">\n\t\t\t\t\t<h3 class=\"elementor-heading-title elementor-size-default\">Recogida y devoluci\u00f3n 24\/7, todos los d\u00edas<\/h3>\t\t\t\t<\/div>\n\t\t\t\t<\/div>\n\t\t<div class=\"elementor-element elementor-element-24ef6e2 e-con-full e-flex e-con e-child\" data-id=\"24ef6e2\" data-element_type=\"container\" data-e-type=\"container\" data-settings=\"{&quot;background_background&quot;:&quot;classic&quot;}\">\n\t\t\t\t<div class=\"elementor-element elementor-element-e73b2f8 elementor-widget elementor-widget-heading\" data-id=\"e73b2f8\" data-element_type=\"widget\" data-e-type=\"widget\" data-widget_type=\"heading.default\">\n\t\t\t\t\t<h4 class=\"elementor-heading-title elementor-size-default\">Atenci\u00f3n al cliente en ingl\u00e9s todos los d\u00edas de la semana<\/h4>\t\t\t\t<\/div>\n\t\t\t\t<\/div>\n\t\t<div class=\"elementor-element elementor-element-c9a2834 e-con-full e-flex e-con e-child\" data-id=\"c9a2834\" data-element_type=\"container\" data-e-type=\"container\" data-settings=\"{&quot;background_background&quot;:&quot;classic&quot;}\">\n\t\t\t\t<div class=\"elementor-element elementor-element-ba0f32c elementor-widget elementor-widget-heading\" data-id=\"ba0f32c\" data-element_type=\"widget\" data-e-type=\"widget\" data-widget_type=\"heading.default\">\n\t\t\t\t\t<h2 class=\"elementor-heading-title elementor-size-default\">Recoge en cualquier lugar, explora en todas partes.<\/h2>\t\t\t\t<\/div>\n\t\t\t\t<div class=\"elementor-element elementor-element-6ffef23 elementor-widget elementor-widget-text-editor\" data-id=\"6ffef23\" data-element_type=\"widget\" data-e-type=\"widget\" data-widget_type=\"text-editor.default\">\n\t\t\t\t\t\t\t\t\t<p data-start=\"626\" data-end=\"740\">Con m\u00e1s de 80 puntos de recogida en toda la Costa Blanca, desde aeropuertos hasta encantadores pueblos y campings.<\/p>\n<p><\/p>\n<p data-start=\"742\" data-end=\"788\">\n\t\t\t\t\t\t\t\t<\/div>\n\t\t\t\t<\/div>\n\t\t\t\t\t<\/div>\n\t\t\t\t<\/div>\n\t\t<div class=\"elementor-element elementor-element-9c88fe9 e-flex e-con-boxed e-con e-parent\" data-id=\"9c88fe9\" data-element_type=\"container\" data-e-type=\"container\">\n\t\t\t\t\t<div class=\"e-con-inner\">\n\t\t\t\t<div class=\"elementor-element elementor-element-ad85a19 elementor-widget elementor-widget-heading\" data-id=\"ad85a19\" data-element_type=\"widget\" data-e-type=\"widget\" data-widget_type=\"heading.default\">\n\t\t\t\t\t<h2 class=\"elementor-heading-title elementor-size-default\">\u00bfQu\u00e9 tal alquilar un coche sabiendo todos los precios de antemano?<\/h2>\t\t\t\t<\/div>\n\t\t\t\t\t<\/div>\n\t\t\t\t<\/div>\n\t\t<div class=\"elementor-element elementor-element-1689e09 e-flex e-con-boxed e-con e-parent\" data-id=\"1689e09\" data-element_type=\"container\" data-e-type=\"container\">\n\t\t\t\t\t<div class=\"e-con-inner\">\n\t\t<div class=\"elementor-element elementor-element-68c4766 e-con-full e-flex e-con e-child\" data-id=\"68c4766\" data-element_type=\"container\" data-e-type=\"container\" data-settings=\"{&quot;background_background&quot;:&quot;classic&quot;}\">\n\t\t\t\t<div class=\"elementor-element elementor-element-9dd58a9 elementor-widget elementor-widget-heading\" data-id=\"9dd58a9\" data-element_type=\"widget\" data-e-type=\"widget\" data-widget_type=\"heading.default\">\n\t\t\t\t\t<h2 class=\"elementor-heading-title elementor-size-default\">Precios de alquiler de coches en Finestrat<\/h2>\t\t\t\t<\/div>\n\t\t<div class=\"elementor-element elementor-element-1477c94 e-con-full e-flex e-con e-child\" data-id=\"1477c94\" data-element_type=\"container\" data-e-type=\"container\">\n\t\t\t\t<div class=\"elementor-element elementor-element-230c123 elementor-widget elementor-widget-text-editor\" data-id=\"230c123\" data-element_type=\"widget\" data-e-type=\"widget\" data-widget_type=\"text-editor.default\">\n\t\t\t\t\t\t\t\t\t<p>Desde<\/p>\n\t\t\t\t\t\t\t\t<\/div>\n\t\t\t\t<div class=\"elementor-element elementor-element-457fb9b elementor-widget elementor-widget-text-editor\" data-id=\"457fb9b\" data-element_type=\"widget\" data-e-type=\"widget\" data-widget_type=\"text-editor.default\">\n\t\t\t\t\t\t\t\t\t<p>35\u20ac<\/p>\n\t\t\t\t\t\t\t\t<\/div>\n\t\t\t\t<\/div>\n\t\t\t\t<div class=\"elementor-element elementor-element-c5148a5 elementor-widget elementor-widget-text-editor\" data-id=\"c5148a5\" data-element_type=\"widget\" data-e-type=\"widget\" data-widget_type=\"text-editor.default\">\n\t\t\t\t\t\t\t\t\t<p>por d\u00eda*<\/p>\n\t\t\t\t\t\t\t\t<\/div>\n\t\t\t\t<div class=\"elementor-element elementor-element-50e9aec elementor-align-center elementor-icon-list--layout-traditional elementor-list-item-link-full_width elementor-widget elementor-widget-icon-list\" data-id=\"50e9aec\" data-element_type=\"widget\" data-e-type=\"widget\" data-widget_type=\"icon-list.default\">\n\t\t\t\t\t\t\t<ul class=\"elementor-icon-list-items\">\n\t\t\t\t\t\t\t<li class=\"elementor-icon-list-item\">\n\t\t\t\t\t\t\t\t\t\t<span class=\"elementor-icon-list-text\">Kilometraje ilimitado<\/span>\n\t\t\t\t\t\t\t\t\t<\/li>\n\t\t\t\t\t\t\t\t<li class=\"elementor-icon-list-item\">\n\t\t\t\t\t\t\t\t\t\t<span class=\"elementor-icon-list-text\">Conductores adicionales gratuitos<\/span>\n\t\t\t\t\t\t\t\t\t<\/li>\n\t\t\t\t\t\t\t\t<li class=\"elementor-icon-list-item\">\n\t\t\t\t\t\t\t\t\t\t<span class=\"elementor-icon-list-text\">Pol\u00edtica de combustible justa (lleno\/lleno)<\/span>\n\t\t\t\t\t\t\t\t\t<\/li>\n\t\t\t\t\t\t\t\t<li class=\"elementor-icon-list-item\">\n\t\t\t\t\t\t\t\t\t\t<span class=\"elementor-icon-list-text\">Seguro incluido<\/span>\n\t\t\t\t\t\t\t\t\t<\/li>\n\t\t\t\t\t\t\t\t<li class=\"elementor-icon-list-item\">\n\t\t\t\t\t\t\t\t\t\t<span class=\"elementor-icon-list-text\">Asistencia en carretera incluida<\/span>\n\t\t\t\t\t\t\t\t\t<\/li>\n\t\t\t\t\t\t\t\t<li class=\"elementor-icon-list-item\">\n\t\t\t\t\t\t\t\t\t\t<span class=\"elementor-icon-list-text\">Edad m\u00ednima: 18 a\u00f1os<\/span>\n\t\t\t\t\t\t\t\t\t<\/li>\n\t\t\t\t\t\t\t\t<li class=\"elementor-icon-list-item\">\n\t\t\t\t\t\t\t\t\t\t<span class=\"elementor-icon-list-text\">IVA del 21\u202f% incluido<\/span>\n\t\t\t\t\t\t\t\t\t<\/li>\n\t\t\t\t\t\t<\/ul>\n\t\t\t\t\t\t<\/div>\n\t\t\t\t<div class=\"elementor-element elementor-element-c30d43e elementor-align-center elementor-widget elementor-widget-button\" data-id=\"c30d43e\" data-element_type=\"widget\" data-e-type=\"widget\" data-widget_type=\"button.default\">\n\t\t\t\t\t\t\t\t\t\t<a class=\"elementor-button elementor-button-link elementor-size-sm\" href=\"#\">\n\t\t\t\t\t\t<span class=\"elementor-button-content-wrapper\">\n\t\t\t\t\t\t\t\t\t<span class=\"elementor-button-text\">Reserve ahora<\/span>\n\t\t\t\t\t<\/span>\n\t\t\t\t\t<\/a>\n\t\t\t\t\t\t\t\t<\/div>\n\t\t\t\t<div class=\"elementor-element elementor-element-96ffe96 elementor-widget elementor-widget-text-editor\" data-id=\"96ffe96\" data-element_type=\"widget\" data-e-type=\"widget\" data-widget_type=\"text-editor.default\">\n\t\t\t\t\t\t\t\t\t<p data-start=\"815\" data-end=\"999\">* El precio depende del veh\u00edculo seleccionado, el momento de la reserva, la duraci\u00f3n del alquiler, el per\u00edodo de alquiler, la fecha de alquiler y los lugares de recogida y devoluci\u00f3n.<\/p>\n\t\t\t\t\t\t\t\t<\/div>\n\t\t\t\t<\/div>\n\t\t\t\t\t<\/div>\n\t\t\t\t<\/div>\n\t\t<div class=\"elementor-element elementor-element-33ca37a e-flex e-con-boxed e-con e-parent\" data-id=\"33ca37a\" data-element_type=\"container\" data-e-type=\"container\">\n\t\t\t\t\t<div class=\"e-con-inner\">\n\t\t\t\t<div class=\"elementor-element elementor-element-f84f1ed elementor-widget elementor-widget-heading\" data-id=\"f84f1ed\" data-element_type=\"widget\" data-e-type=\"widget\" data-widget_type=\"heading.default\">\n\t\t\t\t\t<h2 class=\"elementor-heading-title elementor-size-default\">Nuestro mejor punto de recogida en Finestrat:<\/h2>\t\t\t\t<\/div>\n\t\t\t\t<div class=\"elementor-element elementor-element-dd015a1 elementor-widget elementor-widget-text-editor\" data-id=\"dd015a1\" data-element_type=\"widget\" data-e-type=\"widget\" data-widget_type=\"text-editor.default\">\n\t\t\t\t\t\t\t\t\t<p data-start=\"1052\" data-end=\"1116\">Rentiago en Finestrat: Partida Salt 1, 03509 Finestrat, Espa\u00f1a<\/p>\n\t\t\t\t\t\t\t\t<\/div>\n\t\t\t\t<div class=\"elementor-element elementor-element-4e423b0 elementor-widget elementor-widget-heading\" data-id=\"4e423b0\" data-element_type=\"widget\" data-e-type=\"widget\" data-widget_type=\"heading.default\">\n\t\t\t\t\t<p class=\"elementor-heading-title elementor-size-default\">Horario de apertura de todas nuestras estaciones en Finestrat: Lun\u2013Dom: 0\u201324 h<\/p>\t\t\t\t<\/div>\n\t\t\t\t\t<\/div>\n\t\t\t\t<\/div>\n\t\t<div class=\"elementor-element elementor-element-20fc84a e-flex e-con-boxed e-con e-parent\" data-id=\"20fc84a\" data-element_type=\"container\" data-e-type=\"container\">\n\t\t\t\t\t<div class=\"e-con-inner\">\n\t\t\t\t<div class=\"elementor-element elementor-element-42149b6 elementor-widget-divider--view-line elementor-widget elementor-widget-divider\" data-id=\"42149b6\" data-element_type=\"widget\" data-e-type=\"widget\" data-widget_type=\"divider.default\">\n\t\t\t\t\t\t\t<div class=\"elementor-divider\">\n\t\t\t<span class=\"elementor-divider-separator\">\n\t\t\t\t\t\t<\/span>\n\t\t<\/div>\n\t\t\t\t\t\t<\/div>\n\t\t\t\t\t<\/div>\n\t\t\t\t<\/div>\n\t\t<div class=\"elementor-element elementor-element-eb4f0b9 e-flex e-con-boxed e-con e-parent\" data-id=\"eb4f0b9\" data-element_type=\"container\" data-e-type=\"container\">\n\t\t\t\t\t<div class=\"e-con-inner\">\n\t\t<div class=\"elementor-element elementor-element-50e1e27 e-con-full e-flex e-con e-child\" data-id=\"50e1e27\" data-element_type=\"container\" data-e-type=\"container\">\n\t\t\t\t<div class=\"elementor-element elementor-element-6511d06 elementor-widget elementor-widget-image\" data-id=\"6511d06\" data-element_type=\"widget\" data-e-type=\"widget\" data-widget_type=\"image.default\">\n\t\t\t\t\t\t\t\t\t\t\t\t\t\t\t<img decoding=\"async\" width=\"800\" height=\"534\" src=\"https:\/\/rentiago.com\/wp-content\/uploads\/2025\/05\/alicante.webp\" class=\"attachment-large size-large wp-image-2303\" alt=\"Rent a car in Alicante\" srcset=\"https:\/\/rentiago.com\/wp-content\/uploads\/2025\/05\/alicante.webp 850w, https:\/\/rentiago.com\/wp-content\/uploads\/2025\/05\/alicante-300x200.webp 300w, https:\/\/rentiago.com\/wp-content\/uploads\/2025\/05\/alicante-768x512.webp 768w, https:\/\/rentiago.com\/wp-content\/uploads\/2025\/05\/alicante-600x400.webp 600w\" sizes=\"(max-width: 800px) 100vw, 800px\" \/>\t\t\t\t\t\t\t\t\t\t\t\t\t\t\t<\/div>\n\t\t\t\t<\/div>\n\t\t<div class=\"elementor-element elementor-element-455d604 e-con-full e-flex e-con e-child\" data-id=\"455d604\" data-element_type=\"container\" data-e-type=\"container\">\n\t\t\t\t<div class=\"elementor-element elementor-element-f4ac434 elementor-widget elementor-widget-heading\" data-id=\"f4ac434\" data-element_type=\"widget\" data-e-type=\"widget\" data-widget_type=\"heading.default\">\n\t\t\t\t\t<h2 class=\"elementor-heading-title elementor-size-default\">Visita Alicante desde Finestrat<\/h2>\t\t\t\t<\/div>\n\t\t\t\t<div class=\"elementor-element elementor-element-c653999 elementor-widget elementor-widget-text-editor\" data-id=\"c653999\" data-element_type=\"widget\" data-e-type=\"widget\" data-widget_type=\"text-editor.default\">\n\t\t\t\t\t\t\t\t\t<p>La ciudad de <a href=\"https:\/\/rentiago.com\/es\/alquiler-de-coches-en-alicante\/\">Alicante<\/a> se encuentra a lo largo de la hermosa Costa Blanca, a unos 40 kil\u00f3metros al sur de Finestrat. Es un animado destino costero conocido por sus playas doradas, monumentos hist\u00f3ricos y su bulliciosa vida urbana. Muy popular entre locales y visitantes, Alicante ofrece una mezcla de cultura, relax y encanto mediterr\u00e1neo.<br \/><br \/>Viajar de Finestrat a Alicante es muy f\u00e1cil. Puedes conducir por la autopista AP-7, lo que tarda unos 35\u201340 minutos. Tambi\u00e9n hay opciones de transporte p\u00fablico, incluidos autobuses y conexiones de tranv\u00eda, que unen ambas localidades, haciendo que sea una escapada perfecta para un d\u00eda o un fin de semana.<\/p>\t\t\t\t\t\t\t\t<\/div>\n\t\t\t\t<\/div>\n\t\t\t\t\t<\/div>\n\t\t\t\t<\/div>\n\t\t\t\t<\/div>\n\t\t","protected":false},"excerpt":{"rendered":"<p>Alquiler de coches en Finestrat Disfruta de cero franquicia, kil\u00f3metros ilimitados y total flexibilidad para recoger y devolver el coche cualquier d\u00eda de la semana. Precios todo incluido Precios todo incluido con seguro completo, asistencia en carretera, kil\u00f3metros ilimitados, sin dep\u00f3sito y 0 \u20ac de franquicia. Recogida y devoluci\u00f3n 24\/7, todos los d\u00edas Atenci\u00f3n al [&hellip;]<\/p>\n","protected":false},"author":1,"featured_media":11574,"parent":0,"menu_order":0,"comment_status":"closed","ping_status":"closed","template":"elementor_header_footer","meta":{"footnotes":""},"class_list":["post-5192","page","type-page","status-publish","has-post-thumbnail","hentry"],"_links":{"self":[{"href":"https:\/\/rentiago.com\/es\/wp-json\/wp\/v2\/pages\/5192","targetHints":{"allow":["GET"]}}],"collection":[{"href":"https:\/\/rentiago.com\/es\/wp-json\/wp\/v2\/pages"}],"about":[{"href":"https:\/\/rentiago.com\/es\/wp-json\/wp\/v2\/types\/page"}],"author":[{"embeddable":true,"href":"https:\/\/rentiago.com\/es\/wp-json\/wp\/v2\/users\/1"}],"replies":[{"embeddable":true,"href":"https:\/\/rentiago.com\/es\/wp-json\/wp\/v2\/comments?post=5192"}],"version-history":[{"count":0,"href":"https:\/\/rentiago.com\/es\/wp-json\/wp\/v2\/pages\/5192\/revisions"}],"wp:featuredmedia":[{"embeddable":true,"href":"https:\/\/rentiago.com\/es\/wp-json\/wp\/v2\/media\/11574"}],"wp:attachment":[{"href":"https:\/\/rentiago.com\/es\/wp-json\/wp\/v2\/media?parent=5192"}],"curies":[{"name":"wp","href":"https:\/\/api.w.org\/{rel}","templated":true}]}}