{"id":5211,"date":"2025-05-14T10:28:52","date_gmt":"2025-05-14T09:28:52","guid":{"rendered":"https:\/\/rentiago.com\/alquila-un-coche-en-moraira\/"},"modified":"2026-01-07T13:00:08","modified_gmt":"2026-01-07T12:00:08","slug":"alquiler-de-coches-en-moraira","status":"publish","type":"page","link":"https:\/\/rentiago.com\/es\/alquiler-de-coches-en-moraira\/","title":{"rendered":"Alquiler de coches en Moraira"},"content":{"rendered":"\t\t<div data-elementor-type=\"wp-page\" data-elementor-id=\"5211\" class=\"elementor elementor-5211 elementor-2353\" data-elementor-post-type=\"page\">\n\t\t\t\t<div class=\"elementor-element elementor-element-036465f e-flex e-con-boxed e-con e-parent\" data-id=\"036465f\" data-element_type=\"container\" data-e-type=\"container\">\n\t\t\t\t\t<div class=\"e-con-inner\">\n\t\t<div class=\"elementor-element elementor-element-7115252 e-con-full e-flex e-con e-child\" data-id=\"7115252\" data-element_type=\"container\" data-e-type=\"container\">\n\t\t\t\t<div class=\"elementor-element elementor-element-6a677db elementor-widget elementor-widget-heading\" data-id=\"6a677db\" data-element_type=\"widget\" data-e-type=\"widget\" data-widget_type=\"heading.default\">\n\t\t\t\t\t<h1 class=\"elementor-heading-title elementor-size-default\">Alquiler de coches en Moraira<\/h1>\t\t\t\t<\/div>\n\t\t\t\t<div class=\"elementor-element elementor-element-3f72fb9 elementor-widget elementor-widget-heading\" data-id=\"3f72fb9\" data-element_type=\"widget\" data-e-type=\"widget\" data-widget_type=\"heading.default\">\n\t\t\t\t\t<h2 class=\"elementor-heading-title elementor-size-default\">Alquiler de coches en Moraira con precios todo incluido, desde solo 35 \u20ac al d\u00eda\n<\/h2>\t\t\t\t<\/div>\n\t\t\t\t<\/div>\n\t\t<div class=\"elementor-element elementor-element-1d2f958 e-con-full e-flex e-con e-child\" data-id=\"1d2f958\" data-element_type=\"container\" data-e-type=\"container\">\n\t\t\t\t<div class=\"elementor-element elementor-element-3d61906 elementor-widget elementor-widget-image\" data-id=\"3d61906\" data-element_type=\"widget\" data-e-type=\"widget\" data-widget_type=\"image.default\">\n\t\t\t\t\t\t\t\t\t\t\t\t\t\t\t<img fetchpriority=\"high\" decoding=\"async\" width=\"800\" height=\"547\" src=\"https:\/\/rentiago.com\/wp-content\/uploads\/2025\/05\/moraira.webp\" class=\"attachment-large size-large wp-image-2319\" alt=\"Rent a car in Moraira\" srcset=\"https:\/\/rentiago.com\/wp-content\/uploads\/2025\/05\/moraira.webp 850w, https:\/\/rentiago.com\/wp-content\/uploads\/2025\/05\/moraira-300x205.webp 300w, https:\/\/rentiago.com\/wp-content\/uploads\/2025\/05\/moraira-768x525.webp 768w, https:\/\/rentiago.com\/wp-content\/uploads\/2025\/05\/moraira-600x410.webp 600w\" sizes=\"(max-width: 800px) 100vw, 800px\" \/>\t\t\t\t\t\t\t\t\t\t\t\t\t\t\t<\/div>\n\t\t\t\t<\/div>\n\t\t\t\t\t<\/div>\n\t\t\t\t<\/div>\n\t\t<div class=\"elementor-element elementor-element-f3f64cf e-flex e-con-boxed e-con e-parent\" data-id=\"f3f64cf\" data-element_type=\"container\" data-e-type=\"container\" data-settings=\"{&quot;background_background&quot;:&quot;classic&quot;}\">\n\t\t\t\t\t<div class=\"e-con-inner\">\n\t\t\t\t<div class=\"elementor-element elementor-element-d340582 elementor-widget elementor-widget-text-editor\" data-id=\"d340582\" data-element_type=\"widget\" data-e-type=\"widget\" data-widget_type=\"text-editor.default\">\n\t\t\t\t\t\t\t\t\tBooking page\t\t\t\t\t\t\t\t<\/div>\n\t\t\t\t\t<\/div>\n\t\t\t\t<\/div>\n\t\t<div class=\"elementor-element elementor-element-9c88fe9 e-flex e-con-boxed e-con e-parent\" data-id=\"9c88fe9\" data-element_type=\"container\" data-e-type=\"container\">\n\t\t\t\t\t<div class=\"e-con-inner\">\n\t\t\t\t<div class=\"elementor-element elementor-element-ad85a19 elementor-widget elementor-widget-heading\" data-id=\"ad85a19\" data-element_type=\"widget\" data-e-type=\"widget\" data-widget_type=\"heading.default\">\n\t\t\t\t\t<h2 class=\"elementor-heading-title elementor-size-default\">Los mejores precios de alquiler de coches de Rentiago en Moraira<\/h2>\t\t\t\t<\/div>\n\t\t\t\t\t<\/div>\n\t\t\t\t<\/div>\n\t\t<div class=\"elementor-element elementor-element-47072e7 e-flex e-con-boxed e-con e-parent\" data-id=\"47072e7\" data-element_type=\"container\" data-e-type=\"container\">\n\t\t\t\t\t<div class=\"e-con-inner\">\n\t\t<div class=\"elementor-element elementor-element-9572131 e-con-full e-flex e-con e-child\" data-id=\"9572131\" data-element_type=\"container\" data-e-type=\"container\" data-settings=\"{&quot;background_background&quot;:&quot;classic&quot;}\">\n\t\t\t\t<div class=\"elementor-element elementor-element-0d99c35 elementor-widget elementor-widget-heading\" data-id=\"0d99c35\" data-element_type=\"widget\" data-e-type=\"widget\" data-widget_type=\"heading.default\">\n\t\t\t\t\t<h2 class=\"elementor-heading-title elementor-size-default\">Paquete todo incluido<\/h2>\t\t\t\t<\/div>\n\t\t<div class=\"elementor-element elementor-element-e07e6b9 e-con-full e-flex e-con e-child\" data-id=\"e07e6b9\" data-element_type=\"container\" data-e-type=\"container\">\n\t\t\t\t<div class=\"elementor-element elementor-element-baa916a elementor-widget elementor-widget-text-editor\" data-id=\"baa916a\" data-element_type=\"widget\" data-e-type=\"widget\" data-widget_type=\"text-editor.default\">\n\t\t\t\t\t\t\t\t\t<p>Desde<\/p>\n\t\t\t\t\t\t\t\t<\/div>\n\t\t\t\t<div class=\"elementor-element elementor-element-e244311 elementor-widget elementor-widget-text-editor\" data-id=\"e244311\" data-element_type=\"widget\" data-e-type=\"widget\" data-widget_type=\"text-editor.default\">\n\t\t\t\t\t\t\t\t\t<p>35\u20ac<\/p>\n\t\t\t\t\t\t\t\t<\/div>\n\t\t\t\t<\/div>\n\t\t\t\t<div class=\"elementor-element elementor-element-fe3f51d elementor-widget elementor-widget-text-editor\" data-id=\"fe3f51d\" data-element_type=\"widget\" data-e-type=\"widget\" data-widget_type=\"text-editor.default\">\n\t\t\t\t\t\t\t\t\t<p>por d\u00eda*<\/p>\n\t\t\t\t\t\t\t\t<\/div>\n\t\t\t\t<div class=\"elementor-element elementor-element-8dcc45d elementor-align-center elementor-icon-list--layout-traditional elementor-list-item-link-full_width elementor-widget elementor-widget-icon-list\" data-id=\"8dcc45d\" data-element_type=\"widget\" data-e-type=\"widget\" data-widget_type=\"icon-list.default\">\n\t\t\t\t\t\t\t<ul class=\"elementor-icon-list-items\">\n\t\t\t\t\t\t\t<li class=\"elementor-icon-list-item\">\n\t\t\t\t\t\t\t\t\t\t<span class=\"elementor-icon-list-text\">Kilometraje ilimitado<\/span>\n\t\t\t\t\t\t\t\t\t<\/li>\n\t\t\t\t\t\t\t\t<li class=\"elementor-icon-list-item\">\n\t\t\t\t\t\t\t\t\t\t<span class=\"elementor-icon-list-text\">Conductores adicionales gratuitos<\/span>\n\t\t\t\t\t\t\t\t\t<\/li>\n\t\t\t\t\t\t\t\t<li class=\"elementor-icon-list-item\">\n\t\t\t\t\t\t\t\t\t\t<span class=\"elementor-icon-list-text\">Pol\u00edtica de combustible justa (lleno\/lleno)<\/span>\n\t\t\t\t\t\t\t\t\t<\/li>\n\t\t\t\t\t\t\t\t<li class=\"elementor-icon-list-item\">\n\t\t\t\t\t\t\t\t\t\t<span class=\"elementor-icon-list-text\">Seguro incluido<\/span>\n\t\t\t\t\t\t\t\t\t<\/li>\n\t\t\t\t\t\t\t\t<li class=\"elementor-icon-list-item\">\n\t\t\t\t\t\t\t\t\t\t<span class=\"elementor-icon-list-text\">Asistencia en carretera incluida<\/span>\n\t\t\t\t\t\t\t\t\t<\/li>\n\t\t\t\t\t\t\t\t<li class=\"elementor-icon-list-item\">\n\t\t\t\t\t\t\t\t\t\t<span class=\"elementor-icon-list-text\">Edad m\u00ednima: 18 a\u00f1os<\/span>\n\t\t\t\t\t\t\t\t\t<\/li>\n\t\t\t\t\t\t\t\t<li class=\"elementor-icon-list-item\">\n\t\t\t\t\t\t\t\t\t\t<span class=\"elementor-icon-list-text\">IVA del 21\u202f% incluido<\/span>\n\t\t\t\t\t\t\t\t\t<\/li>\n\t\t\t\t\t\t<\/ul>\n\t\t\t\t\t\t<\/div>\n\t\t\t\t<div class=\"elementor-element elementor-element-4940221 elementor-align-center elementor-widget elementor-widget-button\" data-id=\"4940221\" data-element_type=\"widget\" data-e-type=\"widget\" data-widget_type=\"button.default\">\n\t\t\t\t\t\t\t\t\t\t<a class=\"elementor-button elementor-button-link elementor-size-sm\" href=\"#\">\n\t\t\t\t\t\t<span class=\"elementor-button-content-wrapper\">\n\t\t\t\t\t\t\t\t\t<span class=\"elementor-button-text\">Reserve ahora<\/span>\n\t\t\t\t\t<\/span>\n\t\t\t\t\t<\/a>\n\t\t\t\t\t\t\t\t<\/div>\n\t\t\t\t<div class=\"elementor-element elementor-element-c0bc8ef elementor-widget elementor-widget-text-editor\" data-id=\"c0bc8ef\" data-element_type=\"widget\" data-e-type=\"widget\" data-widget_type=\"text-editor.default\">\n\t\t\t\t\t\t\t\t\t<p data-start=\"411\" data-end=\"594\">* El precio depende del veh\u00edculo seleccionado, el momento de la reserva, la duraci\u00f3n del alquiler, el per\u00edodo de alquiler, la fecha de alquiler y los lugares de recogida y devoluci\u00f3n.<\/p>\n<p><\/p>\n<p data-start=\"596\" data-end=\"660\">\n\t\t\t\t\t\t\t\t<\/div>\n\t\t\t\t<\/div>\n\t\t\t\t\t<\/div>\n\t\t\t\t<\/div>\n\t\t<div class=\"elementor-element elementor-element-33ca37a e-flex e-con-boxed e-con e-parent\" data-id=\"33ca37a\" data-element_type=\"container\" data-e-type=\"container\">\n\t\t\t\t\t<div class=\"e-con-inner\">\n\t\t\t\t<div class=\"elementor-element elementor-element-f84f1ed elementor-widget elementor-widget-heading\" data-id=\"f84f1ed\" data-element_type=\"widget\" data-e-type=\"widget\" data-widget_type=\"heading.default\">\n\t\t\t\t\t<h2 class=\"elementor-heading-title elementor-size-default\">Nuestras mejores ubicaciones de recogida de coches en Moraira:<\/h2>\t\t\t\t<\/div>\n\t\t\t\t<div class=\"elementor-element elementor-element-dd015a1 elementor-widget elementor-widget-text-editor\" data-id=\"dd015a1\" data-element_type=\"widget\" data-e-type=\"widget\" data-widget_type=\"text-editor.default\">\n\t\t\t\t\t\t\t\t\t<p><strong>Rentiago in Moraira:<\/strong><\/p>\t\t\t\t\t\t\t\t<\/div>\n\t\t\t\t<div class=\"elementor-element elementor-element-4e423b0 elementor-widget elementor-widget-heading\" data-id=\"4e423b0\" data-element_type=\"widget\" data-e-type=\"widget\" data-widget_type=\"heading.default\">\n\t\t\t\t\t<p class=\"elementor-heading-title elementor-size-default\">Horario de todas nuestras estaciones en Benidorm: Lun-Dom: 0\u201324h<\/p>\t\t\t\t<\/div>\n\t\t\t\t\t<\/div>\n\t\t\t\t<\/div>\n\t\t<div class=\"elementor-element elementor-element-20fc84a e-flex e-con-boxed e-con e-parent\" data-id=\"20fc84a\" data-element_type=\"container\" data-e-type=\"container\">\n\t\t\t\t\t<div class=\"e-con-inner\">\n\t\t\t\t<div class=\"elementor-element elementor-element-42149b6 elementor-widget-divider--view-line elementor-widget elementor-widget-divider\" data-id=\"42149b6\" data-element_type=\"widget\" data-e-type=\"widget\" data-widget_type=\"divider.default\">\n\t\t\t\t\t\t\t<div class=\"elementor-divider\">\n\t\t\t<span class=\"elementor-divider-separator\">\n\t\t\t\t\t\t<\/span>\n\t\t<\/div>\n\t\t\t\t\t\t<\/div>\n\t\t\t\t\t<\/div>\n\t\t\t\t<\/div>\n\t\t<div class=\"elementor-element elementor-element-eb4f0b9 e-flex e-con-boxed e-con e-parent\" data-id=\"eb4f0b9\" data-element_type=\"container\" data-e-type=\"container\">\n\t\t\t\t\t<div class=\"e-con-inner\">\n\t\t<div class=\"elementor-element elementor-element-50e1e27 e-con-full e-flex e-con e-child\" data-id=\"50e1e27\" data-element_type=\"container\" data-e-type=\"container\">\n\t\t\t\t<div class=\"elementor-element elementor-element-6511d06 elementor-widget elementor-widget-image\" data-id=\"6511d06\" data-element_type=\"widget\" data-e-type=\"widget\" data-widget_type=\"image.default\">\n\t\t\t\t\t\t\t\t\t\t\t\t\t\t\t<img fetchpriority=\"high\" decoding=\"async\" width=\"800\" height=\"547\" src=\"https:\/\/rentiago.com\/wp-content\/uploads\/2025\/05\/moraira.webp\" class=\"attachment-large size-large wp-image-2319\" alt=\"Rent a car in Moraira\" srcset=\"https:\/\/rentiago.com\/wp-content\/uploads\/2025\/05\/moraira.webp 850w, https:\/\/rentiago.com\/wp-content\/uploads\/2025\/05\/moraira-300x205.webp 300w, https:\/\/rentiago.com\/wp-content\/uploads\/2025\/05\/moraira-768x525.webp 768w, https:\/\/rentiago.com\/wp-content\/uploads\/2025\/05\/moraira-600x410.webp 600w\" sizes=\"(max-width: 800px) 100vw, 800px\" \/>\t\t\t\t\t\t\t\t\t\t\t\t\t\t\t<\/div>\n\t\t\t\t<\/div>\n\t\t<div class=\"elementor-element elementor-element-455d604 e-con-full e-flex e-con e-child\" data-id=\"455d604\" data-element_type=\"container\" data-e-type=\"container\">\n\t\t\t\t<div class=\"elementor-element elementor-element-f4ac434 elementor-widget elementor-widget-heading\" data-id=\"f4ac434\" data-element_type=\"widget\" data-e-type=\"widget\" data-widget_type=\"heading.default\">\n\t\t\t\t\t<h2 class=\"elementor-heading-title elementor-size-default\">Moraira \u2013 Un elegante refugio costero en la Costa Blanca<\/h2>\t\t\t\t<\/div>\n\t\t\t\t<div class=\"elementor-element elementor-element-66df2ba elementor-widget elementor-widget-text-editor\" data-id=\"66df2ba\" data-element_type=\"widget\" data-e-type=\"widget\" data-widget_type=\"text-editor.default\">\n\t\t\t\t\t\t\t\t\t<p>Moraira es un pintoresco pueblo costero situado entre Calpe y J\u00e1vea. Con su puerto deportivo, boutiques elegantes y calas impresionantes, es un destino muy buscado por quienes buscan unas vacaciones costeras m\u00e1s sofisticadas.<br \/><br \/>Antiguamente un peque\u00f1o puerto pesquero, Moraira se ha convertido en un encantador y exclusivo resort, manteniendo su ambiente relajado de pueblo. Su mezcla de elegancia y tradici\u00f3n atrae a visitantes que buscan tanto comodidad como autenticidad.<\/p>\t\t\t\t\t\t\t\t<\/div>\n\t\t\t\t<\/div>\n\t\t\t\t\t<\/div>\n\t\t\t\t<\/div>\n\t\t\t\t<\/div>\n\t\t","protected":false},"excerpt":{"rendered":"<p>Alquiler de coches en Moraira Alquiler de coches en Moraira con precios todo incluido, desde solo 35 \u20ac al d\u00eda Los mejores precios de alquiler de coches de Rentiago en Moraira Paquete todo incluido Desde 35\u20ac por d\u00eda* Kilometraje ilimitado Conductores adicionales gratuitos Pol\u00edtica de combustible justa (lleno\/lleno) Seguro incluido Asistencia en carretera incluida Edad [&hellip;]<\/p>\n","protected":false},"author":1,"featured_media":11591,"parent":0,"menu_order":0,"comment_status":"closed","ping_status":"closed","template":"elementor_header_footer","meta":{"footnotes":""},"class_list":["post-5211","page","type-page","status-publish","has-post-thumbnail","hentry"],"_links":{"self":[{"href":"https:\/\/rentiago.com\/es\/wp-json\/wp\/v2\/pages\/5211","targetHints":{"allow":["GET"]}}],"collection":[{"href":"https:\/\/rentiago.com\/es\/wp-json\/wp\/v2\/pages"}],"about":[{"href":"https:\/\/rentiago.com\/es\/wp-json\/wp\/v2\/types\/page"}],"author":[{"embeddable":true,"href":"https:\/\/rentiago.com\/es\/wp-json\/wp\/v2\/users\/1"}],"replies":[{"embeddable":true,"href":"https:\/\/rentiago.com\/es\/wp-json\/wp\/v2\/comments?post=5211"}],"version-history":[{"count":0,"href":"https:\/\/rentiago.com\/es\/wp-json\/wp\/v2\/pages\/5211\/revisions"}],"wp:featuredmedia":[{"embeddable":true,"href":"https:\/\/rentiago.com\/es\/wp-json\/wp\/v2\/media\/11591"}],"wp:attachment":[{"href":"https:\/\/rentiago.com\/es\/wp-json\/wp\/v2\/media?parent=5211"}],"curies":[{"name":"wp","href":"https:\/\/api.w.org\/{rel}","templated":true}]}}