{"id":8086,"date":"2025-11-17T13:47:27","date_gmt":"2025-11-17T12:47:27","guid":{"rendered":"https:\/\/rentiago.com\/resenas\/"},"modified":"2026-03-14T22:34:33","modified_gmt":"2026-03-14T21:34:33","slug":"resenas","status":"publish","type":"page","link":"https:\/\/rentiago.com\/es\/resenas\/","title":{"rendered":"Rese\u00f1as"},"content":{"rendered":"\t\t<div data-elementor-type=\"wp-page\" data-elementor-id=\"8086\" class=\"elementor elementor-8086 elementor-5719\" data-elementor-post-type=\"page\">\n\t\t\t\t<div class=\"elementor-element elementor-element-36f5259 e-flex e-con-boxed e-con e-parent\" data-id=\"36f5259\" data-element_type=\"container\" data-e-type=\"container\">\n\t\t\t\t\t<div class=\"e-con-inner\">\n\t\t<header class=\"elementor-element elementor-element-f4ebc41 e-con-full e-flex e-con e-child\" data-id=\"f4ebc41\" data-element_type=\"container\" data-e-type=\"container\">\n\t\t\t\t<div class=\"elementor-element elementor-element-4de74af elementor-widget elementor-widget-heading\" data-id=\"4de74af\" data-element_type=\"widget\" data-e-type=\"widget\" data-widget_type=\"heading.default\">\n\t\t\t\t\t<h1 class=\"elementor-heading-title elementor-size-default\">Rentiago \u2013 Rese\u00f1as de clientes<\/h1>\t\t\t\t<\/div>\n\t\t\t\t<div class=\"elementor-element elementor-element-21ec9c8 elementor-widget elementor-widget-text-editor\" data-id=\"21ec9c8\" data-element_type=\"widget\" data-e-type=\"widget\" data-widget_type=\"text-editor.default\">\n\t\t\t\t\t\t\t\t\tExperiencias reales. Clientes reales.\t\t\t\t\t\t\t\t<\/div>\n\t\t\t\t<div class=\"elementor-element elementor-element-0f79a46 elementor-widget elementor-widget-text-editor\" data-id=\"0f79a46\" data-element_type=\"widget\" data-e-type=\"widget\" data-widget_type=\"text-editor.default\">\n\t\t\t\t\t\t\t\t\tEn Rentiago, trabajamos cada d\u00eda para que tu experiencia de alquiler de coches sea r\u00e1pida, transparente y sin estr\u00e9s.<br>A continuaci\u00f3n, puedes leer opiniones reales de clientes que ya han vivido lo que se siente cuando un alquiler empieza con una sonrisa\u2026 y termina con otra.\t\t\t\t\t\t\t\t<\/div>\n\t\t\t\t<\/header>\n\t\t<section class=\"elementor-element elementor-element-1fa4c8d e-con-full e-flex e-con e-child\" data-id=\"1fa4c8d\" data-element_type=\"container\" data-e-type=\"container\">\n\t\t\t\t<div class=\"elementor-element elementor-element-eb86275 elementor-widget elementor-widget-heading\" data-id=\"eb86275\" data-element_type=\"widget\" data-e-type=\"widget\" data-widget_type=\"heading.default\">\n\t\t\t\t\t<h2 class=\"elementor-heading-title elementor-size-default\">Lo que dicen nuestros clientes<\/h2>\t\t\t\t<\/div>\n\t\t\t\t<div class=\"elementor-element elementor-element-398a8fa elementor-widget elementor-widget-html\" data-id=\"398a8fa\" data-element_type=\"widget\" data-e-type=\"widget\" data-widget_type=\"html.default\">\n\t\t\t\t\t<script defer async src='https:\/\/cdn.trustindex.io\/loader.js?9b17f1358d394454f366783ccec'><\/script>\t\t\t\t<\/div>\n\t\t\t\t<\/section>\n\t\t<section class=\"elementor-element elementor-element-1a2fc4c e-con-full e-flex e-con e-child\" data-id=\"1a2fc4c\" data-element_type=\"container\" data-e-type=\"container\">\n\t\t\t\t<div class=\"elementor-element elementor-element-3a0b972 elementor-widget elementor-widget-heading\" data-id=\"3a0b972\" data-element_type=\"widget\" data-e-type=\"widget\" data-widget_type=\"heading.default\">\n\t\t\t\t\t<h2 class=\"elementor-heading-title elementor-size-default\">Por qu\u00e9 los clientes eligen Rentiago<\/h2>\t\t\t\t<\/div>\n\t\t\t\t<div class=\"elementor-element elementor-element-2e45932 elementor-icon-list--layout-traditional elementor-list-item-link-full_width elementor-widget elementor-widget-icon-list\" data-id=\"2e45932\" data-element_type=\"widget\" data-e-type=\"widget\" data-widget_type=\"icon-list.default\">\n\t\t\t\t\t\t\t<ul class=\"elementor-icon-list-items\">\n\t\t\t\t\t\t\t<li class=\"elementor-icon-list-item\">\n\t\t\t\t\t\t\t\t\t\t\t<span class=\"elementor-icon-list-icon\">\n\t\t\t\t\t\t\t<svg aria-hidden=\"true\" class=\"e-font-icon-svg e-far-dot-circle\" viewBox=\"0 0 512 512\" xmlns=\"http:\/\/www.w3.org\/2000\/svg\"><path d=\"M256 56c110.532 0 200 89.451 200 200 0 110.532-89.451 200-200 200-110.532 0-200-89.451-200-200 0-110.532 89.451-200 200-200m0-48C119.033 8 8 119.033 8 256s111.033 248 248 248 248-111.033 248-248S392.967 8 256 8zm0 168c-44.183 0-80 35.817-80 80s35.817 80 80 80 80-35.817 80-80-35.817-80-80-80z\"><\/path><\/svg>\t\t\t\t\t\t<\/span>\n\t\t\t\t\t\t\t\t\t\t<span class=\"elementor-icon-list-text\">Reserva online r\u00e1pida y sencilla, sin cargos ocultos.<\/span>\n\t\t\t\t\t\t\t\t\t<\/li>\n\t\t\t\t\t\t\t\t<li class=\"elementor-icon-list-item\">\n\t\t\t\t\t\t\t\t\t\t\t<span class=\"elementor-icon-list-icon\">\n\t\t\t\t\t\t\t<svg aria-hidden=\"true\" class=\"e-font-icon-svg e-far-dot-circle\" viewBox=\"0 0 512 512\" xmlns=\"http:\/\/www.w3.org\/2000\/svg\"><path d=\"M256 56c110.532 0 200 89.451 200 200 0 110.532-89.451 200-200 200-110.532 0-200-89.451-200-200 0-110.532 89.451-200 200-200m0-48C119.033 8 8 119.033 8 256s111.033 248 248 248 248-111.033 248-248S392.967 8 256 8zm0 168c-44.183 0-80 35.817-80 80s35.817 80 80 80 80-35.817 80-80-35.817-80-80-80z\"><\/path><\/svg>\t\t\t\t\t\t<\/span>\n\t\t\t\t\t\t\t\t\t\t<span class=\"elementor-icon-list-text\">Flota moderna y bien mantenida: todos los veh\u00edculos se revisan y se limpian antes de cada alquiler.<\/span>\n\t\t\t\t\t\t\t\t\t<\/li>\n\t\t\t\t\t\t\t\t<li class=\"elementor-icon-list-item\">\n\t\t\t\t\t\t\t\t\t\t\t<span class=\"elementor-icon-list-icon\">\n\t\t\t\t\t\t\t<svg aria-hidden=\"true\" class=\"e-font-icon-svg e-far-dot-circle\" viewBox=\"0 0 512 512\" xmlns=\"http:\/\/www.w3.org\/2000\/svg\"><path d=\"M256 56c110.532 0 200 89.451 200 200 0 110.532-89.451 200-200 200-110.532 0-200-89.451-200-200 0-110.532 89.451-200 200-200m0-48C119.033 8 8 119.033 8 256s111.033 248 248 248 248-111.033 248-248S392.967 8 256 8zm0 168c-44.183 0-80 35.817-80 80s35.817 80 80 80 80-35.817 80-80-35.817-80-80-80z\"><\/path><\/svg>\t\t\t\t\t\t<\/span>\n\t\t\t\t\t\t\t\t\t\t<span class=\"elementor-icon-list-text\">Equipo local y cercano, con atenci\u00f3n al cliente disponible en espa\u00f1ol, ingl\u00e9s, alem\u00e1n y h\u00fangaro.<\/span>\n\t\t\t\t\t\t\t\t\t<\/li>\n\t\t\t\t\t\t\t\t<li class=\"elementor-icon-list-item\">\n\t\t\t\t\t\t\t\t\t\t\t<span class=\"elementor-icon-list-icon\">\n\t\t\t\t\t\t\t<svg aria-hidden=\"true\" class=\"e-font-icon-svg e-far-dot-circle\" viewBox=\"0 0 512 512\" xmlns=\"http:\/\/www.w3.org\/2000\/svg\"><path d=\"M256 56c110.532 0 200 89.451 200 200 0 110.532-89.451 200-200 200-110.532 0-200-89.451-200-200 0-110.532 89.451-200 200-200m0-48C119.033 8 8 119.033 8 256s111.033 248 248 248 248-111.033 248-248S392.967 8 256 8zm0 168c-44.183 0-80 35.817-80 80s35.817 80 80 80 80-35.817 80-80-35.817-80-80-80z\"><\/path><\/svg>\t\t\t\t\t\t<\/span>\n\t\t\t\t\t\t\t\t\t\t<span class=\"elementor-icon-list-text\">Opciones flexibles de recogida y devoluci\u00f3n: entrega en el aeropuerto o directamente en tu alojamiento.<\/span>\n\t\t\t\t\t\t\t\t\t<\/li>\n\t\t\t\t\t\t\t\t<li class=\"elementor-icon-list-item\">\n\t\t\t\t\t\t\t\t\t\t\t<span class=\"elementor-icon-list-icon\">\n\t\t\t\t\t\t\t<svg aria-hidden=\"true\" class=\"e-font-icon-svg e-far-dot-circle\" viewBox=\"0 0 512 512\" xmlns=\"http:\/\/www.w3.org\/2000\/svg\"><path d=\"M256 56c110.532 0 200 89.451 200 200 0 110.532-89.451 200-200 200-110.532 0-200-89.451-200-200 0-110.532 89.451-200 200-200m0-48C119.033 8 8 119.033 8 256s111.033 248 248 248 248-111.033 248-248S392.967 8 256 8zm0 168c-44.183 0-80 35.817-80 80s35.817 80 80 80 80-35.817 80-80-35.817-80-80-80z\"><\/path><\/svg>\t\t\t\t\t\t<\/span>\n\t\t\t\t\t\t\t\t\t\t<span class=\"elementor-icon-list-text\">Condiciones transparentes: lo que reservas es exactamente lo que recibes, sin sorpresas.<\/span>\n\t\t\t\t\t\t\t\t\t<\/li>\n\t\t\t\t\t\t<\/ul>\n\t\t\t\t\t\t<\/div>\n\t\t\t\t<\/section>\n\t\t<section class=\"elementor-element elementor-element-df1e233 e-con-full e-flex e-con e-child\" data-id=\"df1e233\" data-element_type=\"container\" data-e-type=\"container\">\n\t\t\t\t<div class=\"elementor-element elementor-element-2413d9e elementor-widget elementor-widget-heading\" data-id=\"2413d9e\" data-element_type=\"widget\" data-e-type=\"widget\" data-widget_type=\"heading.default\">\n\t\t\t\t\t<h3 class=\"elementor-heading-title elementor-size-default\">\u00a1Comparte tu experiencia!<\/h3>\t\t\t\t<\/div>\n\t\t\t\t<div class=\"elementor-element elementor-element-0b16856 elementor-widget elementor-widget-text-editor\" data-id=\"0b16856\" data-element_type=\"widget\" data-e-type=\"widget\" data-widget_type=\"text-editor.default\">\n\t\t\t\t\t\t\t\t\tSi quedaste satisfecho con nuestro servicio, ayuda a otros viajeros a tomar la decisi\u00f3n correcta: escribe una rese\u00f1a r\u00e1pida y cu\u00e9ntanos qu\u00e9 opinas de Rentiago.\t\t\t\t\t\t\t\t<\/div>\n\t\t\t\t<div class=\"elementor-element elementor-element-f80cd9b elementor-widget elementor-widget-button\" data-id=\"f80cd9b\" data-element_type=\"widget\" data-e-type=\"widget\" data-widget_type=\"button.default\">\n\t\t\t\t\t\t\t\t\t\t<a class=\"elementor-button elementor-button-link elementor-size-sm\" href=\"https:\/\/public.trustindex.io\/review\/write\/rentiago.com\">\n\t\t\t\t\t\t<span class=\"elementor-button-content-wrapper\">\n\t\t\t\t\t\t\t\t\t<span class=\"elementor-button-text\">Escribir una rese\u00f1a<\/span>\n\t\t\t\t\t<\/span>\n\t\t\t\t\t<\/a>\n\t\t\t\t\t\t\t\t<\/div>\n\t\t\t\t<div class=\"elementor-element elementor-element-e599ad9 elementor-widget elementor-widget-text-editor\" data-id=\"e599ad9\" data-element_type=\"widget\" data-e-type=\"widget\" data-widget_type=\"text-editor.default\">\n\t\t\t\t\t\t\t\t\tNota:<br>Las rese\u00f1as aparecen en la p\u00e1gina tras ser moderadas.<br>No publicamos datos personales (como direcciones de correo electr\u00f3nico).\t\t\t\t\t\t\t\t<\/div>\n\t\t\t\t<\/section>\n\t\t<section class=\"elementor-element elementor-element-2f3fbc6 e-con-full e-flex e-con e-child\" data-id=\"2f3fbc6\" data-element_type=\"container\" data-e-type=\"container\" data-settings=\"{&quot;background_background&quot;:&quot;classic&quot;}\">\n\t\t\t\t<div class=\"elementor-element elementor-element-c8d922e elementor-widget elementor-widget-heading\" data-id=\"c8d922e\" data-element_type=\"widget\" data-e-type=\"widget\" data-widget_type=\"heading.default\">\n\t\t\t\t\t<h3 class=\"elementor-heading-title elementor-size-default\">\u00a1Gracias por elegir Rentiago!<\/h3>\t\t\t\t<\/div>\n\t\t\t\t<div class=\"elementor-element elementor-element-23f3b60 elementor-widget elementor-widget-text-editor\" data-id=\"23f3b60\" data-element_type=\"widget\" data-e-type=\"widget\" data-widget_type=\"text-editor.default\">\n\t\t\t\t\t\t\t\t\tTanto si nos visitas por vacaciones como por un viaje de negocios, nos alegra formar parte de tu viaje.<br>Trabajamos cada d\u00eda para que tu experiencia con Rentiago sea siempre fluida, r\u00e1pida y cercana.\t\t\t\t\t\t\t\t<\/div>\n\t\t\t\t<div class=\"elementor-element elementor-element-f461631 elementor-widget elementor-widget-html\" data-id=\"f461631\" data-element_type=\"widget\" data-e-type=\"widget\" data-widget_type=\"html.default\">\n\t\t\t\t\t<div class=\"rentiago-brand-message\">\r\n  <h3>Rentiago \u2013 <span>Alquiler de coches f\u00e1cil<\/span><\/h3>\r\n  <p class=\"tagline\">Limpieza \u00b7 Fiabilidad \u00b7 Atenci\u00f3n personalizada<\/p>\r\n<\/div>\r\n\r\n<style>\r\n  .rentiago-brand-message {\r\n    text-align: center;\r\n    padding: 40px 20px;\r\n    font-family: 'Arial', sans-serif;\r\n  }\r\n\r\n  .rentiago-brand-message h3 {\r\n    font-size: 2em;\r\n    font-weight: 600;\r\n    margin-bottom: 10px;\r\n    color: #333;\r\n  }\r\n\r\n  \/* Highlight color changed to #CC3333 *\/\r\n  .rentiago-brand-message h3 span {\r\n    color: #CC3333;\r\n    font-weight: 700;\r\n  }\r\n\r\n  .rentiago-brand-message .tagline {\r\n    font-size: 1.1em;\r\n    color: #555;\r\n    letter-spacing: 1px;\r\n    font-weight: 500;\r\n  }\r\n<\/style>\r\n\t\t\t\t<\/div>\n\t\t<div class=\"elementor-element elementor-element-b376408 e-con-full e-flex e-con e-child\" data-id=\"b376408\" data-element_type=\"container\" data-e-type=\"container\">\n\t\t\t\t<div class=\"elementor-element elementor-element-9817e17 elementor-widget elementor-widget-button\" data-id=\"9817e17\" data-element_type=\"widget\" data-e-type=\"widget\" data-widget_type=\"button.default\">\n\t\t\t\t\t\t\t\t\t\t<a class=\"elementor-button elementor-button-link elementor-size-sm\" href=\"https:\/\/rentiago.com\/es\/reserva\/\">\n\t\t\t\t\t\t<span class=\"elementor-button-content-wrapper\">\n\t\t\t\t\t\t\t\t\t<span class=\"elementor-button-text\">Reservar ahora<\/span>\n\t\t\t\t\t<\/span>\n\t\t\t\t\t<\/a>\n\t\t\t\t\t\t\t\t<\/div>\n\t\t\t\t<div class=\"elementor-element elementor-element-8d160c4 elementor-widget elementor-widget-button\" data-id=\"8d160c4\" data-element_type=\"widget\" data-e-type=\"widget\" data-widget_type=\"button.default\">\n\t\t\t\t\t\t\t\t\t\t<a class=\"elementor-button elementor-button-link elementor-size-sm\" href=\"https:\/\/rentiago.com\/es\/contacto\/\">\n\t\t\t\t\t\t<span class=\"elementor-button-content-wrapper\">\n\t\t\t\t\t\t\t\t\t<span class=\"elementor-button-text\">Cont\u00e1ctanos<\/span>\n\t\t\t\t\t<\/span>\n\t\t\t\t\t<\/a>\n\t\t\t\t\t\t\t\t<\/div>\n\t\t\t\t<\/div>\n\t\t\t\t<\/section>\n\t\t\t\t\t<\/div>\n\t\t\t\t<\/div>\n\t\t<div class=\"elementor-element elementor-element-2acdc3d e-flex e-con-boxed e-con e-parent\" data-id=\"2acdc3d\" data-element_type=\"container\" data-e-type=\"container\">\n\t\t\t\t\t<div class=\"e-con-inner\">\n\t\t\t\t<div class=\"elementor-element elementor-element-61b8391 elementor-widget elementor-widget-spacer\" data-id=\"61b8391\" data-element_type=\"widget\" data-e-type=\"widget\" data-widget_type=\"spacer.default\">\n\t\t\t\t\t\t\t<div class=\"elementor-spacer\">\n\t\t\t<div class=\"elementor-spacer-inner\"><\/div>\n\t\t<\/div>\n\t\t\t\t\t\t<\/div>\n\t\t\t\t\t<\/div>\n\t\t\t\t<\/div>\n\t\t\t\t<\/div>\n\t\t","protected":false},"excerpt":{"rendered":"<p>Rentiago \u2013 Rese\u00f1as de clientes Experiencias reales. Clientes reales.En Rentiago, trabajamos cada d\u00eda para que tu experiencia de alquiler de coches sea r\u00e1pida, transparente y sin estr\u00e9s.A continuaci\u00f3n, puedes leer opiniones reales de clientes que ya han vivido lo que se siente cuando un alquiler empieza con una sonrisa\u2026 y termina con otra. Lo que [&hellip;]<\/p>\n","protected":false},"author":2,"featured_media":0,"parent":0,"menu_order":0,"comment_status":"closed","ping_status":"closed","template":"elementor_header_footer","meta":{"footnotes":""},"class_list":["post-8086","page","type-page","status-publish","hentry"],"_links":{"self":[{"href":"https:\/\/rentiago.com\/es\/wp-json\/wp\/v2\/pages\/8086","targetHints":{"allow":["GET"]}}],"collection":[{"href":"https:\/\/rentiago.com\/es\/wp-json\/wp\/v2\/pages"}],"about":[{"href":"https:\/\/rentiago.com\/es\/wp-json\/wp\/v2\/types\/page"}],"author":[{"embeddable":true,"href":"https:\/\/rentiago.com\/es\/wp-json\/wp\/v2\/users\/2"}],"replies":[{"embeddable":true,"href":"https:\/\/rentiago.com\/es\/wp-json\/wp\/v2\/comments?post=8086"}],"version-history":[{"count":0,"href":"https:\/\/rentiago.com\/es\/wp-json\/wp\/v2\/pages\/8086\/revisions"}],"wp:attachment":[{"href":"https:\/\/rentiago.com\/es\/wp-json\/wp\/v2\/media?parent=8086"}],"curies":[{"name":"wp","href":"https:\/\/api.w.org\/{rel}","templated":true}]}}