{"id":10128,"date":"2025-12-07T23:27:44","date_gmt":"2025-12-07T22:27:44","guid":{"rendered":"https:\/\/rentiago.com\/autoberles-69-eves-felett\/"},"modified":"2026-03-16T12:41:45","modified_gmt":"2026-03-16T11:41:45","slug":"autoberles-69-ev-felett","status":"publish","type":"page","link":"https:\/\/rentiago.com\/hu\/autoberles-69-ev-felett\/","title":{"rendered":"Aut\u00f3b\u00e9rl\u00e9s 69 \u00e9ves felett"},"content":{"rendered":"\t\t<div data-elementor-type=\"wp-page\" data-elementor-id=\"10128\" class=\"elementor elementor-10128 elementor-6735\" data-elementor-post-type=\"page\">\n\t\t\t\t<nav class=\"elementor-element elementor-element-62ff66d e-flex e-con-boxed e-con e-parent\" data-id=\"62ff66d\" data-element_type=\"container\" data-e-type=\"container\">\n\t\t\t\t\t<div class=\"e-con-inner\">\n\t\t<div class=\"elementor-element elementor-element-8340557 e-con-full e-flex e-con e-child\" data-id=\"8340557\" data-element_type=\"container\" data-e-type=\"container\">\n\t\t\t\t<div class=\"elementor-element elementor-element-cee0da5 elementor-widget elementor-widget-text-editor\" data-id=\"cee0da5\" data-element_type=\"widget\" data-e-type=\"widget\" data-widget_type=\"text-editor.default\">\n\t\t\t\t\t\t\t\t\t<nav aria-label=\"breadcrumbs\" class=\"rank-math-breadcrumb\"><p><span class=\"last\">Home<\/span><\/p><\/nav>\t\t\t\t\t\t\t\t<\/div>\n\t\t\t\t<\/div>\n\t\t\t\t\t<\/div>\n\t\t\t\t<\/nav>\n\t\t<header class=\"elementor-element elementor-element-507816e e-flex e-con-boxed e-con e-parent\" data-id=\"507816e\" data-element_type=\"container\" data-e-type=\"container\">\n\t\t\t\t\t<div class=\"e-con-inner\">\n\t\t<div class=\"elementor-element elementor-element-c220ca6 e-con-full e-flex e-con e-child\" data-id=\"c220ca6\" data-element_type=\"container\" data-e-type=\"container\">\n\t\t\t\t<div class=\"elementor-element elementor-element-f7e04b2 elementor-widget elementor-widget-heading\" data-id=\"f7e04b2\" data-element_type=\"widget\" data-e-type=\"widget\" data-widget_type=\"heading.default\">\n\t\t\t\t\t<h1 class=\"elementor-heading-title elementor-size-default\">Aut\u00f3b\u00e9rl\u00e9s 69 \u00e9ves felett<\/h1>\t\t\t\t<\/div>\n\t\t\t\t<div class=\"elementor-element elementor-element-366d6ea elementor-widget elementor-widget-text-editor\" data-id=\"366d6ea\" data-element_type=\"widget\" data-e-type=\"widget\" data-widget_type=\"text-editor.default\">\n\t\t\t\t\t\t\t\t\tSenior Driver Programunk c\u00e9lja, hogy az aut\u00f3b\u00e9rl\u00e9s egyszer\u0171, stresszmentes \u00e9s teljes k\u00f6r\u0171en t\u00e1mogatott legyen a 69 \u00e9v feletti utaz\u00f3k sz\u00e1m\u00e1ra \u2014 \u00e1tl\u00e1that\u00f3 lehet\u0151s\u00e9gekkel \u00e9s bar\u00e1ts\u00e1gos seg\u00edts\u00e9ggel a folyamat minden l\u00e9p\u00e9s\u00e9n\u00e9l.\t\t\t\t\t\t\t\t<\/div>\n\t\t\t\t<div class=\"elementor-element elementor-element-5ea7696 elementor-align-center elementor-widget elementor-widget-button\" data-id=\"5ea7696\" data-element_type=\"widget\" data-e-type=\"widget\" data-widget_type=\"button.default\">\n\t\t\t\t\t\t\t\t\t\t<a class=\"elementor-button elementor-button-link elementor-size-sm\" href=\"https:\/\/rentiago.com\/hu\/foglalas\/\">\n\t\t\t\t\t\t<span class=\"elementor-button-content-wrapper\">\n\t\t\t\t\t\t\t\t\t<span class=\"elementor-button-text\">Aut\u00f3k keres\u00e9se 69 \u00e9v felettieknek<\/span>\n\t\t\t\t\t<\/span>\n\t\t\t\t\t<\/a>\n\t\t\t\t\t\t\t\t<\/div>\n\t\t\t\t<\/div>\n\t\t<div class=\"elementor-element elementor-element-c7001bc e-con-full e-flex e-con e-child\" data-id=\"c7001bc\" data-element_type=\"container\" data-e-type=\"container\">\n\t\t\t\t<div class=\"elementor-element elementor-element-8bed5f4 elementor-widget elementor-widget-image\" data-id=\"8bed5f4\" data-element_type=\"widget\" data-e-type=\"widget\" data-widget_type=\"image.default\">\n\t\t\t\t\t\t\t\t\t\t\t\t\t\t\t<img fetchpriority=\"high\" decoding=\"async\" width=\"800\" height=\"534\" src=\"https:\/\/rentiago.com\/wp-content\/uploads\/2025\/12\/car-hire-for-seniors-1024x683.webp\" class=\"attachment-large size-large wp-image-6740\" alt=\"Happy senior man driving a rental car in Spain with sunglasses\" srcset=\"https:\/\/rentiago.com\/wp-content\/uploads\/2025\/12\/car-hire-for-seniors-1024x683.webp 1024w, https:\/\/rentiago.com\/wp-content\/uploads\/2025\/12\/car-hire-for-seniors-300x200.webp 300w, https:\/\/rentiago.com\/wp-content\/uploads\/2025\/12\/car-hire-for-seniors-768x512.webp 768w, https:\/\/rentiago.com\/wp-content\/uploads\/2025\/12\/car-hire-for-seniors.webp 1536w\" sizes=\"(max-width: 800px) 100vw, 800px\" \/>\t\t\t\t\t\t\t\t\t\t\t\t\t\t\t<\/div>\n\t\t\t\t<\/div>\n\t\t\t\t\t<\/div>\n\t\t\t\t<\/header>\n\t\t<section class=\"elementor-element elementor-element-fd813e7 e-flex e-con-boxed e-con e-parent\" data-id=\"fd813e7\" data-element_type=\"container\" data-e-type=\"container\" data-settings=\"{&quot;background_background&quot;:&quot;classic&quot;}\">\n\t\t\t\t\t<div class=\"e-con-inner\">\n\t\t<div class=\"elementor-element elementor-element-317f3be e-con-full e-flex e-con e-child\" data-id=\"317f3be\" data-element_type=\"container\" data-e-type=\"container\">\n\t\t\t\t<div class=\"elementor-element elementor-element-7bb6dc2 elementor-widget elementor-widget-heading\" data-id=\"7bb6dc2\" data-element_type=\"widget\" data-e-type=\"widget\" data-widget_type=\"heading.default\">\n\t\t\t\t\t<h2 class=\"elementor-heading-title elementor-size-default\">Why customers love Rentiago<\/h2>\t\t\t\t<\/div>\n\t\t<div class=\"elementor-element elementor-element-5e807d1 e-con-full e-flex e-con e-child\" data-id=\"5e807d1\" data-element_type=\"container\" data-e-type=\"container\">\n\t\t\t\t<div class=\"elementor-element elementor-element-caa1158 elementor-widget elementor-widget-html\" data-id=\"caa1158\" data-element_type=\"widget\" data-e-type=\"widget\" data-widget_type=\"html.default\">\n\t\t\t\t\t<script defer async src='https:\/\/cdn.trustindex.io\/loader.js?b30b6ce6192552460c26786ee94'><\/script>\t\t\t\t<\/div>\n\t\t\t\t<\/div>\n\t\t\t\t<\/div>\n\t\t\t\t\t<\/div>\n\t\t\t\t<\/section>\n\t\t<section class=\"elementor-element elementor-element-820108f e-flex e-con-boxed e-con e-parent\" data-id=\"820108f\" data-element_type=\"container\" data-e-type=\"container\">\n\t\t\t\t\t<div class=\"e-con-inner\">\n\t\t<div class=\"elementor-element elementor-element-a03393a e-con-full e-flex e-con e-child\" data-id=\"a03393a\" data-element_type=\"container\" data-e-type=\"container\" data-settings=\"{&quot;background_background&quot;:&quot;classic&quot;}\">\n\t\t\t\t<div class=\"elementor-element elementor-element-a31e3b6 elementor-hidden-desktop elementor-hidden-tablet elementor-widget elementor-widget-image\" data-id=\"a31e3b6\" data-element_type=\"widget\" data-e-type=\"widget\" data-widget_type=\"image.default\">\n\t\t\t\t\t\t\t\t\t\t\t\t\t\t\t<img decoding=\"async\" width=\"683\" height=\"1024\" src=\"https:\/\/rentiago.com\/wp-content\/uploads\/2026\/01\/rentiago-how-it-works-mobile-683x1024.webp\" class=\"attachment-large size-large wp-image-8755\" alt=\"Rentiago \u00fcgyf\u00e9l b\u00e9raut\u00f3val\" srcset=\"https:\/\/rentiago.com\/wp-content\/uploads\/2026\/01\/rentiago-how-it-works-mobile-683x1024.webp 683w, https:\/\/rentiago.com\/wp-content\/uploads\/2026\/01\/rentiago-how-it-works-mobile-200x300.webp 200w, https:\/\/rentiago.com\/wp-content\/uploads\/2026\/01\/rentiago-how-it-works-mobile-768x1152.webp 768w, https:\/\/rentiago.com\/wp-content\/uploads\/2026\/01\/rentiago-how-it-works-mobile.webp 1024w\" sizes=\"(max-width: 683px) 100vw, 683px\" \/>\t\t\t\t\t\t\t\t\t\t\t\t\t\t\t<\/div>\n\t\t\t\t<\/div>\n\t\t<section class=\"elementor-element elementor-element-a6add56 e-con-full e-flex e-con e-child\" data-id=\"a6add56\" data-element_type=\"container\" data-e-type=\"container\" data-settings=\"{&quot;background_background&quot;:&quot;classic&quot;}\">\n\t\t\t\t<div class=\"elementor-element elementor-element-7442b73 elementor-widget elementor-widget-heading\" data-id=\"7442b73\" data-element_type=\"widget\" data-e-type=\"widget\" data-widget_type=\"heading.default\">\n\t\t\t\t\t<h2 class=\"elementor-heading-title elementor-size-default\"><h2>HOW BOOKING WITH <span style=\"color:#CC3333\">RENTIAGO<\/span> WORKS FOR SENIOR DRIVERS<\/h2>\n<\/h2>\t\t\t\t<\/div>\n\t\t<article class=\"elementor-element elementor-element-1d9eea4 e-con-full e-flex e-con e-child\" data-id=\"1d9eea4\" data-element_type=\"container\" data-e-type=\"container\">\n\t\t\t\t<div class=\"elementor-element elementor-element-449ca72 elementor-widget elementor-widget-heading\" data-id=\"449ca72\" data-element_type=\"widget\" data-e-type=\"widget\" data-widget_type=\"heading.default\">\n\t\t\t\t\t<h2 class=\"elementor-heading-title elementor-size-default\">01.<\/h2>\t\t\t\t<\/div>\n\t\t<div class=\"elementor-element elementor-element-726a217 e-con-full e-flex e-con e-child\" data-id=\"726a217\" data-element_type=\"container\" data-e-type=\"container\">\n\t\t\t\t<div class=\"elementor-element elementor-element-b9441e6 elementor-widget elementor-widget-heading\" data-id=\"b9441e6\" data-element_type=\"widget\" data-e-type=\"widget\" data-widget_type=\"heading.default\">\n\t\t\t\t\t<h3 class=\"elementor-heading-title elementor-size-default\">Book your car online<\/h3>\t\t\t\t<\/div>\n\t\t\t\t<div class=\"elementor-element elementor-element-082e869 elementor-widget elementor-widget-text-editor\" data-id=\"082e869\" data-element_type=\"widget\" data-e-type=\"widget\" data-widget_type=\"text-editor.default\">\n\t\t\t\t\t\t\t\t\tBrowse our fleet, choose your car, and add the \u201cSenior Driver\u201d option (69+). All conditions are shown clearly during booking.\t\t\t\t\t\t\t\t<\/div>\n\t\t\t\t<\/div>\n\t\t\t\t<\/article>\n\t\t<article class=\"elementor-element elementor-element-8a97634 e-con-full e-flex e-con e-child\" data-id=\"8a97634\" data-element_type=\"container\" data-e-type=\"container\">\n\t\t\t\t<div class=\"elementor-element elementor-element-c71ddd9 elementor-widget elementor-widget-heading\" data-id=\"c71ddd9\" data-element_type=\"widget\" data-e-type=\"widget\" data-widget_type=\"heading.default\">\n\t\t\t\t\t<h2 class=\"elementor-heading-title elementor-size-default\">02.<\/h2>\t\t\t\t<\/div>\n\t\t<div class=\"elementor-element elementor-element-605bb5e e-con-full e-flex e-con e-child\" data-id=\"605bb5e\" data-element_type=\"container\" data-e-type=\"container\">\n\t\t\t\t<div class=\"elementor-element elementor-element-d38f07d elementor-widget elementor-widget-heading\" data-id=\"d38f07d\" data-element_type=\"widget\" data-e-type=\"widget\" data-widget_type=\"heading.default\">\n\t\t\t\t\t<h3 class=\"elementor-heading-title elementor-size-default\">Easily collect your car<\/h3>\t\t\t\t<\/div>\n\t\t\t\t<div class=\"elementor-element elementor-element-598637a elementor-widget elementor-widget-text-editor\" data-id=\"598637a\" data-element_type=\"widget\" data-e-type=\"widget\" data-widget_type=\"text-editor.default\">\n\t\t\t\t\t\t\t\t\tWe offer 80+ collection spots, so your rental car is always within reach \u2013 wherever you&#8217;re headed.\t\t\t\t\t\t\t\t<\/div>\n\t\t\t\t<\/div>\n\t\t\t\t<\/article>\n\t\t<article class=\"elementor-element elementor-element-9a00ae9 e-con-full e-flex e-con e-child\" data-id=\"9a00ae9\" data-element_type=\"container\" data-e-type=\"container\">\n\t\t\t\t<div class=\"elementor-element elementor-element-9866042 elementor-widget elementor-widget-heading\" data-id=\"9866042\" data-element_type=\"widget\" data-e-type=\"widget\" data-widget_type=\"heading.default\">\n\t\t\t\t\t<h2 class=\"elementor-heading-title elementor-size-default\">03.<\/h2>\t\t\t\t<\/div>\n\t\t<div class=\"elementor-element elementor-element-a5687df e-con-full e-flex e-con e-child\" data-id=\"a5687df\" data-element_type=\"container\" data-e-type=\"container\">\n\t\t\t\t<div class=\"elementor-element elementor-element-66eb11c elementor-widget elementor-widget-heading\" data-id=\"66eb11c\" data-element_type=\"widget\" data-e-type=\"widget\" data-widget_type=\"heading.default\">\n\t\t\t\t\t<h3 class=\"elementor-heading-title elementor-size-default\">Travel with ease<\/h3>\t\t\t\t<\/div>\n\t\t\t\t<div class=\"elementor-element elementor-element-b84b739 elementor-widget elementor-widget-text-editor\" data-id=\"b84b739\" data-element_type=\"widget\" data-e-type=\"widget\" data-widget_type=\"text-editor.default\">\n\t\t\t\t\t\t\t\t\t<p>From city streets to country roads, drive at ease knowing our support line and breakdown service are always there for you.<\/p>\t\t\t\t\t\t\t\t<\/div>\n\t\t\t\t<\/div>\n\t\t\t\t<\/article>\n\t\t\t\t<\/section>\n\t\t\t\t\t<\/div>\n\t\t\t\t<\/section>\n\t\t<section class=\"elementor-element elementor-element-0abfd2f e-flex e-con-boxed e-con e-parent\" data-id=\"0abfd2f\" data-element_type=\"container\" data-e-type=\"container\">\n\t\t\t\t\t<div class=\"e-con-inner\">\n\t\t<div class=\"elementor-element elementor-element-7cc2f6e e-con-full e-flex e-con e-child\" data-id=\"7cc2f6e\" data-element_type=\"container\" data-e-type=\"container\">\n\t\t\t\t<div class=\"elementor-element elementor-element-ec07baf elementor-widget elementor-widget-heading\" data-id=\"ec07baf\" data-element_type=\"widget\" data-e-type=\"widget\" data-widget_type=\"heading.default\">\n\t\t\t\t\t<h3 class=\"elementor-heading-title elementor-size-default\">Other services for a better car hire experience<\/h3>\t\t\t\t<\/div>\n\t\t\t\t<\/div>\n\t\t<div class=\"elementor-element elementor-element-1ec8a6f e-flex e-con-boxed e-con e-child\" data-id=\"1ec8a6f\" data-element_type=\"container\" data-e-type=\"container\">\n\t\t\t\t\t<div class=\"e-con-inner\">\n\t\t<div class=\"elementor-element elementor-element-b922d39 e-con-full e-flex e-con e-child\" data-id=\"b922d39\" data-element_type=\"container\" data-e-type=\"container\" data-settings=\"{&quot;background_background&quot;:&quot;classic&quot;}\">\n\t\t\t\t<div class=\"elementor-element elementor-element-14fe772 elementor-view-default elementor-position-block-start elementor-mobile-position-block-start elementor-widget elementor-widget-icon-box\" data-id=\"14fe772\" data-element_type=\"widget\" data-e-type=\"widget\" data-widget_type=\"icon-box.default\">\n\t\t\t\t\t\t\t<div class=\"elementor-icon-box-wrapper\">\n\n\t\t\t\t\t\t<div class=\"elementor-icon-box-icon\">\n\t\t\t\t<a href=\"https:\/\/rentiago.com\/services\/car-hire-with-additional-drivers\/\" class=\"elementor-icon\" tabindex=\"-1\" aria-label=\"Car hire with additional drivers\">\n\t\t\t\t<svg aria-hidden=\"true\" class=\"e-font-icon-svg e-fas-users\" viewBox=\"0 0 640 512\" xmlns=\"http:\/\/www.w3.org\/2000\/svg\"><path d=\"M96 224c35.3 0 64-28.7 64-64s-28.7-64-64-64-64 28.7-64 64 28.7 64 64 64zm448 0c35.3 0 64-28.7 64-64s-28.7-64-64-64-64 28.7-64 64 28.7 64 64 64zm32 32h-64c-17.6 0-33.5 7.1-45.1 18.6 40.3 22.1 68.9 62 75.1 109.4h66c17.7 0 32-14.3 32-32v-32c0-35.3-28.7-64-64-64zm-256 0c61.9 0 112-50.1 112-112S381.9 32 320 32 208 82.1 208 144s50.1 112 112 112zm76.8 32h-8.3c-20.8 10-43.9 16-68.5 16s-47.6-6-68.5-16h-8.3C179.6 288 128 339.6 128 403.2V432c0 26.5 21.5 48 48 48h288c26.5 0 48-21.5 48-48v-28.8c0-63.6-51.6-115.2-115.2-115.2zm-223.7-13.4C161.5 263.1 145.6 256 128 256H64c-35.3 0-64 28.7-64 64v32c0 17.7 14.3 32 32 32h65.9c6.3-47.4 34.9-87.3 75.2-109.4z\"><\/path><\/svg>\t\t\t\t<\/a>\n\t\t\t<\/div>\n\t\t\t\n\t\t\t\t\t\t<div class=\"elementor-icon-box-content\">\n\n\t\t\t\t\t\t\t\t\t<h3 class=\"elementor-icon-box-title\">\n\t\t\t\t\t\t<a href=\"https:\/\/rentiago.com\/services\/car-hire-with-additional-drivers\/\" >\n\t\t\t\t\t\t\tCar hire with additional drivers\t\t\t\t\t\t<\/a>\n\t\t\t\t\t<\/h3>\n\t\t\t\t\n\t\t\t\t\t\t\t\t\t<p class=\"elementor-icon-box-description\">\n\t\t\t\t\t\tYou can add any number of additional drivers to your booking free of charge.<br> <br>\t\t\t\t\t<\/p>\n\t\t\t\t\n\t\t\t<\/div>\n\t\t\t\n\t\t<\/div>\n\t\t\t\t\t\t<\/div>\n\t\t\t\t<\/div>\n\t\t<div class=\"elementor-element elementor-element-a448ae3 e-con-full e-flex e-con e-child\" data-id=\"a448ae3\" data-element_type=\"container\" data-e-type=\"container\" data-settings=\"{&quot;background_background&quot;:&quot;classic&quot;}\">\n\t\t\t\t<div class=\"elementor-element elementor-element-40ea203 elementor-view-default elementor-position-block-start elementor-mobile-position-block-start elementor-widget elementor-widget-icon-box\" data-id=\"40ea203\" data-element_type=\"widget\" data-e-type=\"widget\" data-widget_type=\"icon-box.default\">\n\t\t\t\t\t\t\t<div class=\"elementor-icon-box-wrapper\">\n\n\t\t\t\t\t\t<div class=\"elementor-icon-box-icon\">\n\t\t\t\t<span  class=\"elementor-icon\">\n\t\t\t\t<svg aria-hidden=\"true\" class=\"e-font-icon-svg e-fas-umbrella-beach\" viewBox=\"0 0 640 512\" xmlns=\"http:\/\/www.w3.org\/2000\/svg\"><path d=\"M115.38 136.9l102.11 37.18c35.19-81.54 86.21-144.29 139-173.7-95.88-4.89-188.78 36.96-248.53 111.8-6.69 8.4-2.66 21.05 7.42 24.72zm132.25 48.16l238.48 86.83c35.76-121.38 18.7-231.66-42.63-253.98-7.4-2.7-15.13-4-23.09-4-58.02.01-128.27 69.17-172.76 171.15zM521.48 60.5c6.22 16.3 10.83 34.6 13.2 55.19 5.74 49.89-1.42 108.23-18.95 166.98l102.62 37.36c10.09 3.67 21.31-3.43 21.57-14.17 2.32-95.69-41.91-187.44-118.44-245.36zM560 447.98H321.06L386 269.5l-60.14-21.9-72.9 200.37H16c-8.84 0-16 7.16-16 16.01v32.01C0 504.83 7.16 512 16 512h544c8.84 0 16-7.17 16-16.01v-32.01c0-8.84-7.16-16-16-16z\"><\/path><\/svg>\t\t\t\t<\/span>\n\t\t\t<\/div>\n\t\t\t\n\t\t\t\t\t\t<div class=\"elementor-icon-box-content\">\n\n\t\t\t\t\t\t\t\t\t<h3 class=\"elementor-icon-box-title\">\n\t\t\t\t\t\t<span  >\n\t\t\t\t\t\t\tSun Umbrella <br> <br>\t\t\t\t\t\t<\/span>\n\t\t\t\t\t<\/h3>\n\t\t\t\t\n\t\t\t\t\t\t\t\t\t<p class=\"elementor-icon-box-description\">\n\t\t\t\t\t\tA practical, lightweight beach umbrella that provides sun protection for your beach days.<br> <br>\t\t\t\t\t<\/p>\n\t\t\t\t\n\t\t\t<\/div>\n\t\t\t\n\t\t<\/div>\n\t\t\t\t\t\t<\/div>\n\t\t\t\t<\/div>\n\t\t<div class=\"elementor-element elementor-element-803ab1b e-con-full e-flex e-con e-child\" data-id=\"803ab1b\" data-element_type=\"container\" data-e-type=\"container\" data-settings=\"{&quot;background_background&quot;:&quot;classic&quot;}\">\n\t\t\t\t<div class=\"elementor-element elementor-element-25bcd4c elementor-view-default elementor-position-block-start elementor-mobile-position-block-start elementor-widget elementor-widget-icon-box\" data-id=\"25bcd4c\" data-element_type=\"widget\" data-e-type=\"widget\" data-widget_type=\"icon-box.default\">\n\t\t\t\t\t\t\t<div class=\"elementor-icon-box-wrapper\">\n\n\t\t\t\t\t\t<div class=\"elementor-icon-box-icon\">\n\t\t\t\t<a href=\"https:\/\/rentiago.com\/hu\/rugalmassagi-kiegeszito\/\" class=\"elementor-icon\" tabindex=\"-1\" aria-label=\"Flexibility Package &lt;br&gt; &lt;br&gt;\">\n\t\t\t\t<svg aria-hidden=\"true\" class=\"e-font-icon-svg e-fas-sync\" viewBox=\"0 0 512 512\" xmlns=\"http:\/\/www.w3.org\/2000\/svg\"><path d=\"M440.65 12.57l4 82.77A247.16 247.16 0 0 0 255.83 8C134.73 8 33.91 94.92 12.29 209.82A12 12 0 0 0 24.09 224h49.05a12 12 0 0 0 11.67-9.26 175.91 175.91 0 0 1 317-56.94l-101.46-4.86a12 12 0 0 0-12.57 12v47.41a12 12 0 0 0 12 12H500a12 12 0 0 0 12-12V12a12 12 0 0 0-12-12h-47.37a12 12 0 0 0-11.98 12.57zM255.83 432a175.61 175.61 0 0 1-146-77.8l101.8 4.87a12 12 0 0 0 12.57-12v-47.4a12 12 0 0 0-12-12H12a12 12 0 0 0-12 12V500a12 12 0 0 0 12 12h47.35a12 12 0 0 0 12-12.6l-4.15-82.57A247.17 247.17 0 0 0 255.83 504c121.11 0 221.93-86.92 243.55-201.82a12 12 0 0 0-11.8-14.18h-49.05a12 12 0 0 0-11.67 9.26A175.86 175.86 0 0 1 255.83 432z\"><\/path><\/svg>\t\t\t\t<\/a>\n\t\t\t<\/div>\n\t\t\t\n\t\t\t\t\t\t<div class=\"elementor-icon-box-content\">\n\n\t\t\t\t\t\t\t\t\t<h3 class=\"elementor-icon-box-title\">\n\t\t\t\t\t\t<a href=\"https:\/\/rentiago.com\/hu\/rugalmassagi-kiegeszito\/\" >\n\t\t\t\t\t\t\tFlexibility Package <br> <br>\t\t\t\t\t\t<\/a>\n\t\t\t\t\t<\/h3>\n\t\t\t\t\n\t\t\t\t\t\t\t\t\t<p class=\"elementor-icon-box-description\">\n\t\t\t\t\t\tYou can cancel your rental free of charge up to 24 hours before pick-up.<br> <br>\t\t\t\t\t<\/p>\n\t\t\t\t\n\t\t\t<\/div>\n\t\t\t\n\t\t<\/div>\n\t\t\t\t\t\t<\/div>\n\t\t\t\t<\/div>\n\t\t\t\t\t<\/div>\n\t\t\t\t<\/div>\n\t\t\t\t\t<\/div>\n\t\t\t\t<\/section>\n\t\t<section class=\"elementor-element elementor-element-645d261 e-flex e-con-boxed e-con e-parent\" data-id=\"645d261\" data-element_type=\"container\" data-e-type=\"container\" data-settings=\"{&quot;background_background&quot;:&quot;classic&quot;}\">\n\t\t\t\t\t<div class=\"e-con-inner\">\n\t\t\t\t<div class=\"elementor-element elementor-element-7e1c082 elementor-widget elementor-widget-heading\" data-id=\"7e1c082\" data-element_type=\"widget\" data-e-type=\"widget\" data-widget_type=\"heading.default\">\n\t\t\t\t\t<h2 class=\"elementor-heading-title elementor-size-default\">Book your car hire for drivers aged 69 and over<\/h2>\t\t\t\t<\/div>\n\t\t\t\t<div class=\"elementor-element elementor-element-7f470d9 elementor-widget elementor-widget-text-editor\" data-id=\"7f470d9\" data-element_type=\"widget\" data-e-type=\"widget\" data-widget_type=\"text-editor.default\">\n\t\t\t\t\t\t\t\t\tBooking page\t\t\t\t\t\t\t\t<\/div>\n\t\t\t\t\t<\/div>\n\t\t\t\t<\/section>\n\t\t<div class=\"elementor-element elementor-element-43396ec e-flex e-con-boxed e-con e-parent\" data-id=\"43396ec\" data-element_type=\"container\" data-e-type=\"container\">\n\t\t\t\t\t<div class=\"e-con-inner\">\n\t\t\t\t<div class=\"elementor-element elementor-element-ab9cab8 elementor-widget elementor-widget-spacer\" data-id=\"ab9cab8\" data-element_type=\"widget\" data-e-type=\"widget\" data-widget_type=\"spacer.default\">\n\t\t\t\t\t\t\t<div class=\"elementor-spacer\">\n\t\t\t<div class=\"elementor-spacer-inner\"><\/div>\n\t\t<\/div>\n\t\t\t\t\t\t<\/div>\n\t\t\t\t\t<\/div>\n\t\t\t\t<\/div>\n\t\t\t\t<\/div>\n\t\t","protected":false},"excerpt":{"rendered":"<p>Aut\u00f3b\u00e9rl\u00e9s 69 \u00e9ves felett Senior Driver Programunk c\u00e9lja, hogy az aut\u00f3b\u00e9rl\u00e9s egyszer\u0171, stresszmentes \u00e9s teljes k\u00f6r\u0171en t\u00e1mogatott legyen a 69 \u00e9v feletti utaz\u00f3k sz\u00e1m\u00e1ra \u2014 \u00e1tl\u00e1that\u00f3 lehet\u0151s\u00e9gekkel \u00e9s bar\u00e1ts\u00e1gos seg\u00edts\u00e9ggel a folyamat minden l\u00e9p\u00e9s\u00e9n\u00e9l. Aut\u00f3k keres\u00e9se 69 \u00e9v felettieknek Why customers love Rentiago HOW BOOKING WITH RENTIAGO WORKS FOR SENIOR DRIVERS 01. Book your car [&hellip;]<\/p>\n","protected":false},"author":2,"featured_media":0,"parent":0,"menu_order":0,"comment_status":"closed","ping_status":"closed","template":"elementor_header_footer","meta":{"footnotes":""},"class_list":["post-10128","page","type-page","status-publish","hentry"],"_links":{"self":[{"href":"https:\/\/rentiago.com\/hu\/wp-json\/wp\/v2\/pages\/10128","targetHints":{"allow":["GET"]}}],"collection":[{"href":"https:\/\/rentiago.com\/hu\/wp-json\/wp\/v2\/pages"}],"about":[{"href":"https:\/\/rentiago.com\/hu\/wp-json\/wp\/v2\/types\/page"}],"author":[{"embeddable":true,"href":"https:\/\/rentiago.com\/hu\/wp-json\/wp\/v2\/users\/2"}],"replies":[{"embeddable":true,"href":"https:\/\/rentiago.com\/hu\/wp-json\/wp\/v2\/comments?post=10128"}],"version-history":[{"count":0,"href":"https:\/\/rentiago.com\/hu\/wp-json\/wp\/v2\/pages\/10128\/revisions"}],"wp:attachment":[{"href":"https:\/\/rentiago.com\/hu\/wp-json\/wp\/v2\/media?parent=10128"}],"curies":[{"name":"wp","href":"https:\/\/api.w.org\/{rel}","templated":true}]}}