{"id":11810,"date":"2025-12-06T00:32:34","date_gmt":"2025-12-05T23:32:34","guid":{"rendered":"https:\/\/rentiago.com\/autoberles-fiatal-soforoknek-18-es-21-ev-kozott\/"},"modified":"2026-03-16T13:47:41","modified_gmt":"2026-03-16T12:47:41","slug":"autoberles-fiatal-soforoknek-18-es-21-ev-kozott","status":"publish","type":"page","link":"https:\/\/rentiago.com\/hu\/autoberles-fiatal-soforoknek-18-es-21-ev-kozott\/","title":{"rendered":"Aut\u00f3b\u00e9rl\u00e9s fiatal sof\u0151r\u00f6knek 18 \u00e9s 21 \u00e9v k\u00f6z\u00f6tt"},"content":{"rendered":"\t\t<div data-elementor-type=\"wp-page\" data-elementor-id=\"11810\" class=\"elementor elementor-11810 elementor-6672\" data-elementor-post-type=\"page\">\n\t\t\t\t<nav class=\"elementor-element elementor-element-5d8913a e-flex e-con-boxed e-con e-parent\" data-id=\"5d8913a\" data-element_type=\"container\" data-e-type=\"container\">\n\t\t\t\t\t<div class=\"e-con-inner\">\n\t\t<div class=\"elementor-element elementor-element-fcc4fb1 e-con-full e-flex e-con e-child\" data-id=\"fcc4fb1\" data-element_type=\"container\" data-e-type=\"container\">\n\t\t\t\t<div class=\"elementor-element elementor-element-b383f31 elementor-widget elementor-widget-text-editor\" data-id=\"b383f31\" data-element_type=\"widget\" data-e-type=\"widget\" data-widget_type=\"text-editor.default\">\n\t\t\t\t\t\t\t\t\t<nav aria-label=\"breadcrumbs\" class=\"rank-math-breadcrumb\"><p><span class=\"last\">Home<\/span><\/p><\/nav>\t\t\t\t\t\t\t\t<\/div>\n\t\t\t\t<\/div>\n\t\t\t\t\t<\/div>\n\t\t\t\t<\/nav>\n\t\t<header class=\"elementor-element elementor-element-f349730 e-flex e-con-boxed e-con e-parent\" data-id=\"f349730\" data-element_type=\"container\" data-e-type=\"container\">\n\t\t\t\t\t<div class=\"e-con-inner\">\n\t\t<div class=\"elementor-element elementor-element-f56f283 e-con-full e-flex e-con e-child\" data-id=\"f56f283\" data-element_type=\"container\" data-e-type=\"container\">\n\t\t\t\t<div class=\"elementor-element elementor-element-b464cfe elementor-widget elementor-widget-heading\" data-id=\"b464cfe\" data-element_type=\"widget\" data-e-type=\"widget\" data-widget_type=\"heading.default\">\n\t\t\t\t\t<h1 class=\"elementor-heading-title elementor-size-default\">Aut\u00f3b\u00e9rl\u00e9s fiatal sof\u0151r\u00f6knek 18 \u00e9s 21 \u00e9v k\u00f6z\u00f6tt<\/h1>\t\t\t\t<\/div>\n\t\t\t\t<div class=\"elementor-element elementor-element-62822d7 elementor-widget elementor-widget-text-editor\" data-id=\"62822d7\" data-element_type=\"widget\" data-e-type=\"widget\" data-widget_type=\"text-editor.default\">\n\t\t\t\t\t\t\t\t\tA Rentiago Rent a Car-n\u00e1l m\u00e1r <strong>18<\/strong> \u00e9ves kort\u00f3l b\u00e9relhetsz aut\u00f3t.\nYoung Driver programunk egyszer\u0171 \u00e9s \u00e1tl\u00e1that\u00f3 aut\u00f3b\u00e9rl\u00e9si lehet\u0151s\u00e9get k\u00edn\u00e1l a <strong>18\u201321<\/strong> \u00e9ves utaz\u00f3knak, akik legal\u00e1bb <strong>1 \u00e9ve<\/strong> \u00e9rv\u00e9nyes jogos\u00edtv\u00e1nnyal rendelkeznek.<\/p>\t\t\t\t\t\t\t\t<\/div>\n\t\t\t\t<div class=\"elementor-element elementor-element-0446dfd elementor-align-left elementor-widget elementor-widget-button\" data-id=\"0446dfd\" data-element_type=\"widget\" data-e-type=\"widget\" data-widget_type=\"button.default\">\n\t\t\t\t\t\t\t\t\t\t<a class=\"elementor-button elementor-button-link elementor-size-sm\" href=\"https:\/\/rentiago.com\/hu\/foglalas\/\">\n\t\t\t\t\t\t<span class=\"elementor-button-content-wrapper\">\n\t\t\t\t\t\t\t\t\t<span class=\"elementor-button-text\">Aut\u00f3k keres\u00e9se 18\u201321 \u00e9veseknek<\/span>\n\t\t\t\t\t<\/span>\n\t\t\t\t\t<\/a>\n\t\t\t\t\t\t\t\t<\/div>\n\t\t\t\t<\/div>\n\t\t<div class=\"elementor-element elementor-element-e044297 e-con-full e-flex e-con e-child\" data-id=\"e044297\" data-element_type=\"container\" data-e-type=\"container\">\n\t\t\t\t<div class=\"elementor-element elementor-element-7a284c6 elementor-widget elementor-widget-image\" data-id=\"7a284c6\" data-element_type=\"widget\" data-e-type=\"widget\" data-widget_type=\"image.default\">\n\t\t\t\t\t\t\t\t\t\t\t\t\t\t\t<img fetchpriority=\"high\" decoding=\"async\" width=\"800\" height=\"534\" src=\"https:\/\/rentiago.com\/wp-content\/uploads\/2025\/12\/Young-drivers-1024x683.webp\" class=\"attachment-large size-large wp-image-6678\" alt=\"Vid\u00e1m fiatal sof\u0151r\u00f6k egy aut\u00f3ban \u00fclnek, mosolyogva utaznak Spanyolorsz\u00e1gban \u2013 a Rentiago 18 \u00e9ves kort\u00f3l el\u00e9rhet\u0151 aut\u00f3b\u00e9rl\u00e9si lehet\u0151s\u00e9geit jelk\u00e9pezve.\" srcset=\"https:\/\/rentiago.com\/wp-content\/uploads\/2025\/12\/Young-drivers-1024x683.webp 1024w, https:\/\/rentiago.com\/wp-content\/uploads\/2025\/12\/Young-drivers-300x200.webp 300w, https:\/\/rentiago.com\/wp-content\/uploads\/2025\/12\/Young-drivers-768x512.webp 768w, https:\/\/rentiago.com\/wp-content\/uploads\/2025\/12\/Young-drivers.webp 1536w\" sizes=\"(max-width: 800px) 100vw, 800px\" \/>\t\t\t\t\t\t\t\t\t\t\t\t\t\t\t<\/div>\n\t\t\t\t<\/div>\n\t\t\t\t\t<\/div>\n\t\t\t\t<\/header>\n\t\t<section class=\"elementor-element elementor-element-daaa19d e-flex e-con-boxed e-con e-parent\" data-id=\"daaa19d\" data-element_type=\"container\" data-e-type=\"container\">\n\t\t\t\t\t<div class=\"e-con-inner\">\n\t\t\t\t<div class=\"elementor-element elementor-element-82be321 elementor-widget elementor-widget-heading\" data-id=\"82be321\" data-element_type=\"widget\" data-e-type=\"widget\" data-widget_type=\"heading.default\">\n\t\t\t\t\t<h2 class=\"elementor-heading-title elementor-size-default\">Mi\u00e9rt v\u00e1laszd a Rentiago-t fiatal sof\u0151rk\u00e9nt?<\/h2>\t\t\t\t<\/div>\n\t\t\t\t<div class=\"elementor-element elementor-element-ec3fbd7 elementor-widget elementor-widget-text-editor\" data-id=\"ec3fbd7\" data-element_type=\"widget\" data-e-type=\"widget\" data-widget_type=\"text-editor.default\">\n\t\t\t\t\t\t\t\t\t<p>Tudjuk, hogy sok spanyolorsz\u00e1gi utaz\u00e1st <strong>fiatal utaz\u00f3k, Erasmus di\u00e1kok, bar\u00e1ti t\u00e1rsas\u00e1gok vagy p\u00e1rok<\/strong> terveznek, akik szeretn\u00e9k \u00e9lvezni a b\u00e9raut\u00f3 ny\u00fajtotta szabads\u00e1got \u2013 m\u00e9g akkor is, ha m\u00e9g nincs sok \u00e9ves vezet\u00e9si tapasztalatuk.<\/p>\t\t\t\t\t\t\t\t<\/div>\n\t\t\t\t<div class=\"elementor-element elementor-element-dd45c88 elementor-widget elementor-widget-text-editor\" data-id=\"dd45c88\" data-element_type=\"widget\" data-e-type=\"widget\" data-widget_type=\"text-editor.default\">\n\t\t\t\t\t\t\t\t\t<ul><li><strong>Fiatal sof\u0151r\u00f6knek is el\u00e9rhet\u0151<\/strong>: aut\u00f3b\u00e9rl\u00e9s 18\u201321 \u00e9veseknek fel\u00e1r ellen\u00e9ben.<\/li><li><strong>Rugalmas \u00e1tv\u00e9teli pontok<\/strong>: Alicante rep\u00fcl\u0151t\u00e9r, Benidorm, tengerparti v\u00e1rosok \u00e9s m\u00e9g sok m\u00e1s hely.<\/li><li><strong>Modern, j\u00f3l karbantartott flotta<\/strong>: kis v\u00e1rosi aut\u00f3kt\u00f3l a kompakt SUV-okig.<\/li><li><strong>\u00c1tl\u00e1that\u00f3 felt\u00e9telek<\/strong>: minden d\u00edj (bele\u00e9rtve a fiatal sof\u0151r fel\u00e1rat is) m\u00e1r a foglal\u00e1s sor\u00e1n l\u00e1that\u00f3.<\/li><\/ul>\t\t\t\t\t\t\t\t<\/div>\n\t\t\t\t\t<\/div>\n\t\t\t\t<\/section>\n\t\t<section class=\"elementor-element elementor-element-2e71acc e-flex e-con-boxed e-con e-parent\" data-id=\"2e71acc\" data-element_type=\"container\" data-e-type=\"container\" data-settings=\"{&quot;background_background&quot;:&quot;classic&quot;}\">\n\t\t\t\t\t<div class=\"e-con-inner\">\n\t\t<div class=\"elementor-element elementor-element-df218d4 e-con-full e-flex e-con e-child\" data-id=\"df218d4\" data-element_type=\"container\" data-e-type=\"container\">\n\t\t\t\t<div class=\"elementor-element elementor-element-4b928d0 elementor-widget elementor-widget-heading\" data-id=\"4b928d0\" data-element_type=\"widget\" data-e-type=\"widget\" data-widget_type=\"heading.default\">\n\t\t\t\t\t<h2 class=\"elementor-heading-title elementor-size-default\">Mi\u00e9rt szeretik a Rentiago-t az \u00fcgyfelek<\/h2>\t\t\t\t<\/div>\n\t\t<div class=\"elementor-element elementor-element-ca56a4e e-con-full e-flex e-con e-child\" data-id=\"ca56a4e\" data-element_type=\"container\" data-e-type=\"container\">\n\t\t\t\t<div class=\"elementor-element elementor-element-051e07d elementor-widget elementor-widget-html\" data-id=\"051e07d\" data-element_type=\"widget\" data-e-type=\"widget\" data-widget_type=\"html.default\">\n\t\t\t\t\t<script defer async src='https:\/\/cdn.trustindex.io\/loader.js?002dfa8633a91113750647d7873'><\/script>\t\t\t\t<\/div>\n\t\t\t\t<\/div>\n\t\t\t\t<\/div>\n\t\t\t\t\t<\/div>\n\t\t\t\t<\/section>\n\t\t<section class=\"elementor-element elementor-element-bd65dab e-flex e-con-boxed e-con e-parent\" data-id=\"bd65dab\" data-element_type=\"container\" data-e-type=\"container\">\n\t\t\t\t\t<div class=\"e-con-inner\">\n\t\t<div class=\"elementor-element elementor-element-41ae86a e-con-full e-flex e-con e-child\" data-id=\"41ae86a\" data-element_type=\"container\" data-e-type=\"container\" data-settings=\"{&quot;background_background&quot;:&quot;classic&quot;}\">\n\t\t\t\t<div class=\"elementor-element elementor-element-2060e45 elementor-hidden-desktop elementor-hidden-tablet elementor-widget elementor-widget-image\" data-id=\"2060e45\" data-element_type=\"widget\" data-e-type=\"widget\" data-widget_type=\"image.default\">\n\t\t\t\t\t\t\t\t\t\t\t\t\t\t\t<img decoding=\"async\" width=\"683\" height=\"1024\" src=\"https:\/\/rentiago.com\/wp-content\/uploads\/2026\/01\/rentiago-how-it-works-mobile-683x1024.webp\" class=\"attachment-large size-large wp-image-8755\" alt=\"Rentiago \u00fcgyf\u00e9l b\u00e9raut\u00f3val\" srcset=\"https:\/\/rentiago.com\/wp-content\/uploads\/2026\/01\/rentiago-how-it-works-mobile-683x1024.webp 683w, https:\/\/rentiago.com\/wp-content\/uploads\/2026\/01\/rentiago-how-it-works-mobile-200x300.webp 200w, https:\/\/rentiago.com\/wp-content\/uploads\/2026\/01\/rentiago-how-it-works-mobile-768x1152.webp 768w, https:\/\/rentiago.com\/wp-content\/uploads\/2026\/01\/rentiago-how-it-works-mobile.webp 1024w\" sizes=\"(max-width: 683px) 100vw, 683px\" \/>\t\t\t\t\t\t\t\t\t\t\t\t\t\t\t<\/div>\n\t\t\t\t<\/div>\n\t\t<section class=\"elementor-element elementor-element-4ed0bde e-con-full e-flex e-con e-child\" data-id=\"4ed0bde\" data-element_type=\"container\" data-e-type=\"container\" data-settings=\"{&quot;background_background&quot;:&quot;classic&quot;}\">\n\t\t\t\t<div class=\"elementor-element elementor-element-8ad6c8c elementor-widget elementor-widget-heading\" data-id=\"8ad6c8c\" data-element_type=\"widget\" data-e-type=\"widget\" data-widget_type=\"heading.default\">\n\t\t\t\t\t<h2 class=\"elementor-heading-title elementor-size-default\"><h2>HOGYAN M\u0170K\u00d6DIK A FOGLAL\u00c1S A <span style=\"color:#CC3333\">RENTIAGO<\/span>-N\u00c1L FIATAL SOF\u0150R\u00d6KNEK<\/h2>\n<\/h2>\t\t\t\t<\/div>\n\t\t<article class=\"elementor-element elementor-element-6a5abd2 e-con-full e-flex e-con e-child\" data-id=\"6a5abd2\" data-element_type=\"container\" data-e-type=\"container\">\n\t\t\t\t<div class=\"elementor-element elementor-element-3b8d281 elementor-widget elementor-widget-heading\" data-id=\"3b8d281\" data-element_type=\"widget\" data-e-type=\"widget\" data-widget_type=\"heading.default\">\n\t\t\t\t\t<h2 class=\"elementor-heading-title elementor-size-default\">01.<\/h2>\t\t\t\t<\/div>\n\t\t<div class=\"elementor-element elementor-element-b9901e2 e-con-full e-flex e-con e-child\" data-id=\"b9901e2\" data-element_type=\"container\" data-e-type=\"container\">\n\t\t\t\t<div class=\"elementor-element elementor-element-ea8eab9 elementor-widget elementor-widget-heading\" data-id=\"ea8eab9\" data-element_type=\"widget\" data-e-type=\"widget\" data-widget_type=\"heading.default\">\n\t\t\t\t\t<h3 class=\"elementor-heading-title elementor-size-default\">Foglalj aut\u00f3t online<\/h3>\t\t\t\t<\/div>\n\t\t\t\t<div class=\"elementor-element elementor-element-5795d42 elementor-widget elementor-widget-text-editor\" data-id=\"5795d42\" data-element_type=\"widget\" data-e-type=\"widget\" data-widget_type=\"text-editor.default\">\n\t\t\t\t\t\t\t\t\tN\u00e9zd meg flott\u00e1nkat, v\u00e1laszd ki az aut\u00f3t, majd add hozz\u00e1 a \u201eFiatal sof\u0151r\u201d opci\u00f3t (18\u201321). Minden felt\u00e9telt egy\u00e9rtelm\u0171en l\u00e1thatsz a foglal\u00e1s sor\u00e1n. \t\t\t\t\t\t\t\t<\/div>\n\t\t\t\t<\/div>\n\t\t\t\t<\/article>\n\t\t<article class=\"elementor-element elementor-element-335e915 e-con-full e-flex e-con e-child\" data-id=\"335e915\" data-element_type=\"container\" data-e-type=\"container\">\n\t\t\t\t<div class=\"elementor-element elementor-element-fde8583 elementor-widget elementor-widget-heading\" data-id=\"fde8583\" data-element_type=\"widget\" data-e-type=\"widget\" data-widget_type=\"heading.default\">\n\t\t\t\t\t<h2 class=\"elementor-heading-title elementor-size-default\">02.<\/h2>\t\t\t\t<\/div>\n\t\t<div class=\"elementor-element elementor-element-1c07e61 e-con-full e-flex e-con e-child\" data-id=\"1c07e61\" data-element_type=\"container\" data-e-type=\"container\">\n\t\t\t\t<div class=\"elementor-element elementor-element-c9f9f6e elementor-widget elementor-widget-heading\" data-id=\"c9f9f6e\" data-element_type=\"widget\" data-e-type=\"widget\" data-widget_type=\"heading.default\">\n\t\t\t\t\t<h3 class=\"elementor-heading-title elementor-size-default\">Vedd \u00e1t az aut\u00f3t egyszer\u0171en<\/h3>\t\t\t\t<\/div>\n\t\t\t\t<div class=\"elementor-element elementor-element-fe53f12 elementor-widget elementor-widget-text-editor\" data-id=\"fe53f12\" data-element_type=\"widget\" data-e-type=\"widget\" data-widget_type=\"text-editor.default\">\n\t\t\t\t\t\t\t\t\t<p>T\u00f6bb mint 80 \u00e1tv\u00e9teli ponttal rendelkez\u00fcnk a t\u00e9rs\u00e9gben, \u00edgy a b\u00e9raut\u00f3d mindig k\u00f6nnyen el\u00e9rhet\u0151 \u2013 b\u00e1rmerre is tartasz.<\/p>\t\t\t\t\t\t\t\t<\/div>\n\t\t\t\t<\/div>\n\t\t\t\t<\/article>\n\t\t<article class=\"elementor-element elementor-element-ac956d8 e-con-full e-flex e-con e-child\" data-id=\"ac956d8\" data-element_type=\"container\" data-e-type=\"container\">\n\t\t\t\t<div class=\"elementor-element elementor-element-40fa580 elementor-widget elementor-widget-heading\" data-id=\"40fa580\" data-element_type=\"widget\" data-e-type=\"widget\" data-widget_type=\"heading.default\">\n\t\t\t\t\t<h2 class=\"elementor-heading-title elementor-size-default\">03.<\/h2>\t\t\t\t<\/div>\n\t\t<div class=\"elementor-element elementor-element-4c9fec8 e-con-full e-flex e-con e-child\" data-id=\"4c9fec8\" data-element_type=\"container\" data-e-type=\"container\">\n\t\t\t\t<div class=\"elementor-element elementor-element-0d03999 elementor-widget elementor-widget-heading\" data-id=\"0d03999\" data-element_type=\"widget\" data-e-type=\"widget\" data-widget_type=\"heading.default\">\n\t\t\t\t\t<h3 class=\"elementor-heading-title elementor-size-default\">Utazz k\u00f6nnyed\u00e9n<\/h3>\t\t\t\t<\/div>\n\t\t\t\t<div class=\"elementor-element elementor-element-7d4af34 elementor-widget elementor-widget-text-editor\" data-id=\"7d4af34\" data-element_type=\"widget\" data-e-type=\"widget\" data-widget_type=\"text-editor.default\">\n\t\t\t\t\t\t\t\t\t<p>A v\u00e1rosi utc\u00e1kt\u00f3l a vid\u00e9ki utakig nyugodtan vezethetsz, hiszen \u00fcgyf\u00e9lszolg\u00e1latunk \u00e9s seg\u00e9lyszolg\u00e1ltat\u00e1sunk mindig rendelkez\u00e9sedre \u00e1ll.<\/p>\t\t\t\t\t\t\t\t<\/div>\n\t\t\t\t<\/div>\n\t\t\t\t<\/article>\n\t\t\t\t<\/section>\n\t\t\t\t\t<\/div>\n\t\t\t\t<\/section>\n\t\t<section class=\"elementor-element elementor-element-1b72db0 e-flex e-con-boxed e-con e-parent\" data-id=\"1b72db0\" data-element_type=\"container\" data-e-type=\"container\">\n\t\t\t\t\t<div class=\"e-con-inner\">\n\t\t<div class=\"elementor-element elementor-element-3c443bd e-con-full e-flex e-con e-child\" data-id=\"3c443bd\" data-element_type=\"container\" data-e-type=\"container\">\n\t\t\t\t<div class=\"elementor-element elementor-element-dd5995d elementor-widget elementor-widget-heading\" data-id=\"dd5995d\" data-element_type=\"widget\" data-e-type=\"widget\" data-widget_type=\"heading.default\">\n\t\t\t\t\t<h3 class=\"elementor-heading-title elementor-size-default\">Tov\u00e1bbi szolg\u00e1ltat\u00e1sok a m\u00e9g jobb aut\u00f3b\u00e9rl\u00e9si \u00e9lm\u00e9ny\u00e9rt<\/h3>\t\t\t\t<\/div>\n\t\t\t\t<\/div>\n\t\t<div class=\"elementor-element elementor-element-a730a0f e-flex e-con-boxed e-con e-child\" data-id=\"a730a0f\" data-element_type=\"container\" data-e-type=\"container\">\n\t\t\t\t\t<div class=\"e-con-inner\">\n\t\t<div class=\"elementor-element elementor-element-330fbc2 e-con-full e-flex e-con e-child\" data-id=\"330fbc2\" data-element_type=\"container\" data-e-type=\"container\" data-settings=\"{&quot;background_background&quot;:&quot;classic&quot;}\">\n\t\t\t\t<div class=\"elementor-element elementor-element-289adb0 elementor-view-default elementor-position-block-start elementor-mobile-position-block-start elementor-widget elementor-widget-icon-box\" data-id=\"289adb0\" data-element_type=\"widget\" data-e-type=\"widget\" data-widget_type=\"icon-box.default\">\n\t\t\t\t\t\t\t<div class=\"elementor-icon-box-wrapper\">\n\n\t\t\t\t\t\t<div class=\"elementor-icon-box-icon\">\n\t\t\t\t<span  class=\"elementor-icon\">\n\t\t\t\t<svg aria-hidden=\"true\" class=\"e-font-icon-svg e-fas-users\" viewBox=\"0 0 640 512\" xmlns=\"http:\/\/www.w3.org\/2000\/svg\"><path d=\"M96 224c35.3 0 64-28.7 64-64s-28.7-64-64-64-64 28.7-64 64 28.7 64 64 64zm448 0c35.3 0 64-28.7 64-64s-28.7-64-64-64-64 28.7-64 64 28.7 64 64 64zm32 32h-64c-17.6 0-33.5 7.1-45.1 18.6 40.3 22.1 68.9 62 75.1 109.4h66c17.7 0 32-14.3 32-32v-32c0-35.3-28.7-64-64-64zm-256 0c61.9 0 112-50.1 112-112S381.9 32 320 32 208 82.1 208 144s50.1 112 112 112zm76.8 32h-8.3c-20.8 10-43.9 16-68.5 16s-47.6-6-68.5-16h-8.3C179.6 288 128 339.6 128 403.2V432c0 26.5 21.5 48 48 48h288c26.5 0 48-21.5 48-48v-28.8c0-63.6-51.6-115.2-115.2-115.2zm-223.7-13.4C161.5 263.1 145.6 256 128 256H64c-35.3 0-64 28.7-64 64v32c0 17.7 14.3 32 32 32h65.9c6.3-47.4 34.9-87.3 75.2-109.4z\"><\/path><\/svg>\t\t\t\t<\/span>\n\t\t\t<\/div>\n\t\t\t\n\t\t\t\t\t\t<div class=\"elementor-icon-box-content\">\n\n\t\t\t\t\t\t\t\t\t<h3 class=\"elementor-icon-box-title\">\n\t\t\t\t\t\t<span  >\n\t\t\t\t\t\t\tAut\u00f3b\u00e9rl\u00e9s tov\u00e1bbi sof\u0151r\u00f6kkel\t\t\t\t\t\t<\/span>\n\t\t\t\t\t<\/h3>\n\t\t\t\t\n\t\t\t\t\t\t\t\t\t<p class=\"elementor-icon-box-description\">\n\t\t\t\t\t\tA foglal\u00e1sodhoz b\u00e1rmennyi tov\u00e1bbi sof\u0151rt hozz\u00e1adhatsz d\u00edjmentesen.<br> <br>\t\t\t\t\t<\/p>\n\t\t\t\t\n\t\t\t<\/div>\n\t\t\t\n\t\t<\/div>\n\t\t\t\t\t\t<\/div>\n\t\t\t\t<\/div>\n\t\t<div class=\"elementor-element elementor-element-446717e e-con-full e-flex e-con e-child\" data-id=\"446717e\" data-element_type=\"container\" data-e-type=\"container\" data-settings=\"{&quot;background_background&quot;:&quot;classic&quot;}\">\n\t\t\t\t<div class=\"elementor-element elementor-element-51163e2 elementor-view-default elementor-position-block-start elementor-mobile-position-block-start elementor-widget elementor-widget-icon-box\" data-id=\"51163e2\" data-element_type=\"widget\" data-e-type=\"widget\" data-widget_type=\"icon-box.default\">\n\t\t\t\t\t\t\t<div class=\"elementor-icon-box-wrapper\">\n\n\t\t\t\t\t\t<div class=\"elementor-icon-box-icon\">\n\t\t\t\t<span  class=\"elementor-icon\">\n\t\t\t\t<svg aria-hidden=\"true\" class=\"e-font-icon-svg e-fas-umbrella-beach\" viewBox=\"0 0 640 512\" xmlns=\"http:\/\/www.w3.org\/2000\/svg\"><path d=\"M115.38 136.9l102.11 37.18c35.19-81.54 86.21-144.29 139-173.7-95.88-4.89-188.78 36.96-248.53 111.8-6.69 8.4-2.66 21.05 7.42 24.72zm132.25 48.16l238.48 86.83c35.76-121.38 18.7-231.66-42.63-253.98-7.4-2.7-15.13-4-23.09-4-58.02.01-128.27 69.17-172.76 171.15zM521.48 60.5c6.22 16.3 10.83 34.6 13.2 55.19 5.74 49.89-1.42 108.23-18.95 166.98l102.62 37.36c10.09 3.67 21.31-3.43 21.57-14.17 2.32-95.69-41.91-187.44-118.44-245.36zM560 447.98H321.06L386 269.5l-60.14-21.9-72.9 200.37H16c-8.84 0-16 7.16-16 16.01v32.01C0 504.83 7.16 512 16 512h544c8.84 0 16-7.17 16-16.01v-32.01c0-8.84-7.16-16-16-16z\"><\/path><\/svg>\t\t\t\t<\/span>\n\t\t\t<\/div>\n\t\t\t\n\t\t\t\t\t\t<div class=\"elementor-icon-box-content\">\n\n\t\t\t\t\t\t\t\t\t<h3 class=\"elementor-icon-box-title\">\n\t\t\t\t\t\t<span  >\n\t\t\t\t\t\t\tNaperny\u0151 <br> <br>\t\t\t\t\t\t<\/span>\n\t\t\t\t\t<\/h3>\n\t\t\t\t\n\t\t\t\t\t\t\t\t\t<p class=\"elementor-icon-box-description\">\n\t\t\t\t\t\tPraktikus, k\u00f6nny\u0171 stranderny\u0151, amely \u00e1rny\u00e9kot \u00e9s v\u00e9delmet ny\u00fajt a naps\u00fct\u00e9s ellen a tengerparti napokon.<br> <br>\t\t\t\t\t<\/p>\n\t\t\t\t\n\t\t\t<\/div>\n\t\t\t\n\t\t<\/div>\n\t\t\t\t\t\t<\/div>\n\t\t\t\t<\/div>\n\t\t<div class=\"elementor-element elementor-element-24394f7 e-con-full e-flex e-con e-child\" data-id=\"24394f7\" data-element_type=\"container\" data-e-type=\"container\" data-settings=\"{&quot;background_background&quot;:&quot;classic&quot;}\">\n\t\t\t\t<div class=\"elementor-element elementor-element-54cb6aa elementor-view-default elementor-position-block-start elementor-mobile-position-block-start elementor-widget elementor-widget-icon-box\" data-id=\"54cb6aa\" data-element_type=\"widget\" data-e-type=\"widget\" data-widget_type=\"icon-box.default\">\n\t\t\t\t\t\t\t<div class=\"elementor-icon-box-wrapper\">\n\n\t\t\t\t\t\t<div class=\"elementor-icon-box-icon\">\n\t\t\t\t<span  class=\"elementor-icon\">\n\t\t\t\t<svg aria-hidden=\"true\" class=\"e-font-icon-svg e-fas-sync\" viewBox=\"0 0 512 512\" xmlns=\"http:\/\/www.w3.org\/2000\/svg\"><path d=\"M440.65 12.57l4 82.77A247.16 247.16 0 0 0 255.83 8C134.73 8 33.91 94.92 12.29 209.82A12 12 0 0 0 24.09 224h49.05a12 12 0 0 0 11.67-9.26 175.91 175.91 0 0 1 317-56.94l-101.46-4.86a12 12 0 0 0-12.57 12v47.41a12 12 0 0 0 12 12H500a12 12 0 0 0 12-12V12a12 12 0 0 0-12-12h-47.37a12 12 0 0 0-11.98 12.57zM255.83 432a175.61 175.61 0 0 1-146-77.8l101.8 4.87a12 12 0 0 0 12.57-12v-47.4a12 12 0 0 0-12-12H12a12 12 0 0 0-12 12V500a12 12 0 0 0 12 12h47.35a12 12 0 0 0 12-12.6l-4.15-82.57A247.17 247.17 0 0 0 255.83 504c121.11 0 221.93-86.92 243.55-201.82a12 12 0 0 0-11.8-14.18h-49.05a12 12 0 0 0-11.67 9.26A175.86 175.86 0 0 1 255.83 432z\"><\/path><\/svg>\t\t\t\t<\/span>\n\t\t\t<\/div>\n\t\t\t\n\t\t\t\t\t\t<div class=\"elementor-icon-box-content\">\n\n\t\t\t\t\t\t\t\t\t<h3 class=\"elementor-icon-box-title\">\n\t\t\t\t\t\t<span  >\n\t\t\t\t\t\t\tRugalmass\u00e1gi kieg\u00e9sz\u00edt\u0151 <br> <br>\t\t\t\t\t\t<\/span>\n\t\t\t\t\t<\/h3>\n\t\t\t\t\n\t\t\t\t\t\t\t\t\t<p class=\"elementor-icon-box-description\">\n\t\t\t\t\t\tAz aut\u00f3b\u00e9rl\u00e9st ak\u00e1r 24 \u00f3r\u00e1val az \u00e1tv\u00e9tel el\u0151tt d\u00edjmentesen lemondhatod.<br> <br>\t\t\t\t\t<\/p>\n\t\t\t\t\n\t\t\t<\/div>\n\t\t\t\n\t\t<\/div>\n\t\t\t\t\t\t<\/div>\n\t\t\t\t<\/div>\n\t\t\t\t\t<\/div>\n\t\t\t\t<\/div>\n\t\t\t\t\t<\/div>\n\t\t\t\t<\/section>\n\t\t<section class=\"elementor-element elementor-element-3224417 e-flex e-con-boxed e-con e-parent\" data-id=\"3224417\" data-element_type=\"container\" data-e-type=\"container\" data-settings=\"{&quot;background_background&quot;:&quot;classic&quot;}\">\n\t\t\t\t\t<div class=\"e-con-inner\">\n\t\t\t\t<div class=\"elementor-element elementor-element-36c096a elementor-widget elementor-widget-heading\" data-id=\"36c096a\" data-element_type=\"widget\" data-e-type=\"widget\" data-widget_type=\"heading.default\">\n\t\t\t\t\t<h2 class=\"elementor-heading-title elementor-size-default\">Foglalj aut\u00f3t 18 \u00e9s 21 \u00e9v k\u00f6z\u00f6tti sof\u0151r\u00f6k sz\u00e1m\u00e1ra.<\/h2>\t\t\t\t<\/div>\n\t\t\t\t<div class=\"elementor-element elementor-element-b6452ad elementor-widget elementor-widget-text-editor\" data-id=\"b6452ad\" data-element_type=\"widget\" data-e-type=\"widget\" data-widget_type=\"text-editor.default\">\n\t\t\t\t\t\t\t\t\tBooking page\t\t\t\t\t\t\t\t<\/div>\n\t\t\t\t\t<\/div>\n\t\t\t\t<\/section>\n\t\t<div class=\"elementor-element elementor-element-4d06f03 e-flex e-con-boxed e-con e-parent\" data-id=\"4d06f03\" data-element_type=\"container\" data-e-type=\"container\">\n\t\t\t\t\t<div class=\"e-con-inner\">\n\t\t\t\t<div class=\"elementor-element elementor-element-9ee81ab elementor-widget elementor-widget-spacer\" data-id=\"9ee81ab\" data-element_type=\"widget\" data-e-type=\"widget\" data-widget_type=\"spacer.default\">\n\t\t\t\t\t\t\t<div class=\"elementor-spacer\">\n\t\t\t<div class=\"elementor-spacer-inner\"><\/div>\n\t\t<\/div>\n\t\t\t\t\t\t<\/div>\n\t\t\t\t\t<\/div>\n\t\t\t\t<\/div>\n\t\t\t\t<\/div>\n\t\t","protected":false},"excerpt":{"rendered":"<p>Aut\u00f3b\u00e9rl\u00e9s fiatal sof\u0151r\u00f6knek 18 \u00e9s 21 \u00e9v k\u00f6z\u00f6tt A Rentiago Rent a Car-n\u00e1l m\u00e1r 18 \u00e9ves kort\u00f3l b\u00e9relhetsz aut\u00f3t. Young Driver programunk egyszer\u0171 \u00e9s \u00e1tl\u00e1that\u00f3 aut\u00f3b\u00e9rl\u00e9si lehet\u0151s\u00e9get k\u00edn\u00e1l a 18\u201321 \u00e9ves utaz\u00f3knak, akik legal\u00e1bb 1 \u00e9ve \u00e9rv\u00e9nyes jogos\u00edtv\u00e1nnyal rendelkeznek. Aut\u00f3k keres\u00e9se 18\u201321 \u00e9veseknek Mi\u00e9rt v\u00e1laszd a Rentiago-t fiatal sof\u0151rk\u00e9nt? Tudjuk, hogy sok spanyolorsz\u00e1gi utaz\u00e1st fiatal [&hellip;]<\/p>\n","protected":false},"author":2,"featured_media":6678,"parent":0,"menu_order":0,"comment_status":"closed","ping_status":"closed","template":"elementor_header_footer","meta":{"footnotes":""},"class_list":["post-11810","page","type-page","status-publish","has-post-thumbnail","hentry"],"_links":{"self":[{"href":"https:\/\/rentiago.com\/hu\/wp-json\/wp\/v2\/pages\/11810","targetHints":{"allow":["GET"]}}],"collection":[{"href":"https:\/\/rentiago.com\/hu\/wp-json\/wp\/v2\/pages"}],"about":[{"href":"https:\/\/rentiago.com\/hu\/wp-json\/wp\/v2\/types\/page"}],"author":[{"embeddable":true,"href":"https:\/\/rentiago.com\/hu\/wp-json\/wp\/v2\/users\/2"}],"replies":[{"embeddable":true,"href":"https:\/\/rentiago.com\/hu\/wp-json\/wp\/v2\/comments?post=11810"}],"version-history":[{"count":0,"href":"https:\/\/rentiago.com\/hu\/wp-json\/wp\/v2\/pages\/11810\/revisions"}],"wp:featuredmedia":[{"embeddable":true,"href":"https:\/\/rentiago.com\/hu\/wp-json\/wp\/v2\/media\/6678"}],"wp:attachment":[{"href":"https:\/\/rentiago.com\/hu\/wp-json\/wp\/v2\/media?parent=11810"}],"curies":[{"name":"wp","href":"https:\/\/api.w.org\/{rel}","templated":true}]}}