{"id":1550,"date":"2025-04-15T13:27:47","date_gmt":"2025-04-15T12:27:47","guid":{"rendered":"https:\/\/rentiago.com\/kapcsolat\/"},"modified":"2025-11-21T15:53:40","modified_gmt":"2025-11-21T14:53:40","slug":"kapcsolat","status":"publish","type":"page","link":"https:\/\/rentiago.com\/hu\/kapcsolat\/","title":{"rendered":"Kapcsolat"},"content":{"rendered":"\t\t<div data-elementor-type=\"wp-page\" data-elementor-id=\"1550\" class=\"elementor elementor-1550 elementor-929\" data-elementor-post-type=\"page\">\n\t\t\t\t<div class=\"elementor-element elementor-element-c0a6772 e-flex e-con-boxed e-con e-parent\" data-id=\"c0a6772\" data-element_type=\"container\" data-e-type=\"container\">\n\t\t\t\t\t<div class=\"e-con-inner\">\n\t\t\t\t<div class=\"elementor-element elementor-element-38a87b8 elementor-widget elementor-widget-text-editor\" data-id=\"38a87b8\" data-element_type=\"widget\" data-e-type=\"widget\" data-widget_type=\"text-editor.default\">\n\t\t\t\t\t\t\t\t\t<h1 align=\"center\">Kapcsolat &amp; t\u00e1mogat\u00e1s<\/h1>\n<p><\/p>\n<p align=\"center\">\nAmennyiben szeretn\u00e9l aut\u00f3t b\u00e9relni Spanyolorsz\u00e1gban, vagy b\u00e1rmilyen m\u00e1s k\u00e9rd\u00e9sed van szolg\u00e1ltat\u00e1sainkkal kapcsolatban, sz\u00edvesen seg\u00edt\u00fcnk.<\/p>\n<p><\/p>\n<p align=\"center\">Foglal\u00e1shoz, k\u00e9rj\u00fck, haszn\u00e1lja online foglal\u00e1si \u0171rlapunkat.<br \/>\nAut\u00f3b\u00e9rl\u00e9s sor\u00e1n felmer\u00fcl\u0151 k\u00e9rd\u00e9sekkel kapcsolatban, a legk\u00f6nnyebben a WhatsApp-on kereszt\u00fcl \u00e9rhet el minket.<br \/>\nMinden egy\u00e9b k\u00e9rd\u00e9ssel \u00e9s egy\u00fcttm\u0171k\u00f6d\u00e9si k\u00e9r\u00e9ssel kapcsolatban k\u00e9rj\u00fck, t\u00f6ltse ki kapcsolatfelv\u00e9teli \u0171rlapunkat.<\/p>\n\t\t\t\t\t\t\t\t<\/div>\n\t\t\t\t\t<\/div>\n\t\t\t\t<\/div>\n\t\t<div class=\"elementor-element elementor-element-cff58be e-flex e-con-boxed e-con e-parent\" data-id=\"cff58be\" data-element_type=\"container\" data-e-type=\"container\">\n\t\t\t\t\t<div class=\"e-con-inner\">\n\t\t<div class=\"elementor-element elementor-element-9a5f462 e-con-full e-flex e-con e-child\" data-id=\"9a5f462\" data-element_type=\"container\" data-e-type=\"container\" data-settings=\"{&quot;background_background&quot;:&quot;classic&quot;}\">\n\t\t\t\t<div class=\"elementor-element elementor-element-47a5a13 elementor-widget elementor-widget-spacer\" data-id=\"47a5a13\" data-element_type=\"widget\" data-e-type=\"widget\" data-widget_type=\"spacer.default\">\n\t\t\t\t\t\t\t<div class=\"elementor-spacer\">\n\t\t\t<div class=\"elementor-spacer-inner\"><\/div>\n\t\t<\/div>\n\t\t\t\t\t\t<\/div>\n\t\t\t\t<div class=\"elementor-element elementor-element-3a3869e elementor-widget elementor-widget-heading\" data-id=\"3a3869e\" data-element_type=\"widget\" data-e-type=\"widget\" data-widget_type=\"heading.default\">\n\t\t\t\t\t<h2 class=\"elementor-heading-title elementor-size-default\">Keresd &amp; foglald le <br>b\u00e9raut\u00f3dat online<\/h2>\t\t\t\t<\/div>\n\t\t\t\t<div class=\"elementor-element elementor-element-e4a02d5 elementor-widget-divider--view-line elementor-widget elementor-widget-divider\" data-id=\"e4a02d5\" data-element_type=\"widget\" data-e-type=\"widget\" data-widget_type=\"divider.default\">\n\t\t\t\t\t\t\t<div class=\"elementor-divider\">\n\t\t\t<span class=\"elementor-divider-separator\">\n\t\t\t\t\t\t<\/span>\n\t\t<\/div>\n\t\t\t\t\t\t<\/div>\n\t\t\t\t<div class=\"elementor-element elementor-element-88c9fba elementor-align-center elementor-widget elementor-widget-button\" data-id=\"88c9fba\" data-element_type=\"widget\" data-e-type=\"widget\" data-widget_type=\"button.default\">\n\t\t\t\t\t\t\t\t\t\t<a class=\"elementor-button elementor-button-link elementor-size-sm\" href=\"https:\/\/rentiago.com\/hu\/\">\n\t\t\t\t\t\t<span class=\"elementor-button-content-wrapper\">\n\t\t\t\t\t\t\t\t\t<span class=\"elementor-button-text\">Tal\u00e1ld meg aut\u00f3dat<\/span>\n\t\t\t\t\t<\/span>\n\t\t\t\t\t<\/a>\n\t\t\t\t\t\t\t\t<\/div>\n\t\t\t\t<div class=\"elementor-element elementor-element-7f6c6d5 elementor-widget elementor-widget-spacer\" data-id=\"7f6c6d5\" data-element_type=\"widget\" data-e-type=\"widget\" data-widget_type=\"spacer.default\">\n\t\t\t\t\t\t\t<div class=\"elementor-spacer\">\n\t\t\t<div class=\"elementor-spacer-inner\"><\/div>\n\t\t<\/div>\n\t\t\t\t\t\t<\/div>\n\t\t\t\t<\/div>\n\t\t<div class=\"elementor-element elementor-element-887dc3c e-con-full e-flex e-con e-child\" data-id=\"887dc3c\" data-element_type=\"container\" data-e-type=\"container\" data-settings=\"{&quot;background_background&quot;:&quot;classic&quot;}\">\n\t\t\t\t<div class=\"elementor-element elementor-element-5baf751 elementor-widget elementor-widget-spacer\" data-id=\"5baf751\" data-element_type=\"widget\" data-e-type=\"widget\" data-widget_type=\"spacer.default\">\n\t\t\t\t\t\t\t<div class=\"elementor-spacer\">\n\t\t\t<div class=\"elementor-spacer-inner\"><\/div>\n\t\t<\/div>\n\t\t\t\t\t\t<\/div>\n\t\t\t\t<div class=\"elementor-element elementor-element-a54d0f0 elementor-widget elementor-widget-heading\" data-id=\"a54d0f0\" data-element_type=\"widget\" data-e-type=\"widget\" data-widget_type=\"heading.default\">\n\t\t\t\t\t<h2 class=\"elementor-heading-title elementor-size-default\">Kapcsolatfelv\u00e9tel <br>\u00fcgyf\u00e9lszolg\u00e1latunkkal <\/h2>\t\t\t\t<\/div>\n\t\t\t\t<div class=\"elementor-element elementor-element-7326e46 elementor-widget-divider--view-line elementor-widget elementor-widget-divider\" data-id=\"7326e46\" data-element_type=\"widget\" data-e-type=\"widget\" data-widget_type=\"divider.default\">\n\t\t\t\t\t\t\t<div class=\"elementor-divider\">\n\t\t\t<span class=\"elementor-divider-separator\">\n\t\t\t\t\t\t<\/span>\n\t\t<\/div>\n\t\t\t\t\t\t<\/div>\n\t\t\t\t<div class=\"elementor-element elementor-element-649d25d elementor-align-center elementor-widget elementor-widget-button\" data-id=\"649d25d\" data-element_type=\"widget\" data-e-type=\"widget\" data-widget_type=\"button.default\">\n\t\t\t\t\t\t\t\t\t\t<a class=\"elementor-button elementor-button-link elementor-size-sm\" href=\"https:\/\/wa.me\/34637548889\" target=\"_blank\" rel=\"noopener\">\n\t\t\t\t\t\t<span class=\"elementor-button-content-wrapper\">\n\t\t\t\t\t\t<span class=\"elementor-button-icon\">\n\t\t\t\t<svg aria-hidden=\"true\" class=\"e-font-icon-svg e-fab-whatsapp\" viewBox=\"0 0 448 512\" xmlns=\"http:\/\/www.w3.org\/2000\/svg\"><path d=\"M380.9 97.1C339 55.1 283.2 32 223.9 32c-122.4 0-222 99.6-222 222 0 39.1 10.2 77.3 29.6 111L0 480l117.7-30.9c32.4 17.7 68.9 27 106.1 27h.1c122.3 0 224.1-99.6 224.1-222 0-59.3-25.2-115-67.1-157zm-157 341.6c-33.2 0-65.7-8.9-94-25.7l-6.7-4-69.8 18.3L72 359.2l-4.4-7c-18.5-29.4-28.2-63.3-28.2-98.2 0-101.7 82.8-184.5 184.6-184.5 49.3 0 95.6 19.2 130.4 54.1 34.8 34.9 56.2 81.2 56.1 130.5 0 101.8-84.9 184.6-186.6 184.6zm101.2-138.2c-5.5-2.8-32.8-16.2-37.9-18-5.1-1.9-8.8-2.8-12.5 2.8-3.7 5.6-14.3 18-17.6 21.8-3.2 3.7-6.5 4.2-12 1.4-32.6-16.3-54-29.1-75.5-66-5.7-9.8 5.7-9.1 16.3-30.3 1.8-3.7.9-6.9-.5-9.7-1.4-2.8-12.5-30.1-17.1-41.2-4.5-10.8-9.1-9.3-12.5-9.5-3.2-.2-6.9-.2-10.6-.2-3.7 0-9.7 1.4-14.8 6.9-5.1 5.6-19.4 19-19.4 46.3 0 27.3 19.9 53.7 22.6 57.4 2.8 3.7 39.1 59.7 94.8 83.8 35.2 15.2 49 16.5 66.6 13.9 10.7-1.6 32.8-13.4 37.4-26.4 4.6-13 4.6-24.1 3.2-26.4-1.3-2.5-5-3.9-10.5-6.6z\"><\/path><\/svg>\t\t\t<\/span>\n\t\t\t\t\t\t\t\t\t<span class=\"elementor-button-text\">Kapcsolat WhatsAppon<\/span>\n\t\t\t\t\t<\/span>\n\t\t\t\t\t<\/a>\n\t\t\t\t\t\t\t\t<\/div>\n\t\t\t\t<\/div>\n\t\t\t\t\t<\/div>\n\t\t\t\t<\/div>\n\t\t<div class=\"elementor-element elementor-element-24d45ac e-flex e-con-boxed e-con e-parent\" data-id=\"24d45ac\" data-element_type=\"container\" data-e-type=\"container\">\n\t\t\t\t\t<div class=\"e-con-inner\">\n\t\t\t\t<div class=\"elementor-element elementor-element-9d6f35d elementor-widget elementor-widget-heading\" data-id=\"9d6f35d\" data-element_type=\"widget\" data-e-type=\"widget\" data-widget_type=\"heading.default\">\n\t\t\t\t\t<h2 class=\"elementor-heading-title elementor-size-default\">Kapcsolatfelv\u00e9teli \u0171rlap<\/h2>\t\t\t\t<\/div>\n\t\t\t\t<div class=\"elementor-element elementor-element-93f4207 elementor-widget-divider--view-line elementor-widget elementor-widget-divider\" data-id=\"93f4207\" data-element_type=\"widget\" data-e-type=\"widget\" data-widget_type=\"divider.default\">\n\t\t\t\t\t\t\t<div class=\"elementor-divider\">\n\t\t\t<span class=\"elementor-divider-separator\">\n\t\t\t\t\t\t<\/span>\n\t\t<\/div>\n\t\t\t\t\t\t<\/div>\n\t\t\t\t<div class=\"elementor-element elementor-element-ea5fcd5 elementor-button-align-start elementor-widget elementor-widget-form\" data-id=\"ea5fcd5\" data-element_type=\"widget\" data-e-type=\"widget\" data-settings=\"{&quot;button_width&quot;:&quot;20&quot;,&quot;step_next_label&quot;:&quot;K\\u00f6vetkez\\u0151&quot;,&quot;step_previous_label&quot;:&quot;El\\u0151z\\u0151&quot;,&quot;step_type&quot;:&quot;number_text&quot;,&quot;step_icon_shape&quot;:&quot;circle&quot;}\" data-widget_type=\"form.default\">\n\t\t\t\t\t\t\t<form class=\"elementor-form\" method=\"post\" name=\"Kapcsolatfelv\u00e9teli \u0171rlap\" aria-label=\"Kapcsolatfelv\u00e9teli \u0171rlap\">\n\t\t\t<input type=\"hidden\" name=\"post_id\" value=\"1550\"\/>\n\t\t\t<input type=\"hidden\" name=\"form_id\" value=\"ea5fcd5\"\/>\n\t\t\t<input type=\"hidden\" name=\"referer_title\" value=\"\" \/>\n\n\t\t\t\n\t\t\t<div class=\"elementor-form-fields-wrapper elementor-labels-above\">\n\t\t\t\t\t\t\t\t<div class=\"elementor-field-type-text elementor-field-group elementor-column elementor-field-group-fullname elementor-col-100 elementor-field-required elementor-mark-required\">\n\t\t\t\t\t\t\t\t\t\t\t\t<label for=\"form-field-fullname\" class=\"elementor-field-label\">\n\t\t\t\t\t\t\t\tVezet\u00e9kn\u00e9v \u00e9s keresztn\u00e9v\t\t\t\t\t\t\t<\/label>\n\t\t\t\t\t\t\t\t\t\t\t\t\t\t<input size=\"1\" type=\"text\" name=\"form_fields[fullname]\" id=\"form-field-fullname\" class=\"elementor-field elementor-size-sm  elementor-field-textual\" required=\"required\">\n\t\t\t\t\t\t\t\t\t\t\t<\/div>\n\t\t\t\t\t\t\t\t<div class=\"elementor-field-type-email elementor-field-group elementor-column elementor-field-group-email elementor-col-100 elementor-field-required elementor-mark-required\">\n\t\t\t\t\t\t\t\t\t\t\t\t<label for=\"form-field-email\" class=\"elementor-field-label\">\n\t\t\t\t\t\t\t\tE-mail c\u00edm\t\t\t\t\t\t\t<\/label>\n\t\t\t\t\t\t\t\t\t\t\t\t\t\t<input size=\"1\" type=\"email\" name=\"form_fields[email]\" id=\"form-field-email\" class=\"elementor-field elementor-size-sm  elementor-field-textual\" required=\"required\">\n\t\t\t\t\t\t\t\t\t\t\t<\/div>\n\t\t\t\t\t\t\t\t<div class=\"elementor-field-type-text elementor-field-group elementor-column elementor-field-group-phonenrmber elementor-col-100 elementor-field-required elementor-mark-required\">\n\t\t\t\t\t\t\t\t\t\t\t\t<label for=\"form-field-phonenrmber\" class=\"elementor-field-label\">\n\t\t\t\t\t\t\t\tTelefonsz\u00e1m\t\t\t\t\t\t\t<\/label>\n\t\t\t\t\t\t\t\t\t\t\t\t\t\t<input size=\"1\" type=\"text\" name=\"form_fields[phonenrmber]\" id=\"form-field-phonenrmber\" class=\"elementor-field elementor-size-sm  elementor-field-textual\" placeholder=\"K\u00e9rj\u00fck, a telefonsz\u00e1mot az orsz\u00e1g el\u0151h\u00edv\u00f3j\u00e1val kezd \u2013 p\u00e9ld\u00e1ul: +34\" required=\"required\">\n\t\t\t\t\t\t\t\t\t\t\t<\/div>\n\t\t\t\t\t\t\t\t<div class=\"elementor-field-type-textarea elementor-field-group elementor-column elementor-field-group-message elementor-col-100 elementor-field-required elementor-mark-required\">\n\t\t\t\t\t\t\t\t\t\t\t\t<label for=\"form-field-message\" class=\"elementor-field-label\">\n\t\t\t\t\t\t\t\t\u00dczenet\t\t\t\t\t\t\t<\/label>\n\t\t\t\t\t\t<textarea class=\"elementor-field-textual elementor-field  elementor-size-sm\" name=\"form_fields[message]\" id=\"form-field-message\" rows=\"4\" required=\"required\"><\/textarea>\t\t\t\t<\/div>\n\t\t\t\t\t\t\t\t<div class=\"elementor-field-type-acceptance elementor-field-group elementor-column elementor-field-group-acceptance elementor-col-100 elementor-field-required elementor-mark-required\">\n\t\t\t\t\t\t\t<div class=\"elementor-field-subgroup\">\n\t\t\t<span class=\"elementor-field-option\">\n\t\t\t\t<input type=\"checkbox\" name=\"form_fields[acceptance]\" id=\"form-field-acceptance\" class=\"elementor-field elementor-size-sm  elementor-acceptance-field\" required=\"required\">\n\t\t\t\t<label for=\"form-field-acceptance\">Tudom\u00e1sul vettem az adatv\u00e9delmi szab\u00e1lyzatot. Hozz\u00e1j\u00e1rulok ahhoz, hogy szem\u00e9lyes adataimat a kapcsolatfelv\u00e9tel \u00e9s tov\u00e1bbi megkeres\u00e9sek c\u00e9lj\u00e1b\u00f3l tart\u00f3san t\u00e1rolj\u00e1k.\u2028Hozz\u00e1j\u00e1rul\u00e1s\u00e1t a j\u00f6v\u0151re n\u00e9zve b\u00e1rmikor visszavonhatja a support (at) rentiago (pont) com e-mail c\u00edmen.<\/label>\t\t\t<\/span>\n\t\t<\/div>\n\t\t\t\t\t\t<\/div>\n\t\t\t\t\t\t\t\t<div class=\"elementor-field-type-hidden elementor-field-group elementor-column elementor-field-group-date elementor-col-100\">\n\t\t\t\t\t\t\t\t\t\t\t\t\t<input size=\"1\" type=\"hidden\" name=\"form_fields[date]\" id=\"form-field-date\" class=\"elementor-field elementor-size-sm  elementor-field-textual\">\n\t\t\t\t\t\t\t\t\t\t\t<\/div>\n\t\t\t\t\t\t\t\t<div class=\"elementor-field-type-text\">\n\t\t\t\t\t<input size=\"1\" type=\"text\" name=\"form_fields[field_9e0562e]\" id=\"form-field-field_9e0562e\" class=\"elementor-field elementor-size-sm \" style=\"display:none !important;\">\t\t\t\t<\/div>\n\t\t\t\t\t\t\t\t<div class=\"elementor-field-type-text\">\n\t\t\t\t\t<input size=\"1\" type=\"text\" name=\"form_fields[field_7af32e4]\" id=\"form-field-field_7af32e4\" class=\"elementor-field elementor-size-sm \" style=\"display:none !important;\">\t\t\t\t<\/div>\n\t\t\t\t\t\t\t\t<div class=\"elementor-field-type-text\">\n\t\t\t\t\t<input size=\"1\" type=\"text\" name=\"form_fields[field_a9694b5]\" id=\"form-field-field_a9694b5\" class=\"elementor-field elementor-size-sm \" style=\"display:none !important;\">\t\t\t\t<\/div>\n\t\t\t\t\t\t\t\t<div class=\"elementor-field-group elementor-column elementor-field-type-submit elementor-col-20 e-form__buttons\">\n\t\t\t\t\t<button class=\"elementor-button elementor-size-md\" type=\"submit\">\n\t\t\t\t\t\t<span class=\"elementor-button-content-wrapper\">\n\t\t\t\t\t\t\t\t\t\t\t\t\t\t\t\t\t\t\t\t\t\t<span class=\"elementor-button-text\">K\u00fcld\u00e9s<\/span>\n\t\t\t\t\t\t\t\t\t\t\t\t\t<\/span>\n\t\t\t\t\t<\/button>\n\t\t\t\t<\/div>\n\t\t\t<\/div>\n\t\t<\/form>\n\t\t\t\t\t\t<\/div>\n\t\t\t\t\t<\/div>\n\t\t\t\t<\/div>\n\t\t\t\t<\/div>\n\t\t","protected":false},"excerpt":{"rendered":"<p>Kapcsolat &amp; t\u00e1mogat\u00e1s Amennyiben szeretn\u00e9l aut\u00f3t b\u00e9relni Spanyolorsz\u00e1gban, vagy b\u00e1rmilyen m\u00e1s k\u00e9rd\u00e9sed van szolg\u00e1ltat\u00e1sainkkal kapcsolatban, sz\u00edvesen seg\u00edt\u00fcnk. Foglal\u00e1shoz, k\u00e9rj\u00fck, haszn\u00e1lja online foglal\u00e1si \u0171rlapunkat. Aut\u00f3b\u00e9rl\u00e9s sor\u00e1n felmer\u00fcl\u0151 k\u00e9rd\u00e9sekkel kapcsolatban, a legk\u00f6nnyebben a WhatsApp-on kereszt\u00fcl \u00e9rhet el minket. Minden egy\u00e9b k\u00e9rd\u00e9ssel \u00e9s egy\u00fcttm\u0171k\u00f6d\u00e9si k\u00e9r\u00e9ssel kapcsolatban k\u00e9rj\u00fck, t\u00f6ltse ki kapcsolatfelv\u00e9teli \u0171rlapunkat. Keresd &amp; foglald le b\u00e9raut\u00f3dat online Tal\u00e1ld [&hellip;]<\/p>\n","protected":false},"author":1,"featured_media":933,"parent":0,"menu_order":0,"comment_status":"closed","ping_status":"closed","template":"elementor_header_footer","meta":{"footnotes":""},"class_list":["post-1550","page","type-page","status-publish","has-post-thumbnail","hentry"],"_links":{"self":[{"href":"https:\/\/rentiago.com\/hu\/wp-json\/wp\/v2\/pages\/1550","targetHints":{"allow":["GET"]}}],"collection":[{"href":"https:\/\/rentiago.com\/hu\/wp-json\/wp\/v2\/pages"}],"about":[{"href":"https:\/\/rentiago.com\/hu\/wp-json\/wp\/v2\/types\/page"}],"author":[{"embeddable":true,"href":"https:\/\/rentiago.com\/hu\/wp-json\/wp\/v2\/users\/1"}],"replies":[{"embeddable":true,"href":"https:\/\/rentiago.com\/hu\/wp-json\/wp\/v2\/comments?post=1550"}],"version-history":[{"count":0,"href":"https:\/\/rentiago.com\/hu\/wp-json\/wp\/v2\/pages\/1550\/revisions"}],"wp:featuredmedia":[{"embeddable":true,"href":"https:\/\/rentiago.com\/hu\/wp-json\/wp\/v2\/media\/933"}],"wp:attachment":[{"href":"https:\/\/rentiago.com\/hu\/wp-json\/wp\/v2\/media?parent=1550"}],"curies":[{"name":"wp","href":"https:\/\/api.w.org\/{rel}","templated":true}]}}