{"id":186,"date":"2025-04-07T11:28:03","date_gmt":"2025-04-07T10:28:03","guid":{"rendered":"https:\/\/rentiago.com\/rentiago\/"},"modified":"2026-01-28T01:43:30","modified_gmt":"2026-01-28T00:43:30","slug":"rentiago","status":"publish","type":"page","link":"https:\/\/rentiago.com\/hu\/","title":{"rendered":"Rentiago"},"content":{"rendered":"\t\t<div data-elementor-type=\"wp-page\" data-elementor-id=\"186\" class=\"elementor elementor-186 elementor-160\" data-elementor-post-type=\"page\">\n\t\t\t\t<div class=\"elementor-element elementor-element-354c531 e-flex e-con-boxed e-con e-parent\" data-id=\"354c531\" data-element_type=\"container\" data-e-type=\"container\">\n\t\t\t\t\t<div class=\"e-con-inner\">\n\t\t<div class=\"elementor-element elementor-element-a8d52d8 e-con-full e-flex e-con e-child\" data-id=\"a8d52d8\" data-element_type=\"container\" data-e-type=\"container\">\n\t\t\t\t<div class=\"elementor-element elementor-element-fed1277 elementor-widget elementor-widget-heading\" data-id=\"fed1277\" data-element_type=\"widget\" data-e-type=\"widget\" data-widget_type=\"heading.default\">\n\t\t\t\t\t<h1 class=\"elementor-heading-title elementor-size-default\">Aut\u00f3b\u00e9rl\u00e9s - Rentiago<\/h1>\t\t\t\t<\/div>\n\t\t\t\t<div class=\"elementor-element elementor-element-4b035b2 elementor-widget elementor-widget-text-editor\" data-id=\"4b035b2\" data-element_type=\"widget\" data-e-type=\"widget\" data-widget_type=\"text-editor.default\">\n\t\t\t\t\t\t\t\t\t<p>\u00c9lvezd a verhetetlen szolg\u00e1ltat\u00e1st \u00e9s az okos aut\u00f3b\u00e9rl\u00e9si aj\u00e1nlatokat a Rentiago-val, b\u00e1rhol \u00e9s b\u00e1rmikor is utazol.<\/p><p>Minden aut\u00f3b\u00e9rl\u00e9shez garant\u00e1lt rugalmass\u00e1g j\u00e1r: \u00f6nr\u00e9sz n\u00e9lk\u00fcl, korl\u00e1tlan kilom\u00e9terrel, h\u00e9tf\u0151t\u0151l vas\u00e1rnapig, a nap 24 \u00f3r\u00e1j\u00e1ban el\u00e9rhet\u0151 \u00e1tv\u00e9tellel \u00e9s lead\u00e1ssal.<\/p><p><strong>35,- \u20ac \/ napt\u00f3l<\/strong><\/p>\t\t\t\t\t\t\t\t<\/div>\n\t\t\t\t<\/div>\n\t\t<div class=\"elementor-element elementor-element-f96f02c e-con-full e-flex e-con e-child\" data-id=\"f96f02c\" data-element_type=\"container\" data-e-type=\"container\">\n\t\t\t\t<div class=\"elementor-element elementor-element-880b1f2 elementor-widget elementor-widget-image\" data-id=\"880b1f2\" data-element_type=\"widget\" data-e-type=\"widget\" data-widget_type=\"image.default\">\n\t\t\t\t\t\t\t\t\t\t\t\t\t\t\t<img fetchpriority=\"high\" decoding=\"async\" width=\"800\" height=\"534\" src=\"https:\/\/rentiago.com\/wp-content\/uploads\/2026\/01\/rentiago-car-rental-hero-1024x683.webp\" class=\"attachment-large size-large wp-image-8396\" alt=\"Aut\u00f3b\u00e9rl\u00e9s Rentiago \u2013 modern j\u00e1rm\u0171vek \u00e9s megb\u00edzhat\u00f3 szolg\u00e1ltat\u00e1s\" srcset=\"https:\/\/rentiago.com\/wp-content\/uploads\/2026\/01\/rentiago-car-rental-hero-1024x683.webp 1024w, https:\/\/rentiago.com\/wp-content\/uploads\/2026\/01\/rentiago-car-rental-hero-300x200.webp 300w, https:\/\/rentiago.com\/wp-content\/uploads\/2026\/01\/rentiago-car-rental-hero-768x512.webp 768w, https:\/\/rentiago.com\/wp-content\/uploads\/2026\/01\/rentiago-car-rental-hero.webp 1200w\" sizes=\"(max-width: 800px) 100vw, 800px\" \/>\t\t\t\t\t\t\t\t\t\t\t\t\t\t\t<\/div>\n\t\t\t\t<\/div>\n\t\t\t\t\t<\/div>\n\t\t\t\t<\/div>\n\t\t<div class=\"elementor-element elementor-element-478baad e-flex e-con-boxed e-con e-parent\" data-id=\"478baad\" data-element_type=\"container\" data-e-type=\"container\" data-settings=\"{&quot;background_background&quot;:&quot;classic&quot;}\">\n\t\t\t\t\t<div class=\"e-con-inner\">\n\t\t\t\t<div class=\"elementor-element elementor-element-0521b1f elementor-widget elementor-widget-text-editor\" data-id=\"0521b1f\" data-element_type=\"widget\" data-e-type=\"widget\" data-widget_type=\"text-editor.default\">\n\t\t\t\t\t\t\t\t\tBooking page\n\t\t\t\t\t\t\t\t<\/div>\n\t\t\t\t\t<\/div>\n\t\t\t\t<\/div>\n\t\t<div class=\"elementor-element elementor-element-7e13f78 e-flex e-con-boxed e-con e-parent\" data-id=\"7e13f78\" data-element_type=\"container\" data-e-type=\"container\">\n\t\t\t\t\t<div class=\"e-con-inner\">\n\t\t<div class=\"elementor-element elementor-element-d58ac98 e-con-full e-flex e-con e-child\" data-id=\"d58ac98\" data-element_type=\"container\" data-e-type=\"container\" data-settings=\"{&quot;background_background&quot;:&quot;classic&quot;}\">\n\t\t\t\t<div class=\"elementor-element elementor-element-26e9d4b elementor-widget elementor-widget-heading\" data-id=\"26e9d4b\" data-element_type=\"widget\" data-e-type=\"widget\" data-widget_type=\"heading.default\">\n\t\t\t\t\t<h2 class=\"elementor-heading-title elementor-size-default\">Nincsenek rejtett d\u00edjak - csak szabads\u00e1g<\/h2>\t\t\t\t<\/div>\n\t\t\t\t<div class=\"elementor-element elementor-element-d4e94a2 elementor-widget elementor-widget-text-editor\" data-id=\"d4e94a2\" data-element_type=\"widget\" data-e-type=\"widget\" data-widget_type=\"text-editor.default\">\n\t\t\t\t\t\t\t\t\t<p>Mindent mag\u00e1ban foglal\u00f3 \u00e1rk\u00e9pz\u00e9s a k\u00f6vetkez\u0151kkel: <strong>teljes biztos\u00edt\u00e1s, k\u00f6z\u00fati seg\u00e9lyszolg\u00e1lat, korl\u00e1tlan kilom\u00e9ter, zero kauci\u00f3, \u00e9s 0,-\u20ac \u00f6nr\u00e9sz<\/strong>.<\/p>\n\t\t\t\t\t\t\t\t<\/div>\n\t\t\t\t<\/div>\n\t\t<div class=\"elementor-element elementor-element-95ea3a7 e-con-full e-flex e-con e-child\" data-id=\"95ea3a7\" data-element_type=\"container\" data-e-type=\"container\" data-settings=\"{&quot;background_background&quot;:&quot;classic&quot;}\">\n\t\t\t\t<div class=\"elementor-element elementor-element-a38c726 elementor-widget elementor-widget-heading\" data-id=\"a38c726\" data-element_type=\"widget\" data-e-type=\"widget\" data-widget_type=\"heading.default\">\n\t\t\t\t\t<h3 class=\"elementor-heading-title elementor-size-default\">24\/7 \u00e1tv\u00e9tel \u00e9s visszav\u00e9tel, minden nap<\/h3>\t\t\t\t<\/div>\n\t\t\t\t<\/div>\n\t\t<div class=\"elementor-element elementor-element-7f0f41e e-con-full e-flex e-con e-child\" data-id=\"7f0f41e\" data-element_type=\"container\" data-e-type=\"container\" data-settings=\"{&quot;background_background&quot;:&quot;classic&quot;}\">\n\t\t\t\t<div class=\"elementor-element elementor-element-0498a7c elementor-widget elementor-widget-heading\" data-id=\"0498a7c\" data-element_type=\"widget\" data-e-type=\"widget\" data-widget_type=\"heading.default\">\n\t\t\t\t\t<h4 class=\"elementor-heading-title elementor-size-default\">Bar\u00e1ts\u00e1gos, magyarul besz\u00e9l\u0151 csapatunkat b\u00e1rmikor el\u00e9rheted WhatsAppon, Messengeren vagy Viberen kereszt\u00fcl.<\/h4>\t\t\t\t<\/div>\n\t\t\t\t<\/div>\n\t\t<div class=\"elementor-element elementor-element-ce8b550 e-con-full e-flex e-con e-child\" data-id=\"ce8b550\" data-element_type=\"container\" data-e-type=\"container\" data-settings=\"{&quot;background_background&quot;:&quot;classic&quot;}\">\n\t\t\t\t<div class=\"elementor-element elementor-element-e16c64b elementor-widget elementor-widget-heading\" data-id=\"e16c64b\" data-element_type=\"widget\" data-e-type=\"widget\" data-widget_type=\"heading.default\">\n\t\t\t\t\t<h2 class=\"elementor-heading-title elementor-size-default\">Vedd fel b\u00e1rhol, fedezd fel b\u00e1rhol<\/h2>\t\t\t\t<\/div>\n\t\t\t\t<div class=\"elementor-element elementor-element-d68e019 elementor-widget elementor-widget-text-editor\" data-id=\"d68e019\" data-element_type=\"widget\" data-e-type=\"widget\" data-widget_type=\"text-editor.default\">\n\t\t\t\t\t\t\t\t\t<p>T\u00f6bb mint 80 \u00e1tv\u00e9teli ponttal Costa Blanca-szerte, a rep\u00fcl\u0151terekt\u0151l a hangulatos v\u00e1rosokig \u00e9s kempingekig.<\/p>\n\t\t\t\t\t\t\t\t<\/div>\n\t\t\t\t<\/div>\n\t\t\t\t\t<\/div>\n\t\t\t\t<\/div>\n\t\t<div class=\"elementor-element elementor-element-08d4091 e-flex e-con-boxed e-con e-parent\" data-id=\"08d4091\" data-element_type=\"container\" data-e-type=\"container\" data-settings=\"{&quot;background_background&quot;:&quot;classic&quot;}\">\n\t\t\t\t\t<div class=\"e-con-inner\">\n\t\t\t\t<div class=\"elementor-element elementor-element-bc4e935 elementor-testimonial--skin-default elementor-testimonial--layout-image_inline elementor-testimonial--align-center elementor-arrows-yes elementor-pagination-type-bullets elementor-widget elementor-widget-testimonial-carousel\" data-id=\"bc4e935\" data-element_type=\"widget\" data-e-type=\"widget\" data-settings=\"{&quot;show_arrows&quot;:&quot;yes&quot;,&quot;pagination&quot;:&quot;bullets&quot;,&quot;speed&quot;:500,&quot;autoplay&quot;:&quot;yes&quot;,&quot;autoplay_speed&quot;:5000,&quot;loop&quot;:&quot;yes&quot;,&quot;pause_on_hover&quot;:&quot;yes&quot;,&quot;pause_on_interaction&quot;:&quot;yes&quot;,&quot;space_between&quot;:{&quot;unit&quot;:&quot;px&quot;,&quot;size&quot;:10,&quot;sizes&quot;:[]},&quot;space_between_tablet&quot;:{&quot;unit&quot;:&quot;px&quot;,&quot;size&quot;:10,&quot;sizes&quot;:[]},&quot;space_between_mobile&quot;:{&quot;unit&quot;:&quot;px&quot;,&quot;size&quot;:10,&quot;sizes&quot;:[]}}\" data-widget_type=\"testimonial-carousel.default\">\n\t\t\t\t\t\t\t\t\t\t<div class=\"elementor-main-swiper swiper\" role=\"region\" aria-roledescription=\"carousel\" aria-label=\"Testimonials\">\n\t\t\t\t<div class=\"swiper-wrapper\">\n\t\t\t\t\t\t\t\t\t\t\t<div class=\"swiper-slide\" role=\"group\" aria-roledescription=\"slide\">\n\t\t\t\t\t\t\t\t\t<div class=\"elementor-testimonial\">\n\t\t\t\t\t\t\t<div class=\"elementor-testimonial__content\">\n\t\t\t\t\t<div class=\"elementor-testimonial__text\">\n\t\t\t\t\t\t<p>Nagyszer\u0171 \u00e9lm\u00e9ny, makul\u00e1tlan aut\u00f3.<\/p>\n\t\t\t\t\t<\/div>\n\t\t\t\t\t\t\t\t\t<\/div>\n\t\t\t\t\t\t<div class=\"elementor-testimonial__footer\">\n\t\t\t\t\t\t\t\t\t<div class=\"elementor-testimonial__image\">\n\t\t\t\t\t\t<img decoding=\"async\" src=\"https:\/\/rentiago.com\/wp-content\/uploads\/2025\/05\/profil-1.webp\" alt=\"William profile\">\n\t\t\t\t\t\t\t\t\t\t\t<\/div>\n\t\t\t\t\t\t\t\t<cite class=\"elementor-testimonial__cite\"><span class=\"elementor-testimonial__name\">William<\/span><\/cite>\t\t\t<\/div>\n\t\t<\/div>\n\t\t\t\t\t\t\t\t<\/div>\n\t\t\t\t\t\t\t\t\t\t\t<div class=\"swiper-slide\" role=\"group\" aria-roledescription=\"slide\">\n\t\t\t\t\t\t\t\t\t<div class=\"elementor-testimonial\">\n\t\t\t\t\t\t\t<div class=\"elementor-testimonial__content\">\n\t\t\t\t\t<div class=\"elementor-testimonial__text\">\n\t\t\t\t\t\t<p>B\u00e1rcsak minden aut\u00f3k\u00f6lcs\u00f6nz\u0151 c\u00e9g olyan lenne, mint a Rentiago. Minden \u00edg\u00e9ret\u00fcket betartott\u00e1k, s\u0151t, m\u00e9g az elv\u00e1r\u00e1sainkat is fel\u00fclm\u00falt\u00e1k. A j\u00f6v\u0151ben mindig itt fogunk aut\u00f3t foglalni.<\/p>\n\t\t\t\t\t<\/div>\n\t\t\t\t\t\t\t\t\t<\/div>\n\t\t\t\t\t\t<div class=\"elementor-testimonial__footer\">\n\t\t\t\t\t\t\t\t\t<div class=\"elementor-testimonial__image\">\n\t\t\t\t\t\t<img decoding=\"async\" src=\"https:\/\/rentiago.com\/wp-content\/uploads\/2025\/05\/profile-2.webp\" alt=\"Zsuzsa profile\">\n\t\t\t\t\t\t\t\t\t\t\t<\/div>\n\t\t\t\t\t\t\t\t<cite class=\"elementor-testimonial__cite\"><span class=\"elementor-testimonial__name\">Zsuzsa<\/span><\/cite>\t\t\t<\/div>\n\t\t<\/div>\n\t\t\t\t\t\t\t\t<\/div>\n\t\t\t\t\t\t\t\t\t\t\t<div class=\"swiper-slide\" role=\"group\" aria-roledescription=\"slide\">\n\t\t\t\t\t\t\t\t\t<div class=\"elementor-testimonial\">\n\t\t\t\t\t\t\t<div class=\"elementor-testimonial__content\">\n\t\t\t\t\t<div class=\"elementor-testimonial__text\">\n\t\t\t\t\t\t<p>El\u0151sz\u00f6r azt hitt\u00fck, hogy a Rentiago dr\u00e1g\u00e1bb lesz, de v\u00e9g\u00fcl az all inclusive csomagoknak k\u00f6sz\u00f6nhet\u0151en vagy kevesebbe, vagy ugyanannyiba ker\u00fcl, mint m\u00e1s aut\u00f3k\u00f6lcs\u00f6nz\u0151 c\u00e9gek.<\/p>\n\t\t\t\t\t<\/div>\n\t\t\t\t\t\t\t\t\t<\/div>\n\t\t\t\t\t\t<div class=\"elementor-testimonial__footer\">\n\t\t\t\t\t\t\t\t\t<div class=\"elementor-testimonial__image\">\n\t\t\t\t\t\t<img decoding=\"async\" src=\"https:\/\/rentiago.com\/wp-content\/uploads\/2025\/05\/profile-3.webp\" alt=\"Peter\">\n\t\t\t\t\t\t\t\t\t\t\t<\/div>\n\t\t\t\t\t\t\t\t<cite class=\"elementor-testimonial__cite\"><span class=\"elementor-testimonial__name\">Peter<\/span><\/cite>\t\t\t<\/div>\n\t\t<\/div>\n\t\t\t\t\t\t\t\t<\/div>\n\t\t\t\t\t\t\t\t\t<\/div>\n\t\t\t\t\t\t\t\t\t\t\t\t\t\t\t<div class=\"elementor-swiper-button elementor-swiper-button-prev\" role=\"button\" tabindex=\"0\" aria-label=\"Previous\">\n\t\t\t\t\t\t\t<svg aria-hidden=\"true\" class=\"e-font-icon-svg e-eicon-chevron-left\" viewBox=\"0 0 1000 1000\" xmlns=\"http:\/\/www.w3.org\/2000\/svg\"><path d=\"M646 125C629 125 613 133 604 142L308 442C296 454 292 471 292 487 292 504 296 521 308 533L604 854C617 867 629 875 646 875 663 875 679 871 692 858 704 846 713 829 713 812 713 796 708 779 692 767L438 487 692 225C700 217 708 204 708 187 708 171 704 154 692 142 675 129 663 125 646 125Z\"><\/path><\/svg>\t\t\t\t\t\t<\/div>\n\t\t\t\t\t\t<div class=\"elementor-swiper-button elementor-swiper-button-next\" role=\"button\" tabindex=\"0\" aria-label=\"Next\">\n\t\t\t\t\t\t\t<svg aria-hidden=\"true\" class=\"e-font-icon-svg e-eicon-chevron-right\" viewBox=\"0 0 1000 1000\" xmlns=\"http:\/\/www.w3.org\/2000\/svg\"><path d=\"M696 533C708 521 713 504 713 487 713 471 708 454 696 446L400 146C388 133 375 125 354 125 338 125 325 129 313 142 300 154 292 171 292 187 292 204 296 221 308 233L563 492 304 771C292 783 288 800 288 817 288 833 296 850 308 863 321 871 338 875 354 875 371 875 388 867 400 854L696 533Z\"><\/path><\/svg>\t\t\t\t\t\t<\/div>\n\t\t\t\t\t\t\t\t\t\t\t\t\t\t\t\t<div class=\"swiper-pagination\"><\/div>\n\t\t\t\t\t\t\t\t\t\t\t\t<\/div>\n\t\t\t\t\t\t\t\t<\/div>\n\t\t\t\t\t<\/div>\n\t\t\t\t<\/div>\n\t\t<div class=\"elementor-element elementor-element-6d11eb4 e-flex e-con-boxed e-con e-parent\" data-id=\"6d11eb4\" data-element_type=\"container\" data-e-type=\"container\">\n\t\t\t\t\t<div class=\"e-con-inner\">\n\t\t\t\t<div class=\"elementor-element elementor-element-a6cf0ef elementor-widget elementor-widget-heading\" data-id=\"a6cf0ef\" data-element_type=\"widget\" data-e-type=\"widget\" data-widget_type=\"heading.default\">\n\t\t\t\t\t<h2 class=\"elementor-heading-title elementor-size-default\">A Rentiago vil\u00e1ga<\/h2>\t\t\t\t<\/div>\n\t\t\t\t\t<\/div>\n\t\t\t\t<\/div>\n\t\t<div class=\"elementor-element elementor-element-172cf82 e-flex e-con-boxed e-con e-parent\" data-id=\"172cf82\" data-element_type=\"container\" data-e-type=\"container\">\n\t\t\t\t\t<div class=\"e-con-inner\">\n\t\t<div class=\"elementor-element elementor-element-25c8e65 e-con-full e-flex e-con e-child\" data-id=\"25c8e65\" data-element_type=\"container\" data-e-type=\"container\" data-settings=\"{&quot;background_background&quot;:&quot;classic&quot;}\">\n\t\t\t\t<div class=\"elementor-element elementor-element-0747ead elementor-position-top elementor-widget elementor-widget-image-box\" data-id=\"0747ead\" data-element_type=\"widget\" data-e-type=\"widget\" data-widget_type=\"image-box.default\">\n\t\t\t\t\t<div class=\"elementor-image-box-wrapper\"><figure class=\"elementor-image-box-img\"><img decoding=\"async\" width=\"26\" height=\"46\" src=\"https:\/\/rentiago.com\/wp-content\/uploads\/2025\/04\/man-2.svg\" class=\"attachment-full size-full wp-image-759\" alt=\"Person in a Car Icon\" \/><\/figure><div class=\"elementor-image-box-content\"><h3 class=\"elementor-image-box-title\">R\u00f6vid t\u00e1v\u00fa b\u00e9rl\u00e9s<\/h3><p class=\"elementor-image-box-description\">B\u00e9relj aut\u00f3t Costa Blanc\u00e1n, \u00e9s fedezd fel eg\u00e9sz Spanyolorsz\u00e1got. Korl\u00e1tlan kilom\u00e9tert \u00e9s a mindenre kiterjed\u0151 biztos\u00edt\u00e1st is tartalmazza.<\/p><\/div><\/div>\t\t\t\t<\/div>\n\t\t\t\t<div class=\"elementor-element elementor-element-bbe99fc elementor-align-center elementor-widget elementor-widget-button\" data-id=\"bbe99fc\" data-element_type=\"widget\" data-e-type=\"widget\" data-widget_type=\"button.default\">\n\t\t\t\t\t\t\t\t\t\t<a class=\"elementor-button elementor-button-link elementor-size-sm\" href=\"https:\/\/rentiago.com\/hu\/autoberles\/\">\n\t\t\t\t\t\t<span class=\"elementor-button-content-wrapper\">\n\t\t\t\t\t\t\t\t\t<span class=\"elementor-button-text\">Aut\u00f3b\u00e9rl\u00e9s<\/span>\n\t\t\t\t\t<\/span>\n\t\t\t\t\t<\/a>\n\t\t\t\t\t\t\t\t<\/div>\n\t\t\t\t<\/div>\n\t\t<div class=\"elementor-element elementor-element-efa72e5 e-con-full e-flex e-con e-child\" data-id=\"efa72e5\" data-element_type=\"container\" data-e-type=\"container\" data-settings=\"{&quot;background_background&quot;:&quot;classic&quot;}\">\n\t\t\t\t<div class=\"elementor-element elementor-element-526e18a elementor-position-top elementor-widget elementor-widget-image-box\" data-id=\"526e18a\" data-element_type=\"widget\" data-e-type=\"widget\" data-widget_type=\"image-box.default\">\n\t\t\t\t\t<div class=\"elementor-image-box-wrapper\"><figure class=\"elementor-image-box-img\"><img decoding=\"async\" width=\"40\" height=\"41\" src=\"https:\/\/rentiago.com\/wp-content\/uploads\/2025\/04\/petrol.svg\" class=\"attachment-full size-full wp-image-763\" alt=\"Petrol Icon\" \/><\/figure><div class=\"elementor-image-box-content\"><h3 class=\"elementor-image-box-title\">Havid\u00edjas aut\u00f3haszn\u00e1lat<\/h3><p class=\"elementor-image-box-description\">Nagyobb rugalmass\u00e1g, mint a l\u00edzing. Aut\u00f3-el\u0151fizet\u00e9s v\u00e1llalkoz\u00e1sok \u00e9s mag\u00e1nszem\u00e9lyek sz\u00e1m\u00e1ra m\u00e1r h\u00e1rom h\u00f3napt\u00f3l.<\/p><\/div><\/div>\t\t\t\t<\/div>\n\t\t\t\t<div class=\"elementor-element elementor-element-53186b0 elementor-align-center elementor-widget elementor-widget-button\" data-id=\"53186b0\" data-element_type=\"widget\" data-e-type=\"widget\" data-widget_type=\"button.default\">\n\t\t\t\t\t\t\t\t\t\t<a class=\"elementor-button elementor-button-link elementor-size-sm\" href=\"https:\/\/rentiago.com\/hu\/auto-elofizetes\/\">\n\t\t\t\t\t\t<span class=\"elementor-button-content-wrapper\">\n\t\t\t\t\t\t\t\t\t<span class=\"elementor-button-text\">Tudj meg t\u00f6bbet<\/span>\n\t\t\t\t\t<\/span>\n\t\t\t\t\t<\/a>\n\t\t\t\t\t\t\t\t<\/div>\n\t\t\t\t<\/div>\n\t\t<div class=\"elementor-element elementor-element-ac60436 e-con-full e-flex e-con e-child\" data-id=\"ac60436\" data-element_type=\"container\" data-e-type=\"container\" data-settings=\"{&quot;background_background&quot;:&quot;classic&quot;}\">\n\t\t\t\t<div class=\"elementor-element elementor-element-fad9268 elementor-position-top elementor-widget elementor-widget-image-box\" data-id=\"fad9268\" data-element_type=\"widget\" data-e-type=\"widget\" data-widget_type=\"image-box.default\">\n\t\t\t\t\t<div class=\"elementor-image-box-wrapper\"><figure class=\"elementor-image-box-img\"><img loading=\"lazy\" decoding=\"async\" width=\"34\" height=\"41\" src=\"https:\/\/rentiago.com\/wp-content\/uploads\/2025\/04\/gears.svg\" class=\"attachment-full size-full wp-image-751\" alt=\"Gears Ikon\" \/><\/figure><div class=\"elementor-image-box-content\"><h3 class=\"elementor-image-box-title\">J\u00e1rm\u0171vizsg\u00e1lat<\/h3><p class=\"elementor-image-box-description\">Haszn\u00e1lt aut\u00f3t szeretn\u00e9l v\u00e1s\u00e1rolni Spanyolorsz\u00e1gban? A Rentiago Car Check seg\u00edts\u00e9g\u00e9vel megvizsg\u00e1ljuk a j\u00e1rm\u0171 \u00e1llapot\u00e1t \u00e9s el\u0151\u00e9let\u00e9t, \u00edgy nyugodtan v\u00e1s\u00e1rolhatsz.<\/p><\/div><\/div>\t\t\t\t<\/div>\n\t\t\t\t<div class=\"elementor-element elementor-element-c6746b9 elementor-align-center elementor-widget elementor-widget-button\" data-id=\"c6746b9\" data-element_type=\"widget\" data-e-type=\"widget\" data-widget_type=\"button.default\">\n\t\t\t\t\t\t\t\t\t\t<a class=\"elementor-button elementor-button-link elementor-size-sm\" href=\"https:\/\/rentiago.com\/buy-a-car-in-spain\/\">\n\t\t\t\t\t\t<span class=\"elementor-button-content-wrapper\">\n\t\t\t\t\t\t\t\t\t<span class=\"elementor-button-text\">Elad\u00f3 aut\u00f3k<\/span>\n\t\t\t\t\t<\/span>\n\t\t\t\t\t<\/a>\n\t\t\t\t\t\t\t\t<\/div>\n\t\t\t\t<\/div>\n\t\t\t\t\t<\/div>\n\t\t\t\t<\/div>\n\t\t\t\t<\/div>\n\t\t","protected":false},"excerpt":{"rendered":"<p>Aut\u00f3b\u00e9rl\u00e9s &#8211; Rentiago \u00c9lvezd a verhetetlen szolg\u00e1ltat\u00e1st \u00e9s az okos aut\u00f3b\u00e9rl\u00e9si aj\u00e1nlatokat a Rentiago-val, b\u00e1rhol \u00e9s b\u00e1rmikor is utazol. Minden aut\u00f3b\u00e9rl\u00e9shez garant\u00e1lt rugalmass\u00e1g j\u00e1r: \u00f6nr\u00e9sz n\u00e9lk\u00fcl, korl\u00e1tlan kilom\u00e9terrel, h\u00e9tf\u0151t\u0151l vas\u00e1rnapig, a nap 24 \u00f3r\u00e1j\u00e1ban el\u00e9rhet\u0151 \u00e1tv\u00e9tellel \u00e9s lead\u00e1ssal. 35,- \u20ac \/ napt\u00f3l Nincsenek rejtett d\u00edjak &#8211; csak szabads\u00e1g Mindent mag\u00e1ban foglal\u00f3 \u00e1rk\u00e9pz\u00e9s a k\u00f6vetkez\u0151kkel: teljes [&hellip;]<\/p>\n","protected":false},"author":2,"featured_media":13,"parent":0,"menu_order":0,"comment_status":"closed","ping_status":"closed","template":"elementor_header_footer","meta":{"footnotes":""},"class_list":["post-186","page","type-page","status-publish","has-post-thumbnail","hentry"],"_links":{"self":[{"href":"https:\/\/rentiago.com\/hu\/wp-json\/wp\/v2\/pages\/186","targetHints":{"allow":["GET"]}}],"collection":[{"href":"https:\/\/rentiago.com\/hu\/wp-json\/wp\/v2\/pages"}],"about":[{"href":"https:\/\/rentiago.com\/hu\/wp-json\/wp\/v2\/types\/page"}],"author":[{"embeddable":true,"href":"https:\/\/rentiago.com\/hu\/wp-json\/wp\/v2\/users\/2"}],"replies":[{"embeddable":true,"href":"https:\/\/rentiago.com\/hu\/wp-json\/wp\/v2\/comments?post=186"}],"version-history":[{"count":0,"href":"https:\/\/rentiago.com\/hu\/wp-json\/wp\/v2\/pages\/186\/revisions"}],"wp:featuredmedia":[{"embeddable":true,"href":"https:\/\/rentiago.com\/hu\/wp-json\/wp\/v2\/media\/13"}],"wp:attachment":[{"href":"https:\/\/rentiago.com\/hu\/wp-json\/wp\/v2\/media?parent=186"}],"curies":[{"name":"wp","href":"https:\/\/api.w.org\/{rel}","templated":true}]}}