{"id":3699,"date":"2025-05-01T16:20:34","date_gmt":"2025-05-01T15:20:34","guid":{"rendered":"https:\/\/rentiago.com\/legyel-rentiago-mobility-partner\/"},"modified":"2025-11-11T20:58:16","modified_gmt":"2025-11-11T19:58:16","slug":"legyel-partnerunk","status":"publish","type":"page","link":"https:\/\/rentiago.com\/hu\/legyel-partnerunk\/","title":{"rendered":"Legy\u00e9l Rentiago Mobility Partner"},"content":{"rendered":"\t\t<div data-elementor-type=\"wp-page\" data-elementor-id=\"3699\" class=\"elementor elementor-3699 elementor-2392\" data-elementor-post-type=\"page\">\n\t\t\t\t<div class=\"elementor-element elementor-element-941c7b7 e-flex e-con-boxed e-con e-parent\" data-id=\"941c7b7\" data-element_type=\"container\" data-e-type=\"container\">\n\t\t\t\t\t<div class=\"e-con-inner\">\n\t\t\t\t<div class=\"elementor-element elementor-element-771276a elementor-widget elementor-widget-heading\" data-id=\"771276a\" data-element_type=\"widget\" data-e-type=\"widget\" data-widget_type=\"heading.default\">\n\t\t\t\t\t<h1 class=\"elementor-heading-title elementor-size-default\">Legy\u00e9l Rentiago Mobility Partner<\/h1>\t\t\t\t<\/div>\n\t\t\t\t\t<\/div>\n\t\t\t\t<\/div>\n\t\t<div class=\"elementor-element elementor-element-d4296fc e-flex e-con-boxed e-con e-parent\" data-id=\"d4296fc\" data-element_type=\"container\" data-e-type=\"container\">\n\t\t\t\t\t<div class=\"e-con-inner\">\n\t\t\t\t<div class=\"elementor-element elementor-element-25a9b92 elementor-widget elementor-widget-image\" data-id=\"25a9b92\" data-element_type=\"widget\" data-e-type=\"widget\" data-widget_type=\"image.default\">\n\t\t\t\t\t\t\t\t\t\t\t\t\t\t\t<img decoding=\"async\" src=\"https:\/\/rentiago.com\/wp-content\/uploads\/elementor\/thumbs\/cabrio-with-couple-r4e8f6n7g0gojyoje4an6h8peicp6hj3e6itlk8x9u.webp\" title=\"cabrio-with-couple\" alt=\"Cabrio with couple\" loading=\"lazy\" \/>\t\t\t\t\t\t\t\t\t\t\t\t\t\t\t<\/div>\n\t\t\t\t\t<\/div>\n\t\t\t\t<\/div>\n\t\t<div class=\"elementor-element elementor-element-90e9269 e-flex e-con-boxed e-con e-parent\" data-id=\"90e9269\" data-element_type=\"container\" data-e-type=\"container\" data-settings=\"{&quot;background_background&quot;:&quot;classic&quot;}\">\n\t\t\t\t\t<div class=\"e-con-inner\">\n\t\t\t\t<div class=\"elementor-element elementor-element-361dbd5 elementor-widget elementor-widget-heading\" data-id=\"361dbd5\" data-element_type=\"widget\" data-e-type=\"widget\" data-widget_type=\"heading.default\">\n\t\t\t\t\t<h2 class=\"elementor-heading-title elementor-size-default\">Legy\u00e9l te is Rentiago Partner - Szerezz jutal\u00e9kot vagy aut\u00f3zz ingyen Spanyolorsz\u00e1gban<\/h2>\t\t\t\t<\/div>\n\t\t\t\t<div class=\"elementor-element elementor-element-3dfd73e elementor-widget elementor-widget-text-editor\" data-id=\"3dfd73e\" data-element_type=\"widget\" data-e-type=\"widget\" data-widget_type=\"text-editor.default\">\n\t\t\t\t\t\t\t\t\t<p class=\"\" data-start=\"185\" data-end=\"447\">A <strong>Rentiago<\/strong> rugalmas aut\u00f3b\u00e9rl\u00e9st k\u00edn\u00e1l eg\u00e9sz Spanyolorsz\u00e1gban \u2013 a r\u00f6vid t\u00e1v\u00fa foglal\u00e1sokt\u00f3l eg\u00e9szen a hossz\u00fa t\u00e1v\u00fa aut\u00f3-el\u0151fizet\u00e9sekig. De enn\u00e9l t\u00f6bbet is ny\u00fajtunk: izgalmas lehet\u0151s\u00e9geket k\u00edn\u00e1lunk <strong>partnereknek, influenszereknek, hoteleknek, kempingeknek \u00e9s m\u00e9g sok m\u00e1s egy\u00fcttm\u0171k\u00f6d\u0151nek<\/strong>, hogy vel\u00fcnk egy\u00fctt keressenek, utazzanak \u00e9s m\u0171k\u00f6djenek egy\u00fctt.<\/p>\n<p><\/p>\n<p class=\"\" data-start=\"449\" data-end=\"599\">Ak\u00e1r utaz\u00e1si tippeket szeretn\u00e9l megosztani, ak\u00e1r k\u00fclf\u00f6ldieknek vagy turist\u00e1knak szeretn\u00e9l seg\u00edteni, vagy egyszer\u0171en csak hozz\u00e1adott \u00e9rt\u00e9ket szeretn\u00e9l ny\u00fajtani k\u00f6z\u00f6ns\u00e9gednek &#8211; mi vagyunk a mobilit\u00e1si partner, akit kerest\u00e9l.<\/p>\n\t\t\t\t\t\t\t\t<\/div>\n\t\t\t\t\t<\/div>\n\t\t\t\t<\/div>\n\t\t<div class=\"elementor-element elementor-element-ec2a5a4 e-flex e-con-boxed e-con e-parent\" data-id=\"ec2a5a4\" data-element_type=\"container\" data-e-type=\"container\">\n\t\t\t\t\t<div class=\"e-con-inner\">\n\t\t\t\t<div class=\"elementor-element elementor-element-1b49964 elementor-widget elementor-widget-text-editor\" data-id=\"1b49964\" data-element_type=\"widget\" data-e-type=\"widget\" data-widget_type=\"text-editor.default\">\n\t\t\t\t\t\t\t\t\t<h3 class=\"\" data-start=\"606\" data-end=\"630\"><strong data-start=\"610\" data-end=\"630\">Hogyan profit\u00e1lhatsz bel\u0151le:<\/strong><\/h3>\n<p><\/p>\n<p class=\"\" data-start=\"632\" data-end=\"846\">\ud83d\udcb8 <strong>Affiliate partnerek, Sz\u00e1llod\u00e1k \u00e9s lak\u00f3aut\u00f3s oldalak<\/strong><br \/>\nSzerezz <strong>versenyk\u00e9pes jutal\u00e9kot<\/strong> minden sikeres aj\u00e1nl\u00e1s\u00e9rt. Hirdess minket szem\u00e9lyesen, blog bejegyz\u00e9sben, weboldalon, h\u00edrlev\u00e9lben, Instagramon, TikTokon, YouTube-on kereszt\u00fcl &#8211; mi mindent nyomon k\u00f6vet\u00fcnk, tisztess\u00e9gesen \u00e9s \u00e1tl\u00e1that\u00f3an.<\/p>\n<p><\/p>\n<p class=\"\" data-start=\"848\" data-end=\"1111\">\ud83d\ude97 <strong>Influencer egy\u00fcttm\u0171k\u00f6d\u00e9sek<\/strong><br data-start=\"880\" data-end=\"883\" \/>Juss hozz\u00e1 <strong>kedvezm\u00e9nyes vagy ak\u00e1r ingyenes b\u00e9raut\u00f3khoz<\/strong> a spanyolorsz\u00e1gi utaz\u00e1sod alkalm\u00e1val. Cser\u00e9be \u00e9rt\u00e9kelj\u00fck az \u0151szinte v\u00e9lem\u00e9nyeket, tartalmakat vagy a k\u00f6z\u00f6ss\u00e9gi m\u00e9di\u00e1ban val\u00f3 megjelen\u00e9st. Minden partners\u00e9get a c\u00e9lk\u00f6z\u00f6ns\u00e9g m\u00e9ret\u00e9hez \u00e9s az utaz\u00e1s id\u0151tartam\u00e1hoz igaz\u00edtunk..<\/p>\n<p><\/p>\n<p class=\"\" data-start=\"1113\" data-end=\"1330\">\ud83d\udd0d <strong>Megb\u00edzhat\u00f3 j\u00e1rm\u0171ellen\u0151rz\u00e9si szolg\u00e1ltat\u00e1s k\u00fclf\u00f6ldieknek \u00e9s utaz\u00f3knak<\/strong><br data-start=\"1172\" data-end=\"1175\" \/>Seg\u00edtesz a k\u00f6z\u00f6ns\u00e9gednek haszn\u00e1lt aut\u00f3t v\u00e1s\u00e1rolni Spanyolorsz\u00e1gban? Mi helysz\u00edni,<strong> v\u00e1s\u00e1rl\u00e1s el\u0151tti j\u00e1rm\u0171\u00e1tvizsg\u00e1l\u00e1st<\/strong> k\u00edn\u00e1lunk \u2013 \u00edgy k\u00f6vet\u0151id nyugodtan d\u00f6nthetnek, \u00e9s \u00e9rt\u00e9kes pluszszolg\u00e1ltat\u00e1shoz jutnak.<\/p>\n<p><\/p>\n<hr class=\"\" data-start=\"1332\" data-end=\"1335\" \/>\n<h3 data-start=\"1337\" data-end=\"1371\"><\/h3>\n<p><\/p>\n<h3 class=\"\" data-start=\"1337\" data-end=\"1371\">Mi\u00e9rt \u00e9rdemes a Rentiago partnere lenni?<\/h3>\n<p><\/p>\n<p class=\"\" data-start=\"1373\" data-end=\"1618\">\u2705 \u00c1tl\u00e1that\u00f3 \u00e9s rugalmas egy\u00fcttm\u0171k\u00f6d\u00e9s<br data-start=\"1413\" data-end=\"1416\" \/>\u2705 Z\u00f6kken\u0151mentes foglal\u00e1si \u00e9lm\u00e9ny a k\u00f6z\u00f6ns\u00e9ged sz\u00e1m\u00e1ra<br data-start=\"1463\" data-end=\"1466\" \/>\u2705 Szem\u00e9lyre szabott partners\u00e9gek alkot\u00f3k, bloggerek \u00e9s nemzetk\u00f6zi csatorn\u00e1k sz\u00e1m\u00e1ra<\/p>\n<p><\/p>\n<hr class=\"\" data-start=\"1620\" data-end=\"1623\" \/>\n<h3 data-start=\"1625\" data-end=\"1668\"><\/h3>\n<p><\/p>\n<h3 class=\"\" data-start=\"1625\" data-end=\"1668\"><strong data-start=\"1629\" data-end=\"1668\">K\u00e9szen \u00e1llsz a k\u00f6z\u00f6s munk\u00e1ra? \u00a0Besz\u00e9lj\u00fcnk.<\/strong><\/h3>\n<p><\/p>\n<p class=\"\" data-start=\"1670\" data-end=\"1777\">Ak\u00e1r egyszeri utaz\u00e1st tervezel, ak\u00e1r hossz\u00fa t\u00e1v\u00fa partners\u00e9get keresel, sz\u00edvesen hallan\u00e1nk R\u00f3lad.<\/p>\n\t\t\t\t\t\t\t\t<\/div>\n\t\t\t\t<div class=\"elementor-element elementor-element-2723eaa elementor-align-center elementor-widget elementor-widget-button\" data-id=\"2723eaa\" data-element_type=\"widget\" data-e-type=\"widget\" data-widget_type=\"button.default\">\n\t\t\t\t\t\t\t\t\t\t<a class=\"elementor-button elementor-button-link elementor-size-sm\" href=\"https:\/\/rentiago.com\/hu\/kapcsolat\/\">\n\t\t\t\t\t\t<span class=\"elementor-button-content-wrapper\">\n\t\t\t\t\t\t\t\t\t<span class=\"elementor-button-text\">Kattints ide<\/span>\n\t\t\t\t\t<\/span>\n\t\t\t\t\t<\/a>\n\t\t\t\t\t\t\t\t<\/div>\n\t\t\t\t\t<\/div>\n\t\t\t\t<\/div>\n\t\t\t\t<\/div>\n\t\t","protected":false},"excerpt":{"rendered":"<p>Legy\u00e9l Rentiago Mobility Partner Legy\u00e9l te is Rentiago Partner &#8211; Szerezz jutal\u00e9kot vagy aut\u00f3zz ingyen Spanyolorsz\u00e1gban A Rentiago rugalmas aut\u00f3b\u00e9rl\u00e9st k\u00edn\u00e1l eg\u00e9sz Spanyolorsz\u00e1gban \u2013 a r\u00f6vid t\u00e1v\u00fa foglal\u00e1sokt\u00f3l eg\u00e9szen a hossz\u00fa t\u00e1v\u00fa aut\u00f3-el\u0151fizet\u00e9sekig. De enn\u00e9l t\u00f6bbet is ny\u00fajtunk: izgalmas lehet\u0151s\u00e9geket k\u00edn\u00e1lunk partnereknek, influenszereknek, hoteleknek, kempingeknek \u00e9s m\u00e9g sok m\u00e1s egy\u00fcttm\u0171k\u00f6d\u0151nek, hogy vel\u00fcnk egy\u00fctt keressenek, utazzanak [&hellip;]<\/p>\n","protected":false},"author":1,"featured_media":933,"parent":0,"menu_order":0,"comment_status":"closed","ping_status":"closed","template":"elementor_header_footer","meta":{"footnotes":""},"class_list":["post-3699","page","type-page","status-publish","has-post-thumbnail","hentry"],"_links":{"self":[{"href":"https:\/\/rentiago.com\/hu\/wp-json\/wp\/v2\/pages\/3699","targetHints":{"allow":["GET"]}}],"collection":[{"href":"https:\/\/rentiago.com\/hu\/wp-json\/wp\/v2\/pages"}],"about":[{"href":"https:\/\/rentiago.com\/hu\/wp-json\/wp\/v2\/types\/page"}],"author":[{"embeddable":true,"href":"https:\/\/rentiago.com\/hu\/wp-json\/wp\/v2\/users\/1"}],"replies":[{"embeddable":true,"href":"https:\/\/rentiago.com\/hu\/wp-json\/wp\/v2\/comments?post=3699"}],"version-history":[{"count":0,"href":"https:\/\/rentiago.com\/hu\/wp-json\/wp\/v2\/pages\/3699\/revisions"}],"wp:featuredmedia":[{"embeddable":true,"href":"https:\/\/rentiago.com\/hu\/wp-json\/wp\/v2\/media\/933"}],"wp:attachment":[{"href":"https:\/\/rentiago.com\/hu\/wp-json\/wp\/v2\/media?parent=3699"}],"curies":[{"name":"wp","href":"https:\/\/api.w.org\/{rel}","templated":true}]}}