{"id":3878,"date":"2025-04-15T15:15:25","date_gmt":"2025-04-15T14:15:25","guid":{"rendered":"https:\/\/rentiago.com\/rolunk\/"},"modified":"2026-01-25T14:30:32","modified_gmt":"2026-01-25T13:30:32","slug":"rolunk","status":"publish","type":"page","link":"https:\/\/rentiago.com\/hu\/rolunk\/","title":{"rendered":"R\u00f3lunk"},"content":{"rendered":"\t\t<div data-elementor-type=\"wp-page\" data-elementor-id=\"3878\" class=\"elementor elementor-3878 elementor-1020\" data-elementor-post-type=\"page\">\n\t\t\t\t<div class=\"elementor-element elementor-element-f8bd547 e-flex e-con-boxed e-con e-parent\" data-id=\"f8bd547\" data-element_type=\"container\" data-e-type=\"container\">\n\t\t\t\t\t<div class=\"e-con-inner\">\n\t\t<div class=\"elementor-element elementor-element-1590b32 e-con-full e-flex e-con e-child\" data-id=\"1590b32\" data-element_type=\"container\" data-e-type=\"container\">\n\t\t\t\t<div class=\"elementor-element elementor-element-d4eff0d elementor-widget elementor-widget-heading\" data-id=\"d4eff0d\" data-element_type=\"widget\" data-e-type=\"widget\" data-widget_type=\"heading.default\">\n\t\t\t\t\t<h1 class=\"elementor-heading-title elementor-size-default\">R\u00f3lunk<\/h1>\t\t\t\t<\/div>\n\t\t\t\t<div class=\"elementor-element elementor-element-ad1d7c2 elementor-widget elementor-widget-text-editor\" data-id=\"ad1d7c2\" data-element_type=\"widget\" data-e-type=\"widget\" data-widget_type=\"text-editor.default\">\n\t\t\t\t\t\t\t\t\t<p>A <strong>Rentiago<\/strong>-n\u00e1l hissz\u00fck, hogy minden utaz\u00e1s egy t\u00f6rt\u00e9netet mes\u00e9l el \u2013 egy olyan t\u00f6rt\u00e9netet, ami m\u00e9g sok\u00e1ig veled marad, miut\u00e1n le\u00e1ll\u00edtottad a motort \u00e9s visszaadtad a kulcsokat. A Rentiago a spanyol napf\u00e9ny alatt sz\u00fcletett, \u00e9s a felejthetetlen utaz\u00e1sok ir\u00e1nti szenved\u00e9ly hajt minket. Ez\u00e9rt vagyunk t\u00f6bbek, mint egy sima aut\u00f3k\u00f6lcs\u00f6nz\u0151 \u2013 mi vagyunk a kalandpartnered, a m\u00e1sodpil\u00f3t\u00e1d a felfedez\u00e9sekhez, \u00e9s a jegyed Spanyolorsz\u00e1g megismer\u00e9s\u00e9hez, a saj\u00e1t, egyedi m\u00f3dodon.<\/p>\n\t\t\t\t\t\t\t\t<\/div>\n\t\t\t\t<\/div>\n\t\t\t\t\t<\/div>\n\t\t\t\t<\/div>\n\t\t<div class=\"elementor-element elementor-element-128d762 e-flex e-con-boxed e-con e-parent\" data-id=\"128d762\" data-element_type=\"container\" data-e-type=\"container\">\n\t\t\t\t\t<div class=\"e-con-inner\">\n\t\t<div class=\"elementor-element elementor-element-e35708f e-con-full e-flex e-con e-child\" data-id=\"e35708f\" data-element_type=\"container\" data-e-type=\"container\">\n\t\t<div class=\"elementor-element elementor-element-67f562f e-con-full e-flex e-con e-child\" data-id=\"67f562f\" data-element_type=\"container\" data-e-type=\"container\">\n\t\t\t\t<div class=\"elementor-element elementor-element-3d7f2fd elementor-widget elementor-widget-heading\" data-id=\"3d7f2fd\" data-element_type=\"widget\" data-e-type=\"widget\" data-widget_type=\"heading.default\">\n\t\t\t\t\t<h2 class=\"elementor-heading-title elementor-size-default\">K\u00fcldet\u00e9s\u00fcnk<\/h2>\t\t\t\t<\/div>\n\t\t\t\t<div class=\"elementor-element elementor-element-cb35e26 elementor-widget elementor-widget-text-editor\" data-id=\"cb35e26\" data-element_type=\"widget\" data-e-type=\"widget\" data-widget_type=\"text-editor.default\">\n\t\t\t\t\t\t\t\t\t<p><strong>Felejthetetlen utaz\u00e1sok. Gondtalan k\u00f6zleked\u00e9s. Legend\u00e1s kiszolg\u00e1l\u00e1s.<\/strong><\/p>\n<p>Az utaz\u00e1snak nem szabadna apr\u00f3bet\u0171s r\u00e9szeket tartalmaznia. Ez\u00e9rt t\u0171zt\u00fck ki c\u00e9lul, hogy nem csak b\u00e9raut\u00f3kat, hanem teljes szabads\u00e1got k\u00edn\u00e1lunk \u2013 v\u00e1ratlan k\u00f6lts\u00e9gek \u00e9s bonyolult szab\u00e1lyok n\u00e9lk\u00fcl. A Rentiago-n\u00e1l azt kapod, ami\u00e9rt m\u00e1sok fel\u00e1rat k\u00e9rnek:<\/p>\n<p>\u2705 Korl\u00e1tlan kilom\u00e9terek<br \/>\u2705 Teljes k\u00f6r\u0171 biztos\u00edt\u00e1s<br \/>\u2705 24\/7 k\u00f6z\u00fati seg\u00e9lyszolg\u00e1lat<br \/>\u2705 Korl\u00e1tlan sz\u00e1m\u00fa tov\u00e1bbi sof\u0151r<br \/>\u2705 B\u00e9rl\u00e9s 18 \u00e9ves kort\u00f3l (\u00e9s 21 \u00e9ves kort\u00f3l k\u00fcl\u00f6n d\u00edj n\u00e9lk\u00fcl)<br \/>\u2705 GPS \u00e9s extr\u00e1k \u2013 mind benne van az \u00e1rban<\/p>\n<p>Megk\u00f6nny\u00edtj\u00fck a dolgod, hogy arra koncentr\u00e1lhass, ami igaz\u00e1n sz\u00e1m\u00edt: \u00e9lvezd a napf\u00e9nyt, fedezd fel a rejtett gy\u00f6ngyszemeket, \u00e9s \u00e9ld meg az utaz\u00e1st a legteljesebb m\u00e9rt\u00e9kben.<\/p>\n\t\t\t\t\t\t\t\t<\/div>\n\t\t\t\t<\/div>\n\t\t\t\t<\/div>\n\t\t<div class=\"elementor-element elementor-element-9bd737e e-con-full e-flex e-con e-child\" data-id=\"9bd737e\" data-element_type=\"container\" data-e-type=\"container\">\n\t\t\t\t<div class=\"elementor-element elementor-element-cb39bbd elementor-widget elementor-widget-image\" data-id=\"cb39bbd\" data-element_type=\"widget\" data-e-type=\"widget\" data-widget_type=\"image.default\">\n\t\t\t\t\t\t\t\t\t\t\t\t\t\t\t<img fetchpriority=\"high\" decoding=\"async\" width=\"800\" height=\"534\" src=\"https:\/\/rentiago.com\/wp-content\/uploads\/2025\/04\/strandurlaub-1024x683.webp\" class=\"attachment-large size-large wp-image-1026\" alt=\"People enjoying the sun on the beach\" srcset=\"https:\/\/rentiago.com\/wp-content\/uploads\/2025\/04\/strandurlaub-1024x683.webp 1024w, https:\/\/rentiago.com\/wp-content\/uploads\/2025\/04\/strandurlaub-600x400.webp 600w, https:\/\/rentiago.com\/wp-content\/uploads\/2025\/04\/strandurlaub-300x200.webp 300w, https:\/\/rentiago.com\/wp-content\/uploads\/2025\/04\/strandurlaub-768x512.webp 768w, https:\/\/rentiago.com\/wp-content\/uploads\/2025\/04\/strandurlaub.webp 1200w\" sizes=\"(max-width: 800px) 100vw, 800px\" \/>\t\t\t\t\t\t\t\t\t\t\t\t\t\t\t<\/div>\n\t\t\t\t<\/div>\n\t\t\t\t\t<\/div>\n\t\t\t\t<\/div>\n\t\t<div class=\"elementor-element elementor-element-b22a98c e-flex e-con-boxed e-con e-parent\" data-id=\"b22a98c\" data-element_type=\"container\" data-e-type=\"container\">\n\t\t\t\t\t<div class=\"e-con-inner\">\n\t\t\t\t<div class=\"elementor-element elementor-element-08b790f elementor-align-center elementor-widget elementor-widget-button\" data-id=\"08b790f\" data-element_type=\"widget\" data-e-type=\"widget\" data-widget_type=\"button.default\">\n\t\t\t\t\t\t\t\t\t\t<a class=\"elementor-button elementor-button-link elementor-size-sm\" href=\"https:\/\/rentiago.com\/hu\/kapcsolat\/\">\n\t\t\t\t\t\t<span class=\"elementor-button-content-wrapper\">\n\t\t\t\t\t\t\t\t\t<span class=\"elementor-button-text\">Kapcsolat &amp; t\u00e1mogat\u00e1s<\/span>\n\t\t\t\t\t<\/span>\n\t\t\t\t\t<\/a>\n\t\t\t\t\t\t\t\t<\/div>\n\t\t\t\t\t<\/div>\n\t\t\t\t<\/div>\n\t\t\t\t<\/div>\n\t\t","protected":false},"excerpt":{"rendered":"<p>R\u00f3lunk A Rentiago-n\u00e1l hissz\u00fck, hogy minden utaz\u00e1s egy t\u00f6rt\u00e9netet mes\u00e9l el \u2013 egy olyan t\u00f6rt\u00e9netet, ami m\u00e9g sok\u00e1ig veled marad, miut\u00e1n le\u00e1ll\u00edtottad a motort \u00e9s visszaadtad a kulcsokat. A Rentiago a spanyol napf\u00e9ny alatt sz\u00fcletett, \u00e9s a felejthetetlen utaz\u00e1sok ir\u00e1nti szenved\u00e9ly hajt minket. Ez\u00e9rt vagyunk t\u00f6bbek, mint egy sima aut\u00f3k\u00f6lcs\u00f6nz\u0151 \u2013 mi vagyunk a kalandpartnered, [&hellip;]<\/p>\n","protected":false},"author":1,"featured_media":0,"parent":0,"menu_order":0,"comment_status":"closed","ping_status":"closed","template":"elementor_header_footer","meta":{"footnotes":""},"class_list":["post-3878","page","type-page","status-publish","hentry"],"_links":{"self":[{"href":"https:\/\/rentiago.com\/hu\/wp-json\/wp\/v2\/pages\/3878","targetHints":{"allow":["GET"]}}],"collection":[{"href":"https:\/\/rentiago.com\/hu\/wp-json\/wp\/v2\/pages"}],"about":[{"href":"https:\/\/rentiago.com\/hu\/wp-json\/wp\/v2\/types\/page"}],"author":[{"embeddable":true,"href":"https:\/\/rentiago.com\/hu\/wp-json\/wp\/v2\/users\/1"}],"replies":[{"embeddable":true,"href":"https:\/\/rentiago.com\/hu\/wp-json\/wp\/v2\/comments?post=3878"}],"version-history":[{"count":0,"href":"https:\/\/rentiago.com\/hu\/wp-json\/wp\/v2\/pages\/3878\/revisions"}],"wp:attachment":[{"href":"https:\/\/rentiago.com\/hu\/wp-json\/wp\/v2\/media?parent=3878"}],"curies":[{"name":"wp","href":"https:\/\/api.w.org\/{rel}","templated":true}]}}