{"id":4245,"date":"2025-06-02T17:07:19","date_gmt":"2025-06-02T16:07:19","guid":{"rendered":"https:\/\/rentiago.com\/foglalas\/"},"modified":"2026-01-06T19:20:36","modified_gmt":"2026-01-06T18:20:36","slug":"foglalas","status":"publish","type":"page","link":"https:\/\/rentiago.com\/hu\/foglalas\/","title":{"rendered":"Foglal\u00e1s"},"content":{"rendered":"\t\t<div data-elementor-type=\"wp-page\" data-elementor-id=\"4245\" class=\"elementor elementor-4245 elementor-3956\" data-elementor-post-type=\"page\">\n\t\t\t\t<div class=\"elementor-element elementor-element-6be8867 e-flex e-con-boxed e-con e-parent\" data-id=\"6be8867\" data-element_type=\"container\" data-e-type=\"container\">\n\t\t\t\t\t<div class=\"e-con-inner\">\n\t\t\t\t<div class=\"elementor-element elementor-element-31d60f5 elementor-widget elementor-widget-heading\" data-id=\"31d60f5\" data-element_type=\"widget\" data-e-type=\"widget\" data-widget_type=\"heading.default\">\n\t\t\t\t\t<h1 class=\"elementor-heading-title elementor-size-default\">All-inclusive aut\u00f3b\u00e9rl\u00e9s \u2013 Rentiago<\/h1>\t\t\t\t<\/div>\n\t\t\t\t<div class=\"elementor-element elementor-element-4a34780 elementor-widget elementor-widget-text-editor\" data-id=\"4a34780\" data-element_type=\"widget\" data-e-type=\"widget\" data-widget_type=\"text-editor.default\">\n\t\t\t\t\t\t\t\t\t<p>\u2713Korl\u00e1tlan kilom\u00e9terhaszn\u00e1lat \u2713 Nincsenek rejtett k\u00f6lts\u00e9gek \u2713 24\/7 \u00fcgyf\u00e9lszolg\u00e1lat magyar nyelven \u2713 Ingyenes lemond\u00e1s<\/p>\n\t\t\t\t\t\t\t\t<\/div>\n\t\t\t\t\t<\/div>\n\t\t\t\t<\/div>\n\t\t<div class=\"elementor-element elementor-element-5b9f74f9 e-flex e-con-boxed e-con e-parent\" data-id=\"5b9f74f9\" data-element_type=\"container\" data-e-type=\"container\" data-settings=\"{&quot;background_background&quot;:&quot;classic&quot;}\">\n\t\t\t\t\t<div class=\"e-con-inner\">\n\t\t\t\t<div class=\"elementor-element elementor-element-66507326 elementor-widget elementor-widget-text-editor\" data-id=\"66507326\" data-element_type=\"widget\" data-e-type=\"widget\" data-widget_type=\"text-editor.default\">\n\t\t\t\t\t\t\t\t\tBooking page\t\t\t\t\t\t\t\t<\/div>\n\t\t\t\t\t<\/div>\n\t\t\t\t<\/div>\n\t\t\t\t<\/div>\n\t\t","protected":false},"excerpt":{"rendered":"<p>All-inclusive aut\u00f3b\u00e9rl\u00e9s \u2013 Rentiago \u2713Korl\u00e1tlan kilom\u00e9terhaszn\u00e1lat \u2713 Nincsenek rejtett k\u00f6lts\u00e9gek \u2713 24\/7 \u00fcgyf\u00e9lszolg\u00e1lat magyar nyelven \u2713 Ingyenes lemond\u00e1s<\/p>\n","protected":false},"author":1,"featured_media":0,"parent":0,"menu_order":0,"comment_status":"closed","ping_status":"closed","template":"elementor_header_footer","meta":{"footnotes":""},"class_list":["post-4245","page","type-page","status-publish","hentry"],"_links":{"self":[{"href":"https:\/\/rentiago.com\/hu\/wp-json\/wp\/v2\/pages\/4245","targetHints":{"allow":["GET"]}}],"collection":[{"href":"https:\/\/rentiago.com\/hu\/wp-json\/wp\/v2\/pages"}],"about":[{"href":"https:\/\/rentiago.com\/hu\/wp-json\/wp\/v2\/types\/page"}],"author":[{"embeddable":true,"href":"https:\/\/rentiago.com\/hu\/wp-json\/wp\/v2\/users\/1"}],"replies":[{"embeddable":true,"href":"https:\/\/rentiago.com\/hu\/wp-json\/wp\/v2\/comments?post=4245"}],"version-history":[{"count":0,"href":"https:\/\/rentiago.com\/hu\/wp-json\/wp\/v2\/pages\/4245\/revisions"}],"wp:attachment":[{"href":"https:\/\/rentiago.com\/hu\/wp-json\/wp\/v2\/media?parent=4245"}],"curies":[{"name":"wp","href":"https:\/\/api.w.org\/{rel}","templated":true}]}}