{"id":7651,"date":"2025-12-27T19:44:09","date_gmt":"2025-12-27T18:44:09","guid":{"rendered":"https:\/\/rentiago.com\/laura\/"},"modified":"2026-02-12T13:50:53","modified_gmt":"2026-02-12T12:50:53","slug":"laura","status":"publish","type":"page","link":"https:\/\/rentiago.com\/hu\/szakertok\/laura\/","title":{"rendered":"Laura"},"content":{"rendered":"\t\t<div data-elementor-type=\"wp-page\" data-elementor-id=\"7651\" class=\"elementor elementor-7651 elementor-7297\" data-elementor-post-type=\"page\">\n\t\t\t\t<nav class=\"elementor-element elementor-element-b3844c2 e-flex e-con-boxed e-con e-parent\" data-id=\"b3844c2\" data-element_type=\"container\" data-e-type=\"container\">\n\t\t\t\t\t<div class=\"e-con-inner\">\n\t\t<div class=\"elementor-element elementor-element-8ab4545 e-con-full e-flex e-con e-child\" data-id=\"8ab4545\" data-element_type=\"container\" data-e-type=\"container\">\n\t\t\t\t<div class=\"elementor-element elementor-element-b0cd2fa elementor-widget elementor-widget-text-editor\" data-id=\"b0cd2fa\" data-element_type=\"widget\" data-e-type=\"widget\" data-widget_type=\"text-editor.default\">\n\t\t\t\t\t\t\t\t\t<nav aria-label=\"breadcrumbs\" class=\"rank-math-breadcrumb\"><p><span class=\"last\">Home<\/span><\/p><\/nav>\n\t\t\t\t\t\t\t\t<\/div>\n\t\t\t\t<\/div>\n\t\t\t\t\t<\/div>\n\t\t\t\t<\/nav>\n\t\t<main class=\"elementor-element elementor-element-7064118 e-flex e-con-boxed e-con e-parent\" data-id=\"7064118\" data-element_type=\"container\" data-e-type=\"container\">\n\t\t\t\t\t<div class=\"e-con-inner\">\n\t\t<article class=\"elementor-element elementor-element-bd3c58e e-con-full e-flex e-con e-child\" data-id=\"bd3c58e\" data-element_type=\"container\" data-e-type=\"container\">\n\t\t<header class=\"elementor-element elementor-element-12e5787 e-con-full e-flex e-con e-child\" data-id=\"12e5787\" data-element_type=\"container\" data-e-type=\"container\">\n\t\t<div class=\"elementor-element elementor-element-08e616c e-con-full e-flex e-con e-child\" data-id=\"08e616c\" data-element_type=\"container\" data-e-type=\"container\">\n\t\t\t\t<div class=\"elementor-element elementor-element-b587b52 elementor-widget elementor-widget-image\" data-id=\"b587b52\" data-element_type=\"widget\" data-e-type=\"widget\" data-widget_type=\"image.default\">\n\t\t\t\t\t\t\t\t\t\t\t\t\t\t\t<img fetchpriority=\"high\" decoding=\"async\" width=\"800\" height=\"800\" src=\"https:\/\/rentiago.com\/wp-content\/uploads\/2026\/01\/laura-rentiago-costa-blanca.webp\" class=\"attachment-large size-large wp-image-8965\" alt=\"Laura, Costa Blanca utaz\u00e1si szak\u00e9rt\u0151 \u00e9s a Rentiago szerz\u0151je\" srcset=\"https:\/\/rentiago.com\/wp-content\/uploads\/2026\/01\/laura-rentiago-costa-blanca.webp 800w, https:\/\/rentiago.com\/wp-content\/uploads\/2026\/01\/laura-rentiago-costa-blanca-300x300.webp 300w, https:\/\/rentiago.com\/wp-content\/uploads\/2026\/01\/laura-rentiago-costa-blanca-150x150.webp 150w, https:\/\/rentiago.com\/wp-content\/uploads\/2026\/01\/laura-rentiago-costa-blanca-768x768.webp 768w\" sizes=\"(max-width: 800px) 100vw, 800px\" \/>\t\t\t\t\t\t\t\t\t\t\t\t\t\t\t<\/div>\n\t\t\t\t<\/div>\n\t\t<div class=\"elementor-element elementor-element-3937ccb e-con-full e-flex e-con e-child\" data-id=\"3937ccb\" data-element_type=\"container\" data-e-type=\"container\">\n\t\t\t\t<div class=\"elementor-element elementor-element-5bb2811 elementor-widget elementor-widget-text-editor\" data-id=\"5bb2811\" data-element_type=\"widget\" data-e-type=\"widget\" data-widget_type=\"text-editor.default\">\n\t\t\t\t\t\t\t\t\t<p>Rentiago blog szerz\u0151<\/p>\n\t\t\t\t\t\t\t\t<\/div>\n\t\t\t\t<div class=\"elementor-element elementor-element-7516cd0 elementor-widget elementor-widget-heading\" data-id=\"7516cd0\" data-element_type=\"widget\" data-e-type=\"widget\" data-widget_type=\"heading.default\">\n\t\t\t\t\t<h1 class=\"elementor-heading-title elementor-size-default\">Laura<\/h1>\t\t\t\t<\/div>\n\t\t\t\t<div class=\"elementor-element elementor-element-89ead07 elementor-widget elementor-widget-text-editor\" data-id=\"89ead07\" data-element_type=\"widget\" data-e-type=\"widget\" data-widget_type=\"text-editor.default\">\n\t\t\t\t\t\t\t\t\t<p>Utaz\u00e1si \u00e9s \u00e9letm\u00f3d \u00edr\u00f3<\/p>\n\t\t\t\t\t\t\t\t<\/div>\n\t\t\t\t<div class=\"elementor-element elementor-element-901382e elementor-widget elementor-widget-text-editor\" data-id=\"901382e\" data-element_type=\"widget\" data-e-type=\"widget\" data-widget_type=\"text-editor.default\">\n\t\t\t\t\t\t\t\t\t<p>Laura egy Costa Blanca-i utaz\u00e1si \u00e9s \u00e9letm\u00f3d \u00edr\u00f3, aki t\u00f6bb mint \u00f6t \u00e9ve \u00e9l Spanyolorsz\u00e1gban. \u00cdr\u00e1saiban az autentikus utaz\u00e1si \u00e9lm\u00e9nyekre, a tengerparti \u00fati c\u00e9lokra \u00e9s a r\u00e9gi\u00f3 mindennapi helyi \u00e9let\u00e9re koncentr\u00e1l.<\/p>\n\t\t\t\t\t\t\t\t<\/div>\n\t\t<div class=\"elementor-element elementor-element-c4bf95f e-con-full e-flex e-con e-child\" data-id=\"c4bf95f\" data-element_type=\"container\" data-e-type=\"container\">\n\t\t\t\t<div class=\"elementor-element elementor-element-b5b6da3 elementor-widget elementor-widget-button\" data-id=\"b5b6da3\" data-element_type=\"widget\" data-e-type=\"widget\" data-widget_type=\"button.default\">\n\t\t\t\t\t\t\t\t\t\t<a class=\"elementor-button elementor-button-link elementor-size-sm\" href=\"#articles\">\n\t\t\t\t\t\t<span class=\"elementor-button-content-wrapper\">\n\t\t\t\t\t\t\t\t\t<span class=\"elementor-button-text\">Cikkek megtekint\u00e9se<\/span>\n\t\t\t\t\t<\/span>\n\t\t\t\t\t<\/a>\n\t\t\t\t\t\t\t\t<\/div>\n\t\t\t\t<div class=\"elementor-element elementor-element-f686ee3 elementor-widget elementor-widget-button\" data-id=\"f686ee3\" data-element_type=\"widget\" data-e-type=\"widget\" data-widget_type=\"button.default\">\n\t\t\t\t\t\t\t\t\t\t<a class=\"elementor-button elementor-button-link elementor-size-sm\" href=\"#about-laura\">\n\t\t\t\t\t\t<span class=\"elementor-button-content-wrapper\">\n\t\t\t\t\t\t\t\t\t<span class=\"elementor-button-text\">R\u00f3lam<\/span>\n\t\t\t\t\t<\/span>\n\t\t\t\t\t<\/a>\n\t\t\t\t\t\t\t\t<\/div>\n\t\t\t\t<div class=\"elementor-element elementor-element-1f77ab7 elementor-widget elementor-widget-button\" data-id=\"1f77ab7\" data-element_type=\"widget\" data-e-type=\"widget\" data-widget_type=\"button.default\">\n\t\t\t\t\t\t\t\t\t\t<a class=\"elementor-button elementor-button-link elementor-size-sm\" href=\"#expertise\">\n\t\t\t\t\t\t<span class=\"elementor-button-content-wrapper\">\n\t\t\t\t\t\t\t\t\t<span class=\"elementor-button-text\">Szakter\u00fclet<\/span>\n\t\t\t\t\t<\/span>\n\t\t\t\t\t<\/a>\n\t\t\t\t\t\t\t\t<\/div>\n\t\t\t\t<\/div>\n\t\t\t\t<\/div>\n\t\t\t\t<\/header>\n\t\t\t\t<div class=\"elementor-element elementor-element-c5b6c01 elementor-widget-divider--view-line elementor-widget elementor-widget-divider\" data-id=\"c5b6c01\" data-element_type=\"widget\" data-e-type=\"widget\" data-widget_type=\"divider.default\">\n\t\t\t\t\t\t\t<div class=\"elementor-divider\">\n\t\t\t<span class=\"elementor-divider-separator\">\n\t\t\t\t\t\t<\/span>\n\t\t<\/div>\n\t\t\t\t\t\t<\/div>\n\t\t<div class=\"elementor-element elementor-element-5c9b639 e-con-full e-flex e-con e-child\" data-id=\"5c9b639\" data-element_type=\"container\" data-e-type=\"container\" data-settings=\"{&quot;background_background&quot;:&quot;gradient&quot;}\">\n\t\t<div class=\"elementor-element elementor-element-8e9f57a e-con-full e-flex e-con e-child\" data-id=\"8e9f57a\" data-element_type=\"container\" data-e-type=\"container\">\n\t\t\t\t<div class=\"elementor-element elementor-element-029f055 elementor-widget elementor-widget-text-editor\" data-id=\"029f055\" data-element_type=\"widget\" data-e-type=\"widget\" data-widget_type=\"text-editor.default\">\n\t\t\t\t\t\t\t\t\t<p>\ud83d\udd34 A Rentiago utaz\u00e1si blog csapat\u00e1nak tagja<\/p>\n\t\t\t\t\t\t\t\t<\/div>\n\t\t\t\t<\/div>\n\t\t\t\t<div class=\"elementor-element elementor-element-a1bda44 elementor-widget elementor-widget-text-editor\" data-id=\"a1bda44\" data-element_type=\"widget\" data-e-type=\"widget\" data-widget_type=\"text-editor.default\">\n\t\t\t\t\t\t\t\t\t<p>Gyakorlati \u00fatmutat\u00f3k, helyi tippek \u00e9s aut\u00f3b\u00e9rl\u00e9si tan\u00e1csok Spanyolorsz\u00e1ghoz.<\/p>\n\t\t\t\t\t\t\t\t<\/div>\n\t\t\t\t<\/div>\n\t\t<section class=\"elementor-element elementor-element-b88b970 e-con-full e-flex e-con e-child\" data-id=\"b88b970\" data-element_type=\"container\" data-e-type=\"container\">\n\t\t<div class=\"elementor-element elementor-element-fae7a8b e-con-full e-flex e-con e-child\" data-id=\"fae7a8b\" data-element_type=\"container\" data-e-type=\"container\" data-settings=\"{&quot;background_background&quot;:&quot;classic&quot;}\">\n\t\t\t\t<div class=\"elementor-element elementor-element-9f1eae0 elementor-widget elementor-widget-menu-anchor\" data-id=\"9f1eae0\" data-element_type=\"widget\" data-e-type=\"widget\" data-widget_type=\"menu-anchor.default\">\n\t\t\t\t\t\t\t<div class=\"elementor-menu-anchor\" id=\"rolam-laura\"><\/div>\n\t\t\t\t\t\t<\/div>\n\t\t\t\t<div class=\"elementor-element elementor-element-0020591 elementor-widget elementor-widget-heading\" data-id=\"0020591\" data-element_type=\"widget\" data-e-type=\"widget\" data-widget_type=\"heading.default\">\n\t\t\t\t\t<h2 class=\"elementor-heading-title elementor-size-default\">Laura<\/h2>\t\t\t\t<\/div>\n\t\t\t\t<div class=\"elementor-element elementor-element-61d1b53 elementor-widget elementor-widget-text-editor\" data-id=\"61d1b53\" data-element_type=\"widget\" data-e-type=\"widget\" data-widget_type=\"text-editor.default\">\n\t\t\t\t\t\t\t\t\t<p>Laura egy Costa Blanca-i utaz\u00e1si \u00e9s mobilit\u00e1si szak\u00e9rt\u0151 \u00e9s szerz\u0151, aki t\u00f6bb mint \u00f6t \u00e9ve \u00e9l \u00e9s dolgozik Spanyolorsz\u00e1gban. Ez id\u0151 alatt alaposan bej\u00e1rta a r\u00e9gi\u00f3t \u2013 Alicante \u00e9s Benidorm ny\u00fczsg\u0151 utc\u00e1it\u00f3l eg\u00e9szen azokig a csendes tengerparti v\u00e1rosokig \u00e9s bels\u0151 falvakig, amelyeket a legt\u00f6bb turista soha nem fedez fel.<br \/>\u00cdr\u00e1sai val\u00f3s, gyakorlati utaz\u00e1si tapasztalatokra \u00e9p\u00fclnek. Laura abban seg\u00edt az utaz\u00f3knak, hogyan k\u00f6zlekedjenek hat\u00e9konyan a Costa Blanc\u00e1n \u2013 legyen sz\u00f3 a megfelel\u0151 b\u00e9raut\u00f3 kiv\u00e1laszt\u00e1s\u00e1r\u00f3l, egy l\u00e1tv\u00e1nyos aut\u00f3s kir\u00e1ndul\u00e1s megtervez\u00e9s\u00e9r\u0151l, vagy a leggyorsabb \u00e9s legmegb\u00edzhat\u00f3bb \u00fatvonalak megtal\u00e1l\u00e1s\u00e1r\u00f3l. Minden \u00fatmutat\u00f3ja els\u0151 k\u00e9zb\u0151l szerzett \u00e9lm\u00e9nyeken alapul, nem pedig \u00e1ltal\u00e1nos turisztikai aj\u00e1nl\u00f3kon.<\/p>\n<p>A Rentiago utaz\u00e1si blog szerz\u0151jek\u00e9nt Laura szorosan egy\u00fcttm\u0171k\u00f6dik helyi mobilit\u00e1si \u00e9s aut\u00f3b\u00e9rl\u00e9si szak\u00e9rt\u0151kkel, hogy az olvas\u00f3k mindig pontos \u00e9s naprak\u00e9sz inform\u00e1ci\u00f3khoz jussanak. Rendszeresen teszteli az \u00e1tv\u00e9teli pontokat, \u00f6sszehasonl\u00edtja az \u00fatvonalakat \u00e9s elemzi az utaz\u00e1si szok\u00e1sokat, hogy a l\u00e1togat\u00f3k elker\u00fclhess\u00e9k a gyakori hib\u00e1kat, \u00e9s magabiztosan \u00e9lvezhess\u00e9k az utaz\u00e1st.<\/p>\n<p>Laura k\u00fcl\u00f6n\u00f6sen elk\u00f6telezett az \u00f6n\u00e1ll\u00f3 utaz\u00e1s ir\u00e1nt \u2013 annak szabads\u00e1g\u00e1\u00e9rt, hogy mindenki a saj\u00e1t temp\u00f3j\u00e1ban fedezhesse fel a tengerpartokat, kil\u00e1t\u00f3kat, kisv\u00e1rosokat \u00e9s rejtett helyeket. C\u00e9lja, hogy seg\u00edtsen az utaz\u00f3knak Spanyolorsz\u00e1got \u00fagy megtapasztalni, ahogyan a helyiek: rugalmasan, k\u00e9nyelmesen \u00e9s j\u00f3l megtervezett \u00faton.<\/p>\n\t\t\t\t\t\t\t\t<\/div>\n\t\t<div class=\"elementor-element elementor-element-c99ebae e-con-full e-flex e-con e-child\" data-id=\"c99ebae\" data-element_type=\"container\" data-e-type=\"container\">\n\t\t<div class=\"elementor-element elementor-element-06174c5 e-con-full e-flex e-con e-child\" data-id=\"06174c5\" data-element_type=\"container\" data-e-type=\"container\" data-settings=\"{&quot;background_background&quot;:&quot;classic&quot;}\">\n\t\t\t\t<div class=\"elementor-element elementor-element-b273f63 elementor-widget elementor-widget-text-editor\" data-id=\"b273f63\" data-element_type=\"widget\" data-e-type=\"widget\" data-widget_type=\"text-editor.default\">\n\t\t\t\t\t\t\t\t\t<p>Helysz\u00edn<\/p>\n\t\t\t\t\t\t\t\t<\/div>\n\t\t\t\t<div class=\"elementor-element elementor-element-d5a5468 elementor-widget elementor-widget-text-editor\" data-id=\"d5a5468\" data-element_type=\"widget\" data-e-type=\"widget\" data-widget_type=\"text-editor.default\">\n\t\t\t\t\t\t\t\t\t<p>Spanyolorsz\u00e1g<\/p>\n\t\t\t\t\t\t\t\t<\/div>\n\t\t\t\t<\/div>\n\t\t<div class=\"elementor-element elementor-element-44bebdd e-con-full e-flex e-con e-child\" data-id=\"44bebdd\" data-element_type=\"container\" data-e-type=\"container\" data-settings=\"{&quot;background_background&quot;:&quot;classic&quot;}\">\n\t\t\t\t<div class=\"elementor-element elementor-element-b370ff1 elementor-widget elementor-widget-text-editor\" data-id=\"b370ff1\" data-element_type=\"widget\" data-e-type=\"widget\" data-widget_type=\"text-editor.default\">\n\t\t\t\t\t\t\t\t\t<p>T\u00c9M\u00c1I<\/p>\n\t\t\t\t\t\t\t\t<\/div>\n\t\t\t\t<div class=\"elementor-element elementor-element-62df959 elementor-widget elementor-widget-text-editor\" data-id=\"62df959\" data-element_type=\"widget\" data-e-type=\"widget\" data-widget_type=\"text-editor.default\">\n\t\t\t\t\t\t\t\t\t<p>Utaz\u00e1s \u00e9s \u00e9letm\u00f3d<\/p>\n\t\t\t\t\t\t\t\t<\/div>\n\t\t\t\t<\/div>\n\t\t<div class=\"elementor-element elementor-element-644bcf4 e-con-full e-flex e-con e-child\" data-id=\"644bcf4\" data-element_type=\"container\" data-e-type=\"container\" data-settings=\"{&quot;background_background&quot;:&quot;classic&quot;}\">\n\t\t\t\t<div class=\"elementor-element elementor-element-e9527df elementor-widget elementor-widget-text-editor\" data-id=\"e9527df\" data-element_type=\"widget\" data-e-type=\"widget\" data-widget_type=\"text-editor.default\">\n\t\t\t\t\t\t\t\t\t<p>St\u00edlus<\/p>\n\t\t\t\t\t\t\t\t<\/div>\n\t\t\t\t<div class=\"elementor-element elementor-element-3f177c3 elementor-widget elementor-widget-text-editor\" data-id=\"3f177c3\" data-element_type=\"widget\" data-e-type=\"widget\" data-widget_type=\"text-editor.default\">\n\t\t\t\t\t\t\t\t\t<p>Helyi \u00e9s hasznos inf\u00f3k<\/p>\n\t\t\t\t\t\t\t\t<\/div>\n\t\t\t\t<\/div>\n\t\t\t\t<\/div>\n\t\t\t\t<\/div>\n\t\t<div class=\"elementor-element elementor-element-5a830f5 e-con-full e-flex e-con e-child\" data-id=\"5a830f5\" data-element_type=\"container\" data-e-type=\"container\">\n\t\t\t\t<div class=\"elementor-element elementor-element-48068dc elementor-widget elementor-widget-menu-anchor\" data-id=\"48068dc\" data-element_type=\"widget\" data-e-type=\"widget\" data-widget_type=\"menu-anchor.default\">\n\t\t\t\t\t\t\t<div class=\"elementor-menu-anchor\" id=\"terulet\"><\/div>\n\t\t\t\t\t\t<\/div>\n\t\t\t\t<div class=\"elementor-element elementor-element-1d75b18 elementor-widget elementor-widget-heading\" data-id=\"1d75b18\" data-element_type=\"widget\" data-e-type=\"widget\" data-widget_type=\"heading.default\">\n\t\t\t\t\t<h2 class=\"elementor-heading-title elementor-size-default\">Szakter\u00fcletek<\/h2>\t\t\t\t<\/div>\n\t\t<div class=\"elementor-element elementor-element-b2a804c e-con-full e-flex e-con e-child\" data-id=\"b2a804c\" data-element_type=\"container\" data-e-type=\"container\" data-settings=\"{&quot;background_background&quot;:&quot;classic&quot;}\">\n\t\t\t\t<div class=\"elementor-element elementor-element-5609ba0 elementor-widget elementor-widget-heading\" data-id=\"5609ba0\" data-element_type=\"widget\" data-e-type=\"widget\" data-widget_type=\"heading.default\">\n\t\t\t\t\t<h3 class=\"elementor-heading-title elementor-size-default\">Spanyol utaz\u00e1si \u00fatmutat\u00f3k<\/h3>\t\t\t\t<\/div>\n\t\t\t\t<div class=\"elementor-element elementor-element-cc5ce5e elementor-widget elementor-widget-text-editor\" data-id=\"cc5ce5e\" data-element_type=\"widget\" data-e-type=\"widget\" data-widget_type=\"text-editor.default\">\n\t\t\t\t\t\t\t\t\t<p>V\u00e1rosi \u00fatvonalak, helyi v\u00e1rosr\u00e9szek \u00e9s gyakorlati tervez\u00e9si tippek.<\/p>\n\t\t\t\t\t\t\t\t<\/div>\n\t\t\t\t<\/div>\n\t\t<div class=\"elementor-element elementor-element-759cfd1 e-con-full e-flex e-con e-child\" data-id=\"759cfd1\" data-element_type=\"container\" data-e-type=\"container\" data-settings=\"{&quot;background_background&quot;:&quot;classic&quot;}\">\n\t\t\t\t<div class=\"elementor-element elementor-element-dddf82c elementor-widget elementor-widget-heading\" data-id=\"dddf82c\" data-element_type=\"widget\" data-e-type=\"widget\" data-widget_type=\"heading.default\">\n\t\t\t\t\t<h3 class=\"elementor-heading-title elementor-size-default\">Strandok \u00e9s tengerparti \u00e9let<\/h3>\t\t\t\t<\/div>\n\t\t\t\t<div class=\"elementor-element elementor-element-f1f61b6 elementor-widget elementor-widget-text-editor\" data-id=\"f1f61b6\" data-element_type=\"widget\" data-e-type=\"widget\" data-widget_type=\"text-editor.default\">\n\t\t\t\t\t\t\t\t\t<p>V\u00e1rosi \u00fatvonalak, helyi v\u00e1rosr\u00e9szek \u00e9s hasznos tervez\u00e9si tippek<\/p>\n\t\t\t\t\t\t\t\t<\/div>\n\t\t\t\t<\/div>\n\t\t<div class=\"elementor-element elementor-element-6f8300a e-con-full e-flex e-con e-child\" data-id=\"6f8300a\" data-element_type=\"container\" data-e-type=\"container\" data-settings=\"{&quot;background_background&quot;:&quot;classic&quot;}\">\n\t\t\t\t<div class=\"elementor-element elementor-element-2942144 elementor-widget elementor-widget-heading\" data-id=\"2942144\" data-element_type=\"widget\" data-e-type=\"widget\" data-widget_type=\"heading.default\">\n\t\t\t\t\t<h3 class=\"elementor-heading-title elementor-size-default\">Helyi \u00e9lm\u00e9nyek<\/h3>\t\t\t\t<\/div>\n\t\t\t\t<div class=\"elementor-element elementor-element-90e8c07 elementor-widget elementor-widget-text-editor\" data-id=\"90e8c07\" data-element_type=\"widget\" data-e-type=\"widget\" data-widget_type=\"text-editor.default\">\n\t\t\t\t\t\t\t\t\t<p>Hov\u00e1 j\u00e1rnak a helyiek, mit \u00e9rdemes kipr\u00f3b\u00e1lni, \u00e9s hogyan fedezd fel Spanyolorsz\u00e1got nyugodtabb temp\u00f3ban.<\/p>\n\t\t\t\t\t\t\t\t<\/div>\n\t\t\t\t<\/div>\n\t\t\t\t<\/div>\n\t\t\t\t<\/section>\n\t\t<section class=\"elementor-element elementor-element-eba146a e-con-full e-flex e-con e-child\" data-id=\"eba146a\" data-element_type=\"container\" data-e-type=\"container\" data-settings=\"{&quot;background_background&quot;:&quot;classic&quot;}\">\n\t\t\t\t<div class=\"elementor-element elementor-element-15f80d8 elementor-widget elementor-widget-menu-anchor\" data-id=\"15f80d8\" data-element_type=\"widget\" data-e-type=\"widget\" data-widget_type=\"menu-anchor.default\">\n\t\t\t\t\t\t\t<div class=\"elementor-menu-anchor\" id=\"cikkek\"><\/div>\n\t\t\t\t\t\t<\/div>\n\t\t\t\t<div class=\"elementor-element elementor-element-1b2005d elementor-widget elementor-widget-heading\" data-id=\"1b2005d\" data-element_type=\"widget\" data-e-type=\"widget\" data-widget_type=\"heading.default\">\n\t\t\t\t\t<h2 class=\"elementor-heading-title elementor-size-default\">Laura cikkei<\/h2>\t\t\t\t<\/div>\n\t\t\t\t<div class=\"elementor-element elementor-element-d4cb7de elementor-widget elementor-widget-text-editor\" data-id=\"d4cb7de\" data-element_type=\"widget\" data-e-type=\"widget\" data-widget_type=\"text-editor.default\">\n\t\t\t\t\t\t\t\t\tLaura \u00f6sszes cikke a Rentiago utaz\u00e1si blogj\u00e1n.\t\t\t\t\t\t\t\t<\/div>\n\t\t\t\t<\/section>\n\t\t<div class=\"elementor-element elementor-element-e57c9c9 e-con-full e-flex e-con e-child\" data-id=\"e57c9c9\" data-element_type=\"container\" data-e-type=\"container\" data-settings=\"{&quot;background_background&quot;:&quot;classic&quot;}\">\n\t\t<div class=\"elementor-element elementor-element-f906b33 e-con-full e-flex e-con e-child\" data-id=\"f906b33\" data-element_type=\"container\" data-e-type=\"container\">\n\t\t\t\t<div class=\"elementor-element elementor-element-c393b6f elementor-widget elementor-widget-heading\" data-id=\"c393b6f\" data-element_type=\"widget\" data-e-type=\"widget\" data-widget_type=\"heading.default\">\n\t\t\t\t\t<h2 class=\"elementor-heading-title elementor-size-default\">FEDEZD FEL SPANYOLORSZ\u00c1GOT MAGABIZTOSAN<\/h2>\t\t\t\t<\/div>\n\t\t\t\t<div class=\"elementor-element elementor-element-28c0ef5 elementor-widget elementor-widget-text-editor\" data-id=\"28c0ef5\" data-element_type=\"widget\" data-e-type=\"widget\" data-widget_type=\"text-editor.default\">\n\t\t\t\t\t\t\t\t\t<p>Fedezz fel m\u00e9g t\u00f6bb \u00fatmutat\u00f3t a Rentiago utaz\u00e1si blogj\u00e1n<\/p>\n\t\t\t\t\t\t\t\t<\/div>\n\t\t\t\t<div class=\"elementor-element elementor-element-ea4c518 elementor-widget elementor-widget-text-editor\" data-id=\"ea4c518\" data-element_type=\"widget\" data-e-type=\"widget\" data-widget_type=\"text-editor.default\">\n\t\t\t\t\t\t\t\t\t<p>Gyakorlati utaz\u00e1si tippek, helyi aj\u00e1nl\u00e1sok \u00e9s aut\u00f3b\u00e9rl\u00e9si tan\u00e1csok.<\/p>\n\t\t\t\t\t\t\t\t<\/div>\n\t\t\t\t<\/div>\n\t\t<div class=\"elementor-element elementor-element-e9f1601 e-con-full e-flex e-con e-child\" data-id=\"e9f1601\" data-element_type=\"container\" data-e-type=\"container\">\n\t\t\t\t<div class=\"elementor-element elementor-element-41066a3 elementor-widget elementor-widget-button\" data-id=\"41066a3\" data-element_type=\"widget\" data-e-type=\"widget\" data-widget_type=\"button.default\">\n\t\t\t\t\t\t\t\t\t\t<a class=\"elementor-button elementor-button-link elementor-size-sm\" href=\"https:\/\/rentiago.com\/hu\/blog\/\">\n\t\t\t\t\t\t<span class=\"elementor-button-content-wrapper\">\n\t\t\t\t\t\t<span class=\"elementor-button-icon\">\n\t\t\t\t<svg aria-hidden=\"true\" class=\"e-font-icon-svg e-fas-arrow-right\" viewBox=\"0 0 448 512\" xmlns=\"http:\/\/www.w3.org\/2000\/svg\"><path d=\"M190.5 66.9l22.2-22.2c9.4-9.4 24.6-9.4 33.9 0L441 239c9.4 9.4 9.4 24.6 0 33.9L246.6 467.3c-9.4 9.4-24.6 9.4-33.9 0l-22.2-22.2c-9.5-9.5-9.3-25 .4-34.3L311.4 296H24c-13.3 0-24-10.7-24-24v-32c0-13.3 10.7-24 24-24h287.4L190.9 101.2c-9.8-9.3-10-24.8-.4-34.3z\"><\/path><\/svg>\t\t\t<\/span>\n\t\t\t\t\t\t\t\t\t<span class=\"elementor-button-text\">Ir\u00e1ny a blog<\/span>\n\t\t\t\t\t<\/span>\n\t\t\t\t\t<\/a>\n\t\t\t\t\t\t\t\t<\/div>\n\t\t\t\t<\/div>\n\t\t\t\t<\/div>\n\t\t\t\t<\/article>\n\t\t\t\t\t<\/div>\n\t\t\t\t<\/main>\n\t\t\t\t<\/div>\n\t\t","protected":false},"excerpt":{"rendered":"<p>Rentiago blog szerz\u0151 Laura Utaz\u00e1si \u00e9s \u00e9letm\u00f3d \u00edr\u00f3 Laura egy Costa Blanca-i utaz\u00e1si \u00e9s \u00e9letm\u00f3d \u00edr\u00f3, aki t\u00f6bb mint \u00f6t \u00e9ve \u00e9l Spanyolorsz\u00e1gban. \u00cdr\u00e1saiban az autentikus utaz\u00e1si \u00e9lm\u00e9nyekre, a tengerparti \u00fati c\u00e9lokra \u00e9s a r\u00e9gi\u00f3 mindennapi helyi \u00e9let\u00e9re koncentr\u00e1l. Cikkek megtekint\u00e9se R\u00f3lam Szakter\u00fclet \ud83d\udd34 A Rentiago utaz\u00e1si blog csapat\u00e1nak tagja Gyakorlati \u00fatmutat\u00f3k, helyi tippek \u00e9s [&hellip;]<\/p>\n","protected":false},"author":2,"featured_media":1194,"parent":9243,"menu_order":0,"comment_status":"closed","ping_status":"closed","template":"elementor_header_footer","meta":{"footnotes":""},"class_list":["post-7651","page","type-page","status-publish","has-post-thumbnail","hentry"],"_links":{"self":[{"href":"https:\/\/rentiago.com\/hu\/wp-json\/wp\/v2\/pages\/7651","targetHints":{"allow":["GET"]}}],"collection":[{"href":"https:\/\/rentiago.com\/hu\/wp-json\/wp\/v2\/pages"}],"about":[{"href":"https:\/\/rentiago.com\/hu\/wp-json\/wp\/v2\/types\/page"}],"author":[{"embeddable":true,"href":"https:\/\/rentiago.com\/hu\/wp-json\/wp\/v2\/users\/2"}],"replies":[{"embeddable":true,"href":"https:\/\/rentiago.com\/hu\/wp-json\/wp\/v2\/comments?post=7651"}],"version-history":[{"count":0,"href":"https:\/\/rentiago.com\/hu\/wp-json\/wp\/v2\/pages\/7651\/revisions"}],"up":[{"embeddable":true,"href":"https:\/\/rentiago.com\/hu\/wp-json\/wp\/v2\/pages\/9243"}],"wp:featuredmedia":[{"embeddable":true,"href":"https:\/\/rentiago.com\/hu\/wp-json\/wp\/v2\/media\/1194"}],"wp:attachment":[{"href":"https:\/\/rentiago.com\/hu\/wp-json\/wp\/v2\/media?parent=7651"}],"curies":[{"name":"wp","href":"https:\/\/api.w.org\/{rel}","templated":true}]}}