{"id":9234,"date":"2026-01-16T22:41:33","date_gmt":"2026-01-16T21:41:33","guid":{"rendered":"https:\/\/rentiago.com\/daniel\/"},"modified":"2026-02-12T14:26:09","modified_gmt":"2026-02-12T13:26:09","slug":"daniel","status":"publish","type":"page","link":"https:\/\/rentiago.com\/hu\/szakertok\/daniel\/","title":{"rendered":"Daniel"},"content":{"rendered":"\t\t<div data-elementor-type=\"wp-page\" data-elementor-id=\"9234\" class=\"elementor elementor-9234 elementor-8941\" data-elementor-post-type=\"page\">\n\t\t\t\t<nav class=\"elementor-element elementor-element-51bdca3 e-flex e-con-boxed e-con e-parent\" data-id=\"51bdca3\" data-element_type=\"container\" data-e-type=\"container\">\n\t\t\t\t\t<div class=\"e-con-inner\">\n\t\t<div class=\"elementor-element elementor-element-cef8f9e e-con-full e-flex e-con e-child\" data-id=\"cef8f9e\" data-element_type=\"container\" data-e-type=\"container\">\n\t\t\t\t<div class=\"elementor-element elementor-element-8679c1b elementor-widget elementor-widget-text-editor\" data-id=\"8679c1b\" data-element_type=\"widget\" data-e-type=\"widget\" data-widget_type=\"text-editor.default\">\n\t\t\t\t\t\t\t\t\t<nav aria-label=\"breadcrumbs\" class=\"rank-math-breadcrumb\"><p><span class=\"last\">Home<\/span><\/p><\/nav>\n\t\t\t\t\t\t\t\t<\/div>\n\t\t\t\t<\/div>\n\t\t\t\t\t<\/div>\n\t\t\t\t<\/nav>\n\t\t<main class=\"elementor-element elementor-element-36e004c e-flex e-con-boxed e-con e-parent\" data-id=\"36e004c\" data-element_type=\"container\" data-e-type=\"container\">\n\t\t\t\t\t<div class=\"e-con-inner\">\n\t\t<article class=\"elementor-element elementor-element-08a42ce e-con-full e-flex e-con e-child\" data-id=\"08a42ce\" data-element_type=\"container\" data-e-type=\"container\">\n\t\t<header class=\"elementor-element elementor-element-613b38b e-con-full e-flex e-con e-child\" data-id=\"613b38b\" data-element_type=\"container\" data-e-type=\"container\">\n\t\t<div class=\"elementor-element elementor-element-e520c0a e-con-full e-flex e-con e-child\" data-id=\"e520c0a\" data-element_type=\"container\" data-e-type=\"container\">\n\t\t\t\t<div class=\"elementor-element elementor-element-e241e05 elementor-widget elementor-widget-image\" data-id=\"e241e05\" data-element_type=\"widget\" data-e-type=\"widget\" data-widget_type=\"image.default\">\n\t\t\t\t\t\t\t\t\t\t\t\t\t\t\t<img fetchpriority=\"high\" decoding=\"async\" width=\"800\" height=\"800\" src=\"https:\/\/rentiago.com\/wp-content\/uploads\/2025\/12\/Daniel-car-rental-expert.webp\" class=\"attachment-large size-large wp-image-7254\" alt=\"Daniel \u2013 aut\u00f3b\u00e9rl\u00e9si \u00e9s vezet\u00e9si szak\u00e9rt\u0151 Spanyolorsz\u00e1gban\" srcset=\"https:\/\/rentiago.com\/wp-content\/uploads\/2025\/12\/Daniel-car-rental-expert.webp 800w, https:\/\/rentiago.com\/wp-content\/uploads\/2025\/12\/Daniel-car-rental-expert-300x300.webp 300w, https:\/\/rentiago.com\/wp-content\/uploads\/2025\/12\/Daniel-car-rental-expert-150x150.webp 150w, https:\/\/rentiago.com\/wp-content\/uploads\/2025\/12\/Daniel-car-rental-expert-768x768.webp 768w\" sizes=\"(max-width: 800px) 100vw, 800px\" \/>\t\t\t\t\t\t\t\t\t\t\t\t\t\t\t<\/div>\n\t\t\t\t<\/div>\n\t\t<div class=\"elementor-element elementor-element-672ece3 e-con-full e-flex e-con e-child\" data-id=\"672ece3\" data-element_type=\"container\" data-e-type=\"container\">\n\t\t\t\t<div class=\"elementor-element elementor-element-b4f3f49 elementor-widget elementor-widget-text-editor\" data-id=\"b4f3f49\" data-element_type=\"widget\" data-e-type=\"widget\" data-widget_type=\"text-editor.default\">\n\t\t\t\t\t\t\t\t\t<p>RENTIAGO BUSINESS HUB SZERZ\u0150<\/p>\n\t\t\t\t\t\t\t\t<\/div>\n\t\t\t\t<div class=\"elementor-element elementor-element-accc4ff elementor-widget elementor-widget-heading\" data-id=\"accc4ff\" data-element_type=\"widget\" data-e-type=\"widget\" data-widget_type=\"heading.default\">\n\t\t\t\t\t<h1 class=\"elementor-heading-title elementor-size-default\">Daniel<\/h1>\t\t\t\t<\/div>\n\t\t\t\t<div class=\"elementor-element elementor-element-2f42867 elementor-widget elementor-widget-text-editor\" data-id=\"2f42867\" data-element_type=\"widget\" data-e-type=\"widget\" data-widget_type=\"text-editor.default\">\n\t\t\t\t\t\t\t\t\t<p>\u00dczleti \u00e9s mobilit\u00e1si \u00edr\u00f3<\/p>\n\t\t\t\t\t\t\t\t<\/div>\n\t\t\t\t<div class=\"elementor-element elementor-element-68e68ad elementor-widget elementor-widget-text-editor\" data-id=\"68e68ad\" data-element_type=\"widget\" data-e-type=\"widget\" data-widget_type=\"text-editor.default\">\n\t\t\t\t\t\t\t\t\t<p>Daniel gyakorlatias, tapasztalaton alapul\u00f3 cikkeket \u00edr a spanyolorsz\u00e1gi \u00fczleti lehet\u0151s\u00e9gekr\u0151l, a mobilit\u00e1sr\u00f3l \u00e9s a mindennapi \u00e9letr\u0151l. \u00datmutat\u00f3i vil\u00e1gos magyar\u00e1zatokra, val\u00f3s p\u00e9ld\u00e1kra \u00e9s arra \u00e9p\u00fclnek, hogy seg\u00edts\u00e9k az olvas\u00f3kat megalapozott d\u00f6nt\u00e9sek meghozatal\u00e1ban.<\/p>\n\t\t\t\t\t\t\t\t<\/div>\n\t\t<div class=\"elementor-element elementor-element-fa63923 e-con-full e-flex e-con e-child\" data-id=\"fa63923\" data-element_type=\"container\" data-e-type=\"container\">\n\t\t\t\t<div class=\"elementor-element elementor-element-2318b11 elementor-widget elementor-widget-button\" data-id=\"2318b11\" data-element_type=\"widget\" data-e-type=\"widget\" data-widget_type=\"button.default\">\n\t\t\t\t\t\t\t\t\t\t<a class=\"elementor-button elementor-button-link elementor-size-sm\" href=\"#cikkek-daniel\">\n\t\t\t\t\t\t<span class=\"elementor-button-content-wrapper\">\n\t\t\t\t\t\t\t\t\t<span class=\"elementor-button-text\">Cikkek megtekint\u00e9se<\/span>\n\t\t\t\t\t<\/span>\n\t\t\t\t\t<\/a>\n\t\t\t\t\t\t\t\t<\/div>\n\t\t\t\t<div class=\"elementor-element elementor-element-4774d18 elementor-widget elementor-widget-button\" data-id=\"4774d18\" data-element_type=\"widget\" data-e-type=\"widget\" data-widget_type=\"button.default\">\n\t\t\t\t\t\t\t\t\t\t<a class=\"elementor-button elementor-button-link elementor-size-sm\" href=\"#rola-daniel\">\n\t\t\t\t\t\t<span class=\"elementor-button-content-wrapper\">\n\t\t\t\t\t\t\t\t\t<span class=\"elementor-button-text\">R\u00f3lam<\/span>\n\t\t\t\t\t<\/span>\n\t\t\t\t\t<\/a>\n\t\t\t\t\t\t\t\t<\/div>\n\t\t\t\t<div class=\"elementor-element elementor-element-989656b elementor-widget elementor-widget-button\" data-id=\"989656b\" data-element_type=\"widget\" data-e-type=\"widget\" data-widget_type=\"button.default\">\n\t\t\t\t\t\t\t\t\t\t<a class=\"elementor-button elementor-button-link elementor-size-sm\" href=\"#szakterulet-daniel\">\n\t\t\t\t\t\t<span class=\"elementor-button-content-wrapper\">\n\t\t\t\t\t\t\t\t\t<span class=\"elementor-button-text\">Szakter\u00fclet<\/span>\n\t\t\t\t\t<\/span>\n\t\t\t\t\t<\/a>\n\t\t\t\t\t\t\t\t<\/div>\n\t\t\t\t<\/div>\n\t\t\t\t<\/div>\n\t\t\t\t<\/header>\n\t\t\t\t<div class=\"elementor-element elementor-element-99a3405 elementor-widget-divider--view-line elementor-widget elementor-widget-divider\" data-id=\"99a3405\" data-element_type=\"widget\" data-e-type=\"widget\" data-widget_type=\"divider.default\">\n\t\t\t\t\t\t\t<div class=\"elementor-divider\">\n\t\t\t<span class=\"elementor-divider-separator\">\n\t\t\t\t\t\t<\/span>\n\t\t<\/div>\n\t\t\t\t\t\t<\/div>\n\t\t<div class=\"elementor-element elementor-element-db2af4b e-con-full e-flex e-con e-child\" data-id=\"db2af4b\" data-element_type=\"container\" data-e-type=\"container\" data-settings=\"{&quot;background_background&quot;:&quot;gradient&quot;}\">\n\t\t<div class=\"elementor-element elementor-element-2dec4df e-con-full e-flex e-con e-child\" data-id=\"2dec4df\" data-element_type=\"container\" data-e-type=\"container\">\n\t\t\t\t<div class=\"elementor-element elementor-element-cbca90c elementor-widget elementor-widget-text-editor\" data-id=\"cbca90c\" data-element_type=\"widget\" data-e-type=\"widget\" data-widget_type=\"text-editor.default\">\n\t\t\t\t\t\t\t\t\t<p>\ud83d\udd34 A Rentiago utaz\u00e1si blog csapat\u00e1nak tagja<\/p>\n\t\t\t\t\t\t\t\t<\/div>\n\t\t\t\t<\/div>\n\t\t\t\t<div class=\"elementor-element elementor-element-9d20f39 elementor-widget elementor-widget-text-editor\" data-id=\"9d20f39\" data-element_type=\"widget\" data-e-type=\"widget\" data-widget_type=\"text-editor.default\">\n\t\t\t\t\t\t\t\t\t<p>Gyakorlati \u00fczleti \u00e9s mobilit\u00e1si \u00fatmutat\u00f3k Spanyolorsz\u00e1ghoz.<\/p>\n\t\t\t\t\t\t\t\t<\/div>\n\t\t\t\t<\/div>\n\t\t<section class=\"elementor-element elementor-element-2ee74b0 e-con-full e-flex e-con e-child\" data-id=\"2ee74b0\" data-element_type=\"container\" data-e-type=\"container\">\n\t\t<div class=\"elementor-element elementor-element-630bee1 e-con-full e-flex e-con e-child\" data-id=\"630bee1\" data-element_type=\"container\" data-e-type=\"container\" data-settings=\"{&quot;background_background&quot;:&quot;classic&quot;}\">\n\t\t\t\t<div class=\"elementor-element elementor-element-b3622a4 elementor-widget elementor-widget-menu-anchor\" data-id=\"b3622a4\" data-element_type=\"widget\" data-e-type=\"widget\" data-widget_type=\"menu-anchor.default\">\n\t\t\t\t\t\t\t<div class=\"elementor-menu-anchor\" id=\"rola-daniel\"><\/div>\n\t\t\t\t\t\t<\/div>\n\t\t\t\t<div class=\"elementor-element elementor-element-6a47504 elementor-widget elementor-widget-heading\" data-id=\"6a47504\" data-element_type=\"widget\" data-e-type=\"widget\" data-widget_type=\"heading.default\">\n\t\t\t\t\t<h2 class=\"elementor-heading-title elementor-size-default\">Daniel<\/h2>\t\t\t\t<\/div>\n\t\t\t\t<div class=\"elementor-element elementor-element-53c1448 elementor-widget elementor-widget-text-editor\" data-id=\"53c1448\" data-element_type=\"widget\" data-e-type=\"widget\" data-widget_type=\"text-editor.default\">\n\t\t\t\t\t\t\t\t\t<p>Daniel Spanyolorsz\u00e1gban \u00e9l\u0151 \u00fczleti \u00e9s mobilit\u00e1si szak\u00edr\u00f3, aki els\u0151sorban a munkav\u00e9gz\u00e9ssel, p\u00e9nzkeres\u00e9ssel \u00e9s a spanyolorsz\u00e1gi m\u0171k\u00f6d\u00e9ssel kapcsolatos gyakorlati t\u00e9m\u00e1kra f\u00f3kusz\u00e1l. Val\u00f3s \u00fczleti lehet\u0151s\u00e9geket, mobilit\u00e1si megold\u00e1sokat \u00e9s olyan mindennapi rendszereket mutat be, amelyek egyar\u00e1nt hat\u00e1ssal vannak a helyiekre \u00e9s az ide l\u00e1togat\u00f3 emberekre.<\/p>\n<p>\u00cdr\u00e1sai k\u00f6z\u00e9ppontj\u00e1ban a vil\u00e1gos, tapasztalaton alapul\u00f3 magyar\u00e1zatok \u00e1llnak, nem az elm\u00e9leti vagy prom\u00f3ci\u00f3s jelleg\u0171 tartalom. Daniel k\u00fcl\u00f6n\u00f6sen abban er\u0151s, hogy \u00f6sszetett t\u00e9m\u00e1kat \u2014 p\u00e9ld\u00e1ul mell\u00e9kj\u00f6vedelmi lehet\u0151s\u00e9geket, mobilit\u00e1si szolg\u00e1ltat\u00e1sokat, b\u00e9rleti strukt\u00far\u00e1kat vagy helyi szab\u00e1lyoz\u00e1sokat \u2014 \u00e9rthet\u0151, gyakorlatban is haszn\u00e1lhat\u00f3 \u00fatmutat\u00f3kk\u00e1 alak\u00edt.<\/p>\n<p>A Rentiago Travel Blog szerz\u0151jek\u00e9nt szorosan egy\u00fcttm\u0171k\u00f6dik mobilit\u00e1si szakemberekkel \u00e9s ipar\u00e1gi partnerekkel annak \u00e9rdek\u00e9ben, hogy az inform\u00e1ci\u00f3k pontosak, naprak\u00e9szek \u00e9s a val\u00f3s m\u0171k\u00f6d\u00e9si k\u00f6rnyezeten alapul\u00f3k legyenek. Cikkei c\u00e9lja, hogy seg\u00edts\u00e9k az olvas\u00f3kat megalapozott d\u00f6nt\u00e9sek meghozatal\u00e1ban, a k\u00f6lts\u00e9ges hib\u00e1k elker\u00fcl\u00e9s\u00e9ben, valamint abban, hogy jobban meg\u00e9rts\u00e9k, hogyan m\u0171k\u00f6dnek a rendszerek a h\u00e1tt\u00e9rben.<\/p>\n<p>Daniel k\u00fcl\u00f6n\u00f6sen \u00e9rdekl\u0151dik a mobilit\u00e1s \u00e9s a mindennapi \u00e9let metsz\u00e9spontja ir\u00e1nt Spanyolorsz\u00e1gban \u2014 vagyis az ir\u00e1nt, hogyan mozognak, dolgoznak \u00e9s teremtenek bev\u00e9telt az emberek hat\u00e9konyan a helyi szab\u00e1lyok \u00e9s keretek k\u00f6z\u00f6tt. C\u00e9lja, hogy olyan gyakorlati betekint\u00e9st ny\u00fajtson, amely t\u00e1mogatja az \u00f6n\u00e1ll\u00f3s\u00e1got, az \u00e1tl\u00e1that\u00f3s\u00e1got \u00e9s a magabiztos d\u00f6nt\u00e9shozatalt.<\/p>\n\t\t\t\t\t\t\t\t<\/div>\n\t\t<div class=\"elementor-element elementor-element-8c6bff7 e-con-full e-flex e-con e-child\" data-id=\"8c6bff7\" data-element_type=\"container\" data-e-type=\"container\">\n\t\t<div class=\"elementor-element elementor-element-77e7f7f e-con-full e-flex e-con e-child\" data-id=\"77e7f7f\" data-element_type=\"container\" data-e-type=\"container\" data-settings=\"{&quot;background_background&quot;:&quot;classic&quot;}\">\n\t\t\t\t<div class=\"elementor-element elementor-element-4001e5a elementor-widget elementor-widget-text-editor\" data-id=\"4001e5a\" data-element_type=\"widget\" data-e-type=\"widget\" data-widget_type=\"text-editor.default\">\n\t\t\t\t\t\t\t\t\t<p>Helysz\u00edn<\/p>\n\t\t\t\t\t\t\t\t<\/div>\n\t\t\t\t<div class=\"elementor-element elementor-element-c862196 elementor-widget elementor-widget-text-editor\" data-id=\"c862196\" data-element_type=\"widget\" data-e-type=\"widget\" data-widget_type=\"text-editor.default\">\n\t\t\t\t\t\t\t\t\t<p>Spanyolorsz\u00e1g<\/p>\n\t\t\t\t\t\t\t\t<\/div>\n\t\t\t\t<\/div>\n\t\t<div class=\"elementor-element elementor-element-a313ebc e-con-full e-flex e-con e-child\" data-id=\"a313ebc\" data-element_type=\"container\" data-e-type=\"container\" data-settings=\"{&quot;background_background&quot;:&quot;classic&quot;}\">\n\t\t\t\t<div class=\"elementor-element elementor-element-ebaa7cc elementor-widget elementor-widget-text-editor\" data-id=\"ebaa7cc\" data-element_type=\"widget\" data-e-type=\"widget\" data-widget_type=\"text-editor.default\">\n\t\t\t\t\t\t\t\t\t<p>T\u00c9M\u00c1I<\/p>\n\t\t\t\t\t\t\t\t<\/div>\n\t\t\t\t<div class=\"elementor-element elementor-element-6c3e2d5 elementor-widget elementor-widget-text-editor\" data-id=\"6c3e2d5\" data-element_type=\"widget\" data-e-type=\"widget\" data-widget_type=\"text-editor.default\">\n\t\t\t\t\t\t\t\t\t<p>\u00dczlet &amp; mobilit\u00e1s<\/p>\n\t\t\t\t\t\t\t\t<\/div>\n\t\t\t\t<\/div>\n\t\t<div class=\"elementor-element elementor-element-22f971d e-con-full e-flex e-con e-child\" data-id=\"22f971d\" data-element_type=\"container\" data-e-type=\"container\" data-settings=\"{&quot;background_background&quot;:&quot;classic&quot;}\">\n\t\t\t\t<div class=\"elementor-element elementor-element-c46dac8 elementor-widget elementor-widget-text-editor\" data-id=\"c46dac8\" data-element_type=\"widget\" data-e-type=\"widget\" data-widget_type=\"text-editor.default\">\n\t\t\t\t\t\t\t\t\t<p>St\u00edlus<\/p>\n\t\t\t\t\t\t\t\t<\/div>\n\t\t\t\t<div class=\"elementor-element elementor-element-b1bb540 elementor-widget elementor-widget-text-editor\" data-id=\"b1bb540\" data-element_type=\"widget\" data-e-type=\"widget\" data-widget_type=\"text-editor.default\">\n\t\t\t\t\t\t\t\t\t<p>Gyakorlatias &amp; \u00e9rt\u00e9kes betekint\u00e9sek<\/p>\n\t\t\t\t\t\t\t\t<\/div>\n\t\t\t\t<\/div>\n\t\t\t\t<\/div>\n\t\t\t\t<\/div>\n\t\t<div class=\"elementor-element elementor-element-3556626 e-con-full e-flex e-con e-child\" data-id=\"3556626\" data-element_type=\"container\" data-e-type=\"container\">\n\t\t\t\t<div class=\"elementor-element elementor-element-7d878d6 elementor-widget elementor-widget-menu-anchor\" data-id=\"7d878d6\" data-element_type=\"widget\" data-e-type=\"widget\" data-widget_type=\"menu-anchor.default\">\n\t\t\t\t\t\t\t<div class=\"elementor-menu-anchor\" id=\"szakterulet-daniel\"><\/div>\n\t\t\t\t\t\t<\/div>\n\t\t\t\t<div class=\"elementor-element elementor-element-17fa483 elementor-widget elementor-widget-heading\" data-id=\"17fa483\" data-element_type=\"widget\" data-e-type=\"widget\" data-widget_type=\"heading.default\">\n\t\t\t\t\t<h2 class=\"elementor-heading-title elementor-size-default\">Szakter\u00fcletek<\/h2>\t\t\t\t<\/div>\n\t\t<div class=\"elementor-element elementor-element-b3f0e11 e-con-full e-flex e-con e-child\" data-id=\"b3f0e11\" data-element_type=\"container\" data-e-type=\"container\" data-settings=\"{&quot;background_background&quot;:&quot;classic&quot;}\">\n\t\t\t\t<div class=\"elementor-element elementor-element-f7f0fa1 elementor-widget elementor-widget-heading\" data-id=\"f7f0fa1\" data-element_type=\"widget\" data-e-type=\"widget\" data-widget_type=\"heading.default\">\n\t\t\t\t\t<h3 class=\"elementor-heading-title elementor-size-default\">\u00dczleti \u00e9s j\u00f6vedelemszerz\u00e9si lehet\u0151s\u00e9gek Spanyolorsz\u00e1gban<\/h3>\t\t\t\t<\/div>\n\t\t\t\t<div class=\"elementor-element elementor-element-982024e elementor-widget elementor-widget-text-editor\" data-id=\"982024e\" data-element_type=\"widget\" data-e-type=\"widget\" data-widget_type=\"text-editor.default\">\n\t\t\t\t\t\t\t\t\t<p>Gyakorlati betekint\u00e9sek a mell\u00e9kj\u00f6vedelmekr\u0151l, online bev\u00e9teli lehet\u0151s\u00e9gekr\u0151l \u00e9s \u00fczleti trendekr\u0151l.<\/p>\n\t\t\t\t\t\t\t\t<\/div>\n\t\t\t\t<\/div>\n\t\t<div class=\"elementor-element elementor-element-303e88b e-con-full e-flex e-con e-child\" data-id=\"303e88b\" data-element_type=\"container\" data-e-type=\"container\" data-settings=\"{&quot;background_background&quot;:&quot;classic&quot;}\">\n\t\t\t\t<div class=\"elementor-element elementor-element-22acd91 elementor-widget elementor-widget-heading\" data-id=\"22acd91\" data-element_type=\"widget\" data-e-type=\"widget\" data-widget_type=\"heading.default\">\n\t\t\t\t\t<h3 class=\"elementor-heading-title elementor-size-default\">Mobilit\u00e1s, aut\u00f3b\u00e9rl\u00e9s \u00e9s k\u00f6zleked\u00e9s t\u00e9m\u00e1k<\/h3>\t\t\t\t<\/div>\n\t\t\t\t<div class=\"elementor-element elementor-element-54d76d2 elementor-widget elementor-widget-text-editor\" data-id=\"54d76d2\" data-element_type=\"widget\" data-e-type=\"widget\" data-widget_type=\"text-editor.default\">\n\t\t\t\t\t\t\t\t\t<p>K\u00f6z\u00e9rthet\u0151 magyar\u00e1zatok az aut\u00f3b\u00e9rl\u00e9sr\u0151l, a vezet\u00e9si szab\u00e1lyokr\u00f3l \u00e9s a mobilit\u00e1s alapjair\u00f3l.<\/p>\n\t\t\t\t\t\t\t\t<\/div>\n\t\t\t\t<\/div>\n\t\t<div class=\"elementor-element elementor-element-808b3b8 e-con-full e-flex e-con e-child\" data-id=\"808b3b8\" data-element_type=\"container\" data-e-type=\"container\" data-settings=\"{&quot;background_background&quot;:&quot;classic&quot;}\">\n\t\t\t\t<div class=\"elementor-element elementor-element-989da80 elementor-widget elementor-widget-heading\" data-id=\"989da80\" data-element_type=\"widget\" data-e-type=\"widget\" data-widget_type=\"heading.default\">\n\t\t\t\t\t<h3 class=\"elementor-heading-title elementor-size-default\">Gyakorlati \u00fatmutat\u00f3k a spanyolorsz\u00e1gi \u00e9lethez \u00e9s munkav\u00e9gz\u00e9shez<\/h3>\t\t\t\t<\/div>\n\t\t\t\t<div class=\"elementor-element elementor-element-e3a07ea elementor-widget elementor-widget-text-editor\" data-id=\"e3a07ea\" data-element_type=\"widget\" data-e-type=\"widget\" data-widget_type=\"text-editor.default\">\n\t\t\t\t\t\t\t\t\t<p>Gyakorlatban is alkalmazhat\u00f3 tan\u00e1csok a mindennapi \u00e9let, a munkav\u00e9gz\u00e9s \u00e9s a szab\u00e1lyoz\u00e1sok eligazod\u00e1s\u00e1hoz.<\/p>\n\t\t\t\t\t\t\t\t<\/div>\n\t\t\t\t<\/div>\n\t\t\t\t<\/div>\n\t\t\t\t<\/section>\n\t\t<section class=\"elementor-element elementor-element-4586623 e-con-full e-flex e-con e-child\" data-id=\"4586623\" data-element_type=\"container\" data-e-type=\"container\" data-settings=\"{&quot;background_background&quot;:&quot;classic&quot;}\">\n\t\t\t\t<div class=\"elementor-element elementor-element-95ed278 elementor-widget elementor-widget-menu-anchor\" data-id=\"95ed278\" data-element_type=\"widget\" data-e-type=\"widget\" data-widget_type=\"menu-anchor.default\">\n\t\t\t\t\t\t\t<div class=\"elementor-menu-anchor\" id=\"cikkek-daniel\"><\/div>\n\t\t\t\t\t\t<\/div>\n\t\t\t\t<div class=\"elementor-element elementor-element-5c78738 elementor-widget elementor-widget-heading\" data-id=\"5c78738\" data-element_type=\"widget\" data-e-type=\"widget\" data-widget_type=\"heading.default\">\n\t\t\t\t\t<h2 class=\"elementor-heading-title elementor-size-default\">Daniel cikkei<\/h2>\t\t\t\t<\/div>\n\t\t\t\t<div class=\"elementor-element elementor-element-8f9551f elementor-widget elementor-widget-text-editor\" data-id=\"8f9551f\" data-element_type=\"widget\" data-e-type=\"widget\" data-widget_type=\"text-editor.default\">\n\t\t\t\t\t\t\t\t\t<p>Daniel \u00f6sszes cikke a Rentiago Travel Blogon<\/p>\n\t\t\t\t\t\t\t\t<\/div>\n\t\t\t\t<\/section>\n\t\t<div class=\"elementor-element elementor-element-e4ea834 e-con-full e-flex e-con e-child\" data-id=\"e4ea834\" data-element_type=\"container\" data-e-type=\"container\" data-settings=\"{&quot;background_background&quot;:&quot;classic&quot;}\">\n\t\t<div class=\"elementor-element elementor-element-ba30b6a e-con-full e-flex e-con e-child\" data-id=\"ba30b6a\" data-element_type=\"container\" data-e-type=\"container\">\n\t\t\t\t<div class=\"elementor-element elementor-element-35299fe elementor-widget elementor-widget-heading\" data-id=\"35299fe\" data-element_type=\"widget\" data-e-type=\"widget\" data-widget_type=\"heading.default\">\n\t\t\t\t\t<h2 class=\"elementor-heading-title elementor-size-default\">FEDEZD FEL SPANYOLORSZ\u00c1GOT MAGABIZTOSAN<\/h2>\t\t\t\t<\/div>\n\t\t\t\t<div class=\"elementor-element elementor-element-90d9817 elementor-widget elementor-widget-text-editor\" data-id=\"90d9817\" data-element_type=\"widget\" data-e-type=\"widget\" data-widget_type=\"text-editor.default\">\n\t\t\t\t\t\t\t\t\t<p>Fedezz fel m\u00e9g t\u00f6bb \u00fatmutat\u00f3t a Rentiago utaz\u00e1si blogj\u00e1n<\/p>\n\t\t\t\t\t\t\t\t<\/div>\n\t\t\t\t<div class=\"elementor-element elementor-element-6662864 elementor-widget elementor-widget-text-editor\" data-id=\"6662864\" data-element_type=\"widget\" data-e-type=\"widget\" data-widget_type=\"text-editor.default\">\n\t\t\t\t\t\t\t\t\t<p>Gyakorlati utaz\u00e1si tippek, helyi aj\u00e1nl\u00e1sok \u00e9s aut\u00f3b\u00e9rl\u00e9ssel kapcsolatos betekint\u00e9sek.<\/p>\n\t\t\t\t\t\t\t\t<\/div>\n\t\t\t\t<\/div>\n\t\t<div class=\"elementor-element elementor-element-1c6bf71 e-con-full e-flex e-con e-child\" data-id=\"1c6bf71\" data-element_type=\"container\" data-e-type=\"container\">\n\t\t\t\t<div class=\"elementor-element elementor-element-9661f6e elementor-widget elementor-widget-button\" data-id=\"9661f6e\" data-element_type=\"widget\" data-e-type=\"widget\" data-widget_type=\"button.default\">\n\t\t\t\t\t\t\t\t\t\t<a class=\"elementor-button elementor-button-link elementor-size-sm\" href=\"https:\/\/rentiago.com\/hu\/blog\/\">\n\t\t\t\t\t\t<span class=\"elementor-button-content-wrapper\">\n\t\t\t\t\t\t<span class=\"elementor-button-icon\">\n\t\t\t\t<svg aria-hidden=\"true\" class=\"e-font-icon-svg e-fas-arrow-right\" viewBox=\"0 0 448 512\" xmlns=\"http:\/\/www.w3.org\/2000\/svg\"><path d=\"M190.5 66.9l22.2-22.2c9.4-9.4 24.6-9.4 33.9 0L441 239c9.4 9.4 9.4 24.6 0 33.9L246.6 467.3c-9.4 9.4-24.6 9.4-33.9 0l-22.2-22.2c-9.5-9.5-9.3-25 .4-34.3L311.4 296H24c-13.3 0-24-10.7-24-24v-32c0-13.3 10.7-24 24-24h287.4L190.9 101.2c-9.8-9.3-10-24.8-.4-34.3z\"><\/path><\/svg>\t\t\t<\/span>\n\t\t\t\t\t\t\t\t\t<span class=\"elementor-button-text\">Ir\u00e1ny a blog<\/span>\n\t\t\t\t\t<\/span>\n\t\t\t\t\t<\/a>\n\t\t\t\t\t\t\t\t<\/div>\n\t\t\t\t<\/div>\n\t\t\t\t<\/div>\n\t\t\t\t<\/article>\n\t\t\t\t\t<\/div>\n\t\t\t\t<\/main>\n\t\t\t\t<\/div>\n\t\t","protected":false},"excerpt":{"rendered":"<p>RENTIAGO BUSINESS HUB SZERZ\u0150 Daniel \u00dczleti \u00e9s mobilit\u00e1si \u00edr\u00f3 Daniel gyakorlatias, tapasztalaton alapul\u00f3 cikkeket \u00edr a spanyolorsz\u00e1gi \u00fczleti lehet\u0151s\u00e9gekr\u0151l, a mobilit\u00e1sr\u00f3l \u00e9s a mindennapi \u00e9letr\u0151l. \u00datmutat\u00f3i vil\u00e1gos magyar\u00e1zatokra, val\u00f3s p\u00e9ld\u00e1kra \u00e9s arra \u00e9p\u00fclnek, hogy seg\u00edts\u00e9k az olvas\u00f3kat megalapozott d\u00f6nt\u00e9sek meghozatal\u00e1ban. Cikkek megtekint\u00e9se R\u00f3lam Szakter\u00fclet \ud83d\udd34 A Rentiago utaz\u00e1si blog csapat\u00e1nak tagja Gyakorlati \u00fczleti \u00e9s mobilit\u00e1si [&hellip;]<\/p>\n","protected":false},"author":2,"featured_media":7254,"parent":9243,"menu_order":0,"comment_status":"closed","ping_status":"closed","template":"","meta":{"footnotes":""},"class_list":["post-9234","page","type-page","status-publish","has-post-thumbnail","hentry"],"_links":{"self":[{"href":"https:\/\/rentiago.com\/hu\/wp-json\/wp\/v2\/pages\/9234","targetHints":{"allow":["GET"]}}],"collection":[{"href":"https:\/\/rentiago.com\/hu\/wp-json\/wp\/v2\/pages"}],"about":[{"href":"https:\/\/rentiago.com\/hu\/wp-json\/wp\/v2\/types\/page"}],"author":[{"embeddable":true,"href":"https:\/\/rentiago.com\/hu\/wp-json\/wp\/v2\/users\/2"}],"replies":[{"embeddable":true,"href":"https:\/\/rentiago.com\/hu\/wp-json\/wp\/v2\/comments?post=9234"}],"version-history":[{"count":0,"href":"https:\/\/rentiago.com\/hu\/wp-json\/wp\/v2\/pages\/9234\/revisions"}],"up":[{"embeddable":true,"href":"https:\/\/rentiago.com\/hu\/wp-json\/wp\/v2\/pages\/9243"}],"wp:featuredmedia":[{"embeddable":true,"href":"https:\/\/rentiago.com\/hu\/wp-json\/wp\/v2\/media\/7254"}],"wp:attachment":[{"href":"https:\/\/rentiago.com\/hu\/wp-json\/wp\/v2\/media?parent=9234"}],"curies":[{"name":"wp","href":"https:\/\/api.w.org\/{rel}","templated":true}]}}