{"id":9243,"date":"2026-01-15T21:54:46","date_gmt":"2026-01-15T20:54:46","guid":{"rendered":"https:\/\/rentiago.com\/szakertok\/"},"modified":"2026-04-12T19:08:18","modified_gmt":"2026-04-12T18:08:18","slug":"szakertok","status":"publish","type":"page","link":"https:\/\/rentiago.com\/hu\/szakertok\/","title":{"rendered":"Szak\u00e9rt\u0151k"},"content":{"rendered":"\t\t<div data-elementor-type=\"wp-page\" data-elementor-id=\"9243\" class=\"elementor elementor-9243 elementor-9026\" data-elementor-post-type=\"page\">\n\t\t\t\t<nav class=\"elementor-element elementor-element-6f778ae e-flex e-con-boxed e-con e-parent\" data-id=\"6f778ae\" data-element_type=\"container\" data-e-type=\"container\">\n\t\t\t\t\t<div class=\"e-con-inner\">\n\t\t<div class=\"elementor-element elementor-element-dc172fd e-con-full e-flex e-con e-child\" data-id=\"dc172fd\" data-element_type=\"container\" data-e-type=\"container\">\n\t\t\t\t<div class=\"elementor-element elementor-element-3cc8ee4 elementor-widget elementor-widget-text-editor\" data-id=\"3cc8ee4\" data-element_type=\"widget\" data-e-type=\"widget\" data-widget_type=\"text-editor.default\">\n\t\t\t\t\t\t\t\t\t<nav aria-label=\"breadcrumbs\" class=\"rank-math-breadcrumb\"><p><span class=\"last\">Home<\/span><\/p><\/nav>\t\t\t\t\t\t\t\t<\/div>\n\t\t\t\t<\/div>\n\t\t\t\t\t<\/div>\n\t\t\t\t<\/nav>\n\t\t<main class=\"elementor-element elementor-element-f1a2f0d e-flex e-con-boxed e-con e-parent\" data-id=\"f1a2f0d\" data-element_type=\"container\" data-e-type=\"container\">\n\t\t\t\t\t<div class=\"e-con-inner\">\n\t\t<header class=\"elementor-element elementor-element-008d7a8 e-con-full e-flex e-con e-child\" data-id=\"008d7a8\" data-element_type=\"container\" data-e-type=\"container\" data-settings=\"{&quot;background_background&quot;:&quot;classic&quot;}\">\n\t\t<div class=\"elementor-element elementor-element-8a42f41 e-con-full e-flex e-con e-child\" data-id=\"8a42f41\" data-element_type=\"container\" data-e-type=\"container\">\n\t\t\t\t<div class=\"elementor-element elementor-element-4b2ca86 elementor-widget elementor-widget-heading\" data-id=\"4b2ca86\" data-element_type=\"widget\" data-e-type=\"widget\" data-widget_type=\"heading.default\">\n\t\t\t\t\t<h2 class=\"elementor-heading-title elementor-size-default\">Ismerd meg a Rentiago utaz\u00e1si \u00e9s mobilit\u00e1si szak\u00e9rt\u0151it<\/h2>\t\t\t\t<\/div>\n\t\t\t\t<div class=\"elementor-element elementor-element-c89f3b8 elementor-widget elementor-widget-text-editor\" data-id=\"c89f3b8\" data-element_type=\"widget\" data-e-type=\"widget\" data-widget_type=\"text-editor.default\">\n\t\t\t\t\t\t\t\t\tMegb\u00edzhat\u00f3 utaz\u00e1si \u00e9s aut\u00f3b\u00e9rl\u00e9si tan\u00e1csokat keresel Eur\u00f3p\u00e1ban?\nA Rentiago szak\u00e9rt\u0151i gyakorlati, tapasztalatokon alapul\u00f3 \u00fatmutat\u00f3kat k\u00edn\u00e1lnak vezet\u00e9sr\u0151l, aut\u00f3b\u00e9rl\u00e9sr\u0151l \u00e9s aut\u00f3s t\u00far\u00e1kr\u00f3l Eur\u00f3pa k\u00fcl\u00f6nb\u00f6z\u0151 \u00fati c\u00e9ljain.\nTartalmaink val\u00f3s helyi tapasztalatokra \u00e9p\u00fclnek \u2014 seg\u00edtve, hogy elker\u00fcld a gyakori hib\u00e1kat \u00e9s magabiztosan utazz.\t\t\t\t\t\t\t\t<\/div>\n\t\t<div class=\"elementor-element elementor-element-b9c2734 e-con-full e-flex e-con e-child\" data-id=\"b9c2734\" data-element_type=\"container\" data-e-type=\"container\">\n\t\t\t\t<div class=\"elementor-element elementor-element-9911c10 elementor-widget elementor-widget-button\" data-id=\"9911c10\" data-element_type=\"widget\" data-e-type=\"widget\" data-widget_type=\"button.default\">\n\t\t\t\t\t\t\t\t\t\t<a class=\"elementor-button elementor-button-link elementor-size-sm\" href=\"https:\/\/rentiago.com\/hu\/blog\/\">\n\t\t\t\t\t\t<span class=\"elementor-button-content-wrapper\">\n\t\t\t\t\t\t\t\t\t<span class=\"elementor-button-text\">Fedezd fel az utaz\u00e1si blogot<\/span>\n\t\t\t\t\t<\/span>\n\t\t\t\t\t<\/a>\n\t\t\t\t\t\t\t\t<\/div>\n\t\t\t\t<div class=\"elementor-element elementor-element-a700e1b elementor-widget elementor-widget-button\" data-id=\"a700e1b\" data-element_type=\"widget\" data-e-type=\"widget\" data-widget_type=\"button.default\">\n\t\t\t\t\t\t\t\t\t\t<a class=\"elementor-button elementor-button-link elementor-size-sm\" href=\"https:\/\/rentiago.com\/hu\/foglalas\/\">\n\t\t\t\t\t\t<span class=\"elementor-button-content-wrapper\">\n\t\t\t\t\t\t\t\t\t<span class=\"elementor-button-text\">El\u00e9rhet\u0151 aut\u00f3k megtekint\u00e9se<\/span>\n\t\t\t\t\t<\/span>\n\t\t\t\t\t<\/a>\n\t\t\t\t\t\t\t\t<\/div>\n\t\t\t\t<\/div>\n\t\t\t\t<\/div>\n\t\t\t\t<\/header>\n\t\t<section class=\"elementor-element elementor-element-52acdac e-con-full e-flex e-con e-child\" data-id=\"52acdac\" data-element_type=\"container\" data-e-type=\"container\">\n\t\t<div class=\"elementor-element elementor-element-db54f94 e-con-full e-flex e-con e-child\" data-id=\"db54f94\" data-element_type=\"container\" data-e-type=\"container\">\n\t\t\t\t<div class=\"elementor-element elementor-element-671715c elementor-widget elementor-widget-heading\" data-id=\"671715c\" data-element_type=\"widget\" data-e-type=\"widget\" data-widget_type=\"heading.default\">\n\t\t\t\t\t<h2 class=\"elementor-heading-title elementor-size-default\">Ismerd meg szerz\u0151inket\n<\/h2>\t\t\t\t<\/div>\n\t\t\t\t<div class=\"elementor-element elementor-element-e942d4c elementor-widget__width-initial elementor-widget elementor-widget-text-editor\" data-id=\"e942d4c\" data-element_type=\"widget\" data-e-type=\"widget\" data-widget_type=\"text-editor.default\">\n\t\t\t\t\t\t\t\t\tIsmerd meg a Rentiago utaz\u00e1si, mobilit\u00e1si \u00e9s \u00fczleti \u00fatmutat\u00f3i m\u00f6g\u00f6tt \u00e1ll\u00f3 szakembereket.\n\t\t\t\t\t\t\t\t<\/div>\n\t\t\t\t<\/div>\n\t\t<div class=\"elementor-element elementor-element-6753bbd e-con-full e-flex e-con e-child\" data-id=\"6753bbd\" data-element_type=\"container\" data-e-type=\"container\">\n\t\t<article class=\"elementor-element elementor-element-e758e4f e-con-full e-flex e-con e-child\" data-id=\"e758e4f\" data-element_type=\"container\" data-e-type=\"container\" data-settings=\"{&quot;background_background&quot;:&quot;classic&quot;}\">\n\t\t<div class=\"elementor-element elementor-element-6dacd8f e-con-full e-flex e-con e-child\" data-id=\"6dacd8f\" data-element_type=\"container\" data-e-type=\"container\">\n\t\t<div class=\"elementor-element elementor-element-f02a302 e-con-full e-flex e-con e-child\" data-id=\"f02a302\" data-element_type=\"container\" data-e-type=\"container\">\n\t\t\t\t<div class=\"elementor-element elementor-element-050f73d elementor-widget elementor-widget-image\" data-id=\"050f73d\" data-element_type=\"widget\" data-e-type=\"widget\" data-widget_type=\"image.default\">\n\t\t\t\t\t\t\t\t\t\t\t\t\t\t\t<img decoding=\"async\" src=\"https:\/\/rentiago.com\/wp-content\/uploads\/elementor\/thumbs\/laura-rentiago-costa-blanca-rhp2e88gj0fto9zw4v8t93h5uj9yo59bi62efj4er4.webp\" title=\"Laura \u2013 Costa Blanca utaz\u00e1si szak\u00e9rt\u0151 a Rentiago-n\u00e1l\" alt=\"Laura, Costa Blanca utaz\u00e1si szak\u00e9rt\u0151 \u00e9s a Rentiago szerz\u0151je\" loading=\"lazy\" \/>\t\t\t\t\t\t\t\t\t\t\t\t\t\t\t<\/div>\n\t\t\t\t<\/div>\n\t\t<div class=\"elementor-element elementor-element-02bdfe2 e-con-full e-flex e-con e-child\" data-id=\"02bdfe2\" data-element_type=\"container\" data-e-type=\"container\">\n\t\t\t\t<div class=\"elementor-element elementor-element-1624d5f elementor-widget elementor-widget-heading\" data-id=\"1624d5f\" data-element_type=\"widget\" data-e-type=\"widget\" data-widget_type=\"heading.default\">\n\t\t\t\t\t<h2 class=\"elementor-heading-title elementor-size-default\">Laura<\/h2>\t\t\t\t<\/div>\n\t\t\t\t<div class=\"elementor-element elementor-element-4fc117b elementor-widget elementor-widget-text-editor\" data-id=\"4fc117b\" data-element_type=\"widget\" data-e-type=\"widget\" data-widget_type=\"text-editor.default\">\n\t\t\t\t\t\t\t\t\t<p>Utaz\u00e1si \u00e9s mobilit\u00e1si szak\u00edr\u00f3<\/p>\t\t\t\t\t\t\t\t<\/div>\n\t\t\t\t<\/div>\n\t\t\t\t<\/div>\n\t\t\t\t<div class=\"elementor-element elementor-element-3aeaf68 elementor-widget elementor-widget-text-editor\" data-id=\"3aeaf68\" data-element_type=\"widget\" data-e-type=\"widget\" data-widget_type=\"text-editor.default\">\n\t\t\t\t\t\t\t\t\tA Costa Blanc\u00e1n \u00e9l\u0151 Laura gyakorlati utaz\u00e1si \u00fatmutat\u00f3kat \u00e9s road trip tippeket \u00edr val\u00f3s helyi tapasztalatok alapj\u00e1n.\n\t\t\t\t\t\t\t\t<\/div>\n\t\t\t\t<div class=\"elementor-element elementor-element-ccaeb45 elementor-widget elementor-widget-text-editor\" data-id=\"ccaeb45\" data-element_type=\"widget\" data-e-type=\"widget\" data-widget_type=\"text-editor.default\">\n\t\t\t\t\t\t\t\t\t<li>Spanyolorsz\u00e1gi utaz\u00e1si \u00fatmutat\u00f3k<\/li>\n  <li>Aut\u00f3s t\u00far\u00e1k \u00e9s \u00fatvonalak<\/li>\n  <li>Helyi \u00e9lm\u00e9nyek<\/li>\t\t\t\t\t\t\t\t<\/div>\n\t\t\t\t<div class=\"elementor-element elementor-element-d80b5eb elementor-widget elementor-widget-button\" data-id=\"d80b5eb\" data-element_type=\"widget\" data-e-type=\"widget\" data-widget_type=\"button.default\">\n\t\t\t\t\t\t\t\t\t\t<a class=\"elementor-button elementor-button-link elementor-size-sm\" href=\"https:\/\/rentiago.com\/hu\/szakertok\/laura\/\">\n\t\t\t\t\t\t<span class=\"elementor-button-content-wrapper\">\n\t\t\t\t\t\t\t\t\t<span class=\"elementor-button-text\">Profil megtekint\u00e9se<\/span>\n\t\t\t\t\t<\/span>\n\t\t\t\t\t<\/a>\n\t\t\t\t\t\t\t\t<\/div>\n\t\t\t\t<\/article>\n\t\t<article class=\"elementor-element elementor-element-3d95854 e-con-full e-flex e-con e-child\" data-id=\"3d95854\" data-element_type=\"container\" data-e-type=\"container\" data-settings=\"{&quot;background_background&quot;:&quot;classic&quot;}\">\n\t\t<div class=\"elementor-element elementor-element-8829c72 e-con-full e-flex e-con e-child\" data-id=\"8829c72\" data-element_type=\"container\" data-e-type=\"container\">\n\t\t<div class=\"elementor-element elementor-element-aa7247b e-con-full e-flex e-con e-child\" data-id=\"aa7247b\" data-element_type=\"container\" data-e-type=\"container\">\n\t\t\t\t<div class=\"elementor-element elementor-element-b010be2 elementor-widget elementor-widget-image\" data-id=\"b010be2\" data-element_type=\"widget\" data-e-type=\"widget\" data-widget_type=\"image.default\">\n\t\t\t\t\t\t\t\t\t\t\t\t\t\t\t<img decoding=\"async\" src=\"https:\/\/rentiago.com\/wp-content\/uploads\/elementor\/thumbs\/Daniel-car-rental-expert-rgovkyc1yq4ob2prn17qxyx28jow3dg4uerxby3z5c.webp\" title=\"Daniel, aut\u00f3b\u00e9rl\u00e9si szak\u00e9rt\u0151\" alt=\"Daniel \u2013 aut\u00f3b\u00e9rl\u00e9si \u00e9s vezet\u00e9si szak\u00e9rt\u0151 Spanyolorsz\u00e1gban\" loading=\"lazy\" \/>\t\t\t\t\t\t\t\t\t\t\t\t\t\t\t<\/div>\n\t\t\t\t<\/div>\n\t\t<div class=\"elementor-element elementor-element-e8362f9 e-con-full e-flex e-con e-child\" data-id=\"e8362f9\" data-element_type=\"container\" data-e-type=\"container\">\n\t\t\t\t<div class=\"elementor-element elementor-element-d5deba2 elementor-widget elementor-widget-heading\" data-id=\"d5deba2\" data-element_type=\"widget\" data-e-type=\"widget\" data-widget_type=\"heading.default\">\n\t\t\t\t\t<h2 class=\"elementor-heading-title elementor-size-default\">Daniel<\/h2>\t\t\t\t<\/div>\n\t\t\t\t<div class=\"elementor-element elementor-element-39742f8 elementor-widget elementor-widget-text-editor\" data-id=\"39742f8\" data-element_type=\"widget\" data-e-type=\"widget\" data-widget_type=\"text-editor.default\">\n\t\t\t\t\t\t\t\t\t\u00dczleti \u00e9s mobilit\u00e1si \u00edr\u00f3 \t\t\t\t\t\t\t\t<\/div>\n\t\t\t\t<\/div>\n\t\t\t\t<\/div>\n\t\t\t\t<div class=\"elementor-element elementor-element-5f8fb84 elementor-widget elementor-widget-text-editor\" data-id=\"5f8fb84\" data-element_type=\"widget\" data-e-type=\"widget\" data-widget_type=\"text-editor.default\">\n\t\t\t\t\t\t\t\t\tDaniel adatvez\u00e9relt mobilit\u00e1si \u00e9s aut\u00f3b\u00e9rl\u00e9si \u00fatmutat\u00f3kat \u00edr, amelyek a gyakorlati \u00fczleti megold\u00e1sokra \u00e9s a spanyol k\u00f6zleked\u00e9si szab\u00e1lyokra \u00f6sszpontos\u00edtanak.\n\t\t\t\t\t\t\t\t<\/div>\n\t\t\t\t<div class=\"elementor-element elementor-element-df96745 elementor-widget elementor-widget-text-editor\" data-id=\"df96745\" data-element_type=\"widget\" data-e-type=\"widget\" data-widget_type=\"text-editor.default\">\n\t\t\t\t\t\t\t\t\t<ul>\n \t<li>Aut\u00f3b\u00e9rl\u00e9si strat\u00e9gia<\/li>\n \t<li>K\u00f6zleked\u00e9si szab\u00e1lyok Spanyolorsz\u00e1gban<\/li>\n \t<li>Mobilit\u00e1si \u00fczleti modellek<\/li>\n<\/ul>\t\t\t\t\t\t\t\t<\/div>\n\t\t\t\t<div class=\"elementor-element elementor-element-9835e5c elementor-widget elementor-widget-button\" data-id=\"9835e5c\" data-element_type=\"widget\" data-e-type=\"widget\" data-widget_type=\"button.default\">\n\t\t\t\t\t\t\t\t\t\t<a class=\"elementor-button elementor-button-link elementor-size-sm\" href=\"https:\/\/rentiago.com\/hu\/szakertok\/daniel\/\">\n\t\t\t\t\t\t<span class=\"elementor-button-content-wrapper\">\n\t\t\t\t\t\t\t\t\t<span class=\"elementor-button-text\">Profil megtekint\u00e9se<\/span>\n\t\t\t\t\t<\/span>\n\t\t\t\t\t<\/a>\n\t\t\t\t\t\t\t\t<\/div>\n\t\t\t\t<\/article>\n\t\t<article class=\"elementor-element elementor-element-b087f0c e-con-full e-flex e-con e-child\" data-id=\"b087f0c\" data-element_type=\"container\" data-e-type=\"container\" data-settings=\"{&quot;background_background&quot;:&quot;classic&quot;}\">\n\t\t<div class=\"elementor-element elementor-element-d4b3fbf e-con-full e-flex e-con e-child\" data-id=\"d4b3fbf\" data-element_type=\"container\" data-e-type=\"container\">\n\t\t<div class=\"elementor-element elementor-element-8b62508 e-con-full e-flex e-con e-child\" data-id=\"8b62508\" data-element_type=\"container\" data-e-type=\"container\">\n\t\t\t\t<div class=\"elementor-element elementor-element-b8b6939 elementor-widget elementor-widget-image\" data-id=\"b8b6939\" data-element_type=\"widget\" data-e-type=\"widget\" data-widget_type=\"image.default\">\n\t\t\t\t\t\t\t\t\t\t\t\t\t\t\t<img decoding=\"async\" src=\"https:\/\/rentiago.com\/wp-content\/uploads\/elementor\/thumbs\/elena-bulgaria-travel-mobility-expert-rentiago-rlspld7im48vfblp8pyjwb9cexl6ga4takiscata5s.webp\" title=\"Elena \u2013 utaz\u00e1si \u00e9s mobilit\u00e1si szak\u00e9rt\u0151 Bulg\u00e1ri\u00e1ban a Rentiago-n\u00e1l\" alt=\"Elena, Bulg\u00e1ria utaz\u00e1si \u00e9s mobilit\u00e1si szak\u00e9rt\u0151je, panor\u00e1m\u00e1s hegyi utakat fedez fel b\u00e9raut\u00f3val\" loading=\"lazy\" \/>\t\t\t\t\t\t\t\t\t\t\t\t\t\t\t<\/div>\n\t\t\t\t<\/div>\n\t\t<div class=\"elementor-element elementor-element-6984f95 e-con-full e-flex e-con e-child\" data-id=\"6984f95\" data-element_type=\"container\" data-e-type=\"container\">\n\t\t\t\t<div class=\"elementor-element elementor-element-0050ad9 elementor-widget elementor-widget-heading\" data-id=\"0050ad9\" data-element_type=\"widget\" data-e-type=\"widget\" data-widget_type=\"heading.default\">\n\t\t\t\t\t<h2 class=\"elementor-heading-title elementor-size-default\">Elena<\/h2>\t\t\t\t<\/div>\n\t\t\t\t<div class=\"elementor-element elementor-element-e7eea21 elementor-widget elementor-widget-text-editor\" data-id=\"e7eea21\" data-element_type=\"widget\" data-e-type=\"widget\" data-widget_type=\"text-editor.default\">\n\t\t\t\t\t\t\t\t\tUtaz\u00e1si \u00e9s mobilit\u00e1si szak\u00e9rt\u0151\t\t\t\t\t\t\t\t<\/div>\n\t\t\t\t<\/div>\n\t\t\t\t<\/div>\n\t\t\t\t<div class=\"elementor-element elementor-element-cb033f9 elementor-widget elementor-widget-text-editor\" data-id=\"cb033f9\" data-element_type=\"widget\" data-e-type=\"widget\" data-widget_type=\"text-editor.default\">\n\t\t\t\t\t\t\t\t\tElena egy Bulg\u00e1ri\u00e1ban \u00e9l\u0151 utaz\u00e1si \u00e9s mobilit\u00e1si szak\u00e9rt\u0151, aki gyakorlati utaz\u00e1si \u00fatmutat\u00f3kat \u00e9s road trip tippeket \u00edr val\u00f3s tapasztalatok alapj\u00e1n.\t\t\t\t\t\t\t\t<\/div>\n\t\t\t\t<div class=\"elementor-element elementor-element-3a48ce0 elementor-widget elementor-widget-text-editor\" data-id=\"3a48ce0\" data-element_type=\"widget\" data-e-type=\"widget\" data-widget_type=\"text-editor.default\">\n\t\t\t\t\t\t\t\t\t<ul>\n \t<li>Utaz\u00e1si \u00fatvonalak \u00e9s \u00fatitervek<\/li>\n \t<li>Aut\u00f3s t\u00far\u00e1k \u00e9s panor\u00e1ma \u00fatvonalak<\/li>\n \t<li>Gyakorlati mobilit\u00e1si tippek<\/li>\n<\/ul>\t\t\t\t\t\t\t\t<\/div>\n\t\t\t\t<div class=\"elementor-element elementor-element-a629483 elementor-widget elementor-widget-button\" data-id=\"a629483\" data-element_type=\"widget\" data-e-type=\"widget\" data-widget_type=\"button.default\">\n\t\t\t\t\t\t\t\t\t\t<a class=\"elementor-button elementor-button-link elementor-size-sm\" href=\"https:\/\/rentiago.com\/experts\/authors-elena\/\">\n\t\t\t\t\t\t<span class=\"elementor-button-content-wrapper\">\n\t\t\t\t\t\t\t\t\t<span class=\"elementor-button-text\">Profil megtekint\u00e9se<\/span>\n\t\t\t\t\t<\/span>\n\t\t\t\t\t<\/a>\n\t\t\t\t\t\t\t\t<\/div>\n\t\t\t\t<\/article>\n\t\t\t\t<\/div>\n\t\t\t\t<\/section>\n\t\t<section class=\"elementor-element elementor-element-1f0a157 e-con-full e-flex e-con e-child\" data-id=\"1f0a157\" data-element_type=\"container\" data-e-type=\"container\" data-settings=\"{&quot;background_background&quot;:&quot;classic&quot;}\">\n\t\t<header class=\"elementor-element elementor-element-59d9a79 e-con-full e-flex e-con e-child\" data-id=\"59d9a79\" data-element_type=\"container\" data-e-type=\"container\">\n\t\t\t\t<div class=\"elementor-element elementor-element-f962714 elementor-widget elementor-widget-text-editor\" data-id=\"f962714\" data-element_type=\"widget\" data-e-type=\"widget\" data-widget_type=\"text-editor.default\">\n\t\t\t\t\t\t\t\t\t<p>A mi standardjaink<\/p>\t\t\t\t\t\t\t\t<\/div>\n\t\t\t\t<div class=\"elementor-element elementor-element-ce49d2d elementor-widget elementor-widget-heading\" data-id=\"ce49d2d\" data-element_type=\"widget\" data-e-type=\"widget\" data-widget_type=\"heading.default\">\n\t\t\t\t\t<h2 class=\"elementor-heading-title elementor-size-default\">Szerkeszt\u00e9si alapelvek<\/h2>\t\t\t\t<\/div>\n\t\t\t\t<div class=\"elementor-element elementor-element-771df7d elementor-widget elementor-widget-text-editor\" data-id=\"771df7d\" data-element_type=\"widget\" data-e-type=\"widget\" data-widget_type=\"text-editor.default\">\n\t\t\t\t\t\t\t\t\t<p>Hogyan biztos\u00edtjuk, hogy a Rentiago \u00fatmutat\u00f3k pontosak, gyakorlatiasak \u00e9s megb\u00edzhat\u00f3ak legyenek.<\/p>\t\t\t\t\t\t\t\t<\/div>\n\t\t\t\t<\/header>\n\t\t<div class=\"elementor-element elementor-element-0ee3014 e-con-full e-flex e-con e-child\" data-id=\"0ee3014\" data-element_type=\"container\" data-e-type=\"container\">\n\t\t<article class=\"elementor-element elementor-element-86c42c2 e-con-full e-flex e-con e-child\" data-id=\"86c42c2\" data-element_type=\"container\" data-e-type=\"container\" data-settings=\"{&quot;background_background&quot;:&quot;classic&quot;}\">\n\t\t\t\t<div class=\"elementor-element elementor-element-1feb8ed elementor-widget elementor-widget-text-editor\" data-id=\"1feb8ed\" data-element_type=\"widget\" data-e-type=\"widget\" data-widget_type=\"text-editor.default\">\n\t\t\t\t\t\t\t\t\t<p>01.<\/p>\t\t\t\t\t\t\t\t<\/div>\n\t\t\t\t<div class=\"elementor-element elementor-element-82c53eb elementor-widget elementor-widget-heading\" data-id=\"82c53eb\" data-element_type=\"widget\" data-e-type=\"widget\" data-widget_type=\"heading.default\">\n\t\t\t\t\t<h3 class=\"elementor-heading-title elementor-size-default\">Helyi tapasztalat\n<\/h3>\t\t\t\t<\/div>\n\t\t\t\t<div class=\"elementor-element elementor-element-f68c69a elementor-widget elementor-widget-text-editor\" data-id=\"f68c69a\" data-element_type=\"widget\" data-e-type=\"widget\" data-widget_type=\"text-editor.default\">\n\t\t\t\t\t\t\t\t\tOlyan szakemberek \u00edrj\u00e1k, akik val\u00f3ban az adott orsz\u00e1gban \u00e9lnek \u00e9s vezetnek.\n\t\t\t\t\t\t\t\t<\/div>\n\t\t\t\t<\/article>\n\t\t<article class=\"elementor-element elementor-element-10f8458 e-con-full e-flex e-con e-child\" data-id=\"10f8458\" data-element_type=\"container\" data-e-type=\"container\" data-settings=\"{&quot;background_background&quot;:&quot;classic&quot;}\">\n\t\t\t\t<div class=\"elementor-element elementor-element-e6ddddc elementor-widget elementor-widget-text-editor\" data-id=\"e6ddddc\" data-element_type=\"widget\" data-e-type=\"widget\" data-widget_type=\"text-editor.default\">\n\t\t\t\t\t\t\t\t\t<p>02.<\/p>\t\t\t\t\t\t\t\t<\/div>\n\t\t\t\t<div class=\"elementor-element elementor-element-23707b3 elementor-widget elementor-widget-heading\" data-id=\"23707b3\" data-element_type=\"widget\" data-e-type=\"widget\" data-widget_type=\"heading.default\">\n\t\t\t\t\t<h3 class=\"elementor-heading-title elementor-size-default\">Gyakorlati f\u00f3kusz<\/h3>\t\t\t\t<\/div>\n\t\t\t\t<div class=\"elementor-element elementor-element-0e81269 elementor-widget elementor-widget-text-editor\" data-id=\"0e81269\" data-element_type=\"widget\" data-e-type=\"widget\" data-widget_type=\"text-editor.default\">\n\t\t\t\t\t\t\t\t\tVal\u00f3s \u00fatvonalak, k\u00f6lts\u00e9gek, szab\u00e1lyok \u00e9s \u0151szinte tippek \u2013 semmi \u00e1ltal\u00e1nos, \u00fcres fr\u00e1zis.\t\t\t\t\t\t\t\t<\/div>\n\t\t\t\t<\/article>\n\t\t<article class=\"elementor-element elementor-element-4dd2c8c e-con-full e-flex e-con e-child\" data-id=\"4dd2c8c\" data-element_type=\"container\" data-e-type=\"container\" data-settings=\"{&quot;background_background&quot;:&quot;classic&quot;}\">\n\t\t\t\t<div class=\"elementor-element elementor-element-9403360 elementor-widget elementor-widget-text-editor\" data-id=\"9403360\" data-element_type=\"widget\" data-e-type=\"widget\" data-widget_type=\"text-editor.default\">\n\t\t\t\t\t\t\t\t\t<p>03.<\/p>\t\t\t\t\t\t\t\t<\/div>\n\t\t\t\t<div class=\"elementor-element elementor-element-dc5e1d7 elementor-widget elementor-widget-heading\" data-id=\"dc5e1d7\" data-element_type=\"widget\" data-e-type=\"widget\" data-widget_type=\"heading.default\">\n\t\t\t\t\t<h3 class=\"elementor-heading-title elementor-size-default\">F\u00fcggetlen tartalom<\/h3>\t\t\t\t<\/div>\n\t\t\t\t<div class=\"elementor-element elementor-element-4e1b2ea elementor-widget elementor-widget-text-editor\" data-id=\"4e1b2ea\" data-element_type=\"widget\" data-e-type=\"widget\" data-widget_type=\"text-editor.default\">\n\t\t\t\t\t\t\t\t\tA szponzor\u00e1lt tartalmak egy\u00e9rtelm\u0171en jel\u00f6lve vannak \u2013 a szerkeszt\u0151s\u00e9gi tartalom f\u00fcggetlen marad.\t\t\t\t\t\t\t\t<\/div>\n\t\t\t\t<\/article>\n\t\t\t\t<\/div>\n\t\t\t\t<\/section>\n\t\t\t\t\t<\/div>\n\t\t\t\t<\/main>\n\t\t\t\t<\/div>\n\t\t","protected":false},"excerpt":{"rendered":"<p>Ismerd meg a Rentiago utaz\u00e1si \u00e9s mobilit\u00e1si szak\u00e9rt\u0151it Megb\u00edzhat\u00f3 utaz\u00e1si \u00e9s aut\u00f3b\u00e9rl\u00e9si tan\u00e1csokat keresel Eur\u00f3p\u00e1ban? A Rentiago szak\u00e9rt\u0151i gyakorlati, tapasztalatokon alapul\u00f3 \u00fatmutat\u00f3kat k\u00edn\u00e1lnak vezet\u00e9sr\u0151l, aut\u00f3b\u00e9rl\u00e9sr\u0151l \u00e9s aut\u00f3s t\u00far\u00e1kr\u00f3l Eur\u00f3pa k\u00fcl\u00f6nb\u00f6z\u0151 \u00fati c\u00e9ljain. Tartalmaink val\u00f3s helyi tapasztalatokra \u00e9p\u00fclnek \u2014 seg\u00edtve, hogy elker\u00fcld a gyakori hib\u00e1kat \u00e9s magabiztosan utazz. Fedezd fel az utaz\u00e1si blogot El\u00e9rhet\u0151 aut\u00f3k megtekint\u00e9se [&hellip;]<\/p>\n","protected":false},"author":2,"featured_media":0,"parent":0,"menu_order":0,"comment_status":"closed","ping_status":"closed","template":"elementor_header_footer","meta":{"footnotes":""},"class_list":["post-9243","page","type-page","status-publish","hentry"],"_links":{"self":[{"href":"https:\/\/rentiago.com\/hu\/wp-json\/wp\/v2\/pages\/9243","targetHints":{"allow":["GET"]}}],"collection":[{"href":"https:\/\/rentiago.com\/hu\/wp-json\/wp\/v2\/pages"}],"about":[{"href":"https:\/\/rentiago.com\/hu\/wp-json\/wp\/v2\/types\/page"}],"author":[{"embeddable":true,"href":"https:\/\/rentiago.com\/hu\/wp-json\/wp\/v2\/users\/2"}],"replies":[{"embeddable":true,"href":"https:\/\/rentiago.com\/hu\/wp-json\/wp\/v2\/comments?post=9243"}],"version-history":[{"count":0,"href":"https:\/\/rentiago.com\/hu\/wp-json\/wp\/v2\/pages\/9243\/revisions"}],"wp:attachment":[{"href":"https:\/\/rentiago.com\/hu\/wp-json\/wp\/v2\/media?parent=9243"}],"curies":[{"name":"wp","href":"https:\/\/api.w.org\/{rel}","templated":true}]}}